{"id":5784,"date":"2026-04-01T14:44:07","date_gmt":"2026-04-01T14:44:07","guid":{"rendered":"https:\/\/johannh.com\/product\/25-vinsael-log-2\/"},"modified":"2026-04-02T21:20:52","modified_gmt":"2026-04-02T21:20:52","slug":"25-vinsael-log-2","status":"publish","type":"product","link":"https:\/\/johannh.com\/is\/product\/25-vinsael-log-2\/","title":{"rendered":"25 vins\u00e6l l\u00f6g"},"content":{"rendered":"<p>N\u00f3tnab\u00f3k &#8211; 25 vins\u00e6l l\u00f6g fyrir p\u00edan\u00f3, r\u00f6dd &#038; g\u00edtar \u00e1samt s\u00f6ngtextum og lj\u00f3smyndum. 88 bls.<\/p>\n<p>Efnisyfirlit:<br \/>\nS\u00f6knu\u00f0ur &#8211; \u00cd Reykjav\u00edkurborg &#8211; \u00c1starsorg &#8211; Karen &#8211; \u00cd bl\u00ed\u00f0u og str\u00ed\u00f0u &#8211; \u00c9g gef \u00fe\u00e9r allt mitt l\u00edf &#8211; Seinna meir &#8211; \u00c9g labba\u00f0i \u00ed b\u00e6inn &#8211; Litla m\u00fasin &#8211; \u00c1stin og l\u00edfi\u00f0 &#8211; Mary Jane &#8211; Yaketty Yak, Smacketty Smack &#8211; Poker &#8211; Take Your Time &#8211; She&#8217;s Done It Again &#8211; Sail On &#8211; Vi\u00f0 freistingum g\u00e6t \u00fe\u00edn &#8211; Vori\u00f0 kom &#8211; Str\u00ed\u00f0 og fri\u00f0ur &#8211; \u00c9g ann \u00fe\u00e9r &#8211; Drottinn vakir &#8211; Celia &#8211; Bid Me to Live &#8211; Someway Somehow &#8211; Working Girl<\/p>\n<p>H\u00f6nnun: Augl\u00fdsingastofa Ernst J. Backman \/ \u00a9 Hugverka\u00fatg\u00e1fan 2003<\/p>\n","protected":false},"excerpt":{"rendered":"<p>N\u00f3tnab\u00f3k &#8211; 25 vins\u00e6l l\u00f6g fyrir p\u00edan\u00f3, r\u00f6dd &#038; g\u00edtar \u00e1samt s\u00f6ngtextum og lj\u00f3smyndum. 88 bls. Efnisyfirlit: S\u00f6knu\u00f0ur &#8211; \u00cd Reykjav\u00edkurborg &#8211; \u00c1starsorg &#8211; Karen &#8211; \u00cd bl\u00ed\u00f0u og str\u00ed\u00f0u &#8211; \u00c9g gef \u00fe\u00e9r allt mitt l\u00edf &#8211; Seinna meir &#8211; \u00c9g labba\u00f0i \u00ed b\u00e6inn &#8211; Litla m\u00fasin &#8211; \u00c1stin og l\u00edfi\u00f0 &#8211; Mary Jane &#8230; <\/p>\n<p class=\"read-more-container\"><a title=\"25 vins\u00e6l l\u00f6g\" class=\"read-more button\" href=\"https:\/\/johannh.com\/is\/product\/25-vinsael-log-2\/#more-5784\" aria-label=\"Read more about 25 vins\u00e6l l\u00f6g\">Read more<\/a><\/p>\n","protected":false},"featured_media":5751,"template":"","meta":{"_acf_changed":false},"product_brand":[],"product_cat":[76],"product_tag":[],"class_list":{"0":"post-5784","1":"product","2":"type-product","3":"status-publish","4":"has-post-thumbnail","6":"product_cat-notnabok","7":"no-featured-image-padding","9":"first","10":"instock","11":"shipping-taxable","12":"purchasable","13":"product-type-simple"},"acf":[],"yoast_head":"<!-- This site is optimized with the Yoast SEO Premium plugin v27.3 (Yoast SEO v27.3) - https:\/\/yoast.com\/product\/yoast-seo-premium-wordpress\/ -->\n<title>25 vins\u00e6l l\u00f6g - J\u00f3hann Helgason<\/title>\n<meta name=\"robots\" content=\"index, follow, max-snippet:-1, max-image-preview:large, max-video-preview:-1\" \/>\n<link rel=\"canonical\" href=\"https:\/\/johannh.com\/product\/25-vinsael-log\/\" \/>\n<meta property=\"og:locale\" content=\"is_IS\" \/>\n<meta property=\"og:type\" content=\"article\" \/>\n<meta property=\"og:title\" content=\"25 vins\u00e6l l\u00f6g\" \/>\n<meta property=\"og:description\" content=\"N\u00f3tnab\u00f3k &#8211; 25 vins\u00e6l l\u00f6g fyrir p\u00edan\u00f3, r\u00f6dd &#038; g\u00edtar \u00e1samt s\u00f6ngtextum og lj\u00f3smyndum. 88 bls. Efnisyfirlit: S\u00f6knu\u00f0ur &#8211; \u00cd Reykjav\u00edkurborg &#8211; \u00c1starsorg &#8211; Karen &#8211; \u00cd bl\u00ed\u00f0u og str\u00ed\u00f0u &#8211; \u00c9g gef \u00fe\u00e9r allt mitt l\u00edf &#8211; Seinna meir &#8211; \u00c9g labba\u00f0i \u00ed b\u00e6inn &#8211; Litla m\u00fasin &#8211; \u00c1stin og l\u00edfi\u00f0 &#8211; Mary Jane ... Read more\" \/>\n<meta property=\"og:url\" content=\"https:\/\/johannh.com\/product\/25-vinsael-log\/\" \/>\n<meta property=\"og:site_name\" content=\"J\u00f3hann Helgason\" \/>\n<meta property=\"article:modified_time\" content=\"2026-04-02T21:20:52+00:00\" \/>\n<meta property=\"og:image\" content=\"https:\/\/johannh.com\/wp-content\/uploads\/2026\/04\/25vinsal.jpg\" \/>\n\t<meta property=\"og:image:width\" content=\"461\" \/>\n\t<meta property=\"og:image:height\" content=\"640\" \/>\n\t<meta property=\"og:image:type\" content=\"image\/jpeg\" \/>\n<meta name=\"twitter:card\" content=\"summary_large_image\" \/>\n<meta name=\"twitter:label1\" content=\"Est. reading time\" \/>\n\t<meta name=\"twitter:data1\" content=\"1 minute\" \/>\n<script type=\"application\/ld+json\" class=\"yoast-schema-graph\">{\"@context\":\"https:\\\/\\\/schema.org\",\"@graph\":[{\"@type\":\"WebPage\",\"@id\":\"https:\\\/\\\/johannh.com\\\/product\\\/25-vinsael-log\\\/\",\"url\":\"https:\\\/\\\/johannh.com\\\/product\\\/25-vinsael-log\\\/\",\"name\":\"25 vins\u00e6l l\u00f6g - J\u00f3hann Helgason\",\"isPartOf\":{\"@id\":\"https:\\\/\\\/johannh.com.local\\\/#website\"},\"primaryImageOfPage\":{\"@id\":\"https:\\\/\\\/johannh.com\\\/product\\\/25-vinsael-log\\\/#primaryimage\"},\"image\":{\"@id\":\"https:\\\/\\\/johannh.com\\\/product\\\/25-vinsael-log\\\/#primaryimage\"},\"thumbnailUrl\":\"https:\\\/\\\/johannh.com\\\/wp-content\\\/uploads\\\/2026\\\/04\\\/25vinsal.jpg\",\"datePublished\":\"2026-04-01T14:44:07+00:00\",\"dateModified\":\"2026-04-02T21:20:52+00:00\",\"breadcrumb\":{\"@id\":\"https:\\\/\\\/johannh.com\\\/product\\\/25-vinsael-log\\\/#breadcrumb\"},\"inLanguage\":\"is\",\"potentialAction\":[{\"@type\":\"ReadAction\",\"target\":[\"https:\\\/\\\/johannh.com\\\/product\\\/25-vinsael-log\\\/\"]}]},{\"@type\":\"ImageObject\",\"inLanguage\":\"is\",\"@id\":\"https:\\\/\\\/johannh.com\\\/product\\\/25-vinsael-log\\\/#primaryimage\",\"url\":\"https:\\\/\\\/johannh.com\\\/wp-content\\\/uploads\\\/2026\\\/04\\\/25vinsal.jpg\",\"contentUrl\":\"https:\\\/\\\/johannh.com\\\/wp-content\\\/uploads\\\/2026\\\/04\\\/25vinsal.jpg\",\"width\":461,\"height\":640},{\"@type\":\"BreadcrumbList\",\"@id\":\"https:\\\/\\\/johannh.com\\\/product\\\/25-vinsael-log\\\/#breadcrumb\",\"itemListElement\":[{\"@type\":\"ListItem\",\"position\":1,\"name\":\"Home\",\"item\":\"https:\\\/\\\/johannh.com\\\/is\\\/\"},{\"@type\":\"ListItem\",\"position\":2,\"name\":\"Verslun\",\"item\":\"https:\\\/\\\/johannh.com\\\/shop\\\/\"},{\"@type\":\"ListItem\",\"position\":3,\"name\":\"25 vins\u00e6l l\u00f6g\"}]},{\"@type\":\"WebSite\",\"@id\":\"https:\\\/\\\/johannh.com.local\\\/#website\",\"url\":\"https:\\\/\\\/johannh.com.local\\\/\",\"name\":\"J\u00f3hann Helgason\",\"description\":\"lagah\u00f6fundur og s\u00f6ngvari\",\"publisher\":{\"@id\":\"https:\\\/\\\/johannh.com.local\\\/#\\\/schema\\\/person\\\/926156ac228e2306632971a8e9e9d0c4\"},\"potentialAction\":[{\"@type\":\"SearchAction\",\"target\":{\"@type\":\"EntryPoint\",\"urlTemplate\":\"https:\\\/\\\/johannh.com.local\\\/?s={search_term_string}\"},\"query-input\":{\"@type\":\"PropertyValueSpecification\",\"valueRequired\":true,\"valueName\":\"search_term_string\"}}],\"inLanguage\":\"is\"},{\"@type\":[\"Person\",\"Organization\"],\"@id\":\"https:\\\/\\\/johannh.com.local\\\/#\\\/schema\\\/person\\\/926156ac228e2306632971a8e9e9d0c4\",\"name\":\"J\u00f3hann Helgason\",\"image\":{\"@type\":\"ImageObject\",\"inLanguage\":\"is\",\"@id\":\"https:\\\/\\\/johannh.com\\\/wp-content\\\/uploads\\\/2022\\\/10\\\/johann.webp\",\"url\":\"https:\\\/\\\/johannh.com\\\/wp-content\\\/uploads\\\/2022\\\/10\\\/johann.webp\",\"contentUrl\":\"https:\\\/\\\/johannh.com\\\/wp-content\\\/uploads\\\/2022\\\/10\\\/johann.webp\",\"width\":2000,\"height\":2000,\"caption\":\"J\u00f3hann Helgason\"},\"logo\":{\"@id\":\"https:\\\/\\\/johannh.com\\\/wp-content\\\/uploads\\\/2022\\\/10\\\/johann.webp\"},\"sameAs\":[\"https:\\\/\\\/is.linkedin.com\\\/in\\\/johann-helgason-51aa5a23\",\"https:\\\/\\\/www.youtube.com\\\/user\\\/johannhcom\"],\"birthDate\":\"1949-08-06\",\"jobTitle\":\"Singer-songwriter\"}]}<\/script>\n<!-- \/ Yoast SEO Premium plugin. -->","yoast_head_json":{"title":"25 vins\u00e6l l\u00f6g - J\u00f3hann Helgason","robots":{"index":"index","follow":"follow","max-snippet":"max-snippet:-1","max-image-preview":"max-image-preview:large","max-video-preview":"max-video-preview:-1"},"canonical":"https:\/\/johannh.com\/product\/25-vinsael-log\/","og_locale":"is_IS","og_type":"article","og_title":"25 vins\u00e6l l\u00f6g","og_description":"N\u00f3tnab\u00f3k &#8211; 25 vins\u00e6l l\u00f6g fyrir p\u00edan\u00f3, r\u00f6dd &#038; g\u00edtar \u00e1samt s\u00f6ngtextum og lj\u00f3smyndum. 88 bls. Efnisyfirlit: S\u00f6knu\u00f0ur &#8211; \u00cd Reykjav\u00edkurborg &#8211; \u00c1starsorg &#8211; Karen &#8211; \u00cd bl\u00ed\u00f0u og str\u00ed\u00f0u &#8211; \u00c9g gef \u00fe\u00e9r allt mitt l\u00edf &#8211; Seinna meir &#8211; \u00c9g labba\u00f0i \u00ed b\u00e6inn &#8211; Litla m\u00fasin &#8211; \u00c1stin og l\u00edfi\u00f0 &#8211; Mary Jane ... Read more","og_url":"https:\/\/johannh.com\/product\/25-vinsael-log\/","og_site_name":"J\u00f3hann Helgason","article_modified_time":"2026-04-02T21:20:52+00:00","og_image":[{"width":461,"height":640,"url":"https:\/\/johannh.com\/wp-content\/uploads\/2026\/04\/25vinsal.jpg","type":"image\/jpeg"}],"twitter_card":"summary_large_image","twitter_misc":{"Est. reading time":"1 minute"},"schema":{"@context":"https:\/\/schema.org","@graph":[{"@type":"WebPage","@id":"https:\/\/johannh.com\/product\/25-vinsael-log\/","url":"https:\/\/johannh.com\/product\/25-vinsael-log\/","name":"25 vins\u00e6l l\u00f6g - J\u00f3hann Helgason","isPartOf":{"@id":"https:\/\/johannh.com.local\/#website"},"primaryImageOfPage":{"@id":"https:\/\/johannh.com\/product\/25-vinsael-log\/#primaryimage"},"image":{"@id":"https:\/\/johannh.com\/product\/25-vinsael-log\/#primaryimage"},"thumbnailUrl":"https:\/\/johannh.com\/wp-content\/uploads\/2026\/04\/25vinsal.jpg","datePublished":"2026-04-01T14:44:07+00:00","dateModified":"2026-04-02T21:20:52+00:00","breadcrumb":{"@id":"https:\/\/johannh.com\/product\/25-vinsael-log\/#breadcrumb"},"inLanguage":"is","potentialAction":[{"@type":"ReadAction","target":["https:\/\/johannh.com\/product\/25-vinsael-log\/"]}]},{"@type":"ImageObject","inLanguage":"is","@id":"https:\/\/johannh.com\/product\/25-vinsael-log\/#primaryimage","url":"https:\/\/johannh.com\/wp-content\/uploads\/2026\/04\/25vinsal.jpg","contentUrl":"https:\/\/johannh.com\/wp-content\/uploads\/2026\/04\/25vinsal.jpg","width":461,"height":640},{"@type":"BreadcrumbList","@id":"https:\/\/johannh.com\/product\/25-vinsael-log\/#breadcrumb","itemListElement":[{"@type":"ListItem","position":1,"name":"Home","item":"https:\/\/johannh.com\/is\/"},{"@type":"ListItem","position":2,"name":"Verslun","item":"https:\/\/johannh.com\/shop\/"},{"@type":"ListItem","position":3,"name":"25 vins\u00e6l l\u00f6g"}]},{"@type":"WebSite","@id":"https:\/\/johannh.com.local\/#website","url":"https:\/\/johannh.com.local\/","name":"J\u00f3hann Helgason","description":"lagah\u00f6fundur og s\u00f6ngvari","publisher":{"@id":"https:\/\/johannh.com.local\/#\/schema\/person\/926156ac228e2306632971a8e9e9d0c4"},"potentialAction":[{"@type":"SearchAction","target":{"@type":"EntryPoint","urlTemplate":"https:\/\/johannh.com.local\/?s={search_term_string}"},"query-input":{"@type":"PropertyValueSpecification","valueRequired":true,"valueName":"search_term_string"}}],"inLanguage":"is"},{"@type":["Person","Organization"],"@id":"https:\/\/johannh.com.local\/#\/schema\/person\/926156ac228e2306632971a8e9e9d0c4","name":"J\u00f3hann Helgason","image":{"@type":"ImageObject","inLanguage":"is","@id":"https:\/\/johannh.com\/wp-content\/uploads\/2022\/10\/johann.webp","url":"https:\/\/johannh.com\/wp-content\/uploads\/2022\/10\/johann.webp","contentUrl":"https:\/\/johannh.com\/wp-content\/uploads\/2022\/10\/johann.webp","width":2000,"height":2000,"caption":"J\u00f3hann Helgason"},"logo":{"@id":"https:\/\/johannh.com\/wp-content\/uploads\/2022\/10\/johann.webp"},"sameAs":["https:\/\/is.linkedin.com\/in\/johann-helgason-51aa5a23","https:\/\/www.youtube.com\/user\/johannhcom"],"birthDate":"1949-08-06","jobTitle":"Singer-songwriter"}]}},"_links":{"self":[{"href":"https:\/\/johannh.com\/is\/wp-json\/wp\/v2\/product\/5784","targetHints":{"allow":["GET"]}}],"collection":[{"href":"https:\/\/johannh.com\/is\/wp-json\/wp\/v2\/product"}],"about":[{"href":"https:\/\/johannh.com\/is\/wp-json\/wp\/v2\/types\/product"}],"wp:featuredmedia":[{"embeddable":true,"href":"https:\/\/johannh.com\/is\/wp-json\/wp\/v2\/media\/5751"}],"wp:attachment":[{"href":"https:\/\/johannh.com\/is\/wp-json\/wp\/v2\/media?parent=5784"}],"wp:term":[{"taxonomy":"product_brand","embeddable":true,"href":"https:\/\/johannh.com\/is\/wp-json\/wp\/v2\/product_brand?post=5784"},{"taxonomy":"product_cat","embeddable":true,"href":"https:\/\/johannh.com\/is\/wp-json\/wp\/v2\/product_cat?post=5784"},{"taxonomy":"product_tag","embeddable":true,"href":"https:\/\/johannh.com\/is\/wp-json\/wp\/v2\/product_tag?post=5784"}],"curies":[{"name":"wp","href":"https:\/\/api.w.org\/{rel}","templated":true}]}}