{"id":5779,"date":"2026-04-01T14:48:02","date_gmt":"2026-04-01T14:48:02","guid":{"rendered":"https:\/\/johannh.com\/product\/geimtugg-2\/"},"modified":"2026-04-03T16:30:54","modified_gmt":"2026-04-03T16:30:54","slug":"geimtugg-2","status":"publish","type":"product","link":"https:\/\/johannh.com\/is\/product\/geimtugg-2\/","title":{"rendered":"Geimtugg"},"content":{"rendered":"<p>Myndskreytt lj\u00f3\u00f0. 130 bls.<\/p>\n<p>Efnisyfirlit:<br \/>\nI. L\u00edfi\u00f0 &#8211; \u00c9g &#8211; Vi\u00f0 &#8211; Kaffibo\u00f0 &#8211; Kons\u00f3 Buff &#8211; Haustkv\u00f6ld &#8211; Kand\u00eds st\u00falkan &#8211; Hamlet &#8211; Hamar &#8211; Sinnaskipti &#8211; Sveinn &#8211; \u00dea\u00f0 &#8211; Siggi L\u00f3 &#8211; G\u00e1ta Ostur &#8211; Gr\u00e1s\u00fapa &#8211; Spakm\u00e6li &#8211; Eggin &#8211; Sinnuleysi &#8211; S\u00farmj\u00f3lk &#8211; Benz\u00edn l\u00edfsins &#8211; Sk\u00f3sverta &#8211; \u00c1fall &#8211; Hann &#8211; Kynfer\u00f0iskv\u00e6\u00f0i &#8211; Kyndugt &#8211; Teygjutvist &#8211; Heimsendir &#8211; Sk\u00f3garma\u00f0ur<br \/>\nII. Airplane &#8211; Ice Cream &#8211; Doggone &#8211; Oh Well &#8211; Dreams &#8211; The Cake &#8211; Juicy Fruit &#8211; Lifesavers &#8211; Big Shot &#8211; Johnny&#8217;s Diary &#8211; To the Stars<br \/>\nIII. S\u00e1lfr\u00e6\u00f0i &#8211; \u00datfl\u00far &#8211; Strigi &#8211; Sagnfr\u00e6\u00f0i &#8211; Besta s\u00e1l &#8211; Hr\u00f3i H\u00f6ttur &#8211; Bein &#8211; Mastur &#8211; Ostra &#8211; Ryki\u00f0 &#8211; Elli &#8211; Ropi\u00f0 &#8211; Vori\u00f0 a\u00f0 koma &#8211; Gaman &#8211; Sement &#8211; L\u00fa\u00f0ur &#8211; S\u00ed\u00f0asti geirfuglinn &#8211; G\u00e1ta<\/p>\n<p>Lj\u00f3\u00f0: J\u00f3hann Helgason \/ Myndskreytingar: \u00c1g\u00fast Bjarnason, Pjetur Stef\u00e1nsson, \u00deorsteinn Eggertsson, J\u00f3hann Helgason \/ Lj\u00f3smynd \u00e1 k\u00e1pu, Sigur\u00f0ur H. Stefnisson \u00a9 Hugverka\u00fatg\u00e1fan 1999<\/p>\n","protected":false},"excerpt":{"rendered":"<p>Myndskreytt lj\u00f3\u00f0. 130 bls. Efnisyfirlit: I. L\u00edfi\u00f0 &#8211; \u00c9g &#8211; Vi\u00f0 &#8211; Kaffibo\u00f0 &#8211; Kons\u00f3 Buff &#8211; Haustkv\u00f6ld &#8211; Kand\u00eds st\u00falkan &#8211; Hamlet &#8211; Hamar &#8211; Sinnaskipti &#8211; Sveinn &#8211; \u00dea\u00f0 &#8211; Siggi L\u00f3 &#8211; G\u00e1ta Ostur &#8211; Gr\u00e1s\u00fapa &#8211; Spakm\u00e6li &#8211; Eggin &#8211; Sinnuleysi &#8211; S\u00farmj\u00f3lk &#8211; Benz\u00edn l\u00edfsins &#8211; Sk\u00f3sverta &#8211; \u00c1fall &#8211; &#8230; <\/p>\n<p class=\"read-more-container\"><a title=\"Geimtugg\" class=\"read-more button\" href=\"https:\/\/johannh.com\/is\/product\/geimtugg-2\/#more-5779\" aria-label=\"Read more about Geimtugg\">Read more<\/a><\/p>\n","protected":false},"featured_media":5700,"template":"","meta":{"_acf_changed":false},"product_brand":[],"product_cat":[67],"product_tag":[],"class_list":{"0":"post-5779","1":"product","2":"type-product","3":"status-publish","4":"has-post-thumbnail","6":"product_cat-baekur","7":"no-featured-image-padding","9":"first","10":"instock","11":"shipping-taxable","12":"purchasable","13":"product-type-simple"},"acf":[],"yoast_head":"<!-- This site is optimized with the Yoast SEO Premium plugin v27.3 (Yoast SEO v27.3) - https:\/\/yoast.com\/product\/yoast-seo-premium-wordpress\/ -->\n<title>Geimtugg - J\u00f3hann Helgason<\/title>\n<meta name=\"robots\" content=\"index, follow, max-snippet:-1, max-image-preview:large, max-video-preview:-1\" \/>\n<link rel=\"canonical\" href=\"https:\/\/johannh.com\/is\/product\/geimtugg-2\/\" \/>\n<meta property=\"og:locale\" content=\"is_IS\" \/>\n<meta property=\"og:type\" content=\"article\" \/>\n<meta property=\"og:title\" content=\"Geimtugg\" \/>\n<meta property=\"og:description\" content=\"Myndskreytt lj\u00f3\u00f0. 130 bls. Efnisyfirlit: I. L\u00edfi\u00f0 &#8211; \u00c9g &#8211; Vi\u00f0 &#8211; Kaffibo\u00f0 &#8211; Kons\u00f3 Buff &#8211; Haustkv\u00f6ld &#8211; Kand\u00eds st\u00falkan &#8211; Hamlet &#8211; Hamar &#8211; Sinnaskipti &#8211; Sveinn &#8211; \u00dea\u00f0 &#8211; Siggi L\u00f3 &#8211; G\u00e1ta Ostur &#8211; Gr\u00e1s\u00fapa &#8211; Spakm\u00e6li &#8211; Eggin &#8211; Sinnuleysi &#8211; S\u00farmj\u00f3lk &#8211; Benz\u00edn l\u00edfsins &#8211; Sk\u00f3sverta &#8211; \u00c1fall &#8211; ... Read more\" \/>\n<meta property=\"og:url\" content=\"https:\/\/johannh.com\/is\/product\/geimtugg-2\/\" \/>\n<meta property=\"og:site_name\" content=\"J\u00f3hann Helgason\" \/>\n<meta property=\"article:modified_time\" content=\"2026-04-03T16:30:54+00:00\" \/>\n<meta property=\"og:image\" content=\"https:\/\/johannh.com\/wp-content\/uploads\/2026\/04\/Geimtugg-optimized.jpeg\" \/>\n\t<meta property=\"og:image:width\" content=\"1515\" \/>\n\t<meta property=\"og:image:height\" content=\"2215\" \/>\n\t<meta property=\"og:image:type\" content=\"image\/jpeg\" \/>\n<meta name=\"twitter:card\" content=\"summary_large_image\" \/>\n<meta name=\"twitter:label1\" content=\"Est. reading time\" \/>\n\t<meta name=\"twitter:data1\" content=\"1 minute\" \/>\n<script type=\"application\/ld+json\" class=\"yoast-schema-graph\">{\"@context\":\"https:\\\/\\\/schema.org\",\"@graph\":[{\"@type\":\"WebPage\",\"@id\":\"https:\\\/\\\/johannh.com\\\/is\\\/product\\\/geimtugg-2\\\/\",\"url\":\"https:\\\/\\\/johannh.com\\\/is\\\/product\\\/geimtugg-2\\\/\",\"name\":\"Geimtugg - J\u00f3hann Helgason\",\"isPartOf\":{\"@id\":\"https:\\\/\\\/johannh.com.local\\\/#website\"},\"primaryImageOfPage\":{\"@id\":\"https:\\\/\\\/johannh.com\\\/is\\\/product\\\/geimtugg-2\\\/#primaryimage\"},\"image\":{\"@id\":\"https:\\\/\\\/johannh.com\\\/is\\\/product\\\/geimtugg-2\\\/#primaryimage\"},\"thumbnailUrl\":\"https:\\\/\\\/johannh.com\\\/wp-content\\\/uploads\\\/2026\\\/04\\\/Geimtugg-optimized.jpeg\",\"datePublished\":\"2026-04-01T14:48:02+00:00\",\"dateModified\":\"2026-04-03T16:30:54+00:00\",\"breadcrumb\":{\"@id\":\"https:\\\/\\\/johannh.com\\\/is\\\/product\\\/geimtugg-2\\\/#breadcrumb\"},\"inLanguage\":\"is\",\"potentialAction\":[{\"@type\":\"ReadAction\",\"target\":[\"https:\\\/\\\/johannh.com\\\/is\\\/product\\\/geimtugg-2\\\/\"]}]},{\"@type\":\"ImageObject\",\"inLanguage\":\"is\",\"@id\":\"https:\\\/\\\/johannh.com\\\/is\\\/product\\\/geimtugg-2\\\/#primaryimage\",\"url\":\"https:\\\/\\\/johannh.com\\\/wp-content\\\/uploads\\\/2026\\\/04\\\/Geimtugg-optimized.jpeg\",\"contentUrl\":\"https:\\\/\\\/johannh.com\\\/wp-content\\\/uploads\\\/2026\\\/04\\\/Geimtugg-optimized.jpeg\",\"width\":1515,\"height\":2215},{\"@type\":\"BreadcrumbList\",\"@id\":\"https:\\\/\\\/johannh.com\\\/is\\\/product\\\/geimtugg-2\\\/#breadcrumb\",\"itemListElement\":[{\"@type\":\"ListItem\",\"position\":1,\"name\":\"Home\",\"item\":\"https:\\\/\\\/johannh.com\\\/is\\\/\"},{\"@type\":\"ListItem\",\"position\":2,\"name\":\"Verslun\",\"item\":\"https:\\\/\\\/johannh.com\\\/shop\\\/\"},{\"@type\":\"ListItem\",\"position\":3,\"name\":\"Geimtugg\"}]},{\"@type\":\"WebSite\",\"@id\":\"https:\\\/\\\/johannh.com.local\\\/#website\",\"url\":\"https:\\\/\\\/johannh.com.local\\\/\",\"name\":\"J\u00f3hann Helgason\",\"description\":\"lagah\u00f6fundur og s\u00f6ngvari\",\"publisher\":{\"@id\":\"https:\\\/\\\/johannh.com.local\\\/#\\\/schema\\\/person\\\/926156ac228e2306632971a8e9e9d0c4\"},\"potentialAction\":[{\"@type\":\"SearchAction\",\"target\":{\"@type\":\"EntryPoint\",\"urlTemplate\":\"https:\\\/\\\/johannh.com.local\\\/?s={search_term_string}\"},\"query-input\":{\"@type\":\"PropertyValueSpecification\",\"valueRequired\":true,\"valueName\":\"search_term_string\"}}],\"inLanguage\":\"is\"},{\"@type\":[\"Person\",\"Organization\"],\"@id\":\"https:\\\/\\\/johannh.com.local\\\/#\\\/schema\\\/person\\\/926156ac228e2306632971a8e9e9d0c4\",\"name\":\"J\u00f3hann Helgason\",\"image\":{\"@type\":\"ImageObject\",\"inLanguage\":\"is\",\"@id\":\"https:\\\/\\\/johannh.com\\\/wp-content\\\/uploads\\\/2022\\\/10\\\/johann.webp\",\"url\":\"https:\\\/\\\/johannh.com\\\/wp-content\\\/uploads\\\/2022\\\/10\\\/johann.webp\",\"contentUrl\":\"https:\\\/\\\/johannh.com\\\/wp-content\\\/uploads\\\/2022\\\/10\\\/johann.webp\",\"width\":2000,\"height\":2000,\"caption\":\"J\u00f3hann Helgason\"},\"logo\":{\"@id\":\"https:\\\/\\\/johannh.com\\\/wp-content\\\/uploads\\\/2022\\\/10\\\/johann.webp\"},\"sameAs\":[\"https:\\\/\\\/is.linkedin.com\\\/in\\\/johann-helgason-51aa5a23\",\"https:\\\/\\\/www.youtube.com\\\/user\\\/johannhcom\"],\"birthDate\":\"1949-08-06\",\"jobTitle\":\"Singer-songwriter\"}]}<\/script>\n<!-- \/ Yoast SEO Premium plugin. -->","yoast_head_json":{"title":"Geimtugg - J\u00f3hann Helgason","robots":{"index":"index","follow":"follow","max-snippet":"max-snippet:-1","max-image-preview":"max-image-preview:large","max-video-preview":"max-video-preview:-1"},"canonical":"https:\/\/johannh.com\/is\/product\/geimtugg-2\/","og_locale":"is_IS","og_type":"article","og_title":"Geimtugg","og_description":"Myndskreytt lj\u00f3\u00f0. 130 bls. Efnisyfirlit: I. L\u00edfi\u00f0 &#8211; \u00c9g &#8211; Vi\u00f0 &#8211; Kaffibo\u00f0 &#8211; Kons\u00f3 Buff &#8211; Haustkv\u00f6ld &#8211; Kand\u00eds st\u00falkan &#8211; Hamlet &#8211; Hamar &#8211; Sinnaskipti &#8211; Sveinn &#8211; \u00dea\u00f0 &#8211; Siggi L\u00f3 &#8211; G\u00e1ta Ostur &#8211; Gr\u00e1s\u00fapa &#8211; Spakm\u00e6li &#8211; Eggin &#8211; Sinnuleysi &#8211; S\u00farmj\u00f3lk &#8211; Benz\u00edn l\u00edfsins &#8211; Sk\u00f3sverta &#8211; \u00c1fall &#8211; ... Read more","og_url":"https:\/\/johannh.com\/is\/product\/geimtugg-2\/","og_site_name":"J\u00f3hann Helgason","article_modified_time":"2026-04-03T16:30:54+00:00","og_image":[{"width":1515,"height":2215,"url":"https:\/\/johannh.com\/wp-content\/uploads\/2026\/04\/Geimtugg-optimized.jpeg","type":"image\/jpeg"}],"twitter_card":"summary_large_image","twitter_misc":{"Est. reading time":"1 minute"},"schema":{"@context":"https:\/\/schema.org","@graph":[{"@type":"WebPage","@id":"https:\/\/johannh.com\/is\/product\/geimtugg-2\/","url":"https:\/\/johannh.com\/is\/product\/geimtugg-2\/","name":"Geimtugg - J\u00f3hann Helgason","isPartOf":{"@id":"https:\/\/johannh.com.local\/#website"},"primaryImageOfPage":{"@id":"https:\/\/johannh.com\/is\/product\/geimtugg-2\/#primaryimage"},"image":{"@id":"https:\/\/johannh.com\/is\/product\/geimtugg-2\/#primaryimage"},"thumbnailUrl":"https:\/\/johannh.com\/wp-content\/uploads\/2026\/04\/Geimtugg-optimized.jpeg","datePublished":"2026-04-01T14:48:02+00:00","dateModified":"2026-04-03T16:30:54+00:00","breadcrumb":{"@id":"https:\/\/johannh.com\/is\/product\/geimtugg-2\/#breadcrumb"},"inLanguage":"is","potentialAction":[{"@type":"ReadAction","target":["https:\/\/johannh.com\/is\/product\/geimtugg-2\/"]}]},{"@type":"ImageObject","inLanguage":"is","@id":"https:\/\/johannh.com\/is\/product\/geimtugg-2\/#primaryimage","url":"https:\/\/johannh.com\/wp-content\/uploads\/2026\/04\/Geimtugg-optimized.jpeg","contentUrl":"https:\/\/johannh.com\/wp-content\/uploads\/2026\/04\/Geimtugg-optimized.jpeg","width":1515,"height":2215},{"@type":"BreadcrumbList","@id":"https:\/\/johannh.com\/is\/product\/geimtugg-2\/#breadcrumb","itemListElement":[{"@type":"ListItem","position":1,"name":"Home","item":"https:\/\/johannh.com\/is\/"},{"@type":"ListItem","position":2,"name":"Verslun","item":"https:\/\/johannh.com\/shop\/"},{"@type":"ListItem","position":3,"name":"Geimtugg"}]},{"@type":"WebSite","@id":"https:\/\/johannh.com.local\/#website","url":"https:\/\/johannh.com.local\/","name":"J\u00f3hann Helgason","description":"lagah\u00f6fundur og s\u00f6ngvari","publisher":{"@id":"https:\/\/johannh.com.local\/#\/schema\/person\/926156ac228e2306632971a8e9e9d0c4"},"potentialAction":[{"@type":"SearchAction","target":{"@type":"EntryPoint","urlTemplate":"https:\/\/johannh.com.local\/?s={search_term_string}"},"query-input":{"@type":"PropertyValueSpecification","valueRequired":true,"valueName":"search_term_string"}}],"inLanguage":"is"},{"@type":["Person","Organization"],"@id":"https:\/\/johannh.com.local\/#\/schema\/person\/926156ac228e2306632971a8e9e9d0c4","name":"J\u00f3hann Helgason","image":{"@type":"ImageObject","inLanguage":"is","@id":"https:\/\/johannh.com\/wp-content\/uploads\/2022\/10\/johann.webp","url":"https:\/\/johannh.com\/wp-content\/uploads\/2022\/10\/johann.webp","contentUrl":"https:\/\/johannh.com\/wp-content\/uploads\/2022\/10\/johann.webp","width":2000,"height":2000,"caption":"J\u00f3hann Helgason"},"logo":{"@id":"https:\/\/johannh.com\/wp-content\/uploads\/2022\/10\/johann.webp"},"sameAs":["https:\/\/is.linkedin.com\/in\/johann-helgason-51aa5a23","https:\/\/www.youtube.com\/user\/johannhcom"],"birthDate":"1949-08-06","jobTitle":"Singer-songwriter"}]}},"_links":{"self":[{"href":"https:\/\/johannh.com\/is\/wp-json\/wp\/v2\/product\/5779","targetHints":{"allow":["GET"]}}],"collection":[{"href":"https:\/\/johannh.com\/is\/wp-json\/wp\/v2\/product"}],"about":[{"href":"https:\/\/johannh.com\/is\/wp-json\/wp\/v2\/types\/product"}],"wp:featuredmedia":[{"embeddable":true,"href":"https:\/\/johannh.com\/is\/wp-json\/wp\/v2\/media\/5700"}],"wp:attachment":[{"href":"https:\/\/johannh.com\/is\/wp-json\/wp\/v2\/media?parent=5779"}],"wp:term":[{"taxonomy":"product_brand","embeddable":true,"href":"https:\/\/johannh.com\/is\/wp-json\/wp\/v2\/product_brand?post=5779"},{"taxonomy":"product_cat","embeddable":true,"href":"https:\/\/johannh.com\/is\/wp-json\/wp\/v2\/product_cat?post=5779"},{"taxonomy":"product_tag","embeddable":true,"href":"https:\/\/johannh.com\/is\/wp-json\/wp\/v2\/product_tag?post=5779"}],"curies":[{"name":"wp","href":"https:\/\/api.w.org\/{rel}","templated":true}]}}