{"id":5777,"date":"2026-04-01T14:49:41","date_gmt":"2026-04-01T14:49:41","guid":{"rendered":"https:\/\/johannh.com\/product\/kef-eskimo-lp-solo-2\/"},"modified":"2026-04-06T15:00:30","modified_gmt":"2026-04-06T15:00:30","slug":"kef-eskimo-lp-solo-2","status":"publish","type":"product","link":"https:\/\/johannh.com\/is\/product\/kef-eskimo-lp-solo-2\/","title":{"rendered":"KEF &#8211; Eskimo &#8211; LP &#8211; Solo"},"content":{"rendered":"<p>Solo CD\u00b4s x 4 &#8211; 40 songs<\/p>\n<p style=\"font-weight: 400;\"><strong>KEF <\/strong><\/p>\n<ol>\n<li>THINK IT OVER<\/li>\n<li>FRIEND<\/li>\n<li>COUNT ON ME<\/li>\n<li>BID ME TO LIVE<\/li>\n<li>PLEASE DON\u00b4T GO<\/li>\n<li>THIS TIME<\/li>\n<li>DON\u00b4T LEAVE ME THIS WAY<\/li>\n<li>KEEP ON BELIEVING<\/li>\n<li>FALLING RAIN<\/li>\n<li>BE MY GIRL<\/li>\n<\/ol>\n<p style=\"font-weight: 400;\">Uppt\u00f6kustj\u00f3rn, P\u00e9tur Hjalteste\u00f0, Gu\u00f0r\u00fan Einarsd\u00f3ttir \/ \u00datsetningar, J\u00f3hann Helgason, P\u00e9tur Hjalteste\u00f0, Jon Kjell Seljeseth \/ Hlj\u00f3\u00f0f\u00e6raleikur: P\u00e9tur Hjalteste\u00f0, Hammond, p\u00edan\u00f3, Farfisa, hlj\u00f3mbor\u00f0 \/ Gunnlaugur Briem, trommur, slagverk \/ Tryggvi H\u00fcbner, rafmagnsg\u00edtar, 6 &amp; 12 strengja kassag\u00edtar, klass\u00edskur g\u00edtar, mand\u00f3l\u00edn \/ J\u00f3hann \u00c1smundsson, bassi \/ Vilhj\u00e1lmur Gu\u00f0j\u00f3nsson, kj\u00f6ltug\u00edtar, lag 10, ten\u00f3r &amp; alt sax\u00f3f\u00f3nn, rafmagnsg\u00edtar, lag 3 \/ Bj\u00f6rn Thoroddsen, kassag\u00edtar, lag 10 \/ Szymon Kuran, fi\u00f0la \/ Sigur\u00f0ur Flosason, s\u00f3pran sax\u00f3f\u00f3nn \/ Jon Kjell,\u00a0 hlj\u00f3mbor\u00f0, forritun, lag 8 \/ J\u00f3hann Helgason, r\u00f6ddun + kassag\u00edtar l\u00f6g 1, 4 &amp; 9 \/ Magn\u00fas &amp; J\u00f3hann, r\u00f6ddun, lag 1., Edda Borg &amp; J\u00f3hann, r\u00f6ddun, lag 10 \/ Hlj\u00f3\u00f0ritun: Gunnar Sm\u00e1ri Helgason, P\u00e9tur Hjalteste\u00f0, Halld\u00f3r J. J\u00f3hannesson, \u00cdvar Ragnarsson, Bjarni Bragi Kjartansson, Hlj\u00f3\u00f0hamar &amp; Hlj\u00f3\u00f0smi\u00f0jan \/ Hlj\u00f3\u00f0bl\u00f6ndun, Gunnar Sm\u00e1ri Helgason, Hlj\u00f3\u00f0smi\u00f0jan \/ Stafr\u00e6n t\u00f3nj\u00f6fnun, Baldur J. Baldursson, Oz-hlj\u00f3\u00f0 \/ H\u00f6nnun, J\u00f3n \u00c1rmann Steinsson \/ lj\u00f3smynd, Gu\u00f0r\u00fan Einarsd\u00f3ttir \u00a9 Hugverka\u00fatg\u00e1fan\/Rindi 1996<\/p>\n<p style=\"font-weight: 400;\"><strong>ESKIMO<\/strong><\/p>\n<ol>\n<li>AIRPLANE<\/li>\n<li>SOMEWAY, SOMEHOW<\/li>\n<li>ON MY MIND<\/li>\n<li>LOVE ME TRUE<\/li>\n<li>HOLD ME CLOSE<\/li>\n<li>I BELIEVE IN YOU<\/li>\n<li>LAUGH OR CRY<\/li>\n<li>MARY JANE<\/li>\n<li>RIVER<\/li>\n<li>DON\u00b4T WALK AWAY<\/li>\n<\/ol>\n<p style=\"font-weight: 400;\">Uppt\u00f6kustj\u00f3rn, Jon Kjell Seljeseth \/ Uppt\u00f6kustj\u00f3rn \u00e1 s\u00f6ng,\u00a0 Gu\u00f0r\u00fan Einarsd\u00f3ttir \/\u00datsetningar, Jon Kjell, J\u00f3hann Helgason \/ Hlj\u00f3\u00f0f\u00e6raleikur: Jon Kjell, hlj\u00f3mbor\u00f0, forritun \/ Gunnlaugur Briem, trommur, slagverk, forritun \/ J\u00f3hann \u00c1smundsson, bassi \/ Gu\u00f0mundur P\u00e9tursson, J\u00f3n Elvar Hafsteinsson, rafmagnsg\u00edtar \/ Gu\u00f0mundur P\u00e9tursson, J\u00f3hann Helgason, 6 &amp; 12 strengja kassag\u00edtar \/ \u00d3skar Gu\u00f0j\u00f3nsson, ten\u00f3r &amp; s\u00f3pran sax\u00f3f\u00f3nn \/ \u00de\u00f3rir \u00dalfarsson, Hammond, lag 5 \/ Edda Borg, Magn\u00fas &amp; J\u00f3hann, r\u00f6ddun \/ Hlj\u00f3\u00f0ritun: Gunnar Sm\u00e1ri Helgason, Gu\u00f0mundur Gu\u00f0j\u00f3nsson, Hlj\u00f3\u00f0hamar \/ Axel Einarsson, \u00de\u00f3rir \u00dalfarsson, Gunnar Sm\u00e1ri, Halld\u00f3r J. J\u00f3hannesson, St\u00f6\u00f0in, 1997 \/ Hlj\u00f3\u00f0bl\u00f6ndun: Gunnar Sm\u00e1ri &amp; Jon Kjell, Hlj\u00f3\u00f0hamar, \u00de\u00f3rir \u00dalfarsson &amp; Jon Kjell, St\u00f6\u00f0in \/ Stafr\u00e6n t\u00f3nj\u00f6fnun: Bjarni Bragi Kjartansson, S\u00fdrland \/ H\u00f6nnun, Komdu \u00e1 morgun, JH \/ m\u00e1lverk, Gu\u00f0r\u00fan Einarsd\u00f3ttir<\/p>\n<p style=\"font-weight: 400;\">\u00a9 Hugverka\u00fatg\u00e1fan\/Rindi 1997<\/p>\n<p style=\"font-weight: 400;\"><strong>LP<\/strong><\/p>\n<ol>\n<li>CAN YOU GET AWAY<\/li>\n<li>SO IN LOVE<\/li>\n<li>SAY YOU WILL<\/li>\n<li>UNDER THE RAINBOW<\/li>\n<li>SAIL AWAY<\/li>\n<li>WORKING GIRL<\/li>\n<li>DON\u00b4T GET ME WRONG<\/li>\n<li>CRAZY WITH LOVE<\/li>\n<li>WITH YOU<\/li>\n<li>CROSS MY HEART<\/li>\n<\/ol>\n<p style=\"font-weight: 400;\">Uppt\u00f6kustj\u00f3rn, \u00de\u00f3rir Baldursson, Jon Kjell Seljeseth, lag 6 \/ Uppt\u00f6kustj\u00f3rn \u00e1 s\u00f6ng, Gu\u00f0r\u00fanEinarsd\u00f3ttir \/ \u00datsetningar, J\u00f3hann Helgason, \u00de\u00f3rir Baldursson, Jon Kjell Seljeseth, lag 6 \/ Hlj\u00f3\u00f0f\u00e6raleikur: \u00de\u00f3rir Baldursson, p\u00edan\u00f3, Hammond, harmonikka, hlj\u00f3mbor\u00f0 \/ Gu\u00f0mundur P\u00e9tursson, 6 &amp; 12 strengja rafmagns &amp; kassag\u00edtar, mand\u00f3lin \/ Sigurgeir Sigmundsson, rafmagnsg\u00edtar \/ Gunnlaugur Briem, trommur, slagverk \/ J\u00f3hann \u00c1smundsson, bassi \/ Jon Kjell, Hammond, bassi, forritun, lag 6 \/ Szymon Kuran, \/ fi\u00f0la \/ S\u00f3lr\u00fan Sumarli\u00f0ad\u00f3ttir, sell\u00f3 \/ Eir\u00edkur \u00d6rn P\u00e1lsson, flygilhorn \/ J\u00f3hann Helgason, kassag\u00edtar, lag 6 \/ Gu\u00f0r\u00fan &amp; J\u00f3hann, r\u00f6ddun \/ Hlj\u00f3\u00f0ritun: Hrannar Ingimarsson, Jens Hansson, \u00de\u00f3rir Baldursson, Halld\u00f3r J. J\u00f3hannesson, Steinar G\u00edslason, \u00de\u00f3rir \u00dalfarsson, Axel Einarsson, Vilhj\u00e1lmur Gu\u00f0j\u00f3nsson, Hlj\u00f3\u00f0hamar, Uppt\u00f6kuheimili Geimsteins, F\u00cdH, St\u00f6\u00f0in, R\u00f6dd, 1998 \/ Hlj\u00f3\u00f0bl\u00f6ndun: Jens Hansson, Hlj\u00f3\u00f0hamar, \u00a0\u00de\u00f3rir \u00dalfarsson, St\u00f6\u00f0in, \u00d3lafur Halld\u00f3rsson, lag 1, Hlj\u00f3\u00f0hamar, \u00deorvaldur B. \u00deorvaldsson &amp; Jon Kjell, lag 6, Grj\u00f3tn\u00e1man \/ Stafr\u00e6n t\u00f3nj\u00f6fnun, Baldur J. Baldursson, Oz-hlj\u00f3\u00f0 \/ H\u00f6nnun, Komdu \u00e1 morgun, JH \/ m\u00e1lverk, Gu\u00f0r\u00fan Einarsd\u00f3ttir \u00a9 Hugverka\u00fatg\u00e1fan\/Rindi 1998<\/p>\n<p style=\"font-weight: 400;\"><strong>SOLO<\/strong><\/p>\n<ol>\n<li>FREEZE<\/li>\n<li>WHEN YOU FALL<\/li>\n<li>RUN<\/li>\n<li>WE CAN FLY<\/li>\n<li>I CAN MAKE YOU LOVE ME<\/li>\n<li>LOVE AND HEAT<\/li>\n<li>KUNDALINI<\/li>\n<li>I DON\u00b4T WANNA BE ALONE<\/li>\n<li>WAITING FOR YOUR LOVE<\/li>\n<li>EVERYTHING YOU DO<\/li>\n<\/ol>\n<p style=\"font-weight: 400;\">Uppt\u00f6kustj\u00f3rn, Jon Kjell Seljeseth \/ Uppt\u00f6kustj\u00f3rn \u00e1 s\u00f6ng, Steinar G\u00edslason \/ S\u00f6ngur, lag 8, Halld\u00f3ra Lill\u00fd J\u00f3hannsd\u00f3ttir \/ \u00datsetningar, Jon Kjell Seljeseth , J\u00f3hann Helgason \/ Hlj\u00f3\u00f0f\u00e6raleikur: Jon Kjell, hlj\u00f3mbor\u00f0, p\u00edan\u00f3, forritun \/ J\u00f3hann \u00c1smundsson, bassi \/ Gu\u00f0mundur P\u00e9tursson, rafmagnsg\u00edtar, kassag\u00edtar \/ Sigurgeir Sigmundsson, rafmagnsg\u00edtar \/ Birgir Baldursson, trommur, slagverk \/ Szymon Kuran, fi\u00f0la \/ Kristinn Svavarsson, ten\u00f3r &amp; s\u00f3pran sax\u00f3f\u00f3nn \/ Eir\u00edkur \u00d6rn P\u00e1lsson, trompet, flygilhorn \/ Sigur\u00f0ur Sigur\u00f0sson, munnharpa \/ J\u00f3hann Helgason, kassag\u00edtar \/ Magn\u00fas &amp; J\u00f3hann, Halld\u00f3ra Lill\u00fd &amp; Gu\u00f0r\u00fan Einarsd\u00f3ttir, r\u00f6ddun \/ Hlj\u00f3\u00f0ritun: Gunnar Sm\u00e1ri Helgason, Steinar G\u00edslason, Fri\u00f0rik Sturluson, Birgir J. Birgisson, Hr\u00f3i, Grj\u00f3tn\u00e1man, Hlj\u00f3\u00f0sm\u00e1rinn, F\u00cdH, St\u00f6\u00f0in,1999 \/ Hlj\u00f3\u00f0bl\u00f6ndun, Gunnar Sm\u00e1ri, Jon Kjell, Hlj\u00f3\u00f0sm\u00e1rinn \/ Stafr\u00e6n t\u00f3nj\u00f6fnun, Gunnar Sm\u00e1ri, Hlj\u00f3\u00f0sm\u00e1rinn \/ H\u00f6nnun, Komdu \u00e1 morgun, JH \/ m\u00e1lverk, Gu\u00f0r\u00fan Einarsd\u00f3ttir \u00a9 Hugverka\u00fatg\u00e1fan\/Rindi 1999<\/p>\n<p>&nbsp;<\/p>\n<p>&nbsp;<\/p>\n<p>&nbsp;<\/p>\n","protected":false},"excerpt":{"rendered":"<p>Solo CD\u00b4s x 4 &#8211; 40 songs KEF THINK IT OVER FRIEND COUNT ON ME BID ME TO LIVE PLEASE DON\u00b4T GO THIS TIME DON\u00b4T LEAVE ME THIS WAY KEEP ON BELIEVING FALLING RAIN BE MY GIRL Uppt\u00f6kustj\u00f3rn, P\u00e9tur Hjalteste\u00f0, Gu\u00f0r\u00fan Einarsd\u00f3ttir \/ \u00datsetningar, J\u00f3hann Helgason, P\u00e9tur Hjalteste\u00f0, Jon Kjell Seljeseth \/ Hlj\u00f3\u00f0f\u00e6raleikur: P\u00e9tur Hjalteste\u00f0, &#8230; <\/p>\n<p class=\"read-more-container\"><a title=\"KEF &#8211; Eskimo &#8211; LP &#8211; Solo\" class=\"read-more button\" href=\"https:\/\/johannh.com\/is\/product\/kef-eskimo-lp-solo-2\/#more-5777\" aria-label=\"Read more about KEF &#8211; Eskimo &#8211; LP &#8211; Solo\">Read more<\/a><\/p>\n","protected":false},"featured_media":5761,"template":"","meta":{"_acf_changed":false},"product_brand":[],"product_cat":[],"product_tag":[],"class_list":{"0":"post-5777","1":"product","2":"type-product","3":"status-publish","4":"has-post-thumbnail","6":"no-featured-image-padding","8":"first","9":"instock","10":"shipping-taxable","11":"purchasable","12":"product-type-simple"},"acf":[],"yoast_head":"<!-- This site is optimized with the Yoast SEO Premium plugin v27.3 (Yoast SEO v27.3) - https:\/\/yoast.com\/product\/yoast-seo-premium-wordpress\/ -->\n<title>KEF - Eskimo - LP - Solo - J\u00f3hann Helgason<\/title>\n<meta name=\"robots\" content=\"index, follow, max-snippet:-1, max-image-preview:large, max-video-preview:-1\" \/>\n<link rel=\"canonical\" href=\"https:\/\/johannh.com\/is\/product\/kef-eskimo-lp-solo-2\/\" \/>\n<meta property=\"og:locale\" content=\"is_IS\" \/>\n<meta property=\"og:type\" content=\"article\" \/>\n<meta property=\"og:title\" content=\"KEF - Eskimo - LP - Solo\" \/>\n<meta property=\"og:description\" content=\"Solo CD\u00b4s x 4 &#8211; 40 songs KEF THINK IT OVER FRIEND COUNT ON ME BID ME TO LIVE PLEASE DON\u00b4T GO THIS TIME DON\u00b4T LEAVE ME THIS WAY KEEP ON BELIEVING FALLING RAIN BE MY GIRL Uppt\u00f6kustj\u00f3rn, P\u00e9tur Hjalteste\u00f0, Gu\u00f0r\u00fan Einarsd\u00f3ttir \/ \u00datsetningar, J\u00f3hann Helgason, P\u00e9tur Hjalteste\u00f0, Jon Kjell Seljeseth \/ Hlj\u00f3\u00f0f\u00e6raleikur: P\u00e9tur Hjalteste\u00f0, ... Read more\" \/>\n<meta property=\"og:url\" content=\"https:\/\/johannh.com\/is\/product\/kef-eskimo-lp-solo-2\/\" \/>\n<meta property=\"og:site_name\" content=\"J\u00f3hann Helgason\" \/>\n<meta property=\"article:modified_time\" content=\"2026-04-06T15:00:30+00:00\" \/>\n<meta property=\"og:image\" content=\"https:\/\/johannh.com\/wp-content\/uploads\/2026\/04\/collag.png\" \/>\n\t<meta property=\"og:image:width\" content=\"606\" \/>\n\t<meta property=\"og:image:height\" content=\"610\" \/>\n\t<meta property=\"og:image:type\" content=\"image\/png\" \/>\n<meta name=\"twitter:card\" content=\"summary_large_image\" \/>\n<meta name=\"twitter:label1\" content=\"Est. reading time\" \/>\n\t<meta name=\"twitter:data1\" content=\"4 minutes\" \/>\n<script type=\"application\/ld+json\" class=\"yoast-schema-graph\">{\"@context\":\"https:\\\/\\\/schema.org\",\"@graph\":[{\"@type\":\"WebPage\",\"@id\":\"https:\\\/\\\/johannh.com\\\/is\\\/product\\\/kef-eskimo-lp-solo-2\\\/\",\"url\":\"https:\\\/\\\/johannh.com\\\/is\\\/product\\\/kef-eskimo-lp-solo-2\\\/\",\"name\":\"KEF - Eskimo - LP - Solo - J\u00f3hann Helgason\",\"isPartOf\":{\"@id\":\"https:\\\/\\\/johannh.com.local\\\/#website\"},\"primaryImageOfPage\":{\"@id\":\"https:\\\/\\\/johannh.com\\\/is\\\/product\\\/kef-eskimo-lp-solo-2\\\/#primaryimage\"},\"image\":{\"@id\":\"https:\\\/\\\/johannh.com\\\/is\\\/product\\\/kef-eskimo-lp-solo-2\\\/#primaryimage\"},\"thumbnailUrl\":\"https:\\\/\\\/johannh.com\\\/wp-content\\\/uploads\\\/2026\\\/04\\\/collag.png\",\"datePublished\":\"2026-04-01T14:49:41+00:00\",\"dateModified\":\"2026-04-06T15:00:30+00:00\",\"breadcrumb\":{\"@id\":\"https:\\\/\\\/johannh.com\\\/is\\\/product\\\/kef-eskimo-lp-solo-2\\\/#breadcrumb\"},\"inLanguage\":\"is\",\"potentialAction\":[{\"@type\":\"ReadAction\",\"target\":[\"https:\\\/\\\/johannh.com\\\/is\\\/product\\\/kef-eskimo-lp-solo-2\\\/\"]}]},{\"@type\":\"ImageObject\",\"inLanguage\":\"is\",\"@id\":\"https:\\\/\\\/johannh.com\\\/is\\\/product\\\/kef-eskimo-lp-solo-2\\\/#primaryimage\",\"url\":\"https:\\\/\\\/johannh.com\\\/wp-content\\\/uploads\\\/2026\\\/04\\\/collag.png\",\"contentUrl\":\"https:\\\/\\\/johannh.com\\\/wp-content\\\/uploads\\\/2026\\\/04\\\/collag.png\",\"width\":606,\"height\":610},{\"@type\":\"BreadcrumbList\",\"@id\":\"https:\\\/\\\/johannh.com\\\/is\\\/product\\\/kef-eskimo-lp-solo-2\\\/#breadcrumb\",\"itemListElement\":[{\"@type\":\"ListItem\",\"position\":1,\"name\":\"Home\",\"item\":\"https:\\\/\\\/johannh.com\\\/is\\\/\"},{\"@type\":\"ListItem\",\"position\":2,\"name\":\"Verslun\",\"item\":\"https:\\\/\\\/johannh.com\\\/shop\\\/\"},{\"@type\":\"ListItem\",\"position\":3,\"name\":\"KEF &#8211; Eskimo &#8211; LP &#8211; Solo\"}]},{\"@type\":\"WebSite\",\"@id\":\"https:\\\/\\\/johannh.com.local\\\/#website\",\"url\":\"https:\\\/\\\/johannh.com.local\\\/\",\"name\":\"J\u00f3hann Helgason\",\"description\":\"lagah\u00f6fundur og s\u00f6ngvari\",\"publisher\":{\"@id\":\"https:\\\/\\\/johannh.com.local\\\/#\\\/schema\\\/person\\\/926156ac228e2306632971a8e9e9d0c4\"},\"potentialAction\":[{\"@type\":\"SearchAction\",\"target\":{\"@type\":\"EntryPoint\",\"urlTemplate\":\"https:\\\/\\\/johannh.com.local\\\/?s={search_term_string}\"},\"query-input\":{\"@type\":\"PropertyValueSpecification\",\"valueRequired\":true,\"valueName\":\"search_term_string\"}}],\"inLanguage\":\"is\"},{\"@type\":[\"Person\",\"Organization\"],\"@id\":\"https:\\\/\\\/johannh.com.local\\\/#\\\/schema\\\/person\\\/926156ac228e2306632971a8e9e9d0c4\",\"name\":\"J\u00f3hann Helgason\",\"image\":{\"@type\":\"ImageObject\",\"inLanguage\":\"is\",\"@id\":\"https:\\\/\\\/johannh.com\\\/wp-content\\\/uploads\\\/2022\\\/10\\\/johann.webp\",\"url\":\"https:\\\/\\\/johannh.com\\\/wp-content\\\/uploads\\\/2022\\\/10\\\/johann.webp\",\"contentUrl\":\"https:\\\/\\\/johannh.com\\\/wp-content\\\/uploads\\\/2022\\\/10\\\/johann.webp\",\"width\":2000,\"height\":2000,\"caption\":\"J\u00f3hann Helgason\"},\"logo\":{\"@id\":\"https:\\\/\\\/johannh.com\\\/wp-content\\\/uploads\\\/2022\\\/10\\\/johann.webp\"},\"sameAs\":[\"https:\\\/\\\/is.linkedin.com\\\/in\\\/johann-helgason-51aa5a23\",\"https:\\\/\\\/www.youtube.com\\\/user\\\/johannhcom\"],\"birthDate\":\"1949-08-06\",\"jobTitle\":\"Singer-songwriter\"}]}<\/script>\n<!-- \/ Yoast SEO Premium plugin. -->","yoast_head_json":{"title":"KEF - Eskimo - LP - Solo - J\u00f3hann Helgason","robots":{"index":"index","follow":"follow","max-snippet":"max-snippet:-1","max-image-preview":"max-image-preview:large","max-video-preview":"max-video-preview:-1"},"canonical":"https:\/\/johannh.com\/is\/product\/kef-eskimo-lp-solo-2\/","og_locale":"is_IS","og_type":"article","og_title":"KEF - Eskimo - LP - Solo","og_description":"Solo CD\u00b4s x 4 &#8211; 40 songs KEF THINK IT OVER FRIEND COUNT ON ME BID ME TO LIVE PLEASE DON\u00b4T GO THIS TIME DON\u00b4T LEAVE ME THIS WAY KEEP ON BELIEVING FALLING RAIN BE MY GIRL Uppt\u00f6kustj\u00f3rn, P\u00e9tur Hjalteste\u00f0, Gu\u00f0r\u00fan Einarsd\u00f3ttir \/ \u00datsetningar, J\u00f3hann Helgason, P\u00e9tur Hjalteste\u00f0, Jon Kjell Seljeseth \/ Hlj\u00f3\u00f0f\u00e6raleikur: P\u00e9tur Hjalteste\u00f0, ... Read more","og_url":"https:\/\/johannh.com\/is\/product\/kef-eskimo-lp-solo-2\/","og_site_name":"J\u00f3hann Helgason","article_modified_time":"2026-04-06T15:00:30+00:00","og_image":[{"width":606,"height":610,"url":"https:\/\/johannh.com\/wp-content\/uploads\/2026\/04\/collag.png","type":"image\/png"}],"twitter_card":"summary_large_image","twitter_misc":{"Est. reading time":"4 minutes"},"schema":{"@context":"https:\/\/schema.org","@graph":[{"@type":"WebPage","@id":"https:\/\/johannh.com\/is\/product\/kef-eskimo-lp-solo-2\/","url":"https:\/\/johannh.com\/is\/product\/kef-eskimo-lp-solo-2\/","name":"KEF - Eskimo - LP - Solo - J\u00f3hann Helgason","isPartOf":{"@id":"https:\/\/johannh.com.local\/#website"},"primaryImageOfPage":{"@id":"https:\/\/johannh.com\/is\/product\/kef-eskimo-lp-solo-2\/#primaryimage"},"image":{"@id":"https:\/\/johannh.com\/is\/product\/kef-eskimo-lp-solo-2\/#primaryimage"},"thumbnailUrl":"https:\/\/johannh.com\/wp-content\/uploads\/2026\/04\/collag.png","datePublished":"2026-04-01T14:49:41+00:00","dateModified":"2026-04-06T15:00:30+00:00","breadcrumb":{"@id":"https:\/\/johannh.com\/is\/product\/kef-eskimo-lp-solo-2\/#breadcrumb"},"inLanguage":"is","potentialAction":[{"@type":"ReadAction","target":["https:\/\/johannh.com\/is\/product\/kef-eskimo-lp-solo-2\/"]}]},{"@type":"ImageObject","inLanguage":"is","@id":"https:\/\/johannh.com\/is\/product\/kef-eskimo-lp-solo-2\/#primaryimage","url":"https:\/\/johannh.com\/wp-content\/uploads\/2026\/04\/collag.png","contentUrl":"https:\/\/johannh.com\/wp-content\/uploads\/2026\/04\/collag.png","width":606,"height":610},{"@type":"BreadcrumbList","@id":"https:\/\/johannh.com\/is\/product\/kef-eskimo-lp-solo-2\/#breadcrumb","itemListElement":[{"@type":"ListItem","position":1,"name":"Home","item":"https:\/\/johannh.com\/is\/"},{"@type":"ListItem","position":2,"name":"Verslun","item":"https:\/\/johannh.com\/shop\/"},{"@type":"ListItem","position":3,"name":"KEF &#8211; Eskimo &#8211; LP &#8211; Solo"}]},{"@type":"WebSite","@id":"https:\/\/johannh.com.local\/#website","url":"https:\/\/johannh.com.local\/","name":"J\u00f3hann Helgason","description":"lagah\u00f6fundur og s\u00f6ngvari","publisher":{"@id":"https:\/\/johannh.com.local\/#\/schema\/person\/926156ac228e2306632971a8e9e9d0c4"},"potentialAction":[{"@type":"SearchAction","target":{"@type":"EntryPoint","urlTemplate":"https:\/\/johannh.com.local\/?s={search_term_string}"},"query-input":{"@type":"PropertyValueSpecification","valueRequired":true,"valueName":"search_term_string"}}],"inLanguage":"is"},{"@type":["Person","Organization"],"@id":"https:\/\/johannh.com.local\/#\/schema\/person\/926156ac228e2306632971a8e9e9d0c4","name":"J\u00f3hann Helgason","image":{"@type":"ImageObject","inLanguage":"is","@id":"https:\/\/johannh.com\/wp-content\/uploads\/2022\/10\/johann.webp","url":"https:\/\/johannh.com\/wp-content\/uploads\/2022\/10\/johann.webp","contentUrl":"https:\/\/johannh.com\/wp-content\/uploads\/2022\/10\/johann.webp","width":2000,"height":2000,"caption":"J\u00f3hann Helgason"},"logo":{"@id":"https:\/\/johannh.com\/wp-content\/uploads\/2022\/10\/johann.webp"},"sameAs":["https:\/\/is.linkedin.com\/in\/johann-helgason-51aa5a23","https:\/\/www.youtube.com\/user\/johannhcom"],"birthDate":"1949-08-06","jobTitle":"Singer-songwriter"}]}},"_links":{"self":[{"href":"https:\/\/johannh.com\/is\/wp-json\/wp\/v2\/product\/5777","targetHints":{"allow":["GET"]}}],"collection":[{"href":"https:\/\/johannh.com\/is\/wp-json\/wp\/v2\/product"}],"about":[{"href":"https:\/\/johannh.com\/is\/wp-json\/wp\/v2\/types\/product"}],"wp:featuredmedia":[{"embeddable":true,"href":"https:\/\/johannh.com\/is\/wp-json\/wp\/v2\/media\/5761"}],"wp:attachment":[{"href":"https:\/\/johannh.com\/is\/wp-json\/wp\/v2\/media?parent=5777"}],"wp:term":[{"taxonomy":"product_brand","embeddable":true,"href":"https:\/\/johannh.com\/is\/wp-json\/wp\/v2\/product_brand?post=5777"},{"taxonomy":"product_cat","embeddable":true,"href":"https:\/\/johannh.com\/is\/wp-json\/wp\/v2\/product_cat?post=5777"},{"taxonomy":"product_tag","embeddable":true,"href":"https:\/\/johannh.com\/is\/wp-json\/wp\/v2\/product_tag?post=5777"}],"curies":[{"name":"wp","href":"https:\/\/api.w.org\/{rel}","templated":true}]}}