{"id":5775,"date":"2026-04-01T14:51:10","date_gmt":"2026-04-01T14:51:10","guid":{"rendered":"https:\/\/johannh.com\/product\/magnus-johann-2\/"},"modified":"2026-04-03T16:08:33","modified_gmt":"2026-04-03T16:08:33","slug":"magnus-johann-2","status":"publish","type":"product","link":"https:\/\/johannh.com\/is\/product\/magnus-johann-2\/","title":{"rendered":"Magn\u00fas &#038; J\u00f3hann"},"content":{"rendered":"<p>Magn\u00fas &amp; J\u00f3hann\/CD.<\/p>\n<p>Lagalisti:<br \/>\n1. Mary Jane<br \/>\n2. Simulation of Jesus<br \/>\n3. Fire Stairway<br \/>\n4. Farmer<br \/>\n5. Sunshine<br \/>\n6. The Rape of Lady Justice<br \/>\n7. Raindrops<br \/>\n8. My Imagination<br \/>\n9. Sinking Man<br \/>\n10. Times with You<\/p>\n<p>Produced by Magn\u00fas Kjartansson, Magn\u00fas &amp; J\u00f3hann \/ Musicians: Magn\u00fas &amp; J\u00f3hann, acoustic guitars \/ Magn\u00fas Kjartansson, piano, Hammond, accordion \/ Sigurj\u00f3n Sighvatsson, bass \/ Ragnar Sigurj\u00f3nsson, drums \/ Gunnar \u00de\u00f3r\u00f0arson, flute \/ Engineer: P\u00e9tur Steingr\u00edmsson, Tannl\u00e6knasalnum 1972 \/ Album design, Baldvin Halld\u00f3rsson \u00a9 1972 Scorpion Records<\/p>\n","protected":false},"excerpt":{"rendered":"<p>Magn\u00fas &amp; J\u00f3hann\/CD. Lagalisti: 1. Mary Jane 2. Simulation of Jesus 3. Fire Stairway 4. Farmer 5. Sunshine 6. The Rape of Lady Justice 7. Raindrops 8. My Imagination 9. Sinking Man 10. Times with You Produced by Magn\u00fas Kjartansson, Magn\u00fas &amp; J\u00f3hann \/ Musicians: Magn\u00fas &amp; J\u00f3hann, acoustic guitars \/ Magn\u00fas Kjartansson, piano, Hammond, &#8230; <\/p>\n<p class=\"read-more-container\"><a title=\"Magn\u00fas &#038; J\u00f3hann\" class=\"read-more button\" href=\"https:\/\/johannh.com\/is\/product\/magnus-johann-2\/#more-5775\" aria-label=\"Read more about Magn\u00fas &#038; J\u00f3hann\">Read more<\/a><\/p>\n","protected":false},"featured_media":5702,"template":"","meta":{"_acf_changed":false},"product_brand":[],"product_cat":[65],"product_tag":[],"class_list":{"0":"post-5775","1":"product","2":"type-product","3":"status-publish","4":"has-post-thumbnail","6":"product_cat-cd","7":"no-featured-image-padding","9":"first","10":"instock","11":"shipping-taxable","12":"purchasable","13":"product-type-simple"},"acf":[],"yoast_head":"<!-- This site is optimized with the Yoast SEO Premium plugin v27.3 (Yoast SEO v27.3) - https:\/\/yoast.com\/product\/yoast-seo-premium-wordpress\/ -->\n<title>Magn\u00fas &amp; J\u00f3hann - J\u00f3hann Helgason<\/title>\n<meta name=\"robots\" content=\"index, follow, max-snippet:-1, max-image-preview:large, max-video-preview:-1\" \/>\n<link rel=\"canonical\" href=\"https:\/\/johannh.com\/is\/product\/magnus-johann-2\/\" \/>\n<meta property=\"og:locale\" content=\"is_IS\" \/>\n<meta property=\"og:type\" content=\"article\" \/>\n<meta property=\"og:title\" content=\"Magn\u00fas &amp; J\u00f3hann\" \/>\n<meta property=\"og:description\" content=\"Magn\u00fas &amp; J\u00f3hann\/CD. Lagalisti: 1. Mary Jane 2. Simulation of Jesus 3. Fire Stairway 4. Farmer 5. Sunshine 6. The Rape of Lady Justice 7. Raindrops 8. My Imagination 9. Sinking Man 10. Times with You Produced by Magn\u00fas Kjartansson, Magn\u00fas &amp; J\u00f3hann \/ Musicians: Magn\u00fas &amp; J\u00f3hann, acoustic guitars \/ Magn\u00fas Kjartansson, piano, Hammond, ... Read more\" \/>\n<meta property=\"og:url\" content=\"https:\/\/johannh.com\/is\/product\/magnus-johann-2\/\" \/>\n<meta property=\"og:site_name\" content=\"J\u00f3hann Helgason\" \/>\n<meta property=\"article:modified_time\" content=\"2026-04-03T16:08:33+00:00\" \/>\n<meta property=\"og:image\" content=\"https:\/\/johannh.com\/wp-content\/uploads\/2026\/04\/MJ-\u00b472-optimized.jpeg\" \/>\n\t<meta property=\"og:image:width\" content=\"256\" \/>\n\t<meta property=\"og:image:height\" content=\"256\" \/>\n\t<meta property=\"og:image:type\" content=\"image\/jpeg\" \/>\n<meta name=\"twitter:card\" content=\"summary_large_image\" \/>\n<script type=\"application\/ld+json\" class=\"yoast-schema-graph\">{\"@context\":\"https:\\\/\\\/schema.org\",\"@graph\":[{\"@type\":\"WebPage\",\"@id\":\"https:\\\/\\\/johannh.com\\\/is\\\/product\\\/magnus-johann-2\\\/\",\"url\":\"https:\\\/\\\/johannh.com\\\/is\\\/product\\\/magnus-johann-2\\\/\",\"name\":\"Magn\u00fas & J\u00f3hann - J\u00f3hann Helgason\",\"isPartOf\":{\"@id\":\"https:\\\/\\\/johannh.com.local\\\/#website\"},\"primaryImageOfPage\":{\"@id\":\"https:\\\/\\\/johannh.com\\\/is\\\/product\\\/magnus-johann-2\\\/#primaryimage\"},\"image\":{\"@id\":\"https:\\\/\\\/johannh.com\\\/is\\\/product\\\/magnus-johann-2\\\/#primaryimage\"},\"thumbnailUrl\":\"https:\\\/\\\/johannh.com\\\/wp-content\\\/uploads\\\/2026\\\/04\\\/MJ-\u00b472-optimized.jpeg\",\"datePublished\":\"2026-04-01T14:51:10+00:00\",\"dateModified\":\"2026-04-03T16:08:33+00:00\",\"breadcrumb\":{\"@id\":\"https:\\\/\\\/johannh.com\\\/is\\\/product\\\/magnus-johann-2\\\/#breadcrumb\"},\"inLanguage\":\"is\",\"potentialAction\":[{\"@type\":\"ReadAction\",\"target\":[\"https:\\\/\\\/johannh.com\\\/is\\\/product\\\/magnus-johann-2\\\/\"]}]},{\"@type\":\"ImageObject\",\"inLanguage\":\"is\",\"@id\":\"https:\\\/\\\/johannh.com\\\/is\\\/product\\\/magnus-johann-2\\\/#primaryimage\",\"url\":\"https:\\\/\\\/johannh.com\\\/wp-content\\\/uploads\\\/2026\\\/04\\\/MJ-\u00b472-optimized.jpeg\",\"contentUrl\":\"https:\\\/\\\/johannh.com\\\/wp-content\\\/uploads\\\/2026\\\/04\\\/MJ-\u00b472-optimized.jpeg\",\"width\":256,\"height\":256},{\"@type\":\"BreadcrumbList\",\"@id\":\"https:\\\/\\\/johannh.com\\\/is\\\/product\\\/magnus-johann-2\\\/#breadcrumb\",\"itemListElement\":[{\"@type\":\"ListItem\",\"position\":1,\"name\":\"Home\",\"item\":\"https:\\\/\\\/johannh.com\\\/is\\\/\"},{\"@type\":\"ListItem\",\"position\":2,\"name\":\"Verslun\",\"item\":\"https:\\\/\\\/johannh.com\\\/shop\\\/\"},{\"@type\":\"ListItem\",\"position\":3,\"name\":\"Magn\u00fas &#038; J\u00f3hann\"}]},{\"@type\":\"WebSite\",\"@id\":\"https:\\\/\\\/johannh.com.local\\\/#website\",\"url\":\"https:\\\/\\\/johannh.com.local\\\/\",\"name\":\"J\u00f3hann Helgason\",\"description\":\"lagah\u00f6fundur og s\u00f6ngvari\",\"publisher\":{\"@id\":\"https:\\\/\\\/johannh.com.local\\\/#\\\/schema\\\/person\\\/926156ac228e2306632971a8e9e9d0c4\"},\"potentialAction\":[{\"@type\":\"SearchAction\",\"target\":{\"@type\":\"EntryPoint\",\"urlTemplate\":\"https:\\\/\\\/johannh.com.local\\\/?s={search_term_string}\"},\"query-input\":{\"@type\":\"PropertyValueSpecification\",\"valueRequired\":true,\"valueName\":\"search_term_string\"}}],\"inLanguage\":\"is\"},{\"@type\":[\"Person\",\"Organization\"],\"@id\":\"https:\\\/\\\/johannh.com.local\\\/#\\\/schema\\\/person\\\/926156ac228e2306632971a8e9e9d0c4\",\"name\":\"J\u00f3hann Helgason\",\"image\":{\"@type\":\"ImageObject\",\"inLanguage\":\"is\",\"@id\":\"https:\\\/\\\/johannh.com\\\/wp-content\\\/uploads\\\/2022\\\/10\\\/johann.webp\",\"url\":\"https:\\\/\\\/johannh.com\\\/wp-content\\\/uploads\\\/2022\\\/10\\\/johann.webp\",\"contentUrl\":\"https:\\\/\\\/johannh.com\\\/wp-content\\\/uploads\\\/2022\\\/10\\\/johann.webp\",\"width\":2000,\"height\":2000,\"caption\":\"J\u00f3hann Helgason\"},\"logo\":{\"@id\":\"https:\\\/\\\/johannh.com\\\/wp-content\\\/uploads\\\/2022\\\/10\\\/johann.webp\"},\"sameAs\":[\"https:\\\/\\\/is.linkedin.com\\\/in\\\/johann-helgason-51aa5a23\",\"https:\\\/\\\/www.youtube.com\\\/user\\\/johannhcom\"],\"birthDate\":\"1949-08-06\",\"jobTitle\":\"Singer-songwriter\"}]}<\/script>\n<!-- \/ Yoast SEO Premium plugin. -->","yoast_head_json":{"title":"Magn\u00fas & J\u00f3hann - J\u00f3hann Helgason","robots":{"index":"index","follow":"follow","max-snippet":"max-snippet:-1","max-image-preview":"max-image-preview:large","max-video-preview":"max-video-preview:-1"},"canonical":"https:\/\/johannh.com\/is\/product\/magnus-johann-2\/","og_locale":"is_IS","og_type":"article","og_title":"Magn\u00fas & J\u00f3hann","og_description":"Magn\u00fas &amp; J\u00f3hann\/CD. Lagalisti: 1. Mary Jane 2. Simulation of Jesus 3. Fire Stairway 4. Farmer 5. Sunshine 6. The Rape of Lady Justice 7. Raindrops 8. My Imagination 9. Sinking Man 10. Times with You Produced by Magn\u00fas Kjartansson, Magn\u00fas &amp; J\u00f3hann \/ Musicians: Magn\u00fas &amp; J\u00f3hann, acoustic guitars \/ Magn\u00fas Kjartansson, piano, Hammond, ... Read more","og_url":"https:\/\/johannh.com\/is\/product\/magnus-johann-2\/","og_site_name":"J\u00f3hann Helgason","article_modified_time":"2026-04-03T16:08:33+00:00","og_image":[{"width":256,"height":256,"url":"https:\/\/johannh.com\/wp-content\/uploads\/2026\/04\/MJ-\u00b472-optimized.jpeg","type":"image\/jpeg"}],"twitter_card":"summary_large_image","schema":{"@context":"https:\/\/schema.org","@graph":[{"@type":"WebPage","@id":"https:\/\/johannh.com\/is\/product\/magnus-johann-2\/","url":"https:\/\/johannh.com\/is\/product\/magnus-johann-2\/","name":"Magn\u00fas & J\u00f3hann - J\u00f3hann Helgason","isPartOf":{"@id":"https:\/\/johannh.com.local\/#website"},"primaryImageOfPage":{"@id":"https:\/\/johannh.com\/is\/product\/magnus-johann-2\/#primaryimage"},"image":{"@id":"https:\/\/johannh.com\/is\/product\/magnus-johann-2\/#primaryimage"},"thumbnailUrl":"https:\/\/johannh.com\/wp-content\/uploads\/2026\/04\/MJ-\u00b472-optimized.jpeg","datePublished":"2026-04-01T14:51:10+00:00","dateModified":"2026-04-03T16:08:33+00:00","breadcrumb":{"@id":"https:\/\/johannh.com\/is\/product\/magnus-johann-2\/#breadcrumb"},"inLanguage":"is","potentialAction":[{"@type":"ReadAction","target":["https:\/\/johannh.com\/is\/product\/magnus-johann-2\/"]}]},{"@type":"ImageObject","inLanguage":"is","@id":"https:\/\/johannh.com\/is\/product\/magnus-johann-2\/#primaryimage","url":"https:\/\/johannh.com\/wp-content\/uploads\/2026\/04\/MJ-\u00b472-optimized.jpeg","contentUrl":"https:\/\/johannh.com\/wp-content\/uploads\/2026\/04\/MJ-\u00b472-optimized.jpeg","width":256,"height":256},{"@type":"BreadcrumbList","@id":"https:\/\/johannh.com\/is\/product\/magnus-johann-2\/#breadcrumb","itemListElement":[{"@type":"ListItem","position":1,"name":"Home","item":"https:\/\/johannh.com\/is\/"},{"@type":"ListItem","position":2,"name":"Verslun","item":"https:\/\/johannh.com\/shop\/"},{"@type":"ListItem","position":3,"name":"Magn\u00fas &#038; J\u00f3hann"}]},{"@type":"WebSite","@id":"https:\/\/johannh.com.local\/#website","url":"https:\/\/johannh.com.local\/","name":"J\u00f3hann Helgason","description":"lagah\u00f6fundur og s\u00f6ngvari","publisher":{"@id":"https:\/\/johannh.com.local\/#\/schema\/person\/926156ac228e2306632971a8e9e9d0c4"},"potentialAction":[{"@type":"SearchAction","target":{"@type":"EntryPoint","urlTemplate":"https:\/\/johannh.com.local\/?s={search_term_string}"},"query-input":{"@type":"PropertyValueSpecification","valueRequired":true,"valueName":"search_term_string"}}],"inLanguage":"is"},{"@type":["Person","Organization"],"@id":"https:\/\/johannh.com.local\/#\/schema\/person\/926156ac228e2306632971a8e9e9d0c4","name":"J\u00f3hann Helgason","image":{"@type":"ImageObject","inLanguage":"is","@id":"https:\/\/johannh.com\/wp-content\/uploads\/2022\/10\/johann.webp","url":"https:\/\/johannh.com\/wp-content\/uploads\/2022\/10\/johann.webp","contentUrl":"https:\/\/johannh.com\/wp-content\/uploads\/2022\/10\/johann.webp","width":2000,"height":2000,"caption":"J\u00f3hann Helgason"},"logo":{"@id":"https:\/\/johannh.com\/wp-content\/uploads\/2022\/10\/johann.webp"},"sameAs":["https:\/\/is.linkedin.com\/in\/johann-helgason-51aa5a23","https:\/\/www.youtube.com\/user\/johannhcom"],"birthDate":"1949-08-06","jobTitle":"Singer-songwriter"}]}},"_links":{"self":[{"href":"https:\/\/johannh.com\/is\/wp-json\/wp\/v2\/product\/5775","targetHints":{"allow":["GET"]}}],"collection":[{"href":"https:\/\/johannh.com\/is\/wp-json\/wp\/v2\/product"}],"about":[{"href":"https:\/\/johannh.com\/is\/wp-json\/wp\/v2\/types\/product"}],"wp:featuredmedia":[{"embeddable":true,"href":"https:\/\/johannh.com\/is\/wp-json\/wp\/v2\/media\/5702"}],"wp:attachment":[{"href":"https:\/\/johannh.com\/is\/wp-json\/wp\/v2\/media?parent=5775"}],"wp:term":[{"taxonomy":"product_brand","embeddable":true,"href":"https:\/\/johannh.com\/is\/wp-json\/wp\/v2\/product_brand?post=5775"},{"taxonomy":"product_cat","embeddable":true,"href":"https:\/\/johannh.com\/is\/wp-json\/wp\/v2\/product_cat?post=5775"},{"taxonomy":"product_tag","embeddable":true,"href":"https:\/\/johannh.com\/is\/wp-json\/wp\/v2\/product_tag?post=5775"}],"curies":[{"name":"wp","href":"https:\/\/api.w.org\/{rel}","templated":true}]}}