{"id":5774,"date":"2026-04-01T14:51:59","date_gmt":"2026-04-01T14:51:59","guid":{"rendered":"https:\/\/johannh.com\/product\/magnus-og-johann-2\/"},"modified":"2026-04-04T15:38:47","modified_gmt":"2026-04-04T15:38:47","slug":"magnus-og-johann-2","status":"publish","type":"product","link":"https:\/\/johannh.com\/is\/product\/magnus-og-johann-2\/","title":{"rendered":"Magn\u00fas og J\u00f3hann"},"content":{"rendered":"<p>Magn\u00fas og J\u00f3hann &#8211; V\u00ednill + Kassetta<\/p>\n<p>Lagalisti:<br \/>\n1. Hvar er \u00e1stin<br \/>\n2. \u00c9g ann \u00fe\u00e9r<br \/>\n3. Hlusta\u00f0u \u00e1 vindinn<br \/>\n4. M\u00f3\u00f0ur\u00e1st<br \/>\n5. L\u00edf mitt liggur vi\u00f0<br \/>\n6. Bl\u00f3mi\u00f0<br \/>\n7. Born to Loose<br \/>\n8. Tarantula<br \/>\n9. The American Dream<br \/>\n10. Star<br \/>\n11. I&#8217;m Out I&#8217;m Free<\/p>\n<p>Producer: Gunnar Sm\u00e1ri Helgason \/ Recorded live at Studio Hlj\u00f3\u00f0riti, December 1979 \/ \u00a9 1979 M.J. Records &amp; Tapes<\/p>\n","protected":false},"excerpt":{"rendered":"<p>Magn\u00fas og J\u00f3hann &#8211; V\u00ednill + Kassetta Lagalisti: 1. Hvar er \u00e1stin 2. \u00c9g ann \u00fe\u00e9r 3. Hlusta\u00f0u \u00e1 vindinn 4. M\u00f3\u00f0ur\u00e1st 5. L\u00edf mitt liggur vi\u00f0 6. Bl\u00f3mi\u00f0 7. Born to Loose 8. Tarantula 9. The American Dream 10. Star 11. I&#8217;m Out I&#8217;m Free Producer: Gunnar Sm\u00e1ri Helgason \/ Recorded live at Studio &#8230; <\/p>\n<p class=\"read-more-container\"><a title=\"Magn\u00fas og J\u00f3hann\" class=\"read-more button\" href=\"https:\/\/johannh.com\/is\/product\/magnus-og-johann-2\/#more-5774\" aria-label=\"Read more about Magn\u00fas og J\u00f3hann\">Read more<\/a><\/p>\n","protected":false},"featured_media":5704,"template":"","meta":{"_acf_changed":false},"product_brand":[],"product_cat":[],"product_tag":[],"class_list":{"0":"post-5774","1":"product","2":"type-product","3":"status-publish","4":"has-post-thumbnail","6":"no-featured-image-padding","8":"first","9":"instock","10":"shipping-taxable","11":"purchasable","12":"product-type-simple"},"acf":[],"yoast_head":"<!-- This site is optimized with the Yoast SEO Premium plugin v27.3 (Yoast SEO v27.3) - https:\/\/yoast.com\/product\/yoast-seo-premium-wordpress\/ -->\n<title>Magn\u00fas og J\u00f3hann - J\u00f3hann Helgason<\/title>\n<meta name=\"robots\" content=\"index, follow, max-snippet:-1, max-image-preview:large, max-video-preview:-1\" \/>\n<link rel=\"canonical\" href=\"https:\/\/johannh.com\/is\/product\/magnus-og-johann-2\/\" \/>\n<meta property=\"og:locale\" content=\"is_IS\" \/>\n<meta property=\"og:type\" content=\"article\" \/>\n<meta property=\"og:title\" content=\"Magn\u00fas og J\u00f3hann\" \/>\n<meta property=\"og:description\" content=\"Magn\u00fas og J\u00f3hann &#8211; V\u00ednill + Kassetta Lagalisti: 1. Hvar er \u00e1stin 2. \u00c9g ann \u00fe\u00e9r 3. Hlusta\u00f0u \u00e1 vindinn 4. M\u00f3\u00f0ur\u00e1st 5. L\u00edf mitt liggur vi\u00f0 6. Bl\u00f3mi\u00f0 7. Born to Loose 8. Tarantula 9. The American Dream 10. Star 11. I&#8217;m Out I&#8217;m Free Producer: Gunnar Sm\u00e1ri Helgason \/ Recorded live at Studio ... Read more\" \/>\n<meta property=\"og:url\" content=\"https:\/\/johannh.com\/is\/product\/magnus-og-johann-2\/\" \/>\n<meta property=\"og:site_name\" content=\"J\u00f3hann Helgason\" \/>\n<meta property=\"article:modified_time\" content=\"2026-04-04T15:38:47+00:00\" \/>\n<meta property=\"og:image\" content=\"https:\/\/johannh.com\/wp-content\/uploads\/2026\/04\/Magnus-Johann-\u00b479-optimized-scaled.jpeg\" \/>\n\t<meta property=\"og:image:width\" content=\"2560\" \/>\n\t<meta property=\"og:image:height\" content=\"2494\" \/>\n\t<meta property=\"og:image:type\" content=\"image\/jpeg\" \/>\n<meta name=\"twitter:card\" content=\"summary_large_image\" \/>\n<script type=\"application\/ld+json\" class=\"yoast-schema-graph\">{\"@context\":\"https:\\\/\\\/schema.org\",\"@graph\":[{\"@type\":\"WebPage\",\"@id\":\"https:\\\/\\\/johannh.com\\\/is\\\/product\\\/magnus-og-johann-2\\\/\",\"url\":\"https:\\\/\\\/johannh.com\\\/is\\\/product\\\/magnus-og-johann-2\\\/\",\"name\":\"Magn\u00fas og J\u00f3hann - J\u00f3hann Helgason\",\"isPartOf\":{\"@id\":\"https:\\\/\\\/johannh.com.local\\\/#website\"},\"primaryImageOfPage\":{\"@id\":\"https:\\\/\\\/johannh.com\\\/is\\\/product\\\/magnus-og-johann-2\\\/#primaryimage\"},\"image\":{\"@id\":\"https:\\\/\\\/johannh.com\\\/is\\\/product\\\/magnus-og-johann-2\\\/#primaryimage\"},\"thumbnailUrl\":\"https:\\\/\\\/johannh.com\\\/wp-content\\\/uploads\\\/2026\\\/04\\\/Magnus-Johann-\u00b479-optimized-scaled.jpeg\",\"datePublished\":\"2026-04-01T14:51:59+00:00\",\"dateModified\":\"2026-04-04T15:38:47+00:00\",\"breadcrumb\":{\"@id\":\"https:\\\/\\\/johannh.com\\\/is\\\/product\\\/magnus-og-johann-2\\\/#breadcrumb\"},\"inLanguage\":\"is\",\"potentialAction\":[{\"@type\":\"ReadAction\",\"target\":[\"https:\\\/\\\/johannh.com\\\/is\\\/product\\\/magnus-og-johann-2\\\/\"]}]},{\"@type\":\"ImageObject\",\"inLanguage\":\"is\",\"@id\":\"https:\\\/\\\/johannh.com\\\/is\\\/product\\\/magnus-og-johann-2\\\/#primaryimage\",\"url\":\"https:\\\/\\\/johannh.com\\\/wp-content\\\/uploads\\\/2026\\\/04\\\/Magnus-Johann-\u00b479-optimized-scaled.jpeg\",\"contentUrl\":\"https:\\\/\\\/johannh.com\\\/wp-content\\\/uploads\\\/2026\\\/04\\\/Magnus-Johann-\u00b479-optimized-scaled.jpeg\",\"width\":2560,\"height\":2494},{\"@type\":\"BreadcrumbList\",\"@id\":\"https:\\\/\\\/johannh.com\\\/is\\\/product\\\/magnus-og-johann-2\\\/#breadcrumb\",\"itemListElement\":[{\"@type\":\"ListItem\",\"position\":1,\"name\":\"Home\",\"item\":\"https:\\\/\\\/johannh.com\\\/is\\\/\"},{\"@type\":\"ListItem\",\"position\":2,\"name\":\"Verslun\",\"item\":\"https:\\\/\\\/johannh.com\\\/shop\\\/\"},{\"@type\":\"ListItem\",\"position\":3,\"name\":\"Magn\u00fas og J\u00f3hann\"}]},{\"@type\":\"WebSite\",\"@id\":\"https:\\\/\\\/johannh.com.local\\\/#website\",\"url\":\"https:\\\/\\\/johannh.com.local\\\/\",\"name\":\"J\u00f3hann Helgason\",\"description\":\"lagah\u00f6fundur og s\u00f6ngvari\",\"publisher\":{\"@id\":\"https:\\\/\\\/johannh.com.local\\\/#\\\/schema\\\/person\\\/926156ac228e2306632971a8e9e9d0c4\"},\"potentialAction\":[{\"@type\":\"SearchAction\",\"target\":{\"@type\":\"EntryPoint\",\"urlTemplate\":\"https:\\\/\\\/johannh.com.local\\\/?s={search_term_string}\"},\"query-input\":{\"@type\":\"PropertyValueSpecification\",\"valueRequired\":true,\"valueName\":\"search_term_string\"}}],\"inLanguage\":\"is\"},{\"@type\":[\"Person\",\"Organization\"],\"@id\":\"https:\\\/\\\/johannh.com.local\\\/#\\\/schema\\\/person\\\/926156ac228e2306632971a8e9e9d0c4\",\"name\":\"J\u00f3hann Helgason\",\"image\":{\"@type\":\"ImageObject\",\"inLanguage\":\"is\",\"@id\":\"https:\\\/\\\/johannh.com\\\/wp-content\\\/uploads\\\/2022\\\/10\\\/johann.webp\",\"url\":\"https:\\\/\\\/johannh.com\\\/wp-content\\\/uploads\\\/2022\\\/10\\\/johann.webp\",\"contentUrl\":\"https:\\\/\\\/johannh.com\\\/wp-content\\\/uploads\\\/2022\\\/10\\\/johann.webp\",\"width\":2000,\"height\":2000,\"caption\":\"J\u00f3hann Helgason\"},\"logo\":{\"@id\":\"https:\\\/\\\/johannh.com\\\/wp-content\\\/uploads\\\/2022\\\/10\\\/johann.webp\"},\"sameAs\":[\"https:\\\/\\\/is.linkedin.com\\\/in\\\/johann-helgason-51aa5a23\",\"https:\\\/\\\/www.youtube.com\\\/user\\\/johannhcom\"],\"birthDate\":\"1949-08-06\",\"jobTitle\":\"Singer-songwriter\"}]}<\/script>\n<!-- \/ Yoast SEO Premium plugin. -->","yoast_head_json":{"title":"Magn\u00fas og J\u00f3hann - J\u00f3hann Helgason","robots":{"index":"index","follow":"follow","max-snippet":"max-snippet:-1","max-image-preview":"max-image-preview:large","max-video-preview":"max-video-preview:-1"},"canonical":"https:\/\/johannh.com\/is\/product\/magnus-og-johann-2\/","og_locale":"is_IS","og_type":"article","og_title":"Magn\u00fas og J\u00f3hann","og_description":"Magn\u00fas og J\u00f3hann &#8211; V\u00ednill + Kassetta Lagalisti: 1. Hvar er \u00e1stin 2. \u00c9g ann \u00fe\u00e9r 3. Hlusta\u00f0u \u00e1 vindinn 4. M\u00f3\u00f0ur\u00e1st 5. L\u00edf mitt liggur vi\u00f0 6. Bl\u00f3mi\u00f0 7. Born to Loose 8. Tarantula 9. The American Dream 10. Star 11. I&#8217;m Out I&#8217;m Free Producer: Gunnar Sm\u00e1ri Helgason \/ Recorded live at Studio ... Read more","og_url":"https:\/\/johannh.com\/is\/product\/magnus-og-johann-2\/","og_site_name":"J\u00f3hann Helgason","article_modified_time":"2026-04-04T15:38:47+00:00","og_image":[{"width":2560,"height":2494,"url":"https:\/\/johannh.com\/wp-content\/uploads\/2026\/04\/Magnus-Johann-\u00b479-optimized-scaled.jpeg","type":"image\/jpeg"}],"twitter_card":"summary_large_image","schema":{"@context":"https:\/\/schema.org","@graph":[{"@type":"WebPage","@id":"https:\/\/johannh.com\/is\/product\/magnus-og-johann-2\/","url":"https:\/\/johannh.com\/is\/product\/magnus-og-johann-2\/","name":"Magn\u00fas og J\u00f3hann - J\u00f3hann Helgason","isPartOf":{"@id":"https:\/\/johannh.com.local\/#website"},"primaryImageOfPage":{"@id":"https:\/\/johannh.com\/is\/product\/magnus-og-johann-2\/#primaryimage"},"image":{"@id":"https:\/\/johannh.com\/is\/product\/magnus-og-johann-2\/#primaryimage"},"thumbnailUrl":"https:\/\/johannh.com\/wp-content\/uploads\/2026\/04\/Magnus-Johann-\u00b479-optimized-scaled.jpeg","datePublished":"2026-04-01T14:51:59+00:00","dateModified":"2026-04-04T15:38:47+00:00","breadcrumb":{"@id":"https:\/\/johannh.com\/is\/product\/magnus-og-johann-2\/#breadcrumb"},"inLanguage":"is","potentialAction":[{"@type":"ReadAction","target":["https:\/\/johannh.com\/is\/product\/magnus-og-johann-2\/"]}]},{"@type":"ImageObject","inLanguage":"is","@id":"https:\/\/johannh.com\/is\/product\/magnus-og-johann-2\/#primaryimage","url":"https:\/\/johannh.com\/wp-content\/uploads\/2026\/04\/Magnus-Johann-\u00b479-optimized-scaled.jpeg","contentUrl":"https:\/\/johannh.com\/wp-content\/uploads\/2026\/04\/Magnus-Johann-\u00b479-optimized-scaled.jpeg","width":2560,"height":2494},{"@type":"BreadcrumbList","@id":"https:\/\/johannh.com\/is\/product\/magnus-og-johann-2\/#breadcrumb","itemListElement":[{"@type":"ListItem","position":1,"name":"Home","item":"https:\/\/johannh.com\/is\/"},{"@type":"ListItem","position":2,"name":"Verslun","item":"https:\/\/johannh.com\/shop\/"},{"@type":"ListItem","position":3,"name":"Magn\u00fas og J\u00f3hann"}]},{"@type":"WebSite","@id":"https:\/\/johannh.com.local\/#website","url":"https:\/\/johannh.com.local\/","name":"J\u00f3hann Helgason","description":"lagah\u00f6fundur og s\u00f6ngvari","publisher":{"@id":"https:\/\/johannh.com.local\/#\/schema\/person\/926156ac228e2306632971a8e9e9d0c4"},"potentialAction":[{"@type":"SearchAction","target":{"@type":"EntryPoint","urlTemplate":"https:\/\/johannh.com.local\/?s={search_term_string}"},"query-input":{"@type":"PropertyValueSpecification","valueRequired":true,"valueName":"search_term_string"}}],"inLanguage":"is"},{"@type":["Person","Organization"],"@id":"https:\/\/johannh.com.local\/#\/schema\/person\/926156ac228e2306632971a8e9e9d0c4","name":"J\u00f3hann Helgason","image":{"@type":"ImageObject","inLanguage":"is","@id":"https:\/\/johannh.com\/wp-content\/uploads\/2022\/10\/johann.webp","url":"https:\/\/johannh.com\/wp-content\/uploads\/2022\/10\/johann.webp","contentUrl":"https:\/\/johannh.com\/wp-content\/uploads\/2022\/10\/johann.webp","width":2000,"height":2000,"caption":"J\u00f3hann Helgason"},"logo":{"@id":"https:\/\/johannh.com\/wp-content\/uploads\/2022\/10\/johann.webp"},"sameAs":["https:\/\/is.linkedin.com\/in\/johann-helgason-51aa5a23","https:\/\/www.youtube.com\/user\/johannhcom"],"birthDate":"1949-08-06","jobTitle":"Singer-songwriter"}]}},"_links":{"self":[{"href":"https:\/\/johannh.com\/is\/wp-json\/wp\/v2\/product\/5774","targetHints":{"allow":["GET"]}}],"collection":[{"href":"https:\/\/johannh.com\/is\/wp-json\/wp\/v2\/product"}],"about":[{"href":"https:\/\/johannh.com\/is\/wp-json\/wp\/v2\/types\/product"}],"wp:featuredmedia":[{"embeddable":true,"href":"https:\/\/johannh.com\/is\/wp-json\/wp\/v2\/media\/5704"}],"wp:attachment":[{"href":"https:\/\/johannh.com\/is\/wp-json\/wp\/v2\/media?parent=5774"}],"wp:term":[{"taxonomy":"product_brand","embeddable":true,"href":"https:\/\/johannh.com\/is\/wp-json\/wp\/v2\/product_brand?post=5774"},{"taxonomy":"product_cat","embeddable":true,"href":"https:\/\/johannh.com\/is\/wp-json\/wp\/v2\/product_cat?post=5774"},{"taxonomy":"product_tag","embeddable":true,"href":"https:\/\/johannh.com\/is\/wp-json\/wp\/v2\/product_tag?post=5774"}],"curies":[{"name":"wp","href":"https:\/\/api.w.org\/{rel}","templated":true}]}}