{"id":5773,"date":"2026-04-01T14:52:51","date_gmt":"2026-04-01T14:52:51","guid":{"rendered":"https:\/\/johannh.com\/product\/ljosaskipti-2\/"},"modified":"2026-04-04T15:35:53","modified_gmt":"2026-04-04T15:35:53","slug":"ljosaskipti-2","status":"publish","type":"product","link":"https:\/\/johannh.com\/is\/product\/ljosaskipti-2\/","title":{"rendered":"Lj\u00f3saskipti"},"content":{"rendered":"<p>LJ\u00d3SASKIPTI &#8211; v\u00ednyll + Kassetta<\/p>\n<p>1. J\u00f3lin koma senn<br \/>\n2. J\u00f3lasveinn<br \/>\n3. \u00d3skalistinn<br \/>\n4. Litla j\u00f3lasyrpan<br \/>\n5. Litli trommuleikarinn<br \/>\n6. Gle\u00f0ileg j\u00f3l<br \/>\n7. Konan sem kyndir ofninn minn<br \/>\n8. Fri\u00f0arlj\u00f3s<br \/>\n9. \u00d3, Jes\u00fa, br\u00f3\u00f0ir besti<br \/>\n10. Drottinn vakir<br \/>\n11. Fa\u00f0ir vor<br \/>\n12. S\u00f3larlagi\u00f0<\/p>\n<p>Producer: J\u00f3n G\u00fastafsson \/ Musicians: Magn\u00fas &amp; J\u00f3hann, acoustic guitars, keyboard \/ J\u00f3n G\u00fastafsson, keyboard, programming \/ L\u00e1rus Gr\u00edmsson, organ \/ Recorded at Studio Mj\u00f6t Reykjav\u00edk 1984 \/ Album design El\u00edn Edda \u00c1rnad\u00f3ttir \/ Photo, Fri\u00f0\u00fej\u00f3fur Helgason \u00a9 1984 Sk\u00e1lholts\u00fatg\u00e1fan<\/p>\n","protected":false},"excerpt":{"rendered":"<p>LJ\u00d3SASKIPTI &#8211; v\u00ednyll + Kassetta 1. J\u00f3lin koma senn 2. J\u00f3lasveinn 3. \u00d3skalistinn 4. Litla j\u00f3lasyrpan 5. Litli trommuleikarinn 6. Gle\u00f0ileg j\u00f3l 7. Konan sem kyndir ofninn minn 8. Fri\u00f0arlj\u00f3s 9. \u00d3, Jes\u00fa, br\u00f3\u00f0ir besti 10. Drottinn vakir 11. Fa\u00f0ir vor 12. S\u00f3larlagi\u00f0 Producer: J\u00f3n G\u00fastafsson \/ Musicians: Magn\u00fas &amp; J\u00f3hann, acoustic guitars, keyboard \/ &#8230; <\/p>\n<p class=\"read-more-container\"><a title=\"Lj\u00f3saskipti\" class=\"read-more button\" href=\"https:\/\/johannh.com\/is\/product\/ljosaskipti-2\/#more-5773\" aria-label=\"Read more about Lj\u00f3saskipti\">Read more<\/a><\/p>\n","protected":false},"featured_media":5706,"template":"","meta":{"_acf_changed":false},"product_brand":[],"product_cat":[],"product_tag":[],"class_list":{"0":"post-5773","1":"product","2":"type-product","3":"status-publish","4":"has-post-thumbnail","6":"no-featured-image-padding","8":"first","9":"instock","10":"shipping-taxable","11":"purchasable","12":"product-type-simple"},"acf":[],"yoast_head":"<!-- This site is optimized with the Yoast SEO Premium plugin v27.3 (Yoast SEO v27.3) - https:\/\/yoast.com\/product\/yoast-seo-premium-wordpress\/ -->\n<title>Lj\u00f3saskipti - J\u00f3hann Helgason<\/title>\n<meta name=\"robots\" content=\"index, follow, max-snippet:-1, max-image-preview:large, max-video-preview:-1\" \/>\n<link rel=\"canonical\" href=\"https:\/\/johannh.com\/is\/product\/ljosaskipti-2\/\" \/>\n<meta property=\"og:locale\" content=\"is_IS\" \/>\n<meta property=\"og:type\" content=\"article\" \/>\n<meta property=\"og:title\" content=\"Lj\u00f3saskipti\" \/>\n<meta property=\"og:description\" content=\"LJ\u00d3SASKIPTI &#8211; v\u00ednyll + Kassetta 1. J\u00f3lin koma senn 2. J\u00f3lasveinn 3. \u00d3skalistinn 4. Litla j\u00f3lasyrpan 5. Litli trommuleikarinn 6. Gle\u00f0ileg j\u00f3l 7. Konan sem kyndir ofninn minn 8. Fri\u00f0arlj\u00f3s 9. \u00d3, Jes\u00fa, br\u00f3\u00f0ir besti 10. Drottinn vakir 11. Fa\u00f0ir vor 12. S\u00f3larlagi\u00f0 Producer: J\u00f3n G\u00fastafsson \/ Musicians: Magn\u00fas &amp; J\u00f3hann, acoustic guitars, keyboard \/ ... Read more\" \/>\n<meta property=\"og:url\" content=\"https:\/\/johannh.com\/is\/product\/ljosaskipti-2\/\" \/>\n<meta property=\"og:site_name\" content=\"J\u00f3hann Helgason\" \/>\n<meta property=\"article:modified_time\" content=\"2026-04-04T15:35:53+00:00\" \/>\n<meta property=\"og:image\" content=\"https:\/\/johannh.com\/wp-content\/uploads\/2026\/04\/Ljosaskipt-optimized.jpeg\" \/>\n\t<meta property=\"og:image:width\" content=\"1417\" \/>\n\t<meta property=\"og:image:height\" content=\"1427\" \/>\n\t<meta property=\"og:image:type\" content=\"image\/jpeg\" \/>\n<meta name=\"twitter:card\" content=\"summary_large_image\" \/>\n<script type=\"application\/ld+json\" class=\"yoast-schema-graph\">{\"@context\":\"https:\\\/\\\/schema.org\",\"@graph\":[{\"@type\":\"WebPage\",\"@id\":\"https:\\\/\\\/johannh.com\\\/is\\\/product\\\/ljosaskipti-2\\\/\",\"url\":\"https:\\\/\\\/johannh.com\\\/is\\\/product\\\/ljosaskipti-2\\\/\",\"name\":\"Lj\u00f3saskipti - J\u00f3hann Helgason\",\"isPartOf\":{\"@id\":\"https:\\\/\\\/johannh.com.local\\\/#website\"},\"primaryImageOfPage\":{\"@id\":\"https:\\\/\\\/johannh.com\\\/is\\\/product\\\/ljosaskipti-2\\\/#primaryimage\"},\"image\":{\"@id\":\"https:\\\/\\\/johannh.com\\\/is\\\/product\\\/ljosaskipti-2\\\/#primaryimage\"},\"thumbnailUrl\":\"https:\\\/\\\/johannh.com\\\/wp-content\\\/uploads\\\/2026\\\/04\\\/Ljosaskipt-optimized.jpeg\",\"datePublished\":\"2026-04-01T14:52:51+00:00\",\"dateModified\":\"2026-04-04T15:35:53+00:00\",\"breadcrumb\":{\"@id\":\"https:\\\/\\\/johannh.com\\\/is\\\/product\\\/ljosaskipti-2\\\/#breadcrumb\"},\"inLanguage\":\"is\",\"potentialAction\":[{\"@type\":\"ReadAction\",\"target\":[\"https:\\\/\\\/johannh.com\\\/is\\\/product\\\/ljosaskipti-2\\\/\"]}]},{\"@type\":\"ImageObject\",\"inLanguage\":\"is\",\"@id\":\"https:\\\/\\\/johannh.com\\\/is\\\/product\\\/ljosaskipti-2\\\/#primaryimage\",\"url\":\"https:\\\/\\\/johannh.com\\\/wp-content\\\/uploads\\\/2026\\\/04\\\/Ljosaskipt-optimized.jpeg\",\"contentUrl\":\"https:\\\/\\\/johannh.com\\\/wp-content\\\/uploads\\\/2026\\\/04\\\/Ljosaskipt-optimized.jpeg\",\"width\":1417,\"height\":1427},{\"@type\":\"BreadcrumbList\",\"@id\":\"https:\\\/\\\/johannh.com\\\/is\\\/product\\\/ljosaskipti-2\\\/#breadcrumb\",\"itemListElement\":[{\"@type\":\"ListItem\",\"position\":1,\"name\":\"Home\",\"item\":\"https:\\\/\\\/johannh.com\\\/is\\\/\"},{\"@type\":\"ListItem\",\"position\":2,\"name\":\"Verslun\",\"item\":\"https:\\\/\\\/johannh.com\\\/shop\\\/\"},{\"@type\":\"ListItem\",\"position\":3,\"name\":\"Lj\u00f3saskipti\"}]},{\"@type\":\"WebSite\",\"@id\":\"https:\\\/\\\/johannh.com.local\\\/#website\",\"url\":\"https:\\\/\\\/johannh.com.local\\\/\",\"name\":\"J\u00f3hann Helgason\",\"description\":\"lagah\u00f6fundur og s\u00f6ngvari\",\"publisher\":{\"@id\":\"https:\\\/\\\/johannh.com.local\\\/#\\\/schema\\\/person\\\/926156ac228e2306632971a8e9e9d0c4\"},\"potentialAction\":[{\"@type\":\"SearchAction\",\"target\":{\"@type\":\"EntryPoint\",\"urlTemplate\":\"https:\\\/\\\/johannh.com.local\\\/?s={search_term_string}\"},\"query-input\":{\"@type\":\"PropertyValueSpecification\",\"valueRequired\":true,\"valueName\":\"search_term_string\"}}],\"inLanguage\":\"is\"},{\"@type\":[\"Person\",\"Organization\"],\"@id\":\"https:\\\/\\\/johannh.com.local\\\/#\\\/schema\\\/person\\\/926156ac228e2306632971a8e9e9d0c4\",\"name\":\"J\u00f3hann Helgason\",\"image\":{\"@type\":\"ImageObject\",\"inLanguage\":\"is\",\"@id\":\"https:\\\/\\\/johannh.com\\\/wp-content\\\/uploads\\\/2022\\\/10\\\/johann.webp\",\"url\":\"https:\\\/\\\/johannh.com\\\/wp-content\\\/uploads\\\/2022\\\/10\\\/johann.webp\",\"contentUrl\":\"https:\\\/\\\/johannh.com\\\/wp-content\\\/uploads\\\/2022\\\/10\\\/johann.webp\",\"width\":2000,\"height\":2000,\"caption\":\"J\u00f3hann Helgason\"},\"logo\":{\"@id\":\"https:\\\/\\\/johannh.com\\\/wp-content\\\/uploads\\\/2022\\\/10\\\/johann.webp\"},\"sameAs\":[\"https:\\\/\\\/is.linkedin.com\\\/in\\\/johann-helgason-51aa5a23\",\"https:\\\/\\\/www.youtube.com\\\/user\\\/johannhcom\"],\"birthDate\":\"1949-08-06\",\"jobTitle\":\"Singer-songwriter\"}]}<\/script>\n<!-- \/ Yoast SEO Premium plugin. -->","yoast_head_json":{"title":"Lj\u00f3saskipti - J\u00f3hann Helgason","robots":{"index":"index","follow":"follow","max-snippet":"max-snippet:-1","max-image-preview":"max-image-preview:large","max-video-preview":"max-video-preview:-1"},"canonical":"https:\/\/johannh.com\/is\/product\/ljosaskipti-2\/","og_locale":"is_IS","og_type":"article","og_title":"Lj\u00f3saskipti","og_description":"LJ\u00d3SASKIPTI &#8211; v\u00ednyll + Kassetta 1. J\u00f3lin koma senn 2. J\u00f3lasveinn 3. \u00d3skalistinn 4. Litla j\u00f3lasyrpan 5. Litli trommuleikarinn 6. Gle\u00f0ileg j\u00f3l 7. Konan sem kyndir ofninn minn 8. Fri\u00f0arlj\u00f3s 9. \u00d3, Jes\u00fa, br\u00f3\u00f0ir besti 10. Drottinn vakir 11. Fa\u00f0ir vor 12. S\u00f3larlagi\u00f0 Producer: J\u00f3n G\u00fastafsson \/ Musicians: Magn\u00fas &amp; J\u00f3hann, acoustic guitars, keyboard \/ ... Read more","og_url":"https:\/\/johannh.com\/is\/product\/ljosaskipti-2\/","og_site_name":"J\u00f3hann Helgason","article_modified_time":"2026-04-04T15:35:53+00:00","og_image":[{"width":1417,"height":1427,"url":"https:\/\/johannh.com\/wp-content\/uploads\/2026\/04\/Ljosaskipt-optimized.jpeg","type":"image\/jpeg"}],"twitter_card":"summary_large_image","schema":{"@context":"https:\/\/schema.org","@graph":[{"@type":"WebPage","@id":"https:\/\/johannh.com\/is\/product\/ljosaskipti-2\/","url":"https:\/\/johannh.com\/is\/product\/ljosaskipti-2\/","name":"Lj\u00f3saskipti - J\u00f3hann Helgason","isPartOf":{"@id":"https:\/\/johannh.com.local\/#website"},"primaryImageOfPage":{"@id":"https:\/\/johannh.com\/is\/product\/ljosaskipti-2\/#primaryimage"},"image":{"@id":"https:\/\/johannh.com\/is\/product\/ljosaskipti-2\/#primaryimage"},"thumbnailUrl":"https:\/\/johannh.com\/wp-content\/uploads\/2026\/04\/Ljosaskipt-optimized.jpeg","datePublished":"2026-04-01T14:52:51+00:00","dateModified":"2026-04-04T15:35:53+00:00","breadcrumb":{"@id":"https:\/\/johannh.com\/is\/product\/ljosaskipti-2\/#breadcrumb"},"inLanguage":"is","potentialAction":[{"@type":"ReadAction","target":["https:\/\/johannh.com\/is\/product\/ljosaskipti-2\/"]}]},{"@type":"ImageObject","inLanguage":"is","@id":"https:\/\/johannh.com\/is\/product\/ljosaskipti-2\/#primaryimage","url":"https:\/\/johannh.com\/wp-content\/uploads\/2026\/04\/Ljosaskipt-optimized.jpeg","contentUrl":"https:\/\/johannh.com\/wp-content\/uploads\/2026\/04\/Ljosaskipt-optimized.jpeg","width":1417,"height":1427},{"@type":"BreadcrumbList","@id":"https:\/\/johannh.com\/is\/product\/ljosaskipti-2\/#breadcrumb","itemListElement":[{"@type":"ListItem","position":1,"name":"Home","item":"https:\/\/johannh.com\/is\/"},{"@type":"ListItem","position":2,"name":"Verslun","item":"https:\/\/johannh.com\/shop\/"},{"@type":"ListItem","position":3,"name":"Lj\u00f3saskipti"}]},{"@type":"WebSite","@id":"https:\/\/johannh.com.local\/#website","url":"https:\/\/johannh.com.local\/","name":"J\u00f3hann Helgason","description":"lagah\u00f6fundur og s\u00f6ngvari","publisher":{"@id":"https:\/\/johannh.com.local\/#\/schema\/person\/926156ac228e2306632971a8e9e9d0c4"},"potentialAction":[{"@type":"SearchAction","target":{"@type":"EntryPoint","urlTemplate":"https:\/\/johannh.com.local\/?s={search_term_string}"},"query-input":{"@type":"PropertyValueSpecification","valueRequired":true,"valueName":"search_term_string"}}],"inLanguage":"is"},{"@type":["Person","Organization"],"@id":"https:\/\/johannh.com.local\/#\/schema\/person\/926156ac228e2306632971a8e9e9d0c4","name":"J\u00f3hann Helgason","image":{"@type":"ImageObject","inLanguage":"is","@id":"https:\/\/johannh.com\/wp-content\/uploads\/2022\/10\/johann.webp","url":"https:\/\/johannh.com\/wp-content\/uploads\/2022\/10\/johann.webp","contentUrl":"https:\/\/johannh.com\/wp-content\/uploads\/2022\/10\/johann.webp","width":2000,"height":2000,"caption":"J\u00f3hann Helgason"},"logo":{"@id":"https:\/\/johannh.com\/wp-content\/uploads\/2022\/10\/johann.webp"},"sameAs":["https:\/\/is.linkedin.com\/in\/johann-helgason-51aa5a23","https:\/\/www.youtube.com\/user\/johannhcom"],"birthDate":"1949-08-06","jobTitle":"Singer-songwriter"}]}},"_links":{"self":[{"href":"https:\/\/johannh.com\/is\/wp-json\/wp\/v2\/product\/5773","targetHints":{"allow":["GET"]}}],"collection":[{"href":"https:\/\/johannh.com\/is\/wp-json\/wp\/v2\/product"}],"about":[{"href":"https:\/\/johannh.com\/is\/wp-json\/wp\/v2\/types\/product"}],"wp:featuredmedia":[{"embeddable":true,"href":"https:\/\/johannh.com\/is\/wp-json\/wp\/v2\/media\/5706"}],"wp:attachment":[{"href":"https:\/\/johannh.com\/is\/wp-json\/wp\/v2\/media?parent=5773"}],"wp:term":[{"taxonomy":"product_brand","embeddable":true,"href":"https:\/\/johannh.com\/is\/wp-json\/wp\/v2\/product_brand?post=5773"},{"taxonomy":"product_cat","embeddable":true,"href":"https:\/\/johannh.com\/is\/wp-json\/wp\/v2\/product_cat?post=5773"},{"taxonomy":"product_tag","embeddable":true,"href":"https:\/\/johannh.com\/is\/wp-json\/wp\/v2\/product_tag?post=5773"}],"curies":[{"name":"wp","href":"https:\/\/api.w.org\/{rel}","templated":true}]}}