{"id":5772,"date":"2026-04-01T14:53:41","date_gmt":"2026-04-01T14:53:41","guid":{"rendered":"https:\/\/johannh.com\/product\/afmaelisupptokur-2\/"},"modified":"2026-04-04T15:04:36","modified_gmt":"2026-04-04T15:04:36","slug":"afmaelisupptokur-2","status":"publish","type":"product","link":"https:\/\/johannh.com\/is\/product\/afmaelisupptokur-2\/","title":{"rendered":"Afm\u00e6lisuppt\u00f6kur"},"content":{"rendered":"<p>Afm\u00e6lisuppt\u00f6kur CD + Kassetta<\/p>\n<p>Lagalisti:<br \/>\n1. Eyvindur og Halla<br \/>\n2. Vegalaus b\u00f6rn<br \/>\n3. \u00c1stin og l\u00edfi\u00f0<br \/>\n4. Amazon<br \/>\n5. Mary Jane<br \/>\n6. Jenn\u00fd<br \/>\n7. Blue Jean Queen<br \/>\n8. Sail On<br \/>\n9. \u00dat\u00fer\u00e1<br \/>\n10. \u00c1 lei\u00f0 til \u00fe\u00edn<\/p>\n<p>Production, arrangements, vocals, acoustic guitars: Magn\u00fas &amp; J\u00f3hann \/ J\u00f3n \u00d3lafsson, Hammond \/ P\u00e1lmi Sigurhjartarson piano \/ Ei\u00f0ur Arnarsson, bass \/ Recorded by Addi 800, P\u00falsinn, 1992 \/ Mix: Addi 800, Magn\u00fas &amp; J\u00f3hann, St\u00f6\u00f0in 1992 \/ Lj\u00f3smyndir &amp; h\u00f6nnun, Spessi \u00a9 1992 MJ Uppt\u00f6kur<\/p>\n","protected":false},"excerpt":{"rendered":"<p>Afm\u00e6lisuppt\u00f6kur CD + Kassetta Lagalisti: 1. Eyvindur og Halla 2. Vegalaus b\u00f6rn 3. \u00c1stin og l\u00edfi\u00f0 4. Amazon 5. Mary Jane 6. Jenn\u00fd 7. Blue Jean Queen 8. Sail On 9. \u00dat\u00fer\u00e1 10. \u00c1 lei\u00f0 til \u00fe\u00edn Production, arrangements, vocals, acoustic guitars: Magn\u00fas &amp; J\u00f3hann \/ J\u00f3n \u00d3lafsson, Hammond \/ P\u00e1lmi Sigurhjartarson piano \/ Ei\u00f0ur &#8230; <\/p>\n<p class=\"read-more-container\"><a title=\"Afm\u00e6lisuppt\u00f6kur\" class=\"read-more button\" href=\"https:\/\/johannh.com\/is\/product\/afmaelisupptokur-2\/#more-5772\" aria-label=\"Read more about Afm\u00e6lisuppt\u00f6kur\">Read more<\/a><\/p>\n","protected":false},"featured_media":5708,"template":"","meta":{"_acf_changed":false},"product_brand":[],"product_cat":[],"product_tag":[],"class_list":{"0":"post-5772","1":"product","2":"type-product","3":"status-publish","4":"has-post-thumbnail","6":"no-featured-image-padding","8":"first","9":"instock","10":"shipping-taxable","11":"purchasable","12":"product-type-simple"},"acf":[],"yoast_head":"<!-- This site is optimized with the Yoast SEO Premium plugin v27.3 (Yoast SEO v27.3) - https:\/\/yoast.com\/product\/yoast-seo-premium-wordpress\/ -->\n<title>Afm\u00e6lisuppt\u00f6kur - J\u00f3hann Helgason<\/title>\n<meta name=\"robots\" content=\"index, follow, max-snippet:-1, max-image-preview:large, max-video-preview:-1\" \/>\n<link rel=\"canonical\" href=\"https:\/\/johannh.com\/is\/product\/afmaelisupptokur-2\/\" \/>\n<meta property=\"og:locale\" content=\"is_IS\" \/>\n<meta property=\"og:type\" content=\"article\" \/>\n<meta property=\"og:title\" content=\"Afm\u00e6lisuppt\u00f6kur\" \/>\n<meta property=\"og:description\" content=\"Afm\u00e6lisuppt\u00f6kur CD + Kassetta Lagalisti: 1. Eyvindur og Halla 2. Vegalaus b\u00f6rn 3. \u00c1stin og l\u00edfi\u00f0 4. Amazon 5. Mary Jane 6. Jenn\u00fd 7. Blue Jean Queen 8. Sail On 9. \u00dat\u00fer\u00e1 10. \u00c1 lei\u00f0 til \u00fe\u00edn Production, arrangements, vocals, acoustic guitars: Magn\u00fas &amp; J\u00f3hann \/ J\u00f3n \u00d3lafsson, Hammond \/ P\u00e1lmi Sigurhjartarson piano \/ Ei\u00f0ur ... Read more\" \/>\n<meta property=\"og:url\" content=\"https:\/\/johannh.com\/is\/product\/afmaelisupptokur-2\/\" \/>\n<meta property=\"og:site_name\" content=\"J\u00f3hann Helgason\" \/>\n<meta property=\"article:modified_time\" content=\"2026-04-04T15:04:36+00:00\" \/>\n<meta property=\"og:image\" content=\"https:\/\/johannh.com\/wp-content\/uploads\/2026\/04\/Afmaelisupptokur-optimized.jpeg\" \/>\n\t<meta property=\"og:image:width\" content=\"256\" \/>\n\t<meta property=\"og:image:height\" content=\"256\" \/>\n\t<meta property=\"og:image:type\" content=\"image\/jpeg\" \/>\n<meta name=\"twitter:card\" content=\"summary_large_image\" \/>\n<script type=\"application\/ld+json\" class=\"yoast-schema-graph\">{\"@context\":\"https:\\\/\\\/schema.org\",\"@graph\":[{\"@type\":\"WebPage\",\"@id\":\"https:\\\/\\\/johannh.com\\\/is\\\/product\\\/afmaelisupptokur-2\\\/\",\"url\":\"https:\\\/\\\/johannh.com\\\/is\\\/product\\\/afmaelisupptokur-2\\\/\",\"name\":\"Afm\u00e6lisuppt\u00f6kur - J\u00f3hann Helgason\",\"isPartOf\":{\"@id\":\"https:\\\/\\\/johannh.com.local\\\/#website\"},\"primaryImageOfPage\":{\"@id\":\"https:\\\/\\\/johannh.com\\\/is\\\/product\\\/afmaelisupptokur-2\\\/#primaryimage\"},\"image\":{\"@id\":\"https:\\\/\\\/johannh.com\\\/is\\\/product\\\/afmaelisupptokur-2\\\/#primaryimage\"},\"thumbnailUrl\":\"https:\\\/\\\/johannh.com\\\/wp-content\\\/uploads\\\/2026\\\/04\\\/Afmaelisupptokur-optimized.jpeg\",\"datePublished\":\"2026-04-01T14:53:41+00:00\",\"dateModified\":\"2026-04-04T15:04:36+00:00\",\"breadcrumb\":{\"@id\":\"https:\\\/\\\/johannh.com\\\/is\\\/product\\\/afmaelisupptokur-2\\\/#breadcrumb\"},\"inLanguage\":\"is\",\"potentialAction\":[{\"@type\":\"ReadAction\",\"target\":[\"https:\\\/\\\/johannh.com\\\/is\\\/product\\\/afmaelisupptokur-2\\\/\"]}]},{\"@type\":\"ImageObject\",\"inLanguage\":\"is\",\"@id\":\"https:\\\/\\\/johannh.com\\\/is\\\/product\\\/afmaelisupptokur-2\\\/#primaryimage\",\"url\":\"https:\\\/\\\/johannh.com\\\/wp-content\\\/uploads\\\/2026\\\/04\\\/Afmaelisupptokur-optimized.jpeg\",\"contentUrl\":\"https:\\\/\\\/johannh.com\\\/wp-content\\\/uploads\\\/2026\\\/04\\\/Afmaelisupptokur-optimized.jpeg\",\"width\":256,\"height\":256},{\"@type\":\"BreadcrumbList\",\"@id\":\"https:\\\/\\\/johannh.com\\\/is\\\/product\\\/afmaelisupptokur-2\\\/#breadcrumb\",\"itemListElement\":[{\"@type\":\"ListItem\",\"position\":1,\"name\":\"Home\",\"item\":\"https:\\\/\\\/johannh.com\\\/is\\\/\"},{\"@type\":\"ListItem\",\"position\":2,\"name\":\"Verslun\",\"item\":\"https:\\\/\\\/johannh.com\\\/shop\\\/\"},{\"@type\":\"ListItem\",\"position\":3,\"name\":\"Afm\u00e6lisuppt\u00f6kur\"}]},{\"@type\":\"WebSite\",\"@id\":\"https:\\\/\\\/johannh.com.local\\\/#website\",\"url\":\"https:\\\/\\\/johannh.com.local\\\/\",\"name\":\"J\u00f3hann Helgason\",\"description\":\"lagah\u00f6fundur og s\u00f6ngvari\",\"publisher\":{\"@id\":\"https:\\\/\\\/johannh.com.local\\\/#\\\/schema\\\/person\\\/926156ac228e2306632971a8e9e9d0c4\"},\"potentialAction\":[{\"@type\":\"SearchAction\",\"target\":{\"@type\":\"EntryPoint\",\"urlTemplate\":\"https:\\\/\\\/johannh.com.local\\\/?s={search_term_string}\"},\"query-input\":{\"@type\":\"PropertyValueSpecification\",\"valueRequired\":true,\"valueName\":\"search_term_string\"}}],\"inLanguage\":\"is\"},{\"@type\":[\"Person\",\"Organization\"],\"@id\":\"https:\\\/\\\/johannh.com.local\\\/#\\\/schema\\\/person\\\/926156ac228e2306632971a8e9e9d0c4\",\"name\":\"J\u00f3hann Helgason\",\"image\":{\"@type\":\"ImageObject\",\"inLanguage\":\"is\",\"@id\":\"https:\\\/\\\/johannh.com\\\/wp-content\\\/uploads\\\/2022\\\/10\\\/johann.webp\",\"url\":\"https:\\\/\\\/johannh.com\\\/wp-content\\\/uploads\\\/2022\\\/10\\\/johann.webp\",\"contentUrl\":\"https:\\\/\\\/johannh.com\\\/wp-content\\\/uploads\\\/2022\\\/10\\\/johann.webp\",\"width\":2000,\"height\":2000,\"caption\":\"J\u00f3hann Helgason\"},\"logo\":{\"@id\":\"https:\\\/\\\/johannh.com\\\/wp-content\\\/uploads\\\/2022\\\/10\\\/johann.webp\"},\"sameAs\":[\"https:\\\/\\\/is.linkedin.com\\\/in\\\/johann-helgason-51aa5a23\",\"https:\\\/\\\/www.youtube.com\\\/user\\\/johannhcom\"],\"birthDate\":\"1949-08-06\",\"jobTitle\":\"Singer-songwriter\"}]}<\/script>\n<!-- \/ Yoast SEO Premium plugin. -->","yoast_head_json":{"title":"Afm\u00e6lisuppt\u00f6kur - J\u00f3hann Helgason","robots":{"index":"index","follow":"follow","max-snippet":"max-snippet:-1","max-image-preview":"max-image-preview:large","max-video-preview":"max-video-preview:-1"},"canonical":"https:\/\/johannh.com\/is\/product\/afmaelisupptokur-2\/","og_locale":"is_IS","og_type":"article","og_title":"Afm\u00e6lisuppt\u00f6kur","og_description":"Afm\u00e6lisuppt\u00f6kur CD + Kassetta Lagalisti: 1. Eyvindur og Halla 2. Vegalaus b\u00f6rn 3. \u00c1stin og l\u00edfi\u00f0 4. Amazon 5. Mary Jane 6. Jenn\u00fd 7. Blue Jean Queen 8. Sail On 9. \u00dat\u00fer\u00e1 10. \u00c1 lei\u00f0 til \u00fe\u00edn Production, arrangements, vocals, acoustic guitars: Magn\u00fas &amp; J\u00f3hann \/ J\u00f3n \u00d3lafsson, Hammond \/ P\u00e1lmi Sigurhjartarson piano \/ Ei\u00f0ur ... Read more","og_url":"https:\/\/johannh.com\/is\/product\/afmaelisupptokur-2\/","og_site_name":"J\u00f3hann Helgason","article_modified_time":"2026-04-04T15:04:36+00:00","og_image":[{"width":256,"height":256,"url":"https:\/\/johannh.com\/wp-content\/uploads\/2026\/04\/Afmaelisupptokur-optimized.jpeg","type":"image\/jpeg"}],"twitter_card":"summary_large_image","schema":{"@context":"https:\/\/schema.org","@graph":[{"@type":"WebPage","@id":"https:\/\/johannh.com\/is\/product\/afmaelisupptokur-2\/","url":"https:\/\/johannh.com\/is\/product\/afmaelisupptokur-2\/","name":"Afm\u00e6lisuppt\u00f6kur - J\u00f3hann Helgason","isPartOf":{"@id":"https:\/\/johannh.com.local\/#website"},"primaryImageOfPage":{"@id":"https:\/\/johannh.com\/is\/product\/afmaelisupptokur-2\/#primaryimage"},"image":{"@id":"https:\/\/johannh.com\/is\/product\/afmaelisupptokur-2\/#primaryimage"},"thumbnailUrl":"https:\/\/johannh.com\/wp-content\/uploads\/2026\/04\/Afmaelisupptokur-optimized.jpeg","datePublished":"2026-04-01T14:53:41+00:00","dateModified":"2026-04-04T15:04:36+00:00","breadcrumb":{"@id":"https:\/\/johannh.com\/is\/product\/afmaelisupptokur-2\/#breadcrumb"},"inLanguage":"is","potentialAction":[{"@type":"ReadAction","target":["https:\/\/johannh.com\/is\/product\/afmaelisupptokur-2\/"]}]},{"@type":"ImageObject","inLanguage":"is","@id":"https:\/\/johannh.com\/is\/product\/afmaelisupptokur-2\/#primaryimage","url":"https:\/\/johannh.com\/wp-content\/uploads\/2026\/04\/Afmaelisupptokur-optimized.jpeg","contentUrl":"https:\/\/johannh.com\/wp-content\/uploads\/2026\/04\/Afmaelisupptokur-optimized.jpeg","width":256,"height":256},{"@type":"BreadcrumbList","@id":"https:\/\/johannh.com\/is\/product\/afmaelisupptokur-2\/#breadcrumb","itemListElement":[{"@type":"ListItem","position":1,"name":"Home","item":"https:\/\/johannh.com\/is\/"},{"@type":"ListItem","position":2,"name":"Verslun","item":"https:\/\/johannh.com\/shop\/"},{"@type":"ListItem","position":3,"name":"Afm\u00e6lisuppt\u00f6kur"}]},{"@type":"WebSite","@id":"https:\/\/johannh.com.local\/#website","url":"https:\/\/johannh.com.local\/","name":"J\u00f3hann Helgason","description":"lagah\u00f6fundur og s\u00f6ngvari","publisher":{"@id":"https:\/\/johannh.com.local\/#\/schema\/person\/926156ac228e2306632971a8e9e9d0c4"},"potentialAction":[{"@type":"SearchAction","target":{"@type":"EntryPoint","urlTemplate":"https:\/\/johannh.com.local\/?s={search_term_string}"},"query-input":{"@type":"PropertyValueSpecification","valueRequired":true,"valueName":"search_term_string"}}],"inLanguage":"is"},{"@type":["Person","Organization"],"@id":"https:\/\/johannh.com.local\/#\/schema\/person\/926156ac228e2306632971a8e9e9d0c4","name":"J\u00f3hann Helgason","image":{"@type":"ImageObject","inLanguage":"is","@id":"https:\/\/johannh.com\/wp-content\/uploads\/2022\/10\/johann.webp","url":"https:\/\/johannh.com\/wp-content\/uploads\/2022\/10\/johann.webp","contentUrl":"https:\/\/johannh.com\/wp-content\/uploads\/2022\/10\/johann.webp","width":2000,"height":2000,"caption":"J\u00f3hann Helgason"},"logo":{"@id":"https:\/\/johannh.com\/wp-content\/uploads\/2022\/10\/johann.webp"},"sameAs":["https:\/\/is.linkedin.com\/in\/johann-helgason-51aa5a23","https:\/\/www.youtube.com\/user\/johannhcom"],"birthDate":"1949-08-06","jobTitle":"Singer-songwriter"}]}},"_links":{"self":[{"href":"https:\/\/johannh.com\/is\/wp-json\/wp\/v2\/product\/5772","targetHints":{"allow":["GET"]}}],"collection":[{"href":"https:\/\/johannh.com\/is\/wp-json\/wp\/v2\/product"}],"about":[{"href":"https:\/\/johannh.com\/is\/wp-json\/wp\/v2\/types\/product"}],"wp:featuredmedia":[{"embeddable":true,"href":"https:\/\/johannh.com\/is\/wp-json\/wp\/v2\/media\/5708"}],"wp:attachment":[{"href":"https:\/\/johannh.com\/is\/wp-json\/wp\/v2\/media?parent=5772"}],"wp:term":[{"taxonomy":"product_brand","embeddable":true,"href":"https:\/\/johannh.com\/is\/wp-json\/wp\/v2\/product_brand?post=5772"},{"taxonomy":"product_cat","embeddable":true,"href":"https:\/\/johannh.com\/is\/wp-json\/wp\/v2\/product_cat?post=5772"},{"taxonomy":"product_tag","embeddable":true,"href":"https:\/\/johannh.com\/is\/wp-json\/wp\/v2\/product_tag?post=5772"}],"curies":[{"name":"wp","href":"https:\/\/api.w.org\/{rel}","templated":true}]}}