{"id":5771,"date":"2026-04-01T14:54:30","date_gmt":"2026-04-01T14:54:30","guid":{"rendered":"https:\/\/johannh.com\/product\/lifsmyndir-magnusar-johanns-2\/"},"modified":"2026-04-04T14:57:12","modified_gmt":"2026-04-04T14:57:12","slug":"lifsmyndir-magnusar-johanns-2","status":"publish","type":"product","link":"https:\/\/johannh.com\/is\/product\/lifsmyndir-magnusar-johanns-2\/","title":{"rendered":"L\u00edfsmyndir Magn\u00fasar &#038; J\u00f3hanns"},"content":{"rendered":"<p>L\u00edfsmyndir Magn\u00fasar &amp; J\u00f3hanns &#8211; Kassetta<\/p>\n<p>1. Enginn t\u00edmi<br \/>\n2. \u00c1st vi\u00f0 fyrstu s\u00fdn<br \/>\n3. Tommi og Jenni<br \/>\n4. Str\u00ed\u00f0 og fri\u00f0ur<br \/>\n5. Ver\u00f0 a\u00f0 komast \u00fat<br \/>\n6. \u00c6\u00f0i<br \/>\n7. S\u00fa \u00e1st er heit<br \/>\n8. Yaketty Yak, Smacketty Smack*<br \/>\n9. Yndi Indy<br \/>\n10. Heim\u00fer\u00e1<br \/>\n11. Lofnar-bl\u00f3m<br \/>\n12. Grettisb\u00e6li<br \/>\n13. Taktu \u00feig \u00e1<br \/>\n14. Why Don&#8217;t We Do It<br \/>\n15. Leikt\u00e6kjasalurinn<br \/>\n16. Karen<\/p>\n<section class=\"elementor-section elementor-top-section elementor-element elementor-element-b97eb8a elementor-section-boxed elementor-section-height-default elementor-section-height-default\" data-id=\"b97eb8a\" data-element_type=\"section\" data-e-type=\"section\">\n<div class=\"elementor-container elementor-column-gap-default\">\n<div class=\"elementor-column elementor-col-33 elementor-top-column elementor-element elementor-element-82fbe04\" data-id=\"82fbe04\" data-element_type=\"column\" data-e-type=\"column\">\n<div class=\"elementor-widget-wrap elementor-element-populated\">\n<div class=\"elementor-element elementor-element-a919b4a dc-has-condition dc-condition-empty elementor-widget elementor-widget-text-editor\" data-id=\"a919b4a\" data-element_type=\"widget\" data-e-type=\"widget\" data-widget_type=\"text-editor.default\">\n<div class=\"elementor-widget-container\">\n<p>Performers: Magn\u00fas &amp; J\u00f3hann, Bj\u00f6rn J\u00f6rundur Fri\u00f0bj\u00f6rnsson, Eyj\u00f3lfur Kristj\u00e1nsson, Helgi Bj\u00f6rnsson, P\u00e1ll \u00d3skar Hj\u00e1lmt\u00fdsson, P\u00e9tur W. Kristj\u00e1nsson, R\u00fanar J\u00fal\u00edusson, Sigr\u00ed\u00f0ur Beinteinsd\u00f3ttir, Stef\u00e1n Hilmarsson \u2013 Produced by Magn\u00fas &amp; J\u00f3hann, Jon Kjell Seljeseth &amp; *Gunnlaugur Briem \u2013 Arrangements: Magn\u00fas &amp; J\u00f3hann, Jon Kjell Seljeseth, Gunnlaugur Briem* \u2013 String arrangement, Szymon Kuran \u2013 Musicians: Gunnlaugur Briem, Rafn J\u00f3nsson, \u00c1sgeir \u00d3skarsson, Birgir Baldursson, J\u00f3hann Hj\u00f6rleifsson, drums &amp; percussion \u2013 Jon Kjell Seljeseth, Einar R\u00fanarsson, J\u00f3n \u00d3lafsson &amp; P\u00e1lmi Sigurhjartarson, Ey\u00fe\u00f3r Gunnarsson, Jens Hansson, Bj\u00f6rgvin G\u00edslason, T\u00f3mas T\u00f3masson, piano, Hammond, keyboards \u2013 J\u00f3n Elvar Hafsteinsson, Sigurgeir Sigmundsson, Gu\u00f0mundur J\u00f3nsson, Fri\u00f0rik Karlsson, Bj\u00f6rgvin G\u00edslason, Bj\u00f6rn Thoroddsen, Magn\u00fas &amp; J\u00f3hann, electric &amp; acoustic guitars \u2013 J\u00f3hann \u00c1smundsson, Haraldur \u00deorsteinsson, P\u00e1lmi Gunnarsson, T\u00f3mas T\u00f3masson, J\u00f3hann Helgason, Jens Hansson, bass \u2013 Szymon Kuran\u00b4s String quartet, strings \u2013 Kristinn Svavarsson, saxophone<br \/>\nSigur\u00f0ur Sigur\u00f0sson, harmonica \u2013 P\u00e9tur W. Kristj\u00e1nsson, Kazoo \u2013 L\u00fa\u00f0rasveit Stella H\u00fa, brass<br \/>\nMagn\u00fas &amp; J\u00f3hann, Sigr\u00ed\u00f0ur Beinteinsd\u00f3ttir, Bj\u00f6rn J\u00f6rundur Fri\u00f0bj\u00f6rnsson, backing vocals<br \/>\nStudios: St\u00f6\u00f0in, Grj\u00f3tn\u00e1man, Hlj\u00f3\u00f0riti, Hlj\u00f3\u00f0hamar, Gla\u00f0heimar, S\u00fdrland, 1988, 1991-1993,<br \/>\nEngineers: Addi 800, Nick Cathcart Jones, Jens Hansson, T\u00f3mas T\u00f3masson, \u00d3lafur Halld\u00f3rsson, P\u00e9tur Hjalteste\u00f0 \u2013 Mix, Addi 800, Jens Hansson, Gunnar Sm\u00e1ri Helgason, T\u00f3mas T\u00f3masson, Jon Kjell Seljeseth, S\u00fdrland, Hlj\u00f3\u00f0hamar, St\u00f6\u00f0in, 1990-1993<br \/>\n\u00a9 1993 Parad\u00eds<\/p>\n<p>&nbsp;<\/p>\n<\/div>\n<\/div>\n<\/div>\n<\/div>\n<\/div>\n<\/section>\n<section class=\"elementor-section elementor-top-section elementor-element elementor-element-368d790 elementor-section-boxed elementor-section-height-default elementor-section-height-default\" data-id=\"368d790\" data-element_type=\"section\" data-e-type=\"section\">\n<div class=\"elementor-container elementor-column-gap-default\">\n<div class=\"elementor-column elementor-col-50 elementor-top-column elementor-element elementor-element-36d0304\" data-id=\"36d0304\" data-element_type=\"column\" data-e-type=\"column\">\n<div class=\"elementor-widget-wrap\"><\/div>\n<\/div>\n<div class=\"elementor-column elementor-col-50 elementor-top-column elementor-element elementor-element-152bbfb\" data-id=\"152bbfb\" data-element_type=\"column\" data-e-type=\"column\">\n<div class=\"elementor-widget-wrap\"><\/div>\n<\/div>\n<\/div>\n<\/section>\n<section class=\"elementor-section elementor-top-section elementor-element elementor-element-e9509bb elementor-section-boxed elementor-section-height-default elementor-section-height-default\" data-id=\"e9509bb\" data-element_type=\"section\" data-e-type=\"section\">\n<div class=\"elementor-container elementor-column-gap-default\"><\/div>\n<\/section>\n<p>&nbsp;<\/p>\n","protected":false},"excerpt":{"rendered":"<p>L\u00edfsmyndir Magn\u00fasar &amp; J\u00f3hanns &#8211; Kassetta 1. Enginn t\u00edmi 2. \u00c1st vi\u00f0 fyrstu s\u00fdn 3. Tommi og Jenni 4. Str\u00ed\u00f0 og fri\u00f0ur 5. Ver\u00f0 a\u00f0 komast \u00fat 6. \u00c6\u00f0i 7. S\u00fa \u00e1st er heit 8. Yaketty Yak, Smacketty Smack* 9. Yndi Indy 10. Heim\u00fer\u00e1 11. Lofnar-bl\u00f3m 12. Grettisb\u00e6li 13. Taktu \u00feig \u00e1 14. Why Don&#8217;t &#8230; <\/p>\n<p class=\"read-more-container\"><a title=\"L\u00edfsmyndir Magn\u00fasar &#038; J\u00f3hanns\" class=\"read-more button\" href=\"https:\/\/johannh.com\/is\/product\/lifsmyndir-magnusar-johanns-2\/#more-5771\" aria-label=\"Read more about L\u00edfsmyndir Magn\u00fasar &#038; J\u00f3hanns\">Read more<\/a><\/p>\n","protected":false},"featured_media":5710,"template":"","meta":{"_acf_changed":false},"product_brand":[],"product_cat":[],"product_tag":[],"class_list":{"0":"post-5771","1":"product","2":"type-product","3":"status-publish","4":"has-post-thumbnail","6":"no-featured-image-padding","8":"first","9":"instock","10":"shipping-taxable","11":"purchasable","12":"product-type-simple"},"acf":[],"yoast_head":"<!-- This site is optimized with the Yoast SEO Premium plugin v27.3 (Yoast SEO v27.3) - https:\/\/yoast.com\/product\/yoast-seo-premium-wordpress\/ -->\n<title>L\u00edfsmyndir Magn\u00fasar &amp; J\u00f3hanns - J\u00f3hann Helgason<\/title>\n<meta name=\"robots\" content=\"index, follow, max-snippet:-1, max-image-preview:large, max-video-preview:-1\" \/>\n<link rel=\"canonical\" href=\"https:\/\/johannh.com\/is\/product\/lifsmyndir-magnusar-johanns-2\/\" \/>\n<meta property=\"og:locale\" content=\"is_IS\" \/>\n<meta property=\"og:type\" content=\"article\" \/>\n<meta property=\"og:title\" content=\"L\u00edfsmyndir Magn\u00fasar &amp; J\u00f3hanns\" \/>\n<meta property=\"og:description\" content=\"L\u00edfsmyndir Magn\u00fasar &amp; J\u00f3hanns &#8211; Kassetta 1. Enginn t\u00edmi 2. \u00c1st vi\u00f0 fyrstu s\u00fdn 3. Tommi og Jenni 4. Str\u00ed\u00f0 og fri\u00f0ur 5. Ver\u00f0 a\u00f0 komast \u00fat 6. \u00c6\u00f0i 7. S\u00fa \u00e1st er heit 8. Yaketty Yak, Smacketty Smack* 9. Yndi Indy 10. Heim\u00fer\u00e1 11. Lofnar-bl\u00f3m 12. Grettisb\u00e6li 13. Taktu \u00feig \u00e1 14. Why Don&#8217;t ... Read more\" \/>\n<meta property=\"og:url\" content=\"https:\/\/johannh.com\/is\/product\/lifsmyndir-magnusar-johanns-2\/\" \/>\n<meta property=\"og:site_name\" content=\"J\u00f3hann Helgason\" \/>\n<meta property=\"article:modified_time\" content=\"2026-04-04T14:57:12+00:00\" \/>\n<meta property=\"og:image\" content=\"https:\/\/johannh.com\/wp-content\/uploads\/2026\/04\/03-Lifsmyndir-Magnusar-Johanns-optimized.jpeg\" \/>\n\t<meta property=\"og:image:width\" content=\"128\" \/>\n\t<meta property=\"og:image:height\" content=\"128\" \/>\n\t<meta property=\"og:image:type\" content=\"image\/jpeg\" \/>\n<meta name=\"twitter:card\" content=\"summary_large_image\" \/>\n<meta name=\"twitter:label1\" content=\"Est. reading time\" \/>\n\t<meta name=\"twitter:data1\" content=\"2 minutes\" \/>\n<script type=\"application\/ld+json\" class=\"yoast-schema-graph\">{\"@context\":\"https:\\\/\\\/schema.org\",\"@graph\":[{\"@type\":\"WebPage\",\"@id\":\"https:\\\/\\\/johannh.com\\\/is\\\/product\\\/lifsmyndir-magnusar-johanns-2\\\/\",\"url\":\"https:\\\/\\\/johannh.com\\\/is\\\/product\\\/lifsmyndir-magnusar-johanns-2\\\/\",\"name\":\"L\u00edfsmyndir Magn\u00fasar & J\u00f3hanns - J\u00f3hann Helgason\",\"isPartOf\":{\"@id\":\"https:\\\/\\\/johannh.com.local\\\/#website\"},\"primaryImageOfPage\":{\"@id\":\"https:\\\/\\\/johannh.com\\\/is\\\/product\\\/lifsmyndir-magnusar-johanns-2\\\/#primaryimage\"},\"image\":{\"@id\":\"https:\\\/\\\/johannh.com\\\/is\\\/product\\\/lifsmyndir-magnusar-johanns-2\\\/#primaryimage\"},\"thumbnailUrl\":\"https:\\\/\\\/johannh.com\\\/wp-content\\\/uploads\\\/2026\\\/04\\\/03-Lifsmyndir-Magnusar-Johanns-optimized.jpeg\",\"datePublished\":\"2026-04-01T14:54:30+00:00\",\"dateModified\":\"2026-04-04T14:57:12+00:00\",\"breadcrumb\":{\"@id\":\"https:\\\/\\\/johannh.com\\\/is\\\/product\\\/lifsmyndir-magnusar-johanns-2\\\/#breadcrumb\"},\"inLanguage\":\"is\",\"potentialAction\":[{\"@type\":\"ReadAction\",\"target\":[\"https:\\\/\\\/johannh.com\\\/is\\\/product\\\/lifsmyndir-magnusar-johanns-2\\\/\"]}]},{\"@type\":\"ImageObject\",\"inLanguage\":\"is\",\"@id\":\"https:\\\/\\\/johannh.com\\\/is\\\/product\\\/lifsmyndir-magnusar-johanns-2\\\/#primaryimage\",\"url\":\"https:\\\/\\\/johannh.com\\\/wp-content\\\/uploads\\\/2026\\\/04\\\/03-Lifsmyndir-Magnusar-Johanns-optimized.jpeg\",\"contentUrl\":\"https:\\\/\\\/johannh.com\\\/wp-content\\\/uploads\\\/2026\\\/04\\\/03-Lifsmyndir-Magnusar-Johanns-optimized.jpeg\",\"width\":128,\"height\":128},{\"@type\":\"BreadcrumbList\",\"@id\":\"https:\\\/\\\/johannh.com\\\/is\\\/product\\\/lifsmyndir-magnusar-johanns-2\\\/#breadcrumb\",\"itemListElement\":[{\"@type\":\"ListItem\",\"position\":1,\"name\":\"Home\",\"item\":\"https:\\\/\\\/johannh.com\\\/is\\\/\"},{\"@type\":\"ListItem\",\"position\":2,\"name\":\"Verslun\",\"item\":\"https:\\\/\\\/johannh.com\\\/shop\\\/\"},{\"@type\":\"ListItem\",\"position\":3,\"name\":\"L\u00edfsmyndir Magn\u00fasar &#038; J\u00f3hanns\"}]},{\"@type\":\"WebSite\",\"@id\":\"https:\\\/\\\/johannh.com.local\\\/#website\",\"url\":\"https:\\\/\\\/johannh.com.local\\\/\",\"name\":\"J\u00f3hann Helgason\",\"description\":\"lagah\u00f6fundur og s\u00f6ngvari\",\"publisher\":{\"@id\":\"https:\\\/\\\/johannh.com.local\\\/#\\\/schema\\\/person\\\/926156ac228e2306632971a8e9e9d0c4\"},\"potentialAction\":[{\"@type\":\"SearchAction\",\"target\":{\"@type\":\"EntryPoint\",\"urlTemplate\":\"https:\\\/\\\/johannh.com.local\\\/?s={search_term_string}\"},\"query-input\":{\"@type\":\"PropertyValueSpecification\",\"valueRequired\":true,\"valueName\":\"search_term_string\"}}],\"inLanguage\":\"is\"},{\"@type\":[\"Person\",\"Organization\"],\"@id\":\"https:\\\/\\\/johannh.com.local\\\/#\\\/schema\\\/person\\\/926156ac228e2306632971a8e9e9d0c4\",\"name\":\"J\u00f3hann Helgason\",\"image\":{\"@type\":\"ImageObject\",\"inLanguage\":\"is\",\"@id\":\"https:\\\/\\\/johannh.com\\\/wp-content\\\/uploads\\\/2022\\\/10\\\/johann.webp\",\"url\":\"https:\\\/\\\/johannh.com\\\/wp-content\\\/uploads\\\/2022\\\/10\\\/johann.webp\",\"contentUrl\":\"https:\\\/\\\/johannh.com\\\/wp-content\\\/uploads\\\/2022\\\/10\\\/johann.webp\",\"width\":2000,\"height\":2000,\"caption\":\"J\u00f3hann Helgason\"},\"logo\":{\"@id\":\"https:\\\/\\\/johannh.com\\\/wp-content\\\/uploads\\\/2022\\\/10\\\/johann.webp\"},\"sameAs\":[\"https:\\\/\\\/is.linkedin.com\\\/in\\\/johann-helgason-51aa5a23\",\"https:\\\/\\\/www.youtube.com\\\/user\\\/johannhcom\"],\"birthDate\":\"1949-08-06\",\"jobTitle\":\"Singer-songwriter\"}]}<\/script>\n<!-- \/ Yoast SEO Premium plugin. -->","yoast_head_json":{"title":"L\u00edfsmyndir Magn\u00fasar & J\u00f3hanns - J\u00f3hann Helgason","robots":{"index":"index","follow":"follow","max-snippet":"max-snippet:-1","max-image-preview":"max-image-preview:large","max-video-preview":"max-video-preview:-1"},"canonical":"https:\/\/johannh.com\/is\/product\/lifsmyndir-magnusar-johanns-2\/","og_locale":"is_IS","og_type":"article","og_title":"L\u00edfsmyndir Magn\u00fasar & J\u00f3hanns","og_description":"L\u00edfsmyndir Magn\u00fasar &amp; J\u00f3hanns &#8211; Kassetta 1. Enginn t\u00edmi 2. \u00c1st vi\u00f0 fyrstu s\u00fdn 3. Tommi og Jenni 4. Str\u00ed\u00f0 og fri\u00f0ur 5. Ver\u00f0 a\u00f0 komast \u00fat 6. \u00c6\u00f0i 7. S\u00fa \u00e1st er heit 8. Yaketty Yak, Smacketty Smack* 9. Yndi Indy 10. Heim\u00fer\u00e1 11. Lofnar-bl\u00f3m 12. Grettisb\u00e6li 13. Taktu \u00feig \u00e1 14. Why Don&#8217;t ... Read more","og_url":"https:\/\/johannh.com\/is\/product\/lifsmyndir-magnusar-johanns-2\/","og_site_name":"J\u00f3hann Helgason","article_modified_time":"2026-04-04T14:57:12+00:00","og_image":[{"width":128,"height":128,"url":"https:\/\/johannh.com\/wp-content\/uploads\/2026\/04\/03-Lifsmyndir-Magnusar-Johanns-optimized.jpeg","type":"image\/jpeg"}],"twitter_card":"summary_large_image","twitter_misc":{"Est. reading time":"2 minutes"},"schema":{"@context":"https:\/\/schema.org","@graph":[{"@type":"WebPage","@id":"https:\/\/johannh.com\/is\/product\/lifsmyndir-magnusar-johanns-2\/","url":"https:\/\/johannh.com\/is\/product\/lifsmyndir-magnusar-johanns-2\/","name":"L\u00edfsmyndir Magn\u00fasar & J\u00f3hanns - J\u00f3hann Helgason","isPartOf":{"@id":"https:\/\/johannh.com.local\/#website"},"primaryImageOfPage":{"@id":"https:\/\/johannh.com\/is\/product\/lifsmyndir-magnusar-johanns-2\/#primaryimage"},"image":{"@id":"https:\/\/johannh.com\/is\/product\/lifsmyndir-magnusar-johanns-2\/#primaryimage"},"thumbnailUrl":"https:\/\/johannh.com\/wp-content\/uploads\/2026\/04\/03-Lifsmyndir-Magnusar-Johanns-optimized.jpeg","datePublished":"2026-04-01T14:54:30+00:00","dateModified":"2026-04-04T14:57:12+00:00","breadcrumb":{"@id":"https:\/\/johannh.com\/is\/product\/lifsmyndir-magnusar-johanns-2\/#breadcrumb"},"inLanguage":"is","potentialAction":[{"@type":"ReadAction","target":["https:\/\/johannh.com\/is\/product\/lifsmyndir-magnusar-johanns-2\/"]}]},{"@type":"ImageObject","inLanguage":"is","@id":"https:\/\/johannh.com\/is\/product\/lifsmyndir-magnusar-johanns-2\/#primaryimage","url":"https:\/\/johannh.com\/wp-content\/uploads\/2026\/04\/03-Lifsmyndir-Magnusar-Johanns-optimized.jpeg","contentUrl":"https:\/\/johannh.com\/wp-content\/uploads\/2026\/04\/03-Lifsmyndir-Magnusar-Johanns-optimized.jpeg","width":128,"height":128},{"@type":"BreadcrumbList","@id":"https:\/\/johannh.com\/is\/product\/lifsmyndir-magnusar-johanns-2\/#breadcrumb","itemListElement":[{"@type":"ListItem","position":1,"name":"Home","item":"https:\/\/johannh.com\/is\/"},{"@type":"ListItem","position":2,"name":"Verslun","item":"https:\/\/johannh.com\/shop\/"},{"@type":"ListItem","position":3,"name":"L\u00edfsmyndir Magn\u00fasar &#038; J\u00f3hanns"}]},{"@type":"WebSite","@id":"https:\/\/johannh.com.local\/#website","url":"https:\/\/johannh.com.local\/","name":"J\u00f3hann Helgason","description":"lagah\u00f6fundur og s\u00f6ngvari","publisher":{"@id":"https:\/\/johannh.com.local\/#\/schema\/person\/926156ac228e2306632971a8e9e9d0c4"},"potentialAction":[{"@type":"SearchAction","target":{"@type":"EntryPoint","urlTemplate":"https:\/\/johannh.com.local\/?s={search_term_string}"},"query-input":{"@type":"PropertyValueSpecification","valueRequired":true,"valueName":"search_term_string"}}],"inLanguage":"is"},{"@type":["Person","Organization"],"@id":"https:\/\/johannh.com.local\/#\/schema\/person\/926156ac228e2306632971a8e9e9d0c4","name":"J\u00f3hann Helgason","image":{"@type":"ImageObject","inLanguage":"is","@id":"https:\/\/johannh.com\/wp-content\/uploads\/2022\/10\/johann.webp","url":"https:\/\/johannh.com\/wp-content\/uploads\/2022\/10\/johann.webp","contentUrl":"https:\/\/johannh.com\/wp-content\/uploads\/2022\/10\/johann.webp","width":2000,"height":2000,"caption":"J\u00f3hann Helgason"},"logo":{"@id":"https:\/\/johannh.com\/wp-content\/uploads\/2022\/10\/johann.webp"},"sameAs":["https:\/\/is.linkedin.com\/in\/johann-helgason-51aa5a23","https:\/\/www.youtube.com\/user\/johannhcom"],"birthDate":"1949-08-06","jobTitle":"Singer-songwriter"}]}},"_links":{"self":[{"href":"https:\/\/johannh.com\/is\/wp-json\/wp\/v2\/product\/5771","targetHints":{"allow":["GET"]}}],"collection":[{"href":"https:\/\/johannh.com\/is\/wp-json\/wp\/v2\/product"}],"about":[{"href":"https:\/\/johannh.com\/is\/wp-json\/wp\/v2\/types\/product"}],"wp:featuredmedia":[{"embeddable":true,"href":"https:\/\/johannh.com\/is\/wp-json\/wp\/v2\/media\/5710"}],"wp:attachment":[{"href":"https:\/\/johannh.com\/is\/wp-json\/wp\/v2\/media?parent=5771"}],"wp:term":[{"taxonomy":"product_brand","embeddable":true,"href":"https:\/\/johannh.com\/is\/wp-json\/wp\/v2\/product_brand?post=5771"},{"taxonomy":"product_cat","embeddable":true,"href":"https:\/\/johannh.com\/is\/wp-json\/wp\/v2\/product_cat?post=5771"},{"taxonomy":"product_tag","embeddable":true,"href":"https:\/\/johannh.com\/is\/wp-json\/wp\/v2\/product_tag?post=5771"}],"curies":[{"name":"wp","href":"https:\/\/api.w.org\/{rel}","templated":true}]}}