{"id":5770,"date":"2026-04-01T14:55:20","date_gmt":"2026-04-01T14:55:20","guid":{"rendered":"https:\/\/johannh.com\/product\/change-2\/"},"modified":"2026-04-02T21:21:18","modified_gmt":"2026-04-02T21:21:18","slug":"change-2","status":"publish","type":"product","link":"https:\/\/johannh.com\/is\/product\/change-2\/","title":{"rendered":"Change"},"content":{"rendered":"<p>Change\/CD.<\/p>\n<p>Lagalisti:<br \/>\n1. I&#8217;m Free<br \/>\n2. Hey, It&#8217;s Allright<br \/>\n3. Hit Record<br \/>\n4. If You Do, Please Do<br \/>\n5. Blueberry Bush<br \/>\n6. Lazy London Lady<br \/>\n7. Take My Hand<br \/>\n8. I Can Be with You<br \/>\n9. Hey You!<br \/>\n10. Sunshine<br \/>\n11. Yaketty Yak, Smacketty Smack (Bonus track)<\/p>\n<p>Produced by H.B. Barnum \/ String &#038; brass arrangements: H.B. Barnum \/ Chappell Studios London &#038; Devonshire Sound Studios, Los Angeles, 1974 \/ \u00a9 1974 Change Records<\/p>\n","protected":false},"excerpt":{"rendered":"<p>Change\/CD. Lagalisti: 1. I&#8217;m Free 2. Hey, It&#8217;s Allright 3. Hit Record 4. If You Do, Please Do 5. Blueberry Bush 6. Lazy London Lady 7. Take My Hand 8. I Can Be with You 9. Hey You! 10. Sunshine 11. Yaketty Yak, Smacketty Smack (Bonus track) Produced by H.B. Barnum \/ String &#038; brass &#8230; <\/p>\n<p class=\"read-more-container\"><a title=\"Change\" class=\"read-more button\" href=\"https:\/\/johannh.com\/is\/product\/change-2\/#more-5770\" aria-label=\"Read more about Change\">Read more<\/a><\/p>\n","protected":false},"featured_media":5712,"template":"","meta":{"_acf_changed":false},"product_brand":[],"product_cat":[65],"product_tag":[],"class_list":{"0":"post-5770","1":"product","2":"type-product","3":"status-publish","4":"has-post-thumbnail","6":"product_cat-cd","7":"no-featured-image-padding","9":"first","10":"instock","11":"shipping-taxable","12":"purchasable","13":"product-type-simple"},"acf":[],"yoast_head":"<!-- This site is optimized with the Yoast SEO Premium plugin v27.3 (Yoast SEO v27.3) - https:\/\/yoast.com\/product\/yoast-seo-premium-wordpress\/ -->\n<title>Change - J\u00f3hann Helgason<\/title>\n<meta name=\"robots\" content=\"index, follow, max-snippet:-1, max-image-preview:large, max-video-preview:-1\" \/>\n<link rel=\"canonical\" href=\"https:\/\/johannh.com\/product\/change\/\" \/>\n<meta property=\"og:locale\" content=\"is_IS\" \/>\n<meta property=\"og:type\" content=\"article\" \/>\n<meta property=\"og:title\" content=\"Change\" \/>\n<meta property=\"og:description\" content=\"Change\/CD. Lagalisti: 1. I&#8217;m Free 2. Hey, It&#8217;s Allright 3. Hit Record 4. If You Do, Please Do 5. Blueberry Bush 6. Lazy London Lady 7. Take My Hand 8. I Can Be with You 9. Hey You! 10. Sunshine 11. Yaketty Yak, Smacketty Smack (Bonus track) Produced by H.B. Barnum \/ String &#038; brass ... Read more\" \/>\n<meta property=\"og:url\" content=\"https:\/\/johannh.com\/product\/change\/\" \/>\n<meta property=\"og:site_name\" content=\"J\u00f3hann Helgason\" \/>\n<meta property=\"article:modified_time\" content=\"2026-04-02T21:21:18+00:00\" \/>\n<meta property=\"og:image\" content=\"https:\/\/johannh.com\/wp-content\/uploads\/2026\/04\/Change-LP-optimized.jpeg\" \/>\n\t<meta property=\"og:image:width\" content=\"1409\" \/>\n\t<meta property=\"og:image:height\" content=\"1387\" \/>\n\t<meta property=\"og:image:type\" content=\"image\/jpeg\" \/>\n<meta name=\"twitter:card\" content=\"summary_large_image\" \/>\n<script type=\"application\/ld+json\" class=\"yoast-schema-graph\">{\"@context\":\"https:\\\/\\\/schema.org\",\"@graph\":[{\"@type\":\"WebPage\",\"@id\":\"https:\\\/\\\/johannh.com\\\/product\\\/change\\\/\",\"url\":\"https:\\\/\\\/johannh.com\\\/product\\\/change\\\/\",\"name\":\"Change - J\u00f3hann Helgason\",\"isPartOf\":{\"@id\":\"https:\\\/\\\/johannh.com.local\\\/#website\"},\"primaryImageOfPage\":{\"@id\":\"https:\\\/\\\/johannh.com\\\/product\\\/change\\\/#primaryimage\"},\"image\":{\"@id\":\"https:\\\/\\\/johannh.com\\\/product\\\/change\\\/#primaryimage\"},\"thumbnailUrl\":\"https:\\\/\\\/johannh.com\\\/wp-content\\\/uploads\\\/2026\\\/04\\\/Change-LP-optimized.jpeg\",\"datePublished\":\"2026-04-01T14:55:20+00:00\",\"dateModified\":\"2026-04-02T21:21:18+00:00\",\"breadcrumb\":{\"@id\":\"https:\\\/\\\/johannh.com\\\/product\\\/change\\\/#breadcrumb\"},\"inLanguage\":\"is\",\"potentialAction\":[{\"@type\":\"ReadAction\",\"target\":[\"https:\\\/\\\/johannh.com\\\/product\\\/change\\\/\"]}]},{\"@type\":\"ImageObject\",\"inLanguage\":\"is\",\"@id\":\"https:\\\/\\\/johannh.com\\\/product\\\/change\\\/#primaryimage\",\"url\":\"https:\\\/\\\/johannh.com\\\/wp-content\\\/uploads\\\/2026\\\/04\\\/Change-LP-optimized.jpeg\",\"contentUrl\":\"https:\\\/\\\/johannh.com\\\/wp-content\\\/uploads\\\/2026\\\/04\\\/Change-LP-optimized.jpeg\",\"width\":1409,\"height\":1387},{\"@type\":\"BreadcrumbList\",\"@id\":\"https:\\\/\\\/johannh.com\\\/product\\\/change\\\/#breadcrumb\",\"itemListElement\":[{\"@type\":\"ListItem\",\"position\":1,\"name\":\"Home\",\"item\":\"https:\\\/\\\/johannh.com\\\/is\\\/\"},{\"@type\":\"ListItem\",\"position\":2,\"name\":\"Verslun\",\"item\":\"https:\\\/\\\/johannh.com\\\/shop\\\/\"},{\"@type\":\"ListItem\",\"position\":3,\"name\":\"Change\"}]},{\"@type\":\"WebSite\",\"@id\":\"https:\\\/\\\/johannh.com.local\\\/#website\",\"url\":\"https:\\\/\\\/johannh.com.local\\\/\",\"name\":\"J\u00f3hann Helgason\",\"description\":\"lagah\u00f6fundur og s\u00f6ngvari\",\"publisher\":{\"@id\":\"https:\\\/\\\/johannh.com.local\\\/#\\\/schema\\\/person\\\/926156ac228e2306632971a8e9e9d0c4\"},\"potentialAction\":[{\"@type\":\"SearchAction\",\"target\":{\"@type\":\"EntryPoint\",\"urlTemplate\":\"https:\\\/\\\/johannh.com.local\\\/?s={search_term_string}\"},\"query-input\":{\"@type\":\"PropertyValueSpecification\",\"valueRequired\":true,\"valueName\":\"search_term_string\"}}],\"inLanguage\":\"is\"},{\"@type\":[\"Person\",\"Organization\"],\"@id\":\"https:\\\/\\\/johannh.com.local\\\/#\\\/schema\\\/person\\\/926156ac228e2306632971a8e9e9d0c4\",\"name\":\"J\u00f3hann Helgason\",\"image\":{\"@type\":\"ImageObject\",\"inLanguage\":\"is\",\"@id\":\"https:\\\/\\\/johannh.com\\\/wp-content\\\/uploads\\\/2022\\\/10\\\/johann.webp\",\"url\":\"https:\\\/\\\/johannh.com\\\/wp-content\\\/uploads\\\/2022\\\/10\\\/johann.webp\",\"contentUrl\":\"https:\\\/\\\/johannh.com\\\/wp-content\\\/uploads\\\/2022\\\/10\\\/johann.webp\",\"width\":2000,\"height\":2000,\"caption\":\"J\u00f3hann Helgason\"},\"logo\":{\"@id\":\"https:\\\/\\\/johannh.com\\\/wp-content\\\/uploads\\\/2022\\\/10\\\/johann.webp\"},\"sameAs\":[\"https:\\\/\\\/is.linkedin.com\\\/in\\\/johann-helgason-51aa5a23\",\"https:\\\/\\\/www.youtube.com\\\/user\\\/johannhcom\"],\"birthDate\":\"1949-08-06\",\"jobTitle\":\"Singer-songwriter\"}]}<\/script>\n<!-- \/ Yoast SEO Premium plugin. -->","yoast_head_json":{"title":"Change - J\u00f3hann Helgason","robots":{"index":"index","follow":"follow","max-snippet":"max-snippet:-1","max-image-preview":"max-image-preview:large","max-video-preview":"max-video-preview:-1"},"canonical":"https:\/\/johannh.com\/product\/change\/","og_locale":"is_IS","og_type":"article","og_title":"Change","og_description":"Change\/CD. Lagalisti: 1. I&#8217;m Free 2. Hey, It&#8217;s Allright 3. Hit Record 4. If You Do, Please Do 5. Blueberry Bush 6. Lazy London Lady 7. Take My Hand 8. I Can Be with You 9. Hey You! 10. Sunshine 11. Yaketty Yak, Smacketty Smack (Bonus track) Produced by H.B. Barnum \/ String &#038; brass ... Read more","og_url":"https:\/\/johannh.com\/product\/change\/","og_site_name":"J\u00f3hann Helgason","article_modified_time":"2026-04-02T21:21:18+00:00","og_image":[{"width":1409,"height":1387,"url":"https:\/\/johannh.com\/wp-content\/uploads\/2026\/04\/Change-LP-optimized.jpeg","type":"image\/jpeg"}],"twitter_card":"summary_large_image","schema":{"@context":"https:\/\/schema.org","@graph":[{"@type":"WebPage","@id":"https:\/\/johannh.com\/product\/change\/","url":"https:\/\/johannh.com\/product\/change\/","name":"Change - J\u00f3hann Helgason","isPartOf":{"@id":"https:\/\/johannh.com.local\/#website"},"primaryImageOfPage":{"@id":"https:\/\/johannh.com\/product\/change\/#primaryimage"},"image":{"@id":"https:\/\/johannh.com\/product\/change\/#primaryimage"},"thumbnailUrl":"https:\/\/johannh.com\/wp-content\/uploads\/2026\/04\/Change-LP-optimized.jpeg","datePublished":"2026-04-01T14:55:20+00:00","dateModified":"2026-04-02T21:21:18+00:00","breadcrumb":{"@id":"https:\/\/johannh.com\/product\/change\/#breadcrumb"},"inLanguage":"is","potentialAction":[{"@type":"ReadAction","target":["https:\/\/johannh.com\/product\/change\/"]}]},{"@type":"ImageObject","inLanguage":"is","@id":"https:\/\/johannh.com\/product\/change\/#primaryimage","url":"https:\/\/johannh.com\/wp-content\/uploads\/2026\/04\/Change-LP-optimized.jpeg","contentUrl":"https:\/\/johannh.com\/wp-content\/uploads\/2026\/04\/Change-LP-optimized.jpeg","width":1409,"height":1387},{"@type":"BreadcrumbList","@id":"https:\/\/johannh.com\/product\/change\/#breadcrumb","itemListElement":[{"@type":"ListItem","position":1,"name":"Home","item":"https:\/\/johannh.com\/is\/"},{"@type":"ListItem","position":2,"name":"Verslun","item":"https:\/\/johannh.com\/shop\/"},{"@type":"ListItem","position":3,"name":"Change"}]},{"@type":"WebSite","@id":"https:\/\/johannh.com.local\/#website","url":"https:\/\/johannh.com.local\/","name":"J\u00f3hann Helgason","description":"lagah\u00f6fundur og s\u00f6ngvari","publisher":{"@id":"https:\/\/johannh.com.local\/#\/schema\/person\/926156ac228e2306632971a8e9e9d0c4"},"potentialAction":[{"@type":"SearchAction","target":{"@type":"EntryPoint","urlTemplate":"https:\/\/johannh.com.local\/?s={search_term_string}"},"query-input":{"@type":"PropertyValueSpecification","valueRequired":true,"valueName":"search_term_string"}}],"inLanguage":"is"},{"@type":["Person","Organization"],"@id":"https:\/\/johannh.com.local\/#\/schema\/person\/926156ac228e2306632971a8e9e9d0c4","name":"J\u00f3hann Helgason","image":{"@type":"ImageObject","inLanguage":"is","@id":"https:\/\/johannh.com\/wp-content\/uploads\/2022\/10\/johann.webp","url":"https:\/\/johannh.com\/wp-content\/uploads\/2022\/10\/johann.webp","contentUrl":"https:\/\/johannh.com\/wp-content\/uploads\/2022\/10\/johann.webp","width":2000,"height":2000,"caption":"J\u00f3hann Helgason"},"logo":{"@id":"https:\/\/johannh.com\/wp-content\/uploads\/2022\/10\/johann.webp"},"sameAs":["https:\/\/is.linkedin.com\/in\/johann-helgason-51aa5a23","https:\/\/www.youtube.com\/user\/johannhcom"],"birthDate":"1949-08-06","jobTitle":"Singer-songwriter"}]}},"_links":{"self":[{"href":"https:\/\/johannh.com\/is\/wp-json\/wp\/v2\/product\/5770","targetHints":{"allow":["GET"]}}],"collection":[{"href":"https:\/\/johannh.com\/is\/wp-json\/wp\/v2\/product"}],"about":[{"href":"https:\/\/johannh.com\/is\/wp-json\/wp\/v2\/types\/product"}],"wp:featuredmedia":[{"embeddable":true,"href":"https:\/\/johannh.com\/is\/wp-json\/wp\/v2\/media\/5712"}],"wp:attachment":[{"href":"https:\/\/johannh.com\/is\/wp-json\/wp\/v2\/media?parent=5770"}],"wp:term":[{"taxonomy":"product_brand","embeddable":true,"href":"https:\/\/johannh.com\/is\/wp-json\/wp\/v2\/product_brand?post=5770"},{"taxonomy":"product_cat","embeddable":true,"href":"https:\/\/johannh.com\/is\/wp-json\/wp\/v2\/product_cat?post=5770"},{"taxonomy":"product_tag","embeddable":true,"href":"https:\/\/johannh.com\/is\/wp-json\/wp\/v2\/product_tag?post=5770"}],"curies":[{"name":"wp","href":"https:\/\/api.w.org\/{rel}","templated":true}]}}