{"id":5769,"date":"2026-04-01T14:56:07","date_gmt":"2026-04-01T14:56:07","guid":{"rendered":"https:\/\/johannh.com\/product\/celsius-2\/"},"modified":"2026-04-02T21:21:04","modified_gmt":"2026-04-02T21:21:04","slug":"celsius-2","status":"publish","type":"product","link":"https:\/\/johannh.com\/is\/product\/celsius-2\/","title":{"rendered":"Celsius"},"content":{"rendered":"<p>Celsius\/CD.<\/p>\n<p>Lagalisti:<br \/>\n1. Constant Pain<br \/>\n2. Let It Be Love<br \/>\n3. Days Pass Me By<br \/>\n4. Makes Me Feel<br \/>\n5. Poker<br \/>\n6. Love Your Mother<br \/>\n7. Queen of My Life<br \/>\n8. Riding White Horses<br \/>\n9. Heaven on Earth<br \/>\n10. Taumlaus losti<br \/>\n11. Taumlaus losti II.<br \/>\n12. Tomorrow<br \/>\n13. Darling of the Party<\/p>\n<p>Produced by Birgir Hrafnsson \/ Hlj\u00f3\u00f0ritun: Tony Cook, J\u00f3nas R. J\u00f3nsson, Studio Hlj\u00f3\u00f0riti, 1977 \/ H\u00f6nnun: Inga D\u00f3ra J\u00f3hannsd\u00f3ttir \/ \u00a9 Celsius 2013<\/p>\n","protected":false},"excerpt":{"rendered":"<p>Celsius\/CD. Lagalisti: 1. Constant Pain 2. Let It Be Love 3. Days Pass Me By 4. Makes Me Feel 5. Poker 6. Love Your Mother 7. Queen of My Life 8. Riding White Horses 9. Heaven on Earth 10. Taumlaus losti 11. Taumlaus losti II. 12. Tomorrow 13. Darling of the Party Produced by Birgir &#8230; <\/p>\n<p class=\"read-more-container\"><a title=\"Celsius\" class=\"read-more button\" href=\"https:\/\/johannh.com\/is\/product\/celsius-2\/#more-5769\" aria-label=\"Read more about Celsius\">Read more<\/a><\/p>\n","protected":false},"featured_media":5714,"template":"","meta":{"_acf_changed":false},"product_brand":[],"product_cat":[65],"product_tag":[],"class_list":{"0":"post-5769","1":"product","2":"type-product","3":"status-publish","4":"has-post-thumbnail","6":"product_cat-cd","7":"no-featured-image-padding","9":"first","10":"instock","11":"shipping-taxable","12":"purchasable","13":"product-type-simple"},"acf":[],"yoast_head":"<!-- This site is optimized with the Yoast SEO Premium plugin v27.3 (Yoast SEO v27.3) - https:\/\/yoast.com\/product\/yoast-seo-premium-wordpress\/ -->\n<title>Celsius - J\u00f3hann Helgason<\/title>\n<meta name=\"robots\" content=\"index, follow, max-snippet:-1, max-image-preview:large, max-video-preview:-1\" \/>\n<link rel=\"canonical\" href=\"https:\/\/johannh.com\/product\/celsius\/\" \/>\n<meta property=\"og:locale\" content=\"is_IS\" \/>\n<meta property=\"og:type\" content=\"article\" \/>\n<meta property=\"og:title\" content=\"Celsius\" \/>\n<meta property=\"og:description\" content=\"Celsius\/CD. Lagalisti: 1. Constant Pain 2. Let It Be Love 3. Days Pass Me By 4. Makes Me Feel 5. Poker 6. Love Your Mother 7. Queen of My Life 8. Riding White Horses 9. Heaven on Earth 10. Taumlaus losti 11. Taumlaus losti II. 12. Tomorrow 13. Darling of the Party Produced by Birgir ... Read more\" \/>\n<meta property=\"og:url\" content=\"https:\/\/johannh.com\/product\/celsius\/\" \/>\n<meta property=\"og:site_name\" content=\"J\u00f3hann Helgason\" \/>\n<meta property=\"article:modified_time\" content=\"2026-04-02T21:21:04+00:00\" \/>\n<meta property=\"og:image\" content=\"https:\/\/johannh.com\/wp-content\/uploads\/2026\/04\/Celsius-optimized.jpeg\" \/>\n\t<meta property=\"og:image:width\" content=\"490\" \/>\n\t<meta property=\"og:image:height\" content=\"442\" \/>\n\t<meta property=\"og:image:type\" content=\"image\/jpeg\" \/>\n<meta name=\"twitter:card\" content=\"summary_large_image\" \/>\n<script type=\"application\/ld+json\" class=\"yoast-schema-graph\">{\"@context\":\"https:\\\/\\\/schema.org\",\"@graph\":[{\"@type\":\"WebPage\",\"@id\":\"https:\\\/\\\/johannh.com\\\/product\\\/celsius\\\/\",\"url\":\"https:\\\/\\\/johannh.com\\\/product\\\/celsius\\\/\",\"name\":\"Celsius - J\u00f3hann Helgason\",\"isPartOf\":{\"@id\":\"https:\\\/\\\/johannh.com.local\\\/#website\"},\"primaryImageOfPage\":{\"@id\":\"https:\\\/\\\/johannh.com\\\/product\\\/celsius\\\/#primaryimage\"},\"image\":{\"@id\":\"https:\\\/\\\/johannh.com\\\/product\\\/celsius\\\/#primaryimage\"},\"thumbnailUrl\":\"https:\\\/\\\/johannh.com\\\/wp-content\\\/uploads\\\/2026\\\/04\\\/Celsius-optimized.jpeg\",\"datePublished\":\"2026-04-01T14:56:07+00:00\",\"dateModified\":\"2026-04-02T21:21:04+00:00\",\"breadcrumb\":{\"@id\":\"https:\\\/\\\/johannh.com\\\/product\\\/celsius\\\/#breadcrumb\"},\"inLanguage\":\"is\",\"potentialAction\":[{\"@type\":\"ReadAction\",\"target\":[\"https:\\\/\\\/johannh.com\\\/product\\\/celsius\\\/\"]}]},{\"@type\":\"ImageObject\",\"inLanguage\":\"is\",\"@id\":\"https:\\\/\\\/johannh.com\\\/product\\\/celsius\\\/#primaryimage\",\"url\":\"https:\\\/\\\/johannh.com\\\/wp-content\\\/uploads\\\/2026\\\/04\\\/Celsius-optimized.jpeg\",\"contentUrl\":\"https:\\\/\\\/johannh.com\\\/wp-content\\\/uploads\\\/2026\\\/04\\\/Celsius-optimized.jpeg\",\"width\":490,\"height\":442},{\"@type\":\"BreadcrumbList\",\"@id\":\"https:\\\/\\\/johannh.com\\\/product\\\/celsius\\\/#breadcrumb\",\"itemListElement\":[{\"@type\":\"ListItem\",\"position\":1,\"name\":\"Home\",\"item\":\"https:\\\/\\\/johannh.com\\\/is\\\/\"},{\"@type\":\"ListItem\",\"position\":2,\"name\":\"Verslun\",\"item\":\"https:\\\/\\\/johannh.com\\\/shop\\\/\"},{\"@type\":\"ListItem\",\"position\":3,\"name\":\"Celsius\"}]},{\"@type\":\"WebSite\",\"@id\":\"https:\\\/\\\/johannh.com.local\\\/#website\",\"url\":\"https:\\\/\\\/johannh.com.local\\\/\",\"name\":\"J\u00f3hann Helgason\",\"description\":\"lagah\u00f6fundur og s\u00f6ngvari\",\"publisher\":{\"@id\":\"https:\\\/\\\/johannh.com.local\\\/#\\\/schema\\\/person\\\/926156ac228e2306632971a8e9e9d0c4\"},\"potentialAction\":[{\"@type\":\"SearchAction\",\"target\":{\"@type\":\"EntryPoint\",\"urlTemplate\":\"https:\\\/\\\/johannh.com.local\\\/?s={search_term_string}\"},\"query-input\":{\"@type\":\"PropertyValueSpecification\",\"valueRequired\":true,\"valueName\":\"search_term_string\"}}],\"inLanguage\":\"is\"},{\"@type\":[\"Person\",\"Organization\"],\"@id\":\"https:\\\/\\\/johannh.com.local\\\/#\\\/schema\\\/person\\\/926156ac228e2306632971a8e9e9d0c4\",\"name\":\"J\u00f3hann Helgason\",\"image\":{\"@type\":\"ImageObject\",\"inLanguage\":\"is\",\"@id\":\"https:\\\/\\\/johannh.com\\\/wp-content\\\/uploads\\\/2022\\\/10\\\/johann.webp\",\"url\":\"https:\\\/\\\/johannh.com\\\/wp-content\\\/uploads\\\/2022\\\/10\\\/johann.webp\",\"contentUrl\":\"https:\\\/\\\/johannh.com\\\/wp-content\\\/uploads\\\/2022\\\/10\\\/johann.webp\",\"width\":2000,\"height\":2000,\"caption\":\"J\u00f3hann Helgason\"},\"logo\":{\"@id\":\"https:\\\/\\\/johannh.com\\\/wp-content\\\/uploads\\\/2022\\\/10\\\/johann.webp\"},\"sameAs\":[\"https:\\\/\\\/is.linkedin.com\\\/in\\\/johann-helgason-51aa5a23\",\"https:\\\/\\\/www.youtube.com\\\/user\\\/johannhcom\"],\"birthDate\":\"1949-08-06\",\"jobTitle\":\"Singer-songwriter\"}]}<\/script>\n<!-- \/ Yoast SEO Premium plugin. -->","yoast_head_json":{"title":"Celsius - J\u00f3hann Helgason","robots":{"index":"index","follow":"follow","max-snippet":"max-snippet:-1","max-image-preview":"max-image-preview:large","max-video-preview":"max-video-preview:-1"},"canonical":"https:\/\/johannh.com\/product\/celsius\/","og_locale":"is_IS","og_type":"article","og_title":"Celsius","og_description":"Celsius\/CD. Lagalisti: 1. Constant Pain 2. Let It Be Love 3. Days Pass Me By 4. Makes Me Feel 5. Poker 6. Love Your Mother 7. Queen of My Life 8. Riding White Horses 9. Heaven on Earth 10. Taumlaus losti 11. Taumlaus losti II. 12. Tomorrow 13. Darling of the Party Produced by Birgir ... Read more","og_url":"https:\/\/johannh.com\/product\/celsius\/","og_site_name":"J\u00f3hann Helgason","article_modified_time":"2026-04-02T21:21:04+00:00","og_image":[{"width":490,"height":442,"url":"https:\/\/johannh.com\/wp-content\/uploads\/2026\/04\/Celsius-optimized.jpeg","type":"image\/jpeg"}],"twitter_card":"summary_large_image","schema":{"@context":"https:\/\/schema.org","@graph":[{"@type":"WebPage","@id":"https:\/\/johannh.com\/product\/celsius\/","url":"https:\/\/johannh.com\/product\/celsius\/","name":"Celsius - J\u00f3hann Helgason","isPartOf":{"@id":"https:\/\/johannh.com.local\/#website"},"primaryImageOfPage":{"@id":"https:\/\/johannh.com\/product\/celsius\/#primaryimage"},"image":{"@id":"https:\/\/johannh.com\/product\/celsius\/#primaryimage"},"thumbnailUrl":"https:\/\/johannh.com\/wp-content\/uploads\/2026\/04\/Celsius-optimized.jpeg","datePublished":"2026-04-01T14:56:07+00:00","dateModified":"2026-04-02T21:21:04+00:00","breadcrumb":{"@id":"https:\/\/johannh.com\/product\/celsius\/#breadcrumb"},"inLanguage":"is","potentialAction":[{"@type":"ReadAction","target":["https:\/\/johannh.com\/product\/celsius\/"]}]},{"@type":"ImageObject","inLanguage":"is","@id":"https:\/\/johannh.com\/product\/celsius\/#primaryimage","url":"https:\/\/johannh.com\/wp-content\/uploads\/2026\/04\/Celsius-optimized.jpeg","contentUrl":"https:\/\/johannh.com\/wp-content\/uploads\/2026\/04\/Celsius-optimized.jpeg","width":490,"height":442},{"@type":"BreadcrumbList","@id":"https:\/\/johannh.com\/product\/celsius\/#breadcrumb","itemListElement":[{"@type":"ListItem","position":1,"name":"Home","item":"https:\/\/johannh.com\/is\/"},{"@type":"ListItem","position":2,"name":"Verslun","item":"https:\/\/johannh.com\/shop\/"},{"@type":"ListItem","position":3,"name":"Celsius"}]},{"@type":"WebSite","@id":"https:\/\/johannh.com.local\/#website","url":"https:\/\/johannh.com.local\/","name":"J\u00f3hann Helgason","description":"lagah\u00f6fundur og s\u00f6ngvari","publisher":{"@id":"https:\/\/johannh.com.local\/#\/schema\/person\/926156ac228e2306632971a8e9e9d0c4"},"potentialAction":[{"@type":"SearchAction","target":{"@type":"EntryPoint","urlTemplate":"https:\/\/johannh.com.local\/?s={search_term_string}"},"query-input":{"@type":"PropertyValueSpecification","valueRequired":true,"valueName":"search_term_string"}}],"inLanguage":"is"},{"@type":["Person","Organization"],"@id":"https:\/\/johannh.com.local\/#\/schema\/person\/926156ac228e2306632971a8e9e9d0c4","name":"J\u00f3hann Helgason","image":{"@type":"ImageObject","inLanguage":"is","@id":"https:\/\/johannh.com\/wp-content\/uploads\/2022\/10\/johann.webp","url":"https:\/\/johannh.com\/wp-content\/uploads\/2022\/10\/johann.webp","contentUrl":"https:\/\/johannh.com\/wp-content\/uploads\/2022\/10\/johann.webp","width":2000,"height":2000,"caption":"J\u00f3hann Helgason"},"logo":{"@id":"https:\/\/johannh.com\/wp-content\/uploads\/2022\/10\/johann.webp"},"sameAs":["https:\/\/is.linkedin.com\/in\/johann-helgason-51aa5a23","https:\/\/www.youtube.com\/user\/johannhcom"],"birthDate":"1949-08-06","jobTitle":"Singer-songwriter"}]}},"_links":{"self":[{"href":"https:\/\/johannh.com\/is\/wp-json\/wp\/v2\/product\/5769","targetHints":{"allow":["GET"]}}],"collection":[{"href":"https:\/\/johannh.com\/is\/wp-json\/wp\/v2\/product"}],"about":[{"href":"https:\/\/johannh.com\/is\/wp-json\/wp\/v2\/types\/product"}],"wp:featuredmedia":[{"embeddable":true,"href":"https:\/\/johannh.com\/is\/wp-json\/wp\/v2\/media\/5714"}],"wp:attachment":[{"href":"https:\/\/johannh.com\/is\/wp-json\/wp\/v2\/media?parent=5769"}],"wp:term":[{"taxonomy":"product_brand","embeddable":true,"href":"https:\/\/johannh.com\/is\/wp-json\/wp\/v2\/product_brand?post=5769"},{"taxonomy":"product_cat","embeddable":true,"href":"https:\/\/johannh.com\/is\/wp-json\/wp\/v2\/product_cat?post=5769"},{"taxonomy":"product_tag","embeddable":true,"href":"https:\/\/johannh.com\/is\/wp-json\/wp\/v2\/product_tag?post=5769"}],"curies":[{"name":"wp","href":"https:\/\/api.w.org\/{rel}","templated":true}]}}