{"id":5768,"date":"2026-04-01T14:56:57","date_gmt":"2026-04-01T14:56:57","guid":{"rendered":"https:\/\/johannh.com\/product\/lifi-lifid-2\/"},"modified":"2026-04-03T15:40:03","modified_gmt":"2026-04-03T15:40:03","slug":"lifi-lifid-2","status":"publish","type":"product","link":"https:\/\/johannh.com\/is\/product\/lifi-lifid-2\/","title":{"rendered":"Lifi l\u00edfi\u00f0"},"content":{"rendered":"<p>Lifi l\u00edfi\u00f0\/CD &#8211; \u00ddmsir flytjendur.<\/p>\n<p>T\u00f3nlist: J\u00f3hann Helgason \/ Lj\u00f3\u00f0: Sigurbj\u00f6rn \u00deorkelsson<\/p>\n<p>S\u00f6ngvarar: S\u00f6ngh\u00f3purinn F\u00f3sturv\u00edsarnir, Sigr\u00ed\u00f0ur Gu\u00f0nad\u00f3ttir, P\u00e1ll R\u00f3sinkranz, Reg\u00edna \u00d3sk \u00d3skarsd\u00f3ttir, J\u00f3hann Helgason og Snorri Snorrason \/ Hlj\u00f3\u00f0f\u00e6raleikur: J\u00f3hann Helgason, kassag\u00edtar, rafmagnsg\u00edtar, bassag\u00edtar og slagverk \/ Snorri Snorrason, Hammond, p\u00edan\u00f3 og forritun \/ Hlj\u00f3\u00f0ritun: Snorri Snorrason, Fjaruppt\u00f6kur, 2021-2022 \/ K\u00e1pumynd, uppsetning &amp; h\u00f6nnun, Inga D\u00f3ra J\u00f3hannsd\u00f3ttir \u00a9 2022 Hugverka\u00fatg\u00e1fan<\/p>\n","protected":false},"excerpt":{"rendered":"<p>Lifi l\u00edfi\u00f0\/CD &#8211; \u00ddmsir flytjendur. T\u00f3nlist: J\u00f3hann Helgason \/ Lj\u00f3\u00f0: Sigurbj\u00f6rn \u00deorkelsson S\u00f6ngvarar: S\u00f6ngh\u00f3purinn F\u00f3sturv\u00edsarnir, Sigr\u00ed\u00f0ur Gu\u00f0nad\u00f3ttir, P\u00e1ll R\u00f3sinkranz, Reg\u00edna \u00d3sk \u00d3skarsd\u00f3ttir, J\u00f3hann Helgason og Snorri Snorrason \/ Hlj\u00f3\u00f0f\u00e6raleikur: J\u00f3hann Helgason, kassag\u00edtar, rafmagnsg\u00edtar, bassag\u00edtar og slagverk \/ Snorri Snorrason, Hammond, p\u00edan\u00f3 og forritun \/ Hlj\u00f3\u00f0ritun: Snorri Snorrason, Fjaruppt\u00f6kur, 2021-2022 \/ K\u00e1pumynd, uppsetning &amp; h\u00f6nnun, Inga &#8230; <\/p>\n<p class=\"read-more-container\"><a title=\"Lifi l\u00edfi\u00f0\" class=\"read-more button\" href=\"https:\/\/johannh.com\/is\/product\/lifi-lifid-2\/#more-5768\" aria-label=\"Read more about Lifi l\u00edfi\u00f0\">Read more<\/a><\/p>\n","protected":false},"featured_media":5716,"template":"","meta":{"_acf_changed":false},"product_brand":[],"product_cat":[65],"product_tag":[],"class_list":{"0":"post-5768","1":"product","2":"type-product","3":"status-publish","4":"has-post-thumbnail","6":"product_cat-cd","7":"no-featured-image-padding","9":"first","10":"instock","11":"shipping-taxable","12":"purchasable","13":"product-type-simple"},"acf":[],"yoast_head":"<!-- This site is optimized with the Yoast SEO Premium plugin v27.3 (Yoast SEO v27.3) - https:\/\/yoast.com\/product\/yoast-seo-premium-wordpress\/ -->\n<title>Lifi l\u00edfi\u00f0 - J\u00f3hann Helgason<\/title>\n<meta name=\"robots\" content=\"index, follow, max-snippet:-1, max-image-preview:large, max-video-preview:-1\" \/>\n<link rel=\"canonical\" href=\"https:\/\/johannh.com\/is\/product\/lifi-lifid-2\/\" \/>\n<meta property=\"og:locale\" content=\"is_IS\" \/>\n<meta property=\"og:type\" content=\"article\" \/>\n<meta property=\"og:title\" content=\"Lifi l\u00edfi\u00f0\" \/>\n<meta property=\"og:description\" content=\"Lifi l\u00edfi\u00f0\/CD &#8211; \u00ddmsir flytjendur. T\u00f3nlist: J\u00f3hann Helgason \/ Lj\u00f3\u00f0: Sigurbj\u00f6rn \u00deorkelsson S\u00f6ngvarar: S\u00f6ngh\u00f3purinn F\u00f3sturv\u00edsarnir, Sigr\u00ed\u00f0ur Gu\u00f0nad\u00f3ttir, P\u00e1ll R\u00f3sinkranz, Reg\u00edna \u00d3sk \u00d3skarsd\u00f3ttir, J\u00f3hann Helgason og Snorri Snorrason \/ Hlj\u00f3\u00f0f\u00e6raleikur: J\u00f3hann Helgason, kassag\u00edtar, rafmagnsg\u00edtar, bassag\u00edtar og slagverk \/ Snorri Snorrason, Hammond, p\u00edan\u00f3 og forritun \/ Hlj\u00f3\u00f0ritun: Snorri Snorrason, Fjaruppt\u00f6kur, 2021-2022 \/ K\u00e1pumynd, uppsetning &amp; h\u00f6nnun, Inga ... Read more\" \/>\n<meta property=\"og:url\" content=\"https:\/\/johannh.com\/is\/product\/lifi-lifid-2\/\" \/>\n<meta property=\"og:site_name\" content=\"J\u00f3hann Helgason\" \/>\n<meta property=\"article:modified_time\" content=\"2026-04-03T15:40:03+00:00\" \/>\n<meta property=\"og:image\" content=\"https:\/\/johannh.com\/wp-content\/uploads\/2026\/04\/Lifi-lifid-optimized-scaled.jpeg\" \/>\n\t<meta property=\"og:image:width\" content=\"2560\" \/>\n\t<meta property=\"og:image:height\" content=\"2310\" \/>\n\t<meta property=\"og:image:type\" content=\"image\/jpeg\" \/>\n<meta name=\"twitter:card\" content=\"summary_large_image\" \/>\n<script type=\"application\/ld+json\" class=\"yoast-schema-graph\">{\"@context\":\"https:\\\/\\\/schema.org\",\"@graph\":[{\"@type\":\"WebPage\",\"@id\":\"https:\\\/\\\/johannh.com\\\/is\\\/product\\\/lifi-lifid-2\\\/\",\"url\":\"https:\\\/\\\/johannh.com\\\/is\\\/product\\\/lifi-lifid-2\\\/\",\"name\":\"Lifi l\u00edfi\u00f0 - J\u00f3hann Helgason\",\"isPartOf\":{\"@id\":\"https:\\\/\\\/johannh.com.local\\\/#website\"},\"primaryImageOfPage\":{\"@id\":\"https:\\\/\\\/johannh.com\\\/is\\\/product\\\/lifi-lifid-2\\\/#primaryimage\"},\"image\":{\"@id\":\"https:\\\/\\\/johannh.com\\\/is\\\/product\\\/lifi-lifid-2\\\/#primaryimage\"},\"thumbnailUrl\":\"https:\\\/\\\/johannh.com\\\/wp-content\\\/uploads\\\/2026\\\/04\\\/Lifi-lifid-optimized-scaled.jpeg\",\"datePublished\":\"2026-04-01T14:56:57+00:00\",\"dateModified\":\"2026-04-03T15:40:03+00:00\",\"breadcrumb\":{\"@id\":\"https:\\\/\\\/johannh.com\\\/is\\\/product\\\/lifi-lifid-2\\\/#breadcrumb\"},\"inLanguage\":\"is\",\"potentialAction\":[{\"@type\":\"ReadAction\",\"target\":[\"https:\\\/\\\/johannh.com\\\/is\\\/product\\\/lifi-lifid-2\\\/\"]}]},{\"@type\":\"ImageObject\",\"inLanguage\":\"is\",\"@id\":\"https:\\\/\\\/johannh.com\\\/is\\\/product\\\/lifi-lifid-2\\\/#primaryimage\",\"url\":\"https:\\\/\\\/johannh.com\\\/wp-content\\\/uploads\\\/2026\\\/04\\\/Lifi-lifid-optimized-scaled.jpeg\",\"contentUrl\":\"https:\\\/\\\/johannh.com\\\/wp-content\\\/uploads\\\/2026\\\/04\\\/Lifi-lifid-optimized-scaled.jpeg\",\"width\":2560,\"height\":2310},{\"@type\":\"BreadcrumbList\",\"@id\":\"https:\\\/\\\/johannh.com\\\/is\\\/product\\\/lifi-lifid-2\\\/#breadcrumb\",\"itemListElement\":[{\"@type\":\"ListItem\",\"position\":1,\"name\":\"Home\",\"item\":\"https:\\\/\\\/johannh.com\\\/is\\\/\"},{\"@type\":\"ListItem\",\"position\":2,\"name\":\"Verslun\",\"item\":\"https:\\\/\\\/johannh.com\\\/shop\\\/\"},{\"@type\":\"ListItem\",\"position\":3,\"name\":\"Lifi l\u00edfi\u00f0\"}]},{\"@type\":\"WebSite\",\"@id\":\"https:\\\/\\\/johannh.com.local\\\/#website\",\"url\":\"https:\\\/\\\/johannh.com.local\\\/\",\"name\":\"J\u00f3hann Helgason\",\"description\":\"lagah\u00f6fundur og s\u00f6ngvari\",\"publisher\":{\"@id\":\"https:\\\/\\\/johannh.com.local\\\/#\\\/schema\\\/person\\\/926156ac228e2306632971a8e9e9d0c4\"},\"potentialAction\":[{\"@type\":\"SearchAction\",\"target\":{\"@type\":\"EntryPoint\",\"urlTemplate\":\"https:\\\/\\\/johannh.com.local\\\/?s={search_term_string}\"},\"query-input\":{\"@type\":\"PropertyValueSpecification\",\"valueRequired\":true,\"valueName\":\"search_term_string\"}}],\"inLanguage\":\"is\"},{\"@type\":[\"Person\",\"Organization\"],\"@id\":\"https:\\\/\\\/johannh.com.local\\\/#\\\/schema\\\/person\\\/926156ac228e2306632971a8e9e9d0c4\",\"name\":\"J\u00f3hann Helgason\",\"image\":{\"@type\":\"ImageObject\",\"inLanguage\":\"is\",\"@id\":\"https:\\\/\\\/johannh.com\\\/wp-content\\\/uploads\\\/2022\\\/10\\\/johann.webp\",\"url\":\"https:\\\/\\\/johannh.com\\\/wp-content\\\/uploads\\\/2022\\\/10\\\/johann.webp\",\"contentUrl\":\"https:\\\/\\\/johannh.com\\\/wp-content\\\/uploads\\\/2022\\\/10\\\/johann.webp\",\"width\":2000,\"height\":2000,\"caption\":\"J\u00f3hann Helgason\"},\"logo\":{\"@id\":\"https:\\\/\\\/johannh.com\\\/wp-content\\\/uploads\\\/2022\\\/10\\\/johann.webp\"},\"sameAs\":[\"https:\\\/\\\/is.linkedin.com\\\/in\\\/johann-helgason-51aa5a23\",\"https:\\\/\\\/www.youtube.com\\\/user\\\/johannhcom\"],\"birthDate\":\"1949-08-06\",\"jobTitle\":\"Singer-songwriter\"}]}<\/script>\n<!-- \/ Yoast SEO Premium plugin. -->","yoast_head_json":{"title":"Lifi l\u00edfi\u00f0 - J\u00f3hann Helgason","robots":{"index":"index","follow":"follow","max-snippet":"max-snippet:-1","max-image-preview":"max-image-preview:large","max-video-preview":"max-video-preview:-1"},"canonical":"https:\/\/johannh.com\/is\/product\/lifi-lifid-2\/","og_locale":"is_IS","og_type":"article","og_title":"Lifi l\u00edfi\u00f0","og_description":"Lifi l\u00edfi\u00f0\/CD &#8211; \u00ddmsir flytjendur. T\u00f3nlist: J\u00f3hann Helgason \/ Lj\u00f3\u00f0: Sigurbj\u00f6rn \u00deorkelsson S\u00f6ngvarar: S\u00f6ngh\u00f3purinn F\u00f3sturv\u00edsarnir, Sigr\u00ed\u00f0ur Gu\u00f0nad\u00f3ttir, P\u00e1ll R\u00f3sinkranz, Reg\u00edna \u00d3sk \u00d3skarsd\u00f3ttir, J\u00f3hann Helgason og Snorri Snorrason \/ Hlj\u00f3\u00f0f\u00e6raleikur: J\u00f3hann Helgason, kassag\u00edtar, rafmagnsg\u00edtar, bassag\u00edtar og slagverk \/ Snorri Snorrason, Hammond, p\u00edan\u00f3 og forritun \/ Hlj\u00f3\u00f0ritun: Snorri Snorrason, Fjaruppt\u00f6kur, 2021-2022 \/ K\u00e1pumynd, uppsetning &amp; h\u00f6nnun, Inga ... Read more","og_url":"https:\/\/johannh.com\/is\/product\/lifi-lifid-2\/","og_site_name":"J\u00f3hann Helgason","article_modified_time":"2026-04-03T15:40:03+00:00","og_image":[{"width":2560,"height":2310,"url":"https:\/\/johannh.com\/wp-content\/uploads\/2026\/04\/Lifi-lifid-optimized-scaled.jpeg","type":"image\/jpeg"}],"twitter_card":"summary_large_image","schema":{"@context":"https:\/\/schema.org","@graph":[{"@type":"WebPage","@id":"https:\/\/johannh.com\/is\/product\/lifi-lifid-2\/","url":"https:\/\/johannh.com\/is\/product\/lifi-lifid-2\/","name":"Lifi l\u00edfi\u00f0 - J\u00f3hann Helgason","isPartOf":{"@id":"https:\/\/johannh.com.local\/#website"},"primaryImageOfPage":{"@id":"https:\/\/johannh.com\/is\/product\/lifi-lifid-2\/#primaryimage"},"image":{"@id":"https:\/\/johannh.com\/is\/product\/lifi-lifid-2\/#primaryimage"},"thumbnailUrl":"https:\/\/johannh.com\/wp-content\/uploads\/2026\/04\/Lifi-lifid-optimized-scaled.jpeg","datePublished":"2026-04-01T14:56:57+00:00","dateModified":"2026-04-03T15:40:03+00:00","breadcrumb":{"@id":"https:\/\/johannh.com\/is\/product\/lifi-lifid-2\/#breadcrumb"},"inLanguage":"is","potentialAction":[{"@type":"ReadAction","target":["https:\/\/johannh.com\/is\/product\/lifi-lifid-2\/"]}]},{"@type":"ImageObject","inLanguage":"is","@id":"https:\/\/johannh.com\/is\/product\/lifi-lifid-2\/#primaryimage","url":"https:\/\/johannh.com\/wp-content\/uploads\/2026\/04\/Lifi-lifid-optimized-scaled.jpeg","contentUrl":"https:\/\/johannh.com\/wp-content\/uploads\/2026\/04\/Lifi-lifid-optimized-scaled.jpeg","width":2560,"height":2310},{"@type":"BreadcrumbList","@id":"https:\/\/johannh.com\/is\/product\/lifi-lifid-2\/#breadcrumb","itemListElement":[{"@type":"ListItem","position":1,"name":"Home","item":"https:\/\/johannh.com\/is\/"},{"@type":"ListItem","position":2,"name":"Verslun","item":"https:\/\/johannh.com\/shop\/"},{"@type":"ListItem","position":3,"name":"Lifi l\u00edfi\u00f0"}]},{"@type":"WebSite","@id":"https:\/\/johannh.com.local\/#website","url":"https:\/\/johannh.com.local\/","name":"J\u00f3hann Helgason","description":"lagah\u00f6fundur og s\u00f6ngvari","publisher":{"@id":"https:\/\/johannh.com.local\/#\/schema\/person\/926156ac228e2306632971a8e9e9d0c4"},"potentialAction":[{"@type":"SearchAction","target":{"@type":"EntryPoint","urlTemplate":"https:\/\/johannh.com.local\/?s={search_term_string}"},"query-input":{"@type":"PropertyValueSpecification","valueRequired":true,"valueName":"search_term_string"}}],"inLanguage":"is"},{"@type":["Person","Organization"],"@id":"https:\/\/johannh.com.local\/#\/schema\/person\/926156ac228e2306632971a8e9e9d0c4","name":"J\u00f3hann Helgason","image":{"@type":"ImageObject","inLanguage":"is","@id":"https:\/\/johannh.com\/wp-content\/uploads\/2022\/10\/johann.webp","url":"https:\/\/johannh.com\/wp-content\/uploads\/2022\/10\/johann.webp","contentUrl":"https:\/\/johannh.com\/wp-content\/uploads\/2022\/10\/johann.webp","width":2000,"height":2000,"caption":"J\u00f3hann Helgason"},"logo":{"@id":"https:\/\/johannh.com\/wp-content\/uploads\/2022\/10\/johann.webp"},"sameAs":["https:\/\/is.linkedin.com\/in\/johann-helgason-51aa5a23","https:\/\/www.youtube.com\/user\/johannhcom"],"birthDate":"1949-08-06","jobTitle":"Singer-songwriter"}]}},"_links":{"self":[{"href":"https:\/\/johannh.com\/is\/wp-json\/wp\/v2\/product\/5768","targetHints":{"allow":["GET"]}}],"collection":[{"href":"https:\/\/johannh.com\/is\/wp-json\/wp\/v2\/product"}],"about":[{"href":"https:\/\/johannh.com\/is\/wp-json\/wp\/v2\/types\/product"}],"wp:featuredmedia":[{"embeddable":true,"href":"https:\/\/johannh.com\/is\/wp-json\/wp\/v2\/media\/5716"}],"wp:attachment":[{"href":"https:\/\/johannh.com\/is\/wp-json\/wp\/v2\/media?parent=5768"}],"wp:term":[{"taxonomy":"product_brand","embeddable":true,"href":"https:\/\/johannh.com\/is\/wp-json\/wp\/v2\/product_brand?post=5768"},{"taxonomy":"product_cat","embeddable":true,"href":"https:\/\/johannh.com\/is\/wp-json\/wp\/v2\/product_cat?post=5768"},{"taxonomy":"product_tag","embeddable":true,"href":"https:\/\/johannh.com\/is\/wp-json\/wp\/v2\/product_tag?post=5768"}],"curies":[{"name":"wp","href":"https:\/\/api.w.org\/{rel}","templated":true}]}}