{"id":5766,"date":"2026-04-01T14:58:34","date_gmt":"2026-04-01T14:58:34","guid":{"rendered":"https:\/\/johannh.com\/product\/komdu-kisa-min-2\/"},"modified":"2026-04-04T15:33:00","modified_gmt":"2026-04-04T15:33:00","slug":"komdu-kisa-min-2","status":"publish","type":"product","link":"https:\/\/johannh.com\/is\/product\/komdu-kisa-min-2\/","title":{"rendered":"Komdu kisa m\u00edn"},"content":{"rendered":"<p>KOMDU KISA M\u00cdN &#8211; Kassetta<\/p>\n<p>Sn\u00e6lda &amp; Sn\u00fa\u00f0arnir: Sigr\u00fan Hj\u00e1lmt\u00fdsd\u00f3ttir\/Didd\u00fa, lead vocals &amp; Ragnhildur G\u00edslad\u00f3ttir, producer &amp; arranger \/ T\u00f3nlist: J\u00f3hann Helgason \/ Musicians: Helga \u00de\u00f3rarinsd\u00f3ttir, violin \/ Bj\u00f6rn \u00c1rnason, fagot \/ Richard Korn, bass \/ Gu\u00f0mundur Ing\u00f3lfsson, accordion, piano \/ Ragnhildur G\u00edslad\u00f3ttir, keyboards, percussion \/ Engineer: Sigur\u00f0ur Bj\u00f3la, Studio Hlj\u00f3\u00f0riti, 1983 \/ Album design, Tommi &amp; T\u00f3ta<\/p>\n<p>\u00a9 1994 Hugverka\u00fatg\u00e1fan<\/p>\n<p>&nbsp;<\/p>\n","protected":false},"excerpt":{"rendered":"<p>KOMDU KISA M\u00cdN &#8211; Kassetta Sn\u00e6lda &amp; Sn\u00fa\u00f0arnir: Sigr\u00fan Hj\u00e1lmt\u00fdsd\u00f3ttir\/Didd\u00fa, lead vocals &amp; Ragnhildur G\u00edslad\u00f3ttir, producer &amp; arranger \/ T\u00f3nlist: J\u00f3hann Helgason \/ Musicians: Helga \u00de\u00f3rarinsd\u00f3ttir, violin \/ Bj\u00f6rn \u00c1rnason, fagot \/ Richard Korn, bass \/ Gu\u00f0mundur Ing\u00f3lfsson, accordion, piano \/ Ragnhildur G\u00edslad\u00f3ttir, keyboards, percussion \/ Engineer: Sigur\u00f0ur Bj\u00f3la, Studio Hlj\u00f3\u00f0riti, 1983 \/ Album design, &#8230; <\/p>\n<p class=\"read-more-container\"><a title=\"Komdu kisa m\u00edn\" class=\"read-more button\" href=\"https:\/\/johannh.com\/is\/product\/komdu-kisa-min-2\/#more-5766\" aria-label=\"Read more about Komdu kisa m\u00edn\">Read more<\/a><\/p>\n","protected":false},"featured_media":5720,"template":"","meta":{"_acf_changed":false},"product_brand":[],"product_cat":[],"product_tag":[],"class_list":{"0":"post-5766","1":"product","2":"type-product","3":"status-publish","4":"has-post-thumbnail","6":"no-featured-image-padding","8":"first","9":"instock","10":"shipping-taxable","11":"purchasable","12":"product-type-simple"},"acf":[],"yoast_head":"<!-- This site is optimized with the Yoast SEO Premium plugin v27.3 (Yoast SEO v27.3) - https:\/\/yoast.com\/product\/yoast-seo-premium-wordpress\/ -->\n<title>Komdu kisa m\u00edn - J\u00f3hann Helgason<\/title>\n<meta name=\"robots\" content=\"index, follow, max-snippet:-1, max-image-preview:large, max-video-preview:-1\" \/>\n<link rel=\"canonical\" href=\"https:\/\/johannh.com\/is\/product\/komdu-kisa-min-2\/\" \/>\n<meta property=\"og:locale\" content=\"is_IS\" \/>\n<meta property=\"og:type\" content=\"article\" \/>\n<meta property=\"og:title\" content=\"Komdu kisa m\u00edn\" \/>\n<meta property=\"og:description\" content=\"KOMDU KISA M\u00cdN &#8211; Kassetta Sn\u00e6lda &amp; Sn\u00fa\u00f0arnir: Sigr\u00fan Hj\u00e1lmt\u00fdsd\u00f3ttir\/Didd\u00fa, lead vocals &amp; Ragnhildur G\u00edslad\u00f3ttir, producer &amp; arranger \/ T\u00f3nlist: J\u00f3hann Helgason \/ Musicians: Helga \u00de\u00f3rarinsd\u00f3ttir, violin \/ Bj\u00f6rn \u00c1rnason, fagot \/ Richard Korn, bass \/ Gu\u00f0mundur Ing\u00f3lfsson, accordion, piano \/ Ragnhildur G\u00edslad\u00f3ttir, keyboards, percussion \/ Engineer: Sigur\u00f0ur Bj\u00f3la, Studio Hlj\u00f3\u00f0riti, 1983 \/ Album design, ... Read more\" \/>\n<meta property=\"og:url\" content=\"https:\/\/johannh.com\/is\/product\/komdu-kisa-min-2\/\" \/>\n<meta property=\"og:site_name\" content=\"J\u00f3hann Helgason\" \/>\n<meta property=\"article:modified_time\" content=\"2026-04-04T15:33:00+00:00\" \/>\n<meta property=\"og:image\" content=\"https:\/\/johannh.com\/wp-content\/uploads\/2026\/04\/Komdu-kisa-min-optimized.jpeg\" \/>\n\t<meta property=\"og:image:width\" content=\"1407\" \/>\n\t<meta property=\"og:image:height\" content=\"1396\" \/>\n\t<meta property=\"og:image:type\" content=\"image\/jpeg\" \/>\n<meta name=\"twitter:card\" content=\"summary_large_image\" \/>\n<script type=\"application\/ld+json\" class=\"yoast-schema-graph\">{\"@context\":\"https:\\\/\\\/schema.org\",\"@graph\":[{\"@type\":\"WebPage\",\"@id\":\"https:\\\/\\\/johannh.com\\\/is\\\/product\\\/komdu-kisa-min-2\\\/\",\"url\":\"https:\\\/\\\/johannh.com\\\/is\\\/product\\\/komdu-kisa-min-2\\\/\",\"name\":\"Komdu kisa m\u00edn - J\u00f3hann Helgason\",\"isPartOf\":{\"@id\":\"https:\\\/\\\/johannh.com.local\\\/#website\"},\"primaryImageOfPage\":{\"@id\":\"https:\\\/\\\/johannh.com\\\/is\\\/product\\\/komdu-kisa-min-2\\\/#primaryimage\"},\"image\":{\"@id\":\"https:\\\/\\\/johannh.com\\\/is\\\/product\\\/komdu-kisa-min-2\\\/#primaryimage\"},\"thumbnailUrl\":\"https:\\\/\\\/johannh.com\\\/wp-content\\\/uploads\\\/2026\\\/04\\\/Komdu-kisa-min-optimized.jpeg\",\"datePublished\":\"2026-04-01T14:58:34+00:00\",\"dateModified\":\"2026-04-04T15:33:00+00:00\",\"breadcrumb\":{\"@id\":\"https:\\\/\\\/johannh.com\\\/is\\\/product\\\/komdu-kisa-min-2\\\/#breadcrumb\"},\"inLanguage\":\"is\",\"potentialAction\":[{\"@type\":\"ReadAction\",\"target\":[\"https:\\\/\\\/johannh.com\\\/is\\\/product\\\/komdu-kisa-min-2\\\/\"]}]},{\"@type\":\"ImageObject\",\"inLanguage\":\"is\",\"@id\":\"https:\\\/\\\/johannh.com\\\/is\\\/product\\\/komdu-kisa-min-2\\\/#primaryimage\",\"url\":\"https:\\\/\\\/johannh.com\\\/wp-content\\\/uploads\\\/2026\\\/04\\\/Komdu-kisa-min-optimized.jpeg\",\"contentUrl\":\"https:\\\/\\\/johannh.com\\\/wp-content\\\/uploads\\\/2026\\\/04\\\/Komdu-kisa-min-optimized.jpeg\",\"width\":1407,\"height\":1396},{\"@type\":\"BreadcrumbList\",\"@id\":\"https:\\\/\\\/johannh.com\\\/is\\\/product\\\/komdu-kisa-min-2\\\/#breadcrumb\",\"itemListElement\":[{\"@type\":\"ListItem\",\"position\":1,\"name\":\"Home\",\"item\":\"https:\\\/\\\/johannh.com\\\/is\\\/\"},{\"@type\":\"ListItem\",\"position\":2,\"name\":\"Verslun\",\"item\":\"https:\\\/\\\/johannh.com\\\/shop\\\/\"},{\"@type\":\"ListItem\",\"position\":3,\"name\":\"Komdu kisa m\u00edn\"}]},{\"@type\":\"WebSite\",\"@id\":\"https:\\\/\\\/johannh.com.local\\\/#website\",\"url\":\"https:\\\/\\\/johannh.com.local\\\/\",\"name\":\"J\u00f3hann Helgason\",\"description\":\"lagah\u00f6fundur og s\u00f6ngvari\",\"publisher\":{\"@id\":\"https:\\\/\\\/johannh.com.local\\\/#\\\/schema\\\/person\\\/926156ac228e2306632971a8e9e9d0c4\"},\"potentialAction\":[{\"@type\":\"SearchAction\",\"target\":{\"@type\":\"EntryPoint\",\"urlTemplate\":\"https:\\\/\\\/johannh.com.local\\\/?s={search_term_string}\"},\"query-input\":{\"@type\":\"PropertyValueSpecification\",\"valueRequired\":true,\"valueName\":\"search_term_string\"}}],\"inLanguage\":\"is\"},{\"@type\":[\"Person\",\"Organization\"],\"@id\":\"https:\\\/\\\/johannh.com.local\\\/#\\\/schema\\\/person\\\/926156ac228e2306632971a8e9e9d0c4\",\"name\":\"J\u00f3hann Helgason\",\"image\":{\"@type\":\"ImageObject\",\"inLanguage\":\"is\",\"@id\":\"https:\\\/\\\/johannh.com\\\/wp-content\\\/uploads\\\/2022\\\/10\\\/johann.webp\",\"url\":\"https:\\\/\\\/johannh.com\\\/wp-content\\\/uploads\\\/2022\\\/10\\\/johann.webp\",\"contentUrl\":\"https:\\\/\\\/johannh.com\\\/wp-content\\\/uploads\\\/2022\\\/10\\\/johann.webp\",\"width\":2000,\"height\":2000,\"caption\":\"J\u00f3hann Helgason\"},\"logo\":{\"@id\":\"https:\\\/\\\/johannh.com\\\/wp-content\\\/uploads\\\/2022\\\/10\\\/johann.webp\"},\"sameAs\":[\"https:\\\/\\\/is.linkedin.com\\\/in\\\/johann-helgason-51aa5a23\",\"https:\\\/\\\/www.youtube.com\\\/user\\\/johannhcom\"],\"birthDate\":\"1949-08-06\",\"jobTitle\":\"Singer-songwriter\"}]}<\/script>\n<!-- \/ Yoast SEO Premium plugin. -->","yoast_head_json":{"title":"Komdu kisa m\u00edn - J\u00f3hann Helgason","robots":{"index":"index","follow":"follow","max-snippet":"max-snippet:-1","max-image-preview":"max-image-preview:large","max-video-preview":"max-video-preview:-1"},"canonical":"https:\/\/johannh.com\/is\/product\/komdu-kisa-min-2\/","og_locale":"is_IS","og_type":"article","og_title":"Komdu kisa m\u00edn","og_description":"KOMDU KISA M\u00cdN &#8211; Kassetta Sn\u00e6lda &amp; Sn\u00fa\u00f0arnir: Sigr\u00fan Hj\u00e1lmt\u00fdsd\u00f3ttir\/Didd\u00fa, lead vocals &amp; Ragnhildur G\u00edslad\u00f3ttir, producer &amp; arranger \/ T\u00f3nlist: J\u00f3hann Helgason \/ Musicians: Helga \u00de\u00f3rarinsd\u00f3ttir, violin \/ Bj\u00f6rn \u00c1rnason, fagot \/ Richard Korn, bass \/ Gu\u00f0mundur Ing\u00f3lfsson, accordion, piano \/ Ragnhildur G\u00edslad\u00f3ttir, keyboards, percussion \/ Engineer: Sigur\u00f0ur Bj\u00f3la, Studio Hlj\u00f3\u00f0riti, 1983 \/ Album design, ... Read more","og_url":"https:\/\/johannh.com\/is\/product\/komdu-kisa-min-2\/","og_site_name":"J\u00f3hann Helgason","article_modified_time":"2026-04-04T15:33:00+00:00","og_image":[{"width":1407,"height":1396,"url":"https:\/\/johannh.com\/wp-content\/uploads\/2026\/04\/Komdu-kisa-min-optimized.jpeg","type":"image\/jpeg"}],"twitter_card":"summary_large_image","schema":{"@context":"https:\/\/schema.org","@graph":[{"@type":"WebPage","@id":"https:\/\/johannh.com\/is\/product\/komdu-kisa-min-2\/","url":"https:\/\/johannh.com\/is\/product\/komdu-kisa-min-2\/","name":"Komdu kisa m\u00edn - J\u00f3hann Helgason","isPartOf":{"@id":"https:\/\/johannh.com.local\/#website"},"primaryImageOfPage":{"@id":"https:\/\/johannh.com\/is\/product\/komdu-kisa-min-2\/#primaryimage"},"image":{"@id":"https:\/\/johannh.com\/is\/product\/komdu-kisa-min-2\/#primaryimage"},"thumbnailUrl":"https:\/\/johannh.com\/wp-content\/uploads\/2026\/04\/Komdu-kisa-min-optimized.jpeg","datePublished":"2026-04-01T14:58:34+00:00","dateModified":"2026-04-04T15:33:00+00:00","breadcrumb":{"@id":"https:\/\/johannh.com\/is\/product\/komdu-kisa-min-2\/#breadcrumb"},"inLanguage":"is","potentialAction":[{"@type":"ReadAction","target":["https:\/\/johannh.com\/is\/product\/komdu-kisa-min-2\/"]}]},{"@type":"ImageObject","inLanguage":"is","@id":"https:\/\/johannh.com\/is\/product\/komdu-kisa-min-2\/#primaryimage","url":"https:\/\/johannh.com\/wp-content\/uploads\/2026\/04\/Komdu-kisa-min-optimized.jpeg","contentUrl":"https:\/\/johannh.com\/wp-content\/uploads\/2026\/04\/Komdu-kisa-min-optimized.jpeg","width":1407,"height":1396},{"@type":"BreadcrumbList","@id":"https:\/\/johannh.com\/is\/product\/komdu-kisa-min-2\/#breadcrumb","itemListElement":[{"@type":"ListItem","position":1,"name":"Home","item":"https:\/\/johannh.com\/is\/"},{"@type":"ListItem","position":2,"name":"Verslun","item":"https:\/\/johannh.com\/shop\/"},{"@type":"ListItem","position":3,"name":"Komdu kisa m\u00edn"}]},{"@type":"WebSite","@id":"https:\/\/johannh.com.local\/#website","url":"https:\/\/johannh.com.local\/","name":"J\u00f3hann Helgason","description":"lagah\u00f6fundur og s\u00f6ngvari","publisher":{"@id":"https:\/\/johannh.com.local\/#\/schema\/person\/926156ac228e2306632971a8e9e9d0c4"},"potentialAction":[{"@type":"SearchAction","target":{"@type":"EntryPoint","urlTemplate":"https:\/\/johannh.com.local\/?s={search_term_string}"},"query-input":{"@type":"PropertyValueSpecification","valueRequired":true,"valueName":"search_term_string"}}],"inLanguage":"is"},{"@type":["Person","Organization"],"@id":"https:\/\/johannh.com.local\/#\/schema\/person\/926156ac228e2306632971a8e9e9d0c4","name":"J\u00f3hann Helgason","image":{"@type":"ImageObject","inLanguage":"is","@id":"https:\/\/johannh.com\/wp-content\/uploads\/2022\/10\/johann.webp","url":"https:\/\/johannh.com\/wp-content\/uploads\/2022\/10\/johann.webp","contentUrl":"https:\/\/johannh.com\/wp-content\/uploads\/2022\/10\/johann.webp","width":2000,"height":2000,"caption":"J\u00f3hann Helgason"},"logo":{"@id":"https:\/\/johannh.com\/wp-content\/uploads\/2022\/10\/johann.webp"},"sameAs":["https:\/\/is.linkedin.com\/in\/johann-helgason-51aa5a23","https:\/\/www.youtube.com\/user\/johannhcom"],"birthDate":"1949-08-06","jobTitle":"Singer-songwriter"}]}},"_links":{"self":[{"href":"https:\/\/johannh.com\/is\/wp-json\/wp\/v2\/product\/5766","targetHints":{"allow":["GET"]}}],"collection":[{"href":"https:\/\/johannh.com\/is\/wp-json\/wp\/v2\/product"}],"about":[{"href":"https:\/\/johannh.com\/is\/wp-json\/wp\/v2\/types\/product"}],"wp:featuredmedia":[{"embeddable":true,"href":"https:\/\/johannh.com\/is\/wp-json\/wp\/v2\/media\/5720"}],"wp:attachment":[{"href":"https:\/\/johannh.com\/is\/wp-json\/wp\/v2\/media?parent=5766"}],"wp:term":[{"taxonomy":"product_brand","embeddable":true,"href":"https:\/\/johannh.com\/is\/wp-json\/wp\/v2\/product_brand?post=5766"},{"taxonomy":"product_cat","embeddable":true,"href":"https:\/\/johannh.com\/is\/wp-json\/wp\/v2\/product_cat?post=5766"},{"taxonomy":"product_tag","embeddable":true,"href":"https:\/\/johannh.com\/is\/wp-json\/wp\/v2\/product_tag?post=5766"}],"curies":[{"name":"wp","href":"https:\/\/api.w.org\/{rel}","templated":true}]}}