{"id":5616,"date":"2025-12-01T10:21:46","date_gmt":"2025-12-01T10:21:46","guid":{"rendered":"https:\/\/johannh.com\/product\/soknudur-2\/"},"modified":"2026-04-02T21:26:10","modified_gmt":"2026-04-02T21:26:10","slug":"soknudur-2","status":"publish","type":"product","link":"https:\/\/johannh.com\/is\/product\/soknudur-2\/","title":{"rendered":"S\u00f6knu\u00f0ur"},"content":{"rendered":"<p>S\u00d3L\u00d3PLATA\/CD<\/p>\n<p>1. Yaketty Yak, Smacketty Smack<br \/>\n2. \u00cd Reykjav\u00edkurborg<br \/>\n3. Karen, Karen<br \/>\n4. Bid Me to Live<br \/>\n5. \u00c1starsorg<br \/>\n6. \u00c1stin og l\u00edfi\u00f0<br \/>\n7. Str\u00ed\u00f0 og fri\u00f0ur<br \/>\n8. She\u00b4s Done It Again<br \/>\n9. \u00cd bl\u00ed\u00f0u og str\u00ed\u00f0u<br \/>\n10. Think It Over<br \/>\n11. \u00c1stin m\u00edn ein<br \/>\n12. Poker<br \/>\n13. Sail On<br \/>\n14. \u00deegar allt er hlj\u00f3tt<br \/>\n15. When You Cry<br \/>\n16. S\u00f6knu\u00f0ur<\/p>\n<p>Uppt\u00f6kustj\u00f3rn, J\u00f3n \u00d3lafsson \/ \u00datsetningar, J\u00f3n \u00d3lafsson, J\u00f3hann Helgason \/ Hlj\u00f3\u00f0f\u00e6raleikur: Gu\u00f0mundur P\u00e9tursson, g\u00edtar \/ J\u00f3n \u00d3lafsson, hlj\u00f3mbor\u00f0, bakr\u00f6dd \/ Fri\u00f0rik Sturluson, bassi \/ J\u00f3hann Hj\u00f6rleifsson, trommur, slagverk \/ Hlj\u00f3\u00f0ritun: Addi 800, Haffi Temp\u00f3, Hlj\u00f3\u00f0riti, Eyra\u00f0, S\u00fdrland, 2006 \/ Hlj\u00f3\u00f0bl\u00f6ndun, Addi 800 S\u00fdrland, 2006 \/ Stafr\u00e6n t\u00f3nj\u00f6fnun, Gunnar Sm\u00e1ri \/ H\u00f6nnun, Vat\u00edkani\u00f0, Inga D\u00f3ra J\u00f3hannsd\u00f3ttir \/ \u00a9 Zonet 2006<\/p>\n","protected":false},"excerpt":{"rendered":"<p>2006<\/p>\n","protected":false},"featured_media":5763,"template":"","meta":{"_acf_changed":false},"product_brand":[],"product_cat":[65],"product_tag":[],"class_list":{"0":"post-5616","1":"product","2":"type-product","3":"status-publish","4":"has-post-thumbnail","6":"product_cat-cd","7":"no-featured-image-padding","9":"first","10":"instock","11":"shipping-taxable","12":"purchasable","13":"product-type-simple"},"acf":[],"yoast_head":"<!-- This site is optimized with the Yoast SEO Premium plugin v27.3 (Yoast SEO v27.3) - https:\/\/yoast.com\/product\/yoast-seo-premium-wordpress\/ -->\n<title>S\u00f6knu\u00f0ur - J\u00f3hann Helgason<\/title>\n<meta name=\"robots\" content=\"index, follow, max-snippet:-1, max-image-preview:large, max-video-preview:-1\" \/>\n<link rel=\"canonical\" href=\"https:\/\/johannh.com\/product\/soknudur\/\" \/>\n<meta property=\"og:locale\" content=\"is_IS\" \/>\n<meta property=\"og:type\" content=\"article\" \/>\n<meta property=\"og:title\" content=\"S\u00f6knu\u00f0ur\" \/>\n<meta property=\"og:description\" content=\"2006\" \/>\n<meta property=\"og:url\" content=\"https:\/\/johannh.com\/product\/soknudur\/\" \/>\n<meta property=\"og:site_name\" content=\"J\u00f3hann Helgason\" \/>\n<meta property=\"article:modified_time\" content=\"2026-04-02T21:26:10+00:00\" \/>\n<meta property=\"og:image\" content=\"https:\/\/johannh.com\/wp-content\/uploads\/2026\/04\/soknudur_hires.jpg\" \/>\n\t<meta property=\"og:image:width\" content=\"640\" \/>\n\t<meta property=\"og:image:height\" content=\"631\" \/>\n\t<meta property=\"og:image:type\" content=\"image\/jpeg\" \/>\n<meta name=\"twitter:card\" content=\"summary_large_image\" \/>\n<meta name=\"twitter:label1\" content=\"Est. reading time\" \/>\n\t<meta name=\"twitter:data1\" content=\"1 minute\" \/>\n<script type=\"application\/ld+json\" class=\"yoast-schema-graph\">{\"@context\":\"https:\\\/\\\/schema.org\",\"@graph\":[{\"@type\":\"WebPage\",\"@id\":\"https:\\\/\\\/johannh.com\\\/product\\\/soknudur\\\/\",\"url\":\"https:\\\/\\\/johannh.com\\\/product\\\/soknudur\\\/\",\"name\":\"S\u00f6knu\u00f0ur - J\u00f3hann Helgason\",\"isPartOf\":{\"@id\":\"https:\\\/\\\/johannh.com.local\\\/#website\"},\"primaryImageOfPage\":{\"@id\":\"https:\\\/\\\/johannh.com\\\/product\\\/soknudur\\\/#primaryimage\"},\"image\":{\"@id\":\"https:\\\/\\\/johannh.com\\\/product\\\/soknudur\\\/#primaryimage\"},\"thumbnailUrl\":\"https:\\\/\\\/johannh.com\\\/wp-content\\\/uploads\\\/2026\\\/04\\\/soknudur_hires.jpg\",\"datePublished\":\"2025-12-01T10:21:46+00:00\",\"dateModified\":\"2026-04-02T21:26:10+00:00\",\"breadcrumb\":{\"@id\":\"https:\\\/\\\/johannh.com\\\/product\\\/soknudur\\\/#breadcrumb\"},\"inLanguage\":\"is\",\"potentialAction\":[{\"@type\":\"ReadAction\",\"target\":[\"https:\\\/\\\/johannh.com\\\/product\\\/soknudur\\\/\"]}]},{\"@type\":\"ImageObject\",\"inLanguage\":\"is\",\"@id\":\"https:\\\/\\\/johannh.com\\\/product\\\/soknudur\\\/#primaryimage\",\"url\":\"https:\\\/\\\/johannh.com\\\/wp-content\\\/uploads\\\/2026\\\/04\\\/soknudur_hires.jpg\",\"contentUrl\":\"https:\\\/\\\/johannh.com\\\/wp-content\\\/uploads\\\/2026\\\/04\\\/soknudur_hires.jpg\",\"width\":640,\"height\":631},{\"@type\":\"BreadcrumbList\",\"@id\":\"https:\\\/\\\/johannh.com\\\/product\\\/soknudur\\\/#breadcrumb\",\"itemListElement\":[{\"@type\":\"ListItem\",\"position\":1,\"name\":\"Home\",\"item\":\"https:\\\/\\\/johannh.com\\\/is\\\/\"},{\"@type\":\"ListItem\",\"position\":2,\"name\":\"Verslun\",\"item\":\"https:\\\/\\\/johannh.com\\\/shop\\\/\"},{\"@type\":\"ListItem\",\"position\":3,\"name\":\"S\u00f6knu\u00f0ur\"}]},{\"@type\":\"WebSite\",\"@id\":\"https:\\\/\\\/johannh.com.local\\\/#website\",\"url\":\"https:\\\/\\\/johannh.com.local\\\/\",\"name\":\"J\u00f3hann Helgason\",\"description\":\"lagah\u00f6fundur og s\u00f6ngvari\",\"publisher\":{\"@id\":\"https:\\\/\\\/johannh.com.local\\\/#\\\/schema\\\/person\\\/926156ac228e2306632971a8e9e9d0c4\"},\"potentialAction\":[{\"@type\":\"SearchAction\",\"target\":{\"@type\":\"EntryPoint\",\"urlTemplate\":\"https:\\\/\\\/johannh.com.local\\\/?s={search_term_string}\"},\"query-input\":{\"@type\":\"PropertyValueSpecification\",\"valueRequired\":true,\"valueName\":\"search_term_string\"}}],\"inLanguage\":\"is\"},{\"@type\":[\"Person\",\"Organization\"],\"@id\":\"https:\\\/\\\/johannh.com.local\\\/#\\\/schema\\\/person\\\/926156ac228e2306632971a8e9e9d0c4\",\"name\":\"J\u00f3hann Helgason\",\"image\":{\"@type\":\"ImageObject\",\"inLanguage\":\"is\",\"@id\":\"https:\\\/\\\/johannh.com\\\/wp-content\\\/uploads\\\/2022\\\/10\\\/johann.webp\",\"url\":\"https:\\\/\\\/johannh.com\\\/wp-content\\\/uploads\\\/2022\\\/10\\\/johann.webp\",\"contentUrl\":\"https:\\\/\\\/johannh.com\\\/wp-content\\\/uploads\\\/2022\\\/10\\\/johann.webp\",\"width\":2000,\"height\":2000,\"caption\":\"J\u00f3hann Helgason\"},\"logo\":{\"@id\":\"https:\\\/\\\/johannh.com\\\/wp-content\\\/uploads\\\/2022\\\/10\\\/johann.webp\"},\"sameAs\":[\"https:\\\/\\\/is.linkedin.com\\\/in\\\/johann-helgason-51aa5a23\",\"https:\\\/\\\/www.youtube.com\\\/user\\\/johannhcom\"],\"birthDate\":\"1949-08-06\",\"jobTitle\":\"Singer-songwriter\"}]}<\/script>\n<!-- \/ Yoast SEO Premium plugin. -->","yoast_head_json":{"title":"S\u00f6knu\u00f0ur - J\u00f3hann Helgason","robots":{"index":"index","follow":"follow","max-snippet":"max-snippet:-1","max-image-preview":"max-image-preview:large","max-video-preview":"max-video-preview:-1"},"canonical":"https:\/\/johannh.com\/product\/soknudur\/","og_locale":"is_IS","og_type":"article","og_title":"S\u00f6knu\u00f0ur","og_description":"2006","og_url":"https:\/\/johannh.com\/product\/soknudur\/","og_site_name":"J\u00f3hann Helgason","article_modified_time":"2026-04-02T21:26:10+00:00","og_image":[{"width":640,"height":631,"url":"https:\/\/johannh.com\/wp-content\/uploads\/2026\/04\/soknudur_hires.jpg","type":"image\/jpeg"}],"twitter_card":"summary_large_image","twitter_misc":{"Est. reading time":"1 minute"},"schema":{"@context":"https:\/\/schema.org","@graph":[{"@type":"WebPage","@id":"https:\/\/johannh.com\/product\/soknudur\/","url":"https:\/\/johannh.com\/product\/soknudur\/","name":"S\u00f6knu\u00f0ur - J\u00f3hann Helgason","isPartOf":{"@id":"https:\/\/johannh.com.local\/#website"},"primaryImageOfPage":{"@id":"https:\/\/johannh.com\/product\/soknudur\/#primaryimage"},"image":{"@id":"https:\/\/johannh.com\/product\/soknudur\/#primaryimage"},"thumbnailUrl":"https:\/\/johannh.com\/wp-content\/uploads\/2026\/04\/soknudur_hires.jpg","datePublished":"2025-12-01T10:21:46+00:00","dateModified":"2026-04-02T21:26:10+00:00","breadcrumb":{"@id":"https:\/\/johannh.com\/product\/soknudur\/#breadcrumb"},"inLanguage":"is","potentialAction":[{"@type":"ReadAction","target":["https:\/\/johannh.com\/product\/soknudur\/"]}]},{"@type":"ImageObject","inLanguage":"is","@id":"https:\/\/johannh.com\/product\/soknudur\/#primaryimage","url":"https:\/\/johannh.com\/wp-content\/uploads\/2026\/04\/soknudur_hires.jpg","contentUrl":"https:\/\/johannh.com\/wp-content\/uploads\/2026\/04\/soknudur_hires.jpg","width":640,"height":631},{"@type":"BreadcrumbList","@id":"https:\/\/johannh.com\/product\/soknudur\/#breadcrumb","itemListElement":[{"@type":"ListItem","position":1,"name":"Home","item":"https:\/\/johannh.com\/is\/"},{"@type":"ListItem","position":2,"name":"Verslun","item":"https:\/\/johannh.com\/shop\/"},{"@type":"ListItem","position":3,"name":"S\u00f6knu\u00f0ur"}]},{"@type":"WebSite","@id":"https:\/\/johannh.com.local\/#website","url":"https:\/\/johannh.com.local\/","name":"J\u00f3hann Helgason","description":"lagah\u00f6fundur og s\u00f6ngvari","publisher":{"@id":"https:\/\/johannh.com.local\/#\/schema\/person\/926156ac228e2306632971a8e9e9d0c4"},"potentialAction":[{"@type":"SearchAction","target":{"@type":"EntryPoint","urlTemplate":"https:\/\/johannh.com.local\/?s={search_term_string}"},"query-input":{"@type":"PropertyValueSpecification","valueRequired":true,"valueName":"search_term_string"}}],"inLanguage":"is"},{"@type":["Person","Organization"],"@id":"https:\/\/johannh.com.local\/#\/schema\/person\/926156ac228e2306632971a8e9e9d0c4","name":"J\u00f3hann Helgason","image":{"@type":"ImageObject","inLanguage":"is","@id":"https:\/\/johannh.com\/wp-content\/uploads\/2022\/10\/johann.webp","url":"https:\/\/johannh.com\/wp-content\/uploads\/2022\/10\/johann.webp","contentUrl":"https:\/\/johannh.com\/wp-content\/uploads\/2022\/10\/johann.webp","width":2000,"height":2000,"caption":"J\u00f3hann Helgason"},"logo":{"@id":"https:\/\/johannh.com\/wp-content\/uploads\/2022\/10\/johann.webp"},"sameAs":["https:\/\/is.linkedin.com\/in\/johann-helgason-51aa5a23","https:\/\/www.youtube.com\/user\/johannhcom"],"birthDate":"1949-08-06","jobTitle":"Singer-songwriter"}]}},"_links":{"self":[{"href":"https:\/\/johannh.com\/is\/wp-json\/wp\/v2\/product\/5616","targetHints":{"allow":["GET"]}}],"collection":[{"href":"https:\/\/johannh.com\/is\/wp-json\/wp\/v2\/product"}],"about":[{"href":"https:\/\/johannh.com\/is\/wp-json\/wp\/v2\/types\/product"}],"wp:featuredmedia":[{"embeddable":true,"href":"https:\/\/johannh.com\/is\/wp-json\/wp\/v2\/media\/5763"}],"wp:attachment":[{"href":"https:\/\/johannh.com\/is\/wp-json\/wp\/v2\/media?parent=5616"}],"wp:term":[{"taxonomy":"product_brand","embeddable":true,"href":"https:\/\/johannh.com\/is\/wp-json\/wp\/v2\/product_brand?post=5616"},{"taxonomy":"product_cat","embeddable":true,"href":"https:\/\/johannh.com\/is\/wp-json\/wp\/v2\/product_cat?post=5616"},{"taxonomy":"product_tag","embeddable":true,"href":"https:\/\/johannh.com\/is\/wp-json\/wp\/v2\/product_tag?post=5616"}],"curies":[{"name":"wp","href":"https:\/\/api.w.org\/{rel}","templated":true}]}}