{"id":5615,"date":"2025-12-01T10:21:43","date_gmt":"2025-12-01T10:21:43","guid":{"rendered":"https:\/\/johannh.com\/product\/kundalini-2\/"},"modified":"2026-04-03T16:35:31","modified_gmt":"2026-04-03T16:35:31","slug":"kundalini-2","status":"publish","type":"product","link":"https:\/\/johannh.com\/is\/product\/kundalini-2\/","title":{"rendered":"Kundalini"},"content":{"rendered":"<p>Compilation CD<\/p>\n<p>1. Think It Over<br \/>\n2. Bid Me to Live<br \/>\n3. Someway, Somehow<br \/>\n4. Love Me True<br \/>\n5. Working Girl<br \/>\n6. Laugh or Cry<br \/>\n7. River<br \/>\n8. Be My Girl<br \/>\n9. Falling Rain<br \/>\n10. Freeze<br \/>\n11. When You Fall<br \/>\n12. Don\u00b4t Get Me Wrong<br \/>\n13. Kundalini<br \/>\n14. Waiting for Your Love<br \/>\n15. We Can Fly<br \/>\n16. Don\u00b4t Walk Away<br \/>\n17. Anyway U Want Me<\/p>\n<p>Uppt\u00f6kustj\u00f3rn, Jon Kjell Seljeseth \/ Stj\u00f3rn uppt\u00f6ku \u00e1 s\u00f6ng, Steinar G\u00edslason \/ \u00datsetningar, Jon Kjell, J\u00f3hann Helgason \/ Hlj\u00f3\u00f0f\u00e6raleikur: Jon Kjell, hlj\u00f3mbor\u00f0, forritun \/ J\u00f3hann \u00c1smundsson, bassi \/ Gu\u00f0mundur P\u00e9tursson, Sigurgeir Sigmundsson, rafmagnsg\u00edtar \/ J\u00f3hann Helgason, kassag\u00edtar, r\u00f6ddun \/ Hlj\u00f3\u00f0ritun: Steinar G\u00edslason, J\u00f3hann \u00c1smundsson, Gu\u00f0m. Kristinn J\u00f3nsson, Gunnar Sm\u00e1ri Helgason, Sameinu\u00f0u furstad\u00e6min, F\u00cdH, Uppt\u00f6kuheimili Geimsteins, Lindin \/ Hlj\u00f3\u00f0bl\u00f6ndun, Gunnar Sm\u00e1ri, Jon Kjell \/ Stafr\u00e6n t\u00f3nj\u00f6fnun, Gunnar Sm\u00e1ri, 2002 \/ H\u00f6nnun, Komdu \u00e1 morgun, J\u00f3hann Helgason \/ Lj\u00f3smynd, Lill\u00fd \u00a9 Hugverka\u00fatg\u00e1fan\/Rindi 2002<\/p>\n","protected":false},"excerpt":{"rendered":"<p>2001<\/p>\n","protected":false},"featured_media":5747,"template":"","meta":{"_acf_changed":false},"product_brand":[],"product_cat":[65],"product_tag":[],"class_list":{"0":"post-5615","1":"product","2":"type-product","3":"status-publish","4":"has-post-thumbnail","6":"product_cat-cd","7":"no-featured-image-padding","9":"first","10":"instock","11":"shipping-taxable","12":"purchasable","13":"product-type-simple"},"acf":[],"yoast_head":"<!-- This site is optimized with the Yoast SEO Premium plugin v27.3 (Yoast SEO v27.3) - https:\/\/yoast.com\/product\/yoast-seo-premium-wordpress\/ -->\n<title>Kundalini - J\u00f3hann Helgason<\/title>\n<meta name=\"robots\" content=\"index, follow, max-snippet:-1, max-image-preview:large, max-video-preview:-1\" \/>\n<link rel=\"canonical\" href=\"https:\/\/johannh.com\/is\/product\/kundalini-2\/\" \/>\n<meta property=\"og:locale\" content=\"is_IS\" \/>\n<meta property=\"og:type\" content=\"article\" \/>\n<meta property=\"og:title\" content=\"Kundalini\" \/>\n<meta property=\"og:description\" content=\"2001\" \/>\n<meta property=\"og:url\" content=\"https:\/\/johannh.com\/is\/product\/kundalini-2\/\" \/>\n<meta property=\"og:site_name\" content=\"J\u00f3hann Helgason\" \/>\n<meta property=\"article:modified_time\" content=\"2026-04-03T16:35:31+00:00\" \/>\n<meta property=\"og:image\" content=\"https:\/\/johannh.com\/wp-content\/uploads\/2026\/04\/Kundalini.jpg\" \/>\n\t<meta property=\"og:image:width\" content=\"256\" \/>\n\t<meta property=\"og:image:height\" content=\"256\" \/>\n\t<meta property=\"og:image:type\" content=\"image\/jpeg\" \/>\n<meta name=\"twitter:card\" content=\"summary_large_image\" \/>\n<meta name=\"twitter:label1\" content=\"Est. reading time\" \/>\n\t<meta name=\"twitter:data1\" content=\"1 minute\" \/>\n<script type=\"application\/ld+json\" class=\"yoast-schema-graph\">{\"@context\":\"https:\\\/\\\/schema.org\",\"@graph\":[{\"@type\":\"WebPage\",\"@id\":\"https:\\\/\\\/johannh.com\\\/is\\\/product\\\/kundalini-2\\\/\",\"url\":\"https:\\\/\\\/johannh.com\\\/is\\\/product\\\/kundalini-2\\\/\",\"name\":\"Kundalini - J\u00f3hann Helgason\",\"isPartOf\":{\"@id\":\"https:\\\/\\\/johannh.com.local\\\/#website\"},\"primaryImageOfPage\":{\"@id\":\"https:\\\/\\\/johannh.com\\\/is\\\/product\\\/kundalini-2\\\/#primaryimage\"},\"image\":{\"@id\":\"https:\\\/\\\/johannh.com\\\/is\\\/product\\\/kundalini-2\\\/#primaryimage\"},\"thumbnailUrl\":\"https:\\\/\\\/johannh.com\\\/wp-content\\\/uploads\\\/2026\\\/04\\\/Kundalini.jpg\",\"datePublished\":\"2025-12-01T10:21:43+00:00\",\"dateModified\":\"2026-04-03T16:35:31+00:00\",\"breadcrumb\":{\"@id\":\"https:\\\/\\\/johannh.com\\\/is\\\/product\\\/kundalini-2\\\/#breadcrumb\"},\"inLanguage\":\"is\",\"potentialAction\":[{\"@type\":\"ReadAction\",\"target\":[\"https:\\\/\\\/johannh.com\\\/is\\\/product\\\/kundalini-2\\\/\"]}]},{\"@type\":\"ImageObject\",\"inLanguage\":\"is\",\"@id\":\"https:\\\/\\\/johannh.com\\\/is\\\/product\\\/kundalini-2\\\/#primaryimage\",\"url\":\"https:\\\/\\\/johannh.com\\\/wp-content\\\/uploads\\\/2026\\\/04\\\/Kundalini.jpg\",\"contentUrl\":\"https:\\\/\\\/johannh.com\\\/wp-content\\\/uploads\\\/2026\\\/04\\\/Kundalini.jpg\",\"width\":256,\"height\":256},{\"@type\":\"BreadcrumbList\",\"@id\":\"https:\\\/\\\/johannh.com\\\/is\\\/product\\\/kundalini-2\\\/#breadcrumb\",\"itemListElement\":[{\"@type\":\"ListItem\",\"position\":1,\"name\":\"Home\",\"item\":\"https:\\\/\\\/johannh.com\\\/is\\\/\"},{\"@type\":\"ListItem\",\"position\":2,\"name\":\"Verslun\",\"item\":\"https:\\\/\\\/johannh.com\\\/shop\\\/\"},{\"@type\":\"ListItem\",\"position\":3,\"name\":\"Kundalini\"}]},{\"@type\":\"WebSite\",\"@id\":\"https:\\\/\\\/johannh.com.local\\\/#website\",\"url\":\"https:\\\/\\\/johannh.com.local\\\/\",\"name\":\"J\u00f3hann Helgason\",\"description\":\"lagah\u00f6fundur og s\u00f6ngvari\",\"publisher\":{\"@id\":\"https:\\\/\\\/johannh.com.local\\\/#\\\/schema\\\/person\\\/926156ac228e2306632971a8e9e9d0c4\"},\"potentialAction\":[{\"@type\":\"SearchAction\",\"target\":{\"@type\":\"EntryPoint\",\"urlTemplate\":\"https:\\\/\\\/johannh.com.local\\\/?s={search_term_string}\"},\"query-input\":{\"@type\":\"PropertyValueSpecification\",\"valueRequired\":true,\"valueName\":\"search_term_string\"}}],\"inLanguage\":\"is\"},{\"@type\":[\"Person\",\"Organization\"],\"@id\":\"https:\\\/\\\/johannh.com.local\\\/#\\\/schema\\\/person\\\/926156ac228e2306632971a8e9e9d0c4\",\"name\":\"J\u00f3hann Helgason\",\"image\":{\"@type\":\"ImageObject\",\"inLanguage\":\"is\",\"@id\":\"https:\\\/\\\/johannh.com\\\/wp-content\\\/uploads\\\/2022\\\/10\\\/johann.webp\",\"url\":\"https:\\\/\\\/johannh.com\\\/wp-content\\\/uploads\\\/2022\\\/10\\\/johann.webp\",\"contentUrl\":\"https:\\\/\\\/johannh.com\\\/wp-content\\\/uploads\\\/2022\\\/10\\\/johann.webp\",\"width\":2000,\"height\":2000,\"caption\":\"J\u00f3hann Helgason\"},\"logo\":{\"@id\":\"https:\\\/\\\/johannh.com\\\/wp-content\\\/uploads\\\/2022\\\/10\\\/johann.webp\"},\"sameAs\":[\"https:\\\/\\\/is.linkedin.com\\\/in\\\/johann-helgason-51aa5a23\",\"https:\\\/\\\/www.youtube.com\\\/user\\\/johannhcom\"],\"birthDate\":\"1949-08-06\",\"jobTitle\":\"Singer-songwriter\"}]}<\/script>\n<!-- \/ Yoast SEO Premium plugin. -->","yoast_head_json":{"title":"Kundalini - J\u00f3hann Helgason","robots":{"index":"index","follow":"follow","max-snippet":"max-snippet:-1","max-image-preview":"max-image-preview:large","max-video-preview":"max-video-preview:-1"},"canonical":"https:\/\/johannh.com\/is\/product\/kundalini-2\/","og_locale":"is_IS","og_type":"article","og_title":"Kundalini","og_description":"2001","og_url":"https:\/\/johannh.com\/is\/product\/kundalini-2\/","og_site_name":"J\u00f3hann Helgason","article_modified_time":"2026-04-03T16:35:31+00:00","og_image":[{"width":256,"height":256,"url":"https:\/\/johannh.com\/wp-content\/uploads\/2026\/04\/Kundalini.jpg","type":"image\/jpeg"}],"twitter_card":"summary_large_image","twitter_misc":{"Est. reading time":"1 minute"},"schema":{"@context":"https:\/\/schema.org","@graph":[{"@type":"WebPage","@id":"https:\/\/johannh.com\/is\/product\/kundalini-2\/","url":"https:\/\/johannh.com\/is\/product\/kundalini-2\/","name":"Kundalini - J\u00f3hann Helgason","isPartOf":{"@id":"https:\/\/johannh.com.local\/#website"},"primaryImageOfPage":{"@id":"https:\/\/johannh.com\/is\/product\/kundalini-2\/#primaryimage"},"image":{"@id":"https:\/\/johannh.com\/is\/product\/kundalini-2\/#primaryimage"},"thumbnailUrl":"https:\/\/johannh.com\/wp-content\/uploads\/2026\/04\/Kundalini.jpg","datePublished":"2025-12-01T10:21:43+00:00","dateModified":"2026-04-03T16:35:31+00:00","breadcrumb":{"@id":"https:\/\/johannh.com\/is\/product\/kundalini-2\/#breadcrumb"},"inLanguage":"is","potentialAction":[{"@type":"ReadAction","target":["https:\/\/johannh.com\/is\/product\/kundalini-2\/"]}]},{"@type":"ImageObject","inLanguage":"is","@id":"https:\/\/johannh.com\/is\/product\/kundalini-2\/#primaryimage","url":"https:\/\/johannh.com\/wp-content\/uploads\/2026\/04\/Kundalini.jpg","contentUrl":"https:\/\/johannh.com\/wp-content\/uploads\/2026\/04\/Kundalini.jpg","width":256,"height":256},{"@type":"BreadcrumbList","@id":"https:\/\/johannh.com\/is\/product\/kundalini-2\/#breadcrumb","itemListElement":[{"@type":"ListItem","position":1,"name":"Home","item":"https:\/\/johannh.com\/is\/"},{"@type":"ListItem","position":2,"name":"Verslun","item":"https:\/\/johannh.com\/shop\/"},{"@type":"ListItem","position":3,"name":"Kundalini"}]},{"@type":"WebSite","@id":"https:\/\/johannh.com.local\/#website","url":"https:\/\/johannh.com.local\/","name":"J\u00f3hann Helgason","description":"lagah\u00f6fundur og s\u00f6ngvari","publisher":{"@id":"https:\/\/johannh.com.local\/#\/schema\/person\/926156ac228e2306632971a8e9e9d0c4"},"potentialAction":[{"@type":"SearchAction","target":{"@type":"EntryPoint","urlTemplate":"https:\/\/johannh.com.local\/?s={search_term_string}"},"query-input":{"@type":"PropertyValueSpecification","valueRequired":true,"valueName":"search_term_string"}}],"inLanguage":"is"},{"@type":["Person","Organization"],"@id":"https:\/\/johannh.com.local\/#\/schema\/person\/926156ac228e2306632971a8e9e9d0c4","name":"J\u00f3hann Helgason","image":{"@type":"ImageObject","inLanguage":"is","@id":"https:\/\/johannh.com\/wp-content\/uploads\/2022\/10\/johann.webp","url":"https:\/\/johannh.com\/wp-content\/uploads\/2022\/10\/johann.webp","contentUrl":"https:\/\/johannh.com\/wp-content\/uploads\/2022\/10\/johann.webp","width":2000,"height":2000,"caption":"J\u00f3hann Helgason"},"logo":{"@id":"https:\/\/johannh.com\/wp-content\/uploads\/2022\/10\/johann.webp"},"sameAs":["https:\/\/is.linkedin.com\/in\/johann-helgason-51aa5a23","https:\/\/www.youtube.com\/user\/johannhcom"],"birthDate":"1949-08-06","jobTitle":"Singer-songwriter"}]}},"_links":{"self":[{"href":"https:\/\/johannh.com\/is\/wp-json\/wp\/v2\/product\/5615","targetHints":{"allow":["GET"]}}],"collection":[{"href":"https:\/\/johannh.com\/is\/wp-json\/wp\/v2\/product"}],"about":[{"href":"https:\/\/johannh.com\/is\/wp-json\/wp\/v2\/types\/product"}],"wp:featuredmedia":[{"embeddable":true,"href":"https:\/\/johannh.com\/is\/wp-json\/wp\/v2\/media\/5747"}],"wp:attachment":[{"href":"https:\/\/johannh.com\/is\/wp-json\/wp\/v2\/media?parent=5615"}],"wp:term":[{"taxonomy":"product_brand","embeddable":true,"href":"https:\/\/johannh.com\/is\/wp-json\/wp\/v2\/product_brand?post=5615"},{"taxonomy":"product_cat","embeddable":true,"href":"https:\/\/johannh.com\/is\/wp-json\/wp\/v2\/product_cat?post=5615"},{"taxonomy":"product_tag","embeddable":true,"href":"https:\/\/johannh.com\/is\/wp-json\/wp\/v2\/product_tag?post=5615"}],"curies":[{"name":"wp","href":"https:\/\/api.w.org\/{rel}","templated":true}]}}