{"id":5614,"date":"2025-12-01T10:21:39","date_gmt":"2025-12-01T10:21:39","guid":{"rendered":"https:\/\/johannh.com\/product\/rock-opera-2\/"},"modified":"2026-04-02T21:26:08","modified_gmt":"2026-04-02T21:26:08","slug":"rock-opera-2","status":"publish","type":"product","link":"https:\/\/johannh.com\/is\/product\/rock-opera-2\/","title":{"rendered":"Rock Opera"},"content":{"rendered":"<p>FJALLA-EYVINDUR OG HALLA &#8211; ROKK\u00d3PERA<br \/>\nCD &#8211; S\u00d6NGTEXTAR &#8211; N\u00d3TUR &#8211; S\u00d6GU\u00deR\u00c1\u00d0UR &#8211; MYNDSKREYTINGAR 120 BLS.<\/p>\n<p>1. Forleikur-S\u00f6ngur Eyvindar<br \/>\n2. H\u00e1tt<br \/>\n3. S\u00f6ngur S\u00fdslumanns<br \/>\n4. \u00d3, Halla<br \/>\n5. Saman<br \/>\n6. Amtmanns\u00f3\u00f0ur<br \/>\n7. S\u00f6ngur Gu\u00f0r\u00fanar<br \/>\n8. Arnes og Abraham<br \/>\n9. Frj\u00e1ls<br \/>\n10. Stund milli str\u00ed\u00f0a<br \/>\n11. Vetrart\u00ed\u00f0<br \/>\n12. \u00cd fjallasal<br \/>\n13. Barn<br \/>\n14. V\u00f6gguv\u00edsa<br \/>\n15. Brennum allt<br \/>\n16. Hjartas\u00e1r<br \/>\n17. B\u00e6ndagl\u00edma<br \/>\n18. B\u00f6\u00f0ulsv\u00edsa<br \/>\n19. \u00d6rl\u00f6g k\u00f6ld<br \/>\n20. Treystu, tr\u00fa\u00f0u<br \/>\n21. Hv\u00edl \u00ed fri\u00f0i<br \/>\n22. Eftirspil<\/p>\n<p>Byggt \u00e1 Saga Fjalla-Eyvindar eftir Gu\u00f0mund Gu\u00f0na Gu\u00f0mundsson<br \/>\nT\u00f3nlist &amp; textar, J\u00f3hann Helgason \/ S\u00f6ngur: Stef\u00e1n Jakobsson, J\u00f3hanna Gu\u00f0r\u00fan J\u00f3nsd\u00f3ttir, Gu\u00f0mundur Magni \u00c1sgeirsson \/ \u00datsetningar, J\u00f3hann Helgason &amp; Karl Olgeirsson \/ Uppt\u00f6kustj\u00f3rn, Karl Olgeirsson, J\u00f3hann Helgason, Stef\u00e1n \u00d6rn Gunnlaugsson \/ Hlj\u00f3\u00f0f\u00e6raleikur: Karl Olgeirsson, Hammond, p\u00edan\u00f3, hlj\u00f3mbor\u00f0 \/ \u00d3lafur H\u00f3lm Einarsson, trommur, slagverk \/ Andri \u00d3lafsson, bassi \/ Gu\u00f0mundur P\u00e9tursson, g\u00edtar \/ Ari Bragi K\u00e1rason, m\u00e1lmbl\u00e1stur \/ Matth\u00edas Stef\u00e1nsson, fi\u00f0la \/ Stef\u00e1n \u00d6rn Gunnlaugsson, Strengjahlj\u00f3mbor\u00f0, flauta \/ J\u00f3hann Helgason, kassag\u00edtar, r\u00f6ddun \/ Gerry Shury, strengja\u00fatsetning lag# 21 \/ Birgir Hrafnsson &amp; Birgir Gu\u00f0mundsson, g\u00edtar\u00fatsetning lag# 20 \/ Uppt\u00f6kumenn, uppt\u00f6kuver: Fri\u00f0j\u00f3n J\u00f3nsson, Gu\u00f0mundur Kristinn J\u00f3nsson, Hlj\u00f3\u00f0riti, Hafnarfir\u00f0i, 2018 \/ Karl Olgeirsson, Snj\u00f3h\u00fasi\u00f0 2018 &amp; 2019 \/ Magni \u00c1sgeirsson, T\u00f3nr\u00e6ktin, Akureyri 2019 \/ Stef\u00e1n \u00d6rn Gunnlaugsson, Aldingar\u00f0urinn 2019 &amp; 2020 \/ Hlj\u00f3\u00f0bl\u00f6ndun, Stef\u00e1n \u00d6rn Gunnlaugsson, Aldingar\u00f0urinn 2020 \/ Stafr\u00e6n t\u00f3nj\u00f6fnun, Addi 800, 2021<br \/>\nH\u00f6nnun, Inga D\u00f3ra J\u00f3hannsd\u00f3ttir \/ \u00a9 2022 Hugverka\u00fatg\u00e1fan<\/p>\n","protected":false},"excerpt":{"rendered":"<p>2022<\/p>\n","protected":false},"featured_media":5745,"template":"","meta":{"_acf_changed":false},"product_brand":[],"product_cat":[65],"product_tag":[],"class_list":{"0":"post-5614","1":"product","2":"type-product","3":"status-publish","4":"has-post-thumbnail","6":"product_cat-cd","7":"no-featured-image-padding","9":"first","10":"instock","11":"shipping-taxable","12":"purchasable","13":"product-type-simple"},"acf":[],"yoast_head":"<!-- This site is optimized with the Yoast SEO Premium plugin v27.3 (Yoast SEO v27.3) - https:\/\/yoast.com\/product\/yoast-seo-premium-wordpress\/ -->\n<title>Rock Opera - J\u00f3hann Helgason<\/title>\n<meta name=\"robots\" content=\"index, follow, max-snippet:-1, max-image-preview:large, max-video-preview:-1\" \/>\n<link rel=\"canonical\" href=\"https:\/\/johannh.com\/product\/rock-opera\/\" \/>\n<meta property=\"og:locale\" content=\"is_IS\" \/>\n<meta property=\"og:type\" content=\"article\" \/>\n<meta property=\"og:title\" content=\"Rock Opera\" \/>\n<meta property=\"og:description\" content=\"2022\" \/>\n<meta property=\"og:url\" content=\"https:\/\/johannh.com\/product\/rock-opera\/\" \/>\n<meta property=\"og:site_name\" content=\"J\u00f3hann Helgason\" \/>\n<meta property=\"article:modified_time\" content=\"2026-04-02T21:26:08+00:00\" \/>\n<meta property=\"og:image\" content=\"https:\/\/johannh.com\/wp-content\/uploads\/2026\/04\/RockOpera.jpg\" \/>\n\t<meta property=\"og:image:width\" content=\"1004\" \/>\n\t<meta property=\"og:image:height\" content=\"1465\" \/>\n\t<meta property=\"og:image:type\" content=\"image\/jpeg\" \/>\n<meta name=\"twitter:card\" content=\"summary_large_image\" \/>\n<meta name=\"twitter:label1\" content=\"Est. reading time\" \/>\n\t<meta name=\"twitter:data1\" content=\"1 minute\" \/>\n<script type=\"application\/ld+json\" class=\"yoast-schema-graph\">{\"@context\":\"https:\\\/\\\/schema.org\",\"@graph\":[{\"@type\":\"WebPage\",\"@id\":\"https:\\\/\\\/johannh.com\\\/product\\\/rock-opera\\\/\",\"url\":\"https:\\\/\\\/johannh.com\\\/product\\\/rock-opera\\\/\",\"name\":\"Rock Opera - J\u00f3hann Helgason\",\"isPartOf\":{\"@id\":\"https:\\\/\\\/johannh.com.local\\\/#website\"},\"primaryImageOfPage\":{\"@id\":\"https:\\\/\\\/johannh.com\\\/product\\\/rock-opera\\\/#primaryimage\"},\"image\":{\"@id\":\"https:\\\/\\\/johannh.com\\\/product\\\/rock-opera\\\/#primaryimage\"},\"thumbnailUrl\":\"https:\\\/\\\/johannh.com\\\/wp-content\\\/uploads\\\/2026\\\/04\\\/RockOpera.jpg\",\"datePublished\":\"2025-12-01T10:21:39+00:00\",\"dateModified\":\"2026-04-02T21:26:08+00:00\",\"breadcrumb\":{\"@id\":\"https:\\\/\\\/johannh.com\\\/product\\\/rock-opera\\\/#breadcrumb\"},\"inLanguage\":\"is\",\"potentialAction\":[{\"@type\":\"ReadAction\",\"target\":[\"https:\\\/\\\/johannh.com\\\/product\\\/rock-opera\\\/\"]}]},{\"@type\":\"ImageObject\",\"inLanguage\":\"is\",\"@id\":\"https:\\\/\\\/johannh.com\\\/product\\\/rock-opera\\\/#primaryimage\",\"url\":\"https:\\\/\\\/johannh.com\\\/wp-content\\\/uploads\\\/2026\\\/04\\\/RockOpera.jpg\",\"contentUrl\":\"https:\\\/\\\/johannh.com\\\/wp-content\\\/uploads\\\/2026\\\/04\\\/RockOpera.jpg\",\"width\":1004,\"height\":1465},{\"@type\":\"BreadcrumbList\",\"@id\":\"https:\\\/\\\/johannh.com\\\/product\\\/rock-opera\\\/#breadcrumb\",\"itemListElement\":[{\"@type\":\"ListItem\",\"position\":1,\"name\":\"Home\",\"item\":\"https:\\\/\\\/johannh.com\\\/is\\\/\"},{\"@type\":\"ListItem\",\"position\":2,\"name\":\"Verslun\",\"item\":\"https:\\\/\\\/johannh.com\\\/shop\\\/\"},{\"@type\":\"ListItem\",\"position\":3,\"name\":\"Rock Opera\"}]},{\"@type\":\"WebSite\",\"@id\":\"https:\\\/\\\/johannh.com.local\\\/#website\",\"url\":\"https:\\\/\\\/johannh.com.local\\\/\",\"name\":\"J\u00f3hann Helgason\",\"description\":\"lagah\u00f6fundur og s\u00f6ngvari\",\"publisher\":{\"@id\":\"https:\\\/\\\/johannh.com.local\\\/#\\\/schema\\\/person\\\/926156ac228e2306632971a8e9e9d0c4\"},\"potentialAction\":[{\"@type\":\"SearchAction\",\"target\":{\"@type\":\"EntryPoint\",\"urlTemplate\":\"https:\\\/\\\/johannh.com.local\\\/?s={search_term_string}\"},\"query-input\":{\"@type\":\"PropertyValueSpecification\",\"valueRequired\":true,\"valueName\":\"search_term_string\"}}],\"inLanguage\":\"is\"},{\"@type\":[\"Person\",\"Organization\"],\"@id\":\"https:\\\/\\\/johannh.com.local\\\/#\\\/schema\\\/person\\\/926156ac228e2306632971a8e9e9d0c4\",\"name\":\"J\u00f3hann Helgason\",\"image\":{\"@type\":\"ImageObject\",\"inLanguage\":\"is\",\"@id\":\"https:\\\/\\\/johannh.com\\\/wp-content\\\/uploads\\\/2022\\\/10\\\/johann.webp\",\"url\":\"https:\\\/\\\/johannh.com\\\/wp-content\\\/uploads\\\/2022\\\/10\\\/johann.webp\",\"contentUrl\":\"https:\\\/\\\/johannh.com\\\/wp-content\\\/uploads\\\/2022\\\/10\\\/johann.webp\",\"width\":2000,\"height\":2000,\"caption\":\"J\u00f3hann Helgason\"},\"logo\":{\"@id\":\"https:\\\/\\\/johannh.com\\\/wp-content\\\/uploads\\\/2022\\\/10\\\/johann.webp\"},\"sameAs\":[\"https:\\\/\\\/is.linkedin.com\\\/in\\\/johann-helgason-51aa5a23\",\"https:\\\/\\\/www.youtube.com\\\/user\\\/johannhcom\"],\"birthDate\":\"1949-08-06\",\"jobTitle\":\"Singer-songwriter\"}]}<\/script>\n<!-- \/ Yoast SEO Premium plugin. -->","yoast_head_json":{"title":"Rock Opera - J\u00f3hann Helgason","robots":{"index":"index","follow":"follow","max-snippet":"max-snippet:-1","max-image-preview":"max-image-preview:large","max-video-preview":"max-video-preview:-1"},"canonical":"https:\/\/johannh.com\/product\/rock-opera\/","og_locale":"is_IS","og_type":"article","og_title":"Rock Opera","og_description":"2022","og_url":"https:\/\/johannh.com\/product\/rock-opera\/","og_site_name":"J\u00f3hann Helgason","article_modified_time":"2026-04-02T21:26:08+00:00","og_image":[{"width":1004,"height":1465,"url":"https:\/\/johannh.com\/wp-content\/uploads\/2026\/04\/RockOpera.jpg","type":"image\/jpeg"}],"twitter_card":"summary_large_image","twitter_misc":{"Est. reading time":"1 minute"},"schema":{"@context":"https:\/\/schema.org","@graph":[{"@type":"WebPage","@id":"https:\/\/johannh.com\/product\/rock-opera\/","url":"https:\/\/johannh.com\/product\/rock-opera\/","name":"Rock Opera - J\u00f3hann Helgason","isPartOf":{"@id":"https:\/\/johannh.com.local\/#website"},"primaryImageOfPage":{"@id":"https:\/\/johannh.com\/product\/rock-opera\/#primaryimage"},"image":{"@id":"https:\/\/johannh.com\/product\/rock-opera\/#primaryimage"},"thumbnailUrl":"https:\/\/johannh.com\/wp-content\/uploads\/2026\/04\/RockOpera.jpg","datePublished":"2025-12-01T10:21:39+00:00","dateModified":"2026-04-02T21:26:08+00:00","breadcrumb":{"@id":"https:\/\/johannh.com\/product\/rock-opera\/#breadcrumb"},"inLanguage":"is","potentialAction":[{"@type":"ReadAction","target":["https:\/\/johannh.com\/product\/rock-opera\/"]}]},{"@type":"ImageObject","inLanguage":"is","@id":"https:\/\/johannh.com\/product\/rock-opera\/#primaryimage","url":"https:\/\/johannh.com\/wp-content\/uploads\/2026\/04\/RockOpera.jpg","contentUrl":"https:\/\/johannh.com\/wp-content\/uploads\/2026\/04\/RockOpera.jpg","width":1004,"height":1465},{"@type":"BreadcrumbList","@id":"https:\/\/johannh.com\/product\/rock-opera\/#breadcrumb","itemListElement":[{"@type":"ListItem","position":1,"name":"Home","item":"https:\/\/johannh.com\/is\/"},{"@type":"ListItem","position":2,"name":"Verslun","item":"https:\/\/johannh.com\/shop\/"},{"@type":"ListItem","position":3,"name":"Rock Opera"}]},{"@type":"WebSite","@id":"https:\/\/johannh.com.local\/#website","url":"https:\/\/johannh.com.local\/","name":"J\u00f3hann Helgason","description":"lagah\u00f6fundur og s\u00f6ngvari","publisher":{"@id":"https:\/\/johannh.com.local\/#\/schema\/person\/926156ac228e2306632971a8e9e9d0c4"},"potentialAction":[{"@type":"SearchAction","target":{"@type":"EntryPoint","urlTemplate":"https:\/\/johannh.com.local\/?s={search_term_string}"},"query-input":{"@type":"PropertyValueSpecification","valueRequired":true,"valueName":"search_term_string"}}],"inLanguage":"is"},{"@type":["Person","Organization"],"@id":"https:\/\/johannh.com.local\/#\/schema\/person\/926156ac228e2306632971a8e9e9d0c4","name":"J\u00f3hann Helgason","image":{"@type":"ImageObject","inLanguage":"is","@id":"https:\/\/johannh.com\/wp-content\/uploads\/2022\/10\/johann.webp","url":"https:\/\/johannh.com\/wp-content\/uploads\/2022\/10\/johann.webp","contentUrl":"https:\/\/johannh.com\/wp-content\/uploads\/2022\/10\/johann.webp","width":2000,"height":2000,"caption":"J\u00f3hann Helgason"},"logo":{"@id":"https:\/\/johannh.com\/wp-content\/uploads\/2022\/10\/johann.webp"},"sameAs":["https:\/\/is.linkedin.com\/in\/johann-helgason-51aa5a23","https:\/\/www.youtube.com\/user\/johannhcom"],"birthDate":"1949-08-06","jobTitle":"Singer-songwriter"}]}},"_links":{"self":[{"href":"https:\/\/johannh.com\/is\/wp-json\/wp\/v2\/product\/5614","targetHints":{"allow":["GET"]}}],"collection":[{"href":"https:\/\/johannh.com\/is\/wp-json\/wp\/v2\/product"}],"about":[{"href":"https:\/\/johannh.com\/is\/wp-json\/wp\/v2\/types\/product"}],"wp:featuredmedia":[{"embeddable":true,"href":"https:\/\/johannh.com\/is\/wp-json\/wp\/v2\/media\/5745"}],"wp:attachment":[{"href":"https:\/\/johannh.com\/is\/wp-json\/wp\/v2\/media?parent=5614"}],"wp:term":[{"taxonomy":"product_brand","embeddable":true,"href":"https:\/\/johannh.com\/is\/wp-json\/wp\/v2\/product_brand?post=5614"},{"taxonomy":"product_cat","embeddable":true,"href":"https:\/\/johannh.com\/is\/wp-json\/wp\/v2\/product_cat?post=5614"},{"taxonomy":"product_tag","embeddable":true,"href":"https:\/\/johannh.com\/is\/wp-json\/wp\/v2\/product_tag?post=5614"}],"curies":[{"name":"wp","href":"https:\/\/api.w.org\/{rel}","templated":true}]}}