{"id":5613,"date":"2025-12-01T10:21:36","date_gmt":"2025-12-01T10:21:36","guid":{"rendered":"https:\/\/johannh.com\/product\/astin-2\/"},"modified":"2026-04-04T15:41:47","modified_gmt":"2026-04-04T15:41:47","slug":"astin-2","status":"publish","type":"product","link":"https:\/\/johannh.com\/is\/product\/astin-2\/","title":{"rendered":"\u00c1stin"},"content":{"rendered":"<p>\u00c1STIN &#8211; V\u00ednyll + Kassetta<\/p>\n<p>1. I Wanna Be with You<br \/>\n2. Don\u00b4t<br \/>\n3. Girlfriend<br \/>\n4. If<br \/>\n5. Blueberry Bush<br \/>\n6. Do You Still Believe in Love<br \/>\n7. I\u00b4m Sorry<br \/>\n8. Blue Boy<br \/>\n9. Father of the Sun<br \/>\n10. Celia<\/p>\n<p>Uppt\u00f6kustj\u00f3rn, Ey\u00fe\u00f3r Gunnarsson \/ \u00datsetningar, Ey\u00fe\u00f3r Gunnarsson, J\u00f3hann Helgason \/ Hlj\u00f3\u00f0f\u00e6raleikur: Ey\u00fe\u00f3r Gunnarsson, p\u00edan\u00f3, hlj\u00f3mbor\u00f0 \/ Sk\u00fali Sverrisson, bassi \/ Gunnlaugur Briem, trommur, slagverk \/ Fri\u00f0rik Karlsson, Bj\u00f6rn Thoroddsen, g\u00edtar \/ Magn\u00fas Kjartansson, p\u00edan\u00f3, hlj\u00f3mbor\u00f0, lag 4 \/ J\u00f3hann Helgason, kassag\u00edtar \/ Gu\u00f0r\u00fan Einarsd\u00f3ttir, J\u00f3hann Helgason, r\u00f6ddun \/ Hlj\u00f3\u00f0ritun: Kjartan Kjartansson, J\u00f3nas R. J\u00f3nsson, Hlj\u00f3\u00f0rita \/ \u00c1sgeir J\u00f3nsson, T\u00f3mas M. T\u00f3masson, Grettisgati 1985 \/ Hlj\u00f3\u00f0bl\u00f6ndun, Hlj\u00f3\u00f0rita, Kjartan Kjartansson, Ey\u00fe\u00f3r Gunnarsson \/ Sigur\u00f0ur Bj\u00f3la, lag 10 \/ Stafr\u00e6n t\u00f3nj\u00f6fnun, Baldur J. Baldursson, Oz-hlj\u00f3\u00f0 \/ H\u00f6nnun, Komdu \u00e1 morgun \/ Lj\u00f3smynd, Gu\u00f0r\u00fan Einarsd\u00f3ttir \u00a9 1985 Hugverka\u00fatg\u00e1fan<\/p>\n","protected":false},"excerpt":{"rendered":"<p>1985<\/p>\n","protected":false},"featured_media":5743,"template":"","meta":{"_acf_changed":false},"product_brand":[],"product_cat":[],"product_tag":[],"class_list":{"0":"post-5613","1":"product","2":"type-product","3":"status-publish","4":"has-post-thumbnail","6":"no-featured-image-padding","8":"first","9":"instock","10":"shipping-taxable","11":"purchasable","12":"product-type-simple"},"acf":[],"yoast_head":"<!-- This site is optimized with the Yoast SEO Premium plugin v27.3 (Yoast SEO v27.3) - https:\/\/yoast.com\/product\/yoast-seo-premium-wordpress\/ -->\n<title>\u00c1stin - J\u00f3hann Helgason<\/title>\n<meta name=\"robots\" content=\"index, follow, max-snippet:-1, max-image-preview:large, max-video-preview:-1\" \/>\n<link rel=\"canonical\" href=\"https:\/\/johannh.com\/is\/product\/astin-2\/\" \/>\n<meta property=\"og:locale\" content=\"is_IS\" \/>\n<meta property=\"og:type\" content=\"article\" \/>\n<meta property=\"og:title\" content=\"\u00c1stin\" \/>\n<meta property=\"og:description\" content=\"1985\" \/>\n<meta property=\"og:url\" content=\"https:\/\/johannh.com\/is\/product\/astin-2\/\" \/>\n<meta property=\"og:site_name\" content=\"J\u00f3hann Helgason\" \/>\n<meta property=\"article:modified_time\" content=\"2026-04-04T15:41:47+00:00\" \/>\n<meta property=\"og:image\" content=\"https:\/\/johannh.com\/wp-content\/uploads\/2026\/04\/Astin.jpg\" \/>\n\t<meta property=\"og:image:width\" content=\"1417\" \/>\n\t<meta property=\"og:image:height\" content=\"1422\" \/>\n\t<meta property=\"og:image:type\" content=\"image\/jpeg\" \/>\n<meta name=\"twitter:card\" content=\"summary_large_image\" \/>\n<meta name=\"twitter:label1\" content=\"Est. reading time\" \/>\n\t<meta name=\"twitter:data1\" content=\"1 minute\" \/>\n<script type=\"application\/ld+json\" class=\"yoast-schema-graph\">{\"@context\":\"https:\\\/\\\/schema.org\",\"@graph\":[{\"@type\":\"WebPage\",\"@id\":\"https:\\\/\\\/johannh.com\\\/is\\\/product\\\/astin-2\\\/\",\"url\":\"https:\\\/\\\/johannh.com\\\/is\\\/product\\\/astin-2\\\/\",\"name\":\"\u00c1stin - J\u00f3hann Helgason\",\"isPartOf\":{\"@id\":\"https:\\\/\\\/johannh.com.local\\\/#website\"},\"primaryImageOfPage\":{\"@id\":\"https:\\\/\\\/johannh.com\\\/is\\\/product\\\/astin-2\\\/#primaryimage\"},\"image\":{\"@id\":\"https:\\\/\\\/johannh.com\\\/is\\\/product\\\/astin-2\\\/#primaryimage\"},\"thumbnailUrl\":\"https:\\\/\\\/johannh.com\\\/wp-content\\\/uploads\\\/2026\\\/04\\\/Astin.jpg\",\"datePublished\":\"2025-12-01T10:21:36+00:00\",\"dateModified\":\"2026-04-04T15:41:47+00:00\",\"breadcrumb\":{\"@id\":\"https:\\\/\\\/johannh.com\\\/is\\\/product\\\/astin-2\\\/#breadcrumb\"},\"inLanguage\":\"is\",\"potentialAction\":[{\"@type\":\"ReadAction\",\"target\":[\"https:\\\/\\\/johannh.com\\\/is\\\/product\\\/astin-2\\\/\"]}]},{\"@type\":\"ImageObject\",\"inLanguage\":\"is\",\"@id\":\"https:\\\/\\\/johannh.com\\\/is\\\/product\\\/astin-2\\\/#primaryimage\",\"url\":\"https:\\\/\\\/johannh.com\\\/wp-content\\\/uploads\\\/2026\\\/04\\\/Astin.jpg\",\"contentUrl\":\"https:\\\/\\\/johannh.com\\\/wp-content\\\/uploads\\\/2026\\\/04\\\/Astin.jpg\",\"width\":1417,\"height\":1422},{\"@type\":\"BreadcrumbList\",\"@id\":\"https:\\\/\\\/johannh.com\\\/is\\\/product\\\/astin-2\\\/#breadcrumb\",\"itemListElement\":[{\"@type\":\"ListItem\",\"position\":1,\"name\":\"Home\",\"item\":\"https:\\\/\\\/johannh.com\\\/is\\\/\"},{\"@type\":\"ListItem\",\"position\":2,\"name\":\"Verslun\",\"item\":\"https:\\\/\\\/johannh.com\\\/shop\\\/\"},{\"@type\":\"ListItem\",\"position\":3,\"name\":\"\u00c1stin\"}]},{\"@type\":\"WebSite\",\"@id\":\"https:\\\/\\\/johannh.com.local\\\/#website\",\"url\":\"https:\\\/\\\/johannh.com.local\\\/\",\"name\":\"J\u00f3hann Helgason\",\"description\":\"lagah\u00f6fundur og s\u00f6ngvari\",\"publisher\":{\"@id\":\"https:\\\/\\\/johannh.com.local\\\/#\\\/schema\\\/person\\\/926156ac228e2306632971a8e9e9d0c4\"},\"potentialAction\":[{\"@type\":\"SearchAction\",\"target\":{\"@type\":\"EntryPoint\",\"urlTemplate\":\"https:\\\/\\\/johannh.com.local\\\/?s={search_term_string}\"},\"query-input\":{\"@type\":\"PropertyValueSpecification\",\"valueRequired\":true,\"valueName\":\"search_term_string\"}}],\"inLanguage\":\"is\"},{\"@type\":[\"Person\",\"Organization\"],\"@id\":\"https:\\\/\\\/johannh.com.local\\\/#\\\/schema\\\/person\\\/926156ac228e2306632971a8e9e9d0c4\",\"name\":\"J\u00f3hann Helgason\",\"image\":{\"@type\":\"ImageObject\",\"inLanguage\":\"is\",\"@id\":\"https:\\\/\\\/johannh.com\\\/wp-content\\\/uploads\\\/2022\\\/10\\\/johann.webp\",\"url\":\"https:\\\/\\\/johannh.com\\\/wp-content\\\/uploads\\\/2022\\\/10\\\/johann.webp\",\"contentUrl\":\"https:\\\/\\\/johannh.com\\\/wp-content\\\/uploads\\\/2022\\\/10\\\/johann.webp\",\"width\":2000,\"height\":2000,\"caption\":\"J\u00f3hann Helgason\"},\"logo\":{\"@id\":\"https:\\\/\\\/johannh.com\\\/wp-content\\\/uploads\\\/2022\\\/10\\\/johann.webp\"},\"sameAs\":[\"https:\\\/\\\/is.linkedin.com\\\/in\\\/johann-helgason-51aa5a23\",\"https:\\\/\\\/www.youtube.com\\\/user\\\/johannhcom\"],\"birthDate\":\"1949-08-06\",\"jobTitle\":\"Singer-songwriter\"}]}<\/script>\n<!-- \/ Yoast SEO Premium plugin. -->","yoast_head_json":{"title":"\u00c1stin - J\u00f3hann Helgason","robots":{"index":"index","follow":"follow","max-snippet":"max-snippet:-1","max-image-preview":"max-image-preview:large","max-video-preview":"max-video-preview:-1"},"canonical":"https:\/\/johannh.com\/is\/product\/astin-2\/","og_locale":"is_IS","og_type":"article","og_title":"\u00c1stin","og_description":"1985","og_url":"https:\/\/johannh.com\/is\/product\/astin-2\/","og_site_name":"J\u00f3hann Helgason","article_modified_time":"2026-04-04T15:41:47+00:00","og_image":[{"width":1417,"height":1422,"url":"https:\/\/johannh.com\/wp-content\/uploads\/2026\/04\/Astin.jpg","type":"image\/jpeg"}],"twitter_card":"summary_large_image","twitter_misc":{"Est. reading time":"1 minute"},"schema":{"@context":"https:\/\/schema.org","@graph":[{"@type":"WebPage","@id":"https:\/\/johannh.com\/is\/product\/astin-2\/","url":"https:\/\/johannh.com\/is\/product\/astin-2\/","name":"\u00c1stin - J\u00f3hann Helgason","isPartOf":{"@id":"https:\/\/johannh.com.local\/#website"},"primaryImageOfPage":{"@id":"https:\/\/johannh.com\/is\/product\/astin-2\/#primaryimage"},"image":{"@id":"https:\/\/johannh.com\/is\/product\/astin-2\/#primaryimage"},"thumbnailUrl":"https:\/\/johannh.com\/wp-content\/uploads\/2026\/04\/Astin.jpg","datePublished":"2025-12-01T10:21:36+00:00","dateModified":"2026-04-04T15:41:47+00:00","breadcrumb":{"@id":"https:\/\/johannh.com\/is\/product\/astin-2\/#breadcrumb"},"inLanguage":"is","potentialAction":[{"@type":"ReadAction","target":["https:\/\/johannh.com\/is\/product\/astin-2\/"]}]},{"@type":"ImageObject","inLanguage":"is","@id":"https:\/\/johannh.com\/is\/product\/astin-2\/#primaryimage","url":"https:\/\/johannh.com\/wp-content\/uploads\/2026\/04\/Astin.jpg","contentUrl":"https:\/\/johannh.com\/wp-content\/uploads\/2026\/04\/Astin.jpg","width":1417,"height":1422},{"@type":"BreadcrumbList","@id":"https:\/\/johannh.com\/is\/product\/astin-2\/#breadcrumb","itemListElement":[{"@type":"ListItem","position":1,"name":"Home","item":"https:\/\/johannh.com\/is\/"},{"@type":"ListItem","position":2,"name":"Verslun","item":"https:\/\/johannh.com\/shop\/"},{"@type":"ListItem","position":3,"name":"\u00c1stin"}]},{"@type":"WebSite","@id":"https:\/\/johannh.com.local\/#website","url":"https:\/\/johannh.com.local\/","name":"J\u00f3hann Helgason","description":"lagah\u00f6fundur og s\u00f6ngvari","publisher":{"@id":"https:\/\/johannh.com.local\/#\/schema\/person\/926156ac228e2306632971a8e9e9d0c4"},"potentialAction":[{"@type":"SearchAction","target":{"@type":"EntryPoint","urlTemplate":"https:\/\/johannh.com.local\/?s={search_term_string}"},"query-input":{"@type":"PropertyValueSpecification","valueRequired":true,"valueName":"search_term_string"}}],"inLanguage":"is"},{"@type":["Person","Organization"],"@id":"https:\/\/johannh.com.local\/#\/schema\/person\/926156ac228e2306632971a8e9e9d0c4","name":"J\u00f3hann Helgason","image":{"@type":"ImageObject","inLanguage":"is","@id":"https:\/\/johannh.com\/wp-content\/uploads\/2022\/10\/johann.webp","url":"https:\/\/johannh.com\/wp-content\/uploads\/2022\/10\/johann.webp","contentUrl":"https:\/\/johannh.com\/wp-content\/uploads\/2022\/10\/johann.webp","width":2000,"height":2000,"caption":"J\u00f3hann Helgason"},"logo":{"@id":"https:\/\/johannh.com\/wp-content\/uploads\/2022\/10\/johann.webp"},"sameAs":["https:\/\/is.linkedin.com\/in\/johann-helgason-51aa5a23","https:\/\/www.youtube.com\/user\/johannhcom"],"birthDate":"1949-08-06","jobTitle":"Singer-songwriter"}]}},"_links":{"self":[{"href":"https:\/\/johannh.com\/is\/wp-json\/wp\/v2\/product\/5613","targetHints":{"allow":["GET"]}}],"collection":[{"href":"https:\/\/johannh.com\/is\/wp-json\/wp\/v2\/product"}],"about":[{"href":"https:\/\/johannh.com\/is\/wp-json\/wp\/v2\/types\/product"}],"wp:featuredmedia":[{"embeddable":true,"href":"https:\/\/johannh.com\/is\/wp-json\/wp\/v2\/media\/5743"}],"wp:attachment":[{"href":"https:\/\/johannh.com\/is\/wp-json\/wp\/v2\/media?parent=5613"}],"wp:term":[{"taxonomy":"product_brand","embeddable":true,"href":"https:\/\/johannh.com\/is\/wp-json\/wp\/v2\/product_brand?post=5613"},{"taxonomy":"product_cat","embeddable":true,"href":"https:\/\/johannh.com\/is\/wp-json\/wp\/v2\/product_cat?post=5613"},{"taxonomy":"product_tag","embeddable":true,"href":"https:\/\/johannh.com\/is\/wp-json\/wp\/v2\/product_tag?post=5613"}],"curies":[{"name":"wp","href":"https:\/\/api.w.org\/{rel}","templated":true}]}}