{"id":5612,"date":"2025-12-01T10:21:20","date_gmt":"2025-12-01T10:21:20","guid":{"rendered":"https:\/\/johannh.com\/product\/jh-2\/"},"modified":"2026-04-03T15:35:53","modified_gmt":"2026-04-03T15:35:53","slug":"jh-2","status":"publish","type":"product","link":"https:\/\/johannh.com\/is\/product\/jh-2\/","title":{"rendered":"JH"},"content":{"rendered":"<p>S\u00d3L\u00d3PLATA\/V\u00cdNYLL &#8211; N\u00daMERU\u00d0 EINT\u00d6K &#8211; \u00daTG\u00c1FA OKT\u00d3BER 2025<\/p>\n<p>1. Don\u00b4t Get Me Wrong*<br \/>\n2. Don\u00b4t Hand Me a Line<br \/>\n3. Time of the Season*<br \/>\n4. (Don\u00b4t Wanna Say) Goodbye<br \/>\n5. All I Want*<br \/>\n6. Moments<br \/>\n7. Don\u00b4t Be Long<br \/>\n8. Stay*<br \/>\n9. True*<br \/>\n10. Tr\u00fa<\/p>\n<p>T\u00f3nlist, textar, s\u00f6ngur: JH \/ Hlj\u00f3\u00f0f\u00e6raleikur\/Gammar: Bj\u00f6rn Thoroddsen, g\u00edtar \/ \u00de\u00f3rir Baldursson, Hammond, p\u00edan\u00f3 \/ Bjarni Sveinbj\u00f6rnsson, bassi \/ Sigf\u00fas \u00d3ttarsson, trommur, slagverk \/ Stef\u00e1n S. Stef\u00e1nsson, sax\u00f3f\u00f3nn \/ Matth\u00edas Stef\u00e1nsson, fi\u00f0la, v\u00ed\u00f3la Hrafnhildur Marta Gu\u00f0mundsd\u00f3ttird\u00f3ttir, sell\u00f3 \/ Strengja\u00fatsetning, True\/Tr\u00fa, \u00de\u00f3rir Baldursson \/ Hlj\u00f3\u00f0ritun: Grunnuppt\u00f6kur og *l\u00e6v\u00eds\u00f6ngur, Gu\u00f0m. Kristinn J\u00f3nsson, Hlj\u00f3\u00f0rita 1. ma\u00ed 2024 \/ Uppt\u00f6kur \u00e1 s\u00f6ng, r\u00f6ddun og g\u00edtarleik, Bj\u00f6rn Thoroddsen, BT Studios 2024 \/ Hlj\u00f3\u00f0bl\u00f6ndun og Mastering, Gu\u00f0m. Kristinn J\u00f3nsson, Hlj\u00f3\u00f0rita 2025 \/ Lj\u00f3smyndir \u00e1 Textabla\u00f0i, Gu\u00f0m. Kristinn J\u00f3nsson \/ K\u00e1pumynd, uppsetning &amp; h\u00f6nnun, Inga D\u00f3ra J\u00f3hannsd\u00f3ttir<\/p>\n<p>\u00a9 2025 Hugverka\u00fatg\u00e1fan\/Rindi<\/p>\n","protected":false},"excerpt":{"rendered":"<p>2025<\/p>\n","protected":false},"featured_media":5794,"template":"","meta":{"_acf_changed":false},"product_brand":[],"product_cat":[66],"product_tag":[],"class_list":{"0":"post-5612","1":"product","2":"type-product","3":"status-publish","4":"has-post-thumbnail","6":"product_cat-plotur","7":"no-featured-image-padding","9":"first","10":"instock","11":"shipping-taxable","12":"purchasable","13":"product-type-simple"},"acf":[],"yoast_head":"<!-- This site is optimized with the Yoast SEO Premium plugin v27.3 (Yoast SEO v27.3) - https:\/\/yoast.com\/product\/yoast-seo-premium-wordpress\/ -->\n<title>JH - J\u00f3hann Helgason<\/title>\n<meta name=\"robots\" content=\"index, follow, max-snippet:-1, max-image-preview:large, max-video-preview:-1\" \/>\n<link rel=\"canonical\" href=\"https:\/\/johannh.com\/is\/product\/jh-2\/\" \/>\n<meta property=\"og:locale\" content=\"is_IS\" \/>\n<meta property=\"og:type\" content=\"article\" \/>\n<meta property=\"og:title\" content=\"JH\" \/>\n<meta property=\"og:description\" content=\"2025\" \/>\n<meta property=\"og:url\" content=\"https:\/\/johannh.com\/is\/product\/jh-2\/\" \/>\n<meta property=\"og:site_name\" content=\"J\u00f3hann Helgason\" \/>\n<meta property=\"article:modified_time\" content=\"2026-04-03T15:35:53+00:00\" \/>\n<meta property=\"og:image\" content=\"https:\/\/johannh.com\/wp-content\/uploads\/2025\/12\/JH-Lokautg-auka-1024x1003.jpg\" \/>\n\t<meta property=\"og:image:width\" content=\"1024\" \/>\n\t<meta property=\"og:image:height\" content=\"1003\" \/>\n\t<meta property=\"og:image:type\" content=\"image\/jpeg\" \/>\n<meta name=\"twitter:card\" content=\"summary_large_image\" \/>\n<meta name=\"twitter:label1\" content=\"Est. reading time\" \/>\n\t<meta name=\"twitter:data1\" content=\"1 minute\" \/>\n<script type=\"application\/ld+json\" class=\"yoast-schema-graph\">{\"@context\":\"https:\\\/\\\/schema.org\",\"@graph\":[{\"@type\":\"WebPage\",\"@id\":\"https:\\\/\\\/johannh.com\\\/is\\\/product\\\/jh-2\\\/\",\"url\":\"https:\\\/\\\/johannh.com\\\/is\\\/product\\\/jh-2\\\/\",\"name\":\"JH - J\u00f3hann Helgason\",\"isPartOf\":{\"@id\":\"https:\\\/\\\/johannh.com.local\\\/#website\"},\"primaryImageOfPage\":{\"@id\":\"https:\\\/\\\/johannh.com\\\/is\\\/product\\\/jh-2\\\/#primaryimage\"},\"image\":{\"@id\":\"https:\\\/\\\/johannh.com\\\/is\\\/product\\\/jh-2\\\/#primaryimage\"},\"thumbnailUrl\":\"https:\\\/\\\/johannh.com\\\/wp-content\\\/uploads\\\/2025\\\/12\\\/JH-Lokautg-auka.jpg\",\"datePublished\":\"2025-12-01T10:21:20+00:00\",\"dateModified\":\"2026-04-03T15:35:53+00:00\",\"breadcrumb\":{\"@id\":\"https:\\\/\\\/johannh.com\\\/is\\\/product\\\/jh-2\\\/#breadcrumb\"},\"inLanguage\":\"is\",\"potentialAction\":[{\"@type\":\"ReadAction\",\"target\":[\"https:\\\/\\\/johannh.com\\\/is\\\/product\\\/jh-2\\\/\"]}]},{\"@type\":\"ImageObject\",\"inLanguage\":\"is\",\"@id\":\"https:\\\/\\\/johannh.com\\\/is\\\/product\\\/jh-2\\\/#primaryimage\",\"url\":\"https:\\\/\\\/johannh.com\\\/wp-content\\\/uploads\\\/2025\\\/12\\\/JH-Lokautg-auka.jpg\",\"contentUrl\":\"https:\\\/\\\/johannh.com\\\/wp-content\\\/uploads\\\/2025\\\/12\\\/JH-Lokautg-auka.jpg\",\"width\":1869,\"height\":1831},{\"@type\":\"BreadcrumbList\",\"@id\":\"https:\\\/\\\/johannh.com\\\/is\\\/product\\\/jh-2\\\/#breadcrumb\",\"itemListElement\":[{\"@type\":\"ListItem\",\"position\":1,\"name\":\"Home\",\"item\":\"https:\\\/\\\/johannh.com\\\/is\\\/\"},{\"@type\":\"ListItem\",\"position\":2,\"name\":\"Verslun\",\"item\":\"https:\\\/\\\/johannh.com\\\/shop\\\/\"},{\"@type\":\"ListItem\",\"position\":3,\"name\":\"JH\"}]},{\"@type\":\"WebSite\",\"@id\":\"https:\\\/\\\/johannh.com.local\\\/#website\",\"url\":\"https:\\\/\\\/johannh.com.local\\\/\",\"name\":\"J\u00f3hann Helgason\",\"description\":\"lagah\u00f6fundur og s\u00f6ngvari\",\"publisher\":{\"@id\":\"https:\\\/\\\/johannh.com.local\\\/#\\\/schema\\\/person\\\/926156ac228e2306632971a8e9e9d0c4\"},\"potentialAction\":[{\"@type\":\"SearchAction\",\"target\":{\"@type\":\"EntryPoint\",\"urlTemplate\":\"https:\\\/\\\/johannh.com.local\\\/?s={search_term_string}\"},\"query-input\":{\"@type\":\"PropertyValueSpecification\",\"valueRequired\":true,\"valueName\":\"search_term_string\"}}],\"inLanguage\":\"is\"},{\"@type\":[\"Person\",\"Organization\"],\"@id\":\"https:\\\/\\\/johannh.com.local\\\/#\\\/schema\\\/person\\\/926156ac228e2306632971a8e9e9d0c4\",\"name\":\"J\u00f3hann Helgason\",\"image\":{\"@type\":\"ImageObject\",\"inLanguage\":\"is\",\"@id\":\"https:\\\/\\\/johannh.com\\\/wp-content\\\/uploads\\\/2022\\\/10\\\/johann.webp\",\"url\":\"https:\\\/\\\/johannh.com\\\/wp-content\\\/uploads\\\/2022\\\/10\\\/johann.webp\",\"contentUrl\":\"https:\\\/\\\/johannh.com\\\/wp-content\\\/uploads\\\/2022\\\/10\\\/johann.webp\",\"width\":2000,\"height\":2000,\"caption\":\"J\u00f3hann Helgason\"},\"logo\":{\"@id\":\"https:\\\/\\\/johannh.com\\\/wp-content\\\/uploads\\\/2022\\\/10\\\/johann.webp\"},\"sameAs\":[\"https:\\\/\\\/is.linkedin.com\\\/in\\\/johann-helgason-51aa5a23\",\"https:\\\/\\\/www.youtube.com\\\/user\\\/johannhcom\"],\"birthDate\":\"1949-08-06\",\"jobTitle\":\"Singer-songwriter\"}]}<\/script>\n<!-- \/ Yoast SEO Premium plugin. -->","yoast_head_json":{"title":"JH - J\u00f3hann Helgason","robots":{"index":"index","follow":"follow","max-snippet":"max-snippet:-1","max-image-preview":"max-image-preview:large","max-video-preview":"max-video-preview:-1"},"canonical":"https:\/\/johannh.com\/is\/product\/jh-2\/","og_locale":"is_IS","og_type":"article","og_title":"JH","og_description":"2025","og_url":"https:\/\/johannh.com\/is\/product\/jh-2\/","og_site_name":"J\u00f3hann Helgason","article_modified_time":"2026-04-03T15:35:53+00:00","og_image":[{"width":1024,"height":1003,"url":"https:\/\/johannh.com\/wp-content\/uploads\/2025\/12\/JH-Lokautg-auka-1024x1003.jpg","type":"image\/jpeg"}],"twitter_card":"summary_large_image","twitter_misc":{"Est. reading time":"1 minute"},"schema":{"@context":"https:\/\/schema.org","@graph":[{"@type":"WebPage","@id":"https:\/\/johannh.com\/is\/product\/jh-2\/","url":"https:\/\/johannh.com\/is\/product\/jh-2\/","name":"JH - J\u00f3hann Helgason","isPartOf":{"@id":"https:\/\/johannh.com.local\/#website"},"primaryImageOfPage":{"@id":"https:\/\/johannh.com\/is\/product\/jh-2\/#primaryimage"},"image":{"@id":"https:\/\/johannh.com\/is\/product\/jh-2\/#primaryimage"},"thumbnailUrl":"https:\/\/johannh.com\/wp-content\/uploads\/2025\/12\/JH-Lokautg-auka.jpg","datePublished":"2025-12-01T10:21:20+00:00","dateModified":"2026-04-03T15:35:53+00:00","breadcrumb":{"@id":"https:\/\/johannh.com\/is\/product\/jh-2\/#breadcrumb"},"inLanguage":"is","potentialAction":[{"@type":"ReadAction","target":["https:\/\/johannh.com\/is\/product\/jh-2\/"]}]},{"@type":"ImageObject","inLanguage":"is","@id":"https:\/\/johannh.com\/is\/product\/jh-2\/#primaryimage","url":"https:\/\/johannh.com\/wp-content\/uploads\/2025\/12\/JH-Lokautg-auka.jpg","contentUrl":"https:\/\/johannh.com\/wp-content\/uploads\/2025\/12\/JH-Lokautg-auka.jpg","width":1869,"height":1831},{"@type":"BreadcrumbList","@id":"https:\/\/johannh.com\/is\/product\/jh-2\/#breadcrumb","itemListElement":[{"@type":"ListItem","position":1,"name":"Home","item":"https:\/\/johannh.com\/is\/"},{"@type":"ListItem","position":2,"name":"Verslun","item":"https:\/\/johannh.com\/shop\/"},{"@type":"ListItem","position":3,"name":"JH"}]},{"@type":"WebSite","@id":"https:\/\/johannh.com.local\/#website","url":"https:\/\/johannh.com.local\/","name":"J\u00f3hann Helgason","description":"lagah\u00f6fundur og s\u00f6ngvari","publisher":{"@id":"https:\/\/johannh.com.local\/#\/schema\/person\/926156ac228e2306632971a8e9e9d0c4"},"potentialAction":[{"@type":"SearchAction","target":{"@type":"EntryPoint","urlTemplate":"https:\/\/johannh.com.local\/?s={search_term_string}"},"query-input":{"@type":"PropertyValueSpecification","valueRequired":true,"valueName":"search_term_string"}}],"inLanguage":"is"},{"@type":["Person","Organization"],"@id":"https:\/\/johannh.com.local\/#\/schema\/person\/926156ac228e2306632971a8e9e9d0c4","name":"J\u00f3hann Helgason","image":{"@type":"ImageObject","inLanguage":"is","@id":"https:\/\/johannh.com\/wp-content\/uploads\/2022\/10\/johann.webp","url":"https:\/\/johannh.com\/wp-content\/uploads\/2022\/10\/johann.webp","contentUrl":"https:\/\/johannh.com\/wp-content\/uploads\/2022\/10\/johann.webp","width":2000,"height":2000,"caption":"J\u00f3hann Helgason"},"logo":{"@id":"https:\/\/johannh.com\/wp-content\/uploads\/2022\/10\/johann.webp"},"sameAs":["https:\/\/is.linkedin.com\/in\/johann-helgason-51aa5a23","https:\/\/www.youtube.com\/user\/johannhcom"],"birthDate":"1949-08-06","jobTitle":"Singer-songwriter"}]}},"_links":{"self":[{"href":"https:\/\/johannh.com\/is\/wp-json\/wp\/v2\/product\/5612","targetHints":{"allow":["GET"]}}],"collection":[{"href":"https:\/\/johannh.com\/is\/wp-json\/wp\/v2\/product"}],"about":[{"href":"https:\/\/johannh.com\/is\/wp-json\/wp\/v2\/types\/product"}],"wp:featuredmedia":[{"embeddable":true,"href":"https:\/\/johannh.com\/is\/wp-json\/wp\/v2\/media\/5794"}],"wp:attachment":[{"href":"https:\/\/johannh.com\/is\/wp-json\/wp\/v2\/media?parent=5612"}],"wp:term":[{"taxonomy":"product_brand","embeddable":true,"href":"https:\/\/johannh.com\/is\/wp-json\/wp\/v2\/product_brand?post=5612"},{"taxonomy":"product_cat","embeddable":true,"href":"https:\/\/johannh.com\/is\/wp-json\/wp\/v2\/product_cat?post=5612"},{"taxonomy":"product_tag","embeddable":true,"href":"https:\/\/johannh.com\/is\/wp-json\/wp\/v2\/product_tag?post=5612"}],"curies":[{"name":"wp","href":"https:\/\/api.w.org\/{rel}","templated":true}]}}