{"id":5542,"date":"2022-08-19T22:02:41","date_gmt":"2022-08-19T22:02:41","guid":{"rendered":"https:\/\/johannh.com\/?page_id=5542"},"modified":"2025-04-01T23:34:46","modified_gmt":"2025-04-01T23:34:46","slug":"plotuumsagnir","status":"publish","type":"page","link":"https:\/\/johannh.com\/is\/plotuumsagnir\/","title":{"rendered":"Pl\u00f6tuumsagnir"},"content":{"rendered":"\n<h2 class=\"wp-block-heading\"><strong>Fjalla-Eyvindur og Halla &#8211; Rokk\u00f3pera<\/strong><\/h2>\n\n\n\n<p>Lengi var von \u00e1 einum. J\u00f3hann Helgason, einn af okkar elsku\u00f0ustu t\u00f3nsmi\u00f0um, byrja\u00f0i a\u00f0 bauka vi\u00f0 samningu \u00e1 verki \u00feessu snemma \u00e1 \u00e1ttunda \u00e1ratugnum er rokk\u00f3perur eins og Jesus Christ Superstar og Hair voru a\u00f0 gera \u00fea\u00f0 gott. T\u00edmi til a\u00f0 kl\u00e1ra var \u00fe\u00f3 enginn n\u00e6stu \u00e1ratugi og \u00f3peran l\u00e1 \u00fev\u00ed \u00f3b\u00e6tt hj\u00e1 gar\u00f0i lengi vel. S\u00ed\u00f0ustu \u00e1rin t\u00f3k Eyj\u00f3lfur \u00fe\u00f3 a\u00f0 hressast og n\u00fa erum vi\u00f0 komin me\u00f0 \u00feetta \u00ed eyru \u2013 og hendur &#8211; en \u00e9g sit h\u00e9r vi\u00f0 eldh\u00fasbor\u00f0i\u00f0 heima og fletti \u00ed forl\u00e1ta b\u00f3k \u00fear sem finna m\u00e1 geislapl\u00f6tu, texta, form\u00e1lsor\u00f0, s\u00f6gu, myndir og sk\u00fdringarkort. Allt um hina m\u00f6gnu\u00f0u s\u00f6gu Eyvinds og H\u00f6llu sem \u00cdslendingar hafa l\u00f6ngum heillast af. \u00dea\u00f0 er mikil hetju\u00e1ra \u00ed kringum par \u00feetta og \u00fer\u00e1tt fyrir a\u00f0 vera eftirl\u00fdst sakaf\u00f3lk gl\u00f3ir \u00e1 \u00fea\u00f0 l\u00edkt og Hr\u00f3a H\u00f6tt og Mar\u00edan. \u00deetta er \u00fev\u00ed saga sem fellir sig vel a\u00f0 rokk\u00f3peruforminu, hvar h\u00e6gt er a\u00f0 leika s\u00e9r me\u00f0 h\u00e6\u00f0ir og l\u00e6g\u00f0ir \u00fe\u00e6r sem \u00ed s\u00f6gu\u00fer\u00e6\u00f0inum eru.<\/p>\n\n\n\n<p>\u00d3peran er bygg\u00f0 \u00e1 S\u00f6gu Fjalla-Eyvindar eftir Gu\u00f0mund Gu\u00f0na Gu\u00f0mundsson. Vinna vi\u00f0 hana h\u00f3fst fyrir um h\u00e1lfri \u00f6ld en \u00fea\u00f0 var \u00e1 \u00e1ttunda \u00e1ratugnum sem lunginn af l\u00f6gunum var\u00f0 til e\u00f0a 18 l\u00f6g af 22. \u00cd b\u00f3kinni setur J\u00f3hann \u00e1r og sta\u00f0 vi\u00f0 hvert lag, Keflav\u00edk 1973, Reykjav\u00edk 1977 og svo framvegis og sj\u00e1 m\u00e1 a\u00f0 efni\u00f0 hefur veri\u00f0 yfirfari\u00f0 \u00e1ri\u00f0 2017. J\u00f3hann samdi \u00feannig alla t\u00f3nlist og texta auk \u00feess a\u00f0 \u00fatsetja en uppt\u00f6kustj\u00f3rnendur eru skr\u00e1\u00f0ir Karl Olgeirsson og Stef\u00e1n \u00d6rn Gunnlaugsson \u00e1samt J\u00f3hanni. Hlj\u00f3msveit skipa Karl Olgeirsson (p\u00edan\u00f3), \u00d3lafur H\u00f3lm Einarsson (trommur), Gu\u00f0mundur P\u00e9tursson (g\u00edtar) og Andri \u00d3lafsson (bassi). S\u00f6ngvarar eru \u00feau Stef\u00e1n Jakobsson, J\u00f3hanna Gu\u00f0r\u00fan J\u00f3nsd\u00f3ttir og Magni \u00c1sgeirsson. Platan var tekin upp \u00ed \u00fdmsum hlj\u00f3\u00f0verum og fj\u00f6lmargir a\u00f0rir en \u00feeir sem taldir eru upp komu a\u00f0 ger\u00f0 hennar og verkefnisins alls.<\/p>\n\n\n\n<p>Mig langar til a\u00f0 reyna, svona \u00ed upphafi, a\u00f0 \u00e1tta mig \u00e1 heildart\u00f3n verksins. J\u00fa, \u00fea\u00f0 m\u00e1 vel heyra \u00e1hrif fr\u00e1 t\u00e9\u00f0um \u00e1ttunda \u00e1ratugs s\u00f6ngleikjum en um lei\u00f0 eru h\u00f6fundareinkenni J\u00f3hanns nokku\u00f0 greinileg. M\u00e9r finnst \u00e9g merkja dimmleita, melank\u00f3l\u00edska \u00e1ru einnig, svona \u00ed takt vi\u00f0 vi\u00f0fangsefni\u00f0 og st\u00f6ku \u00deursakrydd m\u00e1 finna. S\u00e9rstaklega \u00ed \u201eB\u00f6\u00f0ulsv\u00edsa\u201c sem var reyndar samin 2015, vi\u00f0 texta eftir \u00f3\u00feekktan h\u00f6fund. \u00d6ll l\u00f6gin, e\u00f0a svo gott sem, eru \u00ed hef\u00f0bundnum popp\/rokk g\u00edr og taka s\u00ed\u00f0an \u00e1 sig \u00fe\u00e1 mynd sem \u00fej\u00f3nar s\u00f6gunni best. \u00cd \u201eForleikur-S\u00f6ngur Eyvindar\u201c kynnir Eyvindur sig (Stef\u00e1n Jakobsson) og hv\u00edslandi k\u00f3r kallar eftir frekari sv\u00f6rum fr\u00e1 okkar manni. \u00cd \u201eS\u00f6ngur s\u00fdslumanns\u201c talar yfirvaldi\u00f0 (Magni \u00c1sgeirsson) um \u00fe\u00e1 \u00f3sk s\u00edna a\u00f0 kl\u00f3festa Eyvind \u00e1 me\u00f0an \u201e\u00d3, Halla\u201c er \u00e1star\u00f3\u00f0ur til H\u00f6llu og \u00fev\u00ed \u00ed ball\u00f6\u00f0uformi \u00e1 me\u00f0an hin l\u00f6gin tv\u00f6 eru \u00ed gr\u00edpandi poppslagaratakti. \u00ddmislegt er \u00fe\u00e1 n\u00fdtt til a\u00f0 krydda \u00fat \u00ed gegn, \u00fea\u00f0 er t.d. \u00e6\u00f0i skemmtilegur mariachi-bragur \u00e1 \u201eSaman\u201c. Svona vindur pl\u00f6tunni fram, \u00fea\u00f0 er napurt og dul\u00fa\u00f0ugt um a\u00f0 litast \u00ed l\u00f6gum eins og \u201eVetrart\u00ed\u00f0\u201c \u00e1 me\u00f0an \u00e6rsl nokkur einkenna \u201eBrennum allt\u201c. Textar allir eru g\u00f3\u00f0ir og haganlega ortir, J\u00f3hann er me\u00f0 gott vald \u00e1 m\u00e1linu og lj\u00faft a\u00f0 heyra \u00e6rlega \u00edslenskuna (\u201eMe\u00f0 kl\u00f6pp fyrir kodda vi\u00f0 klaka\u00feil\u201c).<\/p>\n\n\n\n<p>\u00dea\u00f0 er vel h\u00e6gt a\u00f0 sj\u00e1 \u00feetta stykki fyrir s\u00e9r \u00e1 svi\u00f0i en ekkert hefur veri\u00f0 \u00e1kve\u00f0i\u00f0 me\u00f0 sl\u00edkt veit \u00e9g. Verki\u00f0 er gr\u00ed\u00f0arlega metna\u00f0arfullt og \u00e9g ver\u00f0 a\u00f0 a) hr\u00f3sa J\u00f3hanni fyrir a\u00f0 b\u00e6\u00f0i leggja \u00ed \u00feetta og kl\u00e1ra og b) a\u00f0 ganga svo fagmannlega fr\u00e1 \u00f6llu.<\/p>\n\n\n\n<p>Afur\u00f0in er \u00fe\u00e1 vel til fundi\u00f0 tillegg \u00ed \u00edslenska menningarframlei\u00f0slu ef \u00e9g m\u00e1 or\u00f0a \u00fea\u00f0 sem svo, hvar menningararfur \u00feessa lands er n\u00fdttur. Ef vi\u00f0 g\u00f6rfum ekki \u00ed \u00feessu, n\u00fa hver \u00fe\u00e1? Framhaldssk\u00f3lar landsins og leikh\u00fas \u00f6ll geta n\u00fa losna\u00f0 vi\u00f0 a\u00f0 setja Jesus Christ Superstar upp \u00ed millj\u00f3nasta sinn, kj\u00f3si \u00feau svo.<\/p>\n\n\n\n<p class=\"has-text-align-right\"><strong>Arnar Eggert Thoroddsen<\/strong><\/p>\n\n\n\n<h2 class=\"wp-block-heading\"><strong>MAGN\u00daS &amp; J\u00d3HANN \u2013 \u00cd T\u00cdMA <\/strong><\/h2>\n\n\n\n<p>Magn\u00fas og J\u00f3hann sl\u00f3gu \u00ed gegn 1971 \u00ed kj\u00f6lfar kassag\u00edtarbyltingarinnar sem Crosby Stills og Nash voru kannski forsprakkar fyrir.<\/p>\n\n\n\n<p>Ferill \u00feeirra hefur veri\u00f0 skrautlegur og engan veginn fyrirsj\u00e1anlegur. \u00deeir hafa gefi\u00f0 \u00fat fj\u00f6lda g\u00f3\u00f0ra s\u00f3l\u00f3platna, voru \u00ed Change, g\u00e1fu \u00fat sem Pal Brothers og \u00c1b\u00f3t. Unnu \u00ed Bretlandi a\u00f0 fr\u00e6g\u00f0 og frama, s\u00f6mdu \u00f3grynni fr\u00e1b\u00e6rra laga fyrir a\u00f0ra, s\u00f6mdu \u00e6ttjar\u00f0arl\u00f6g, upph\u00f6f\u00f0u forn lj\u00f3\u00f0sk\u00e1ld, j\u00e1 \u00feetta eru alv\u00f6ru t\u00f3nlistarmenn.<\/p>\n\n\n\n<p>En samt hafa \u00feeir aldrei gert meistaraverki\u00f0, kannski einst\u00f6ku \u00e1g\u00e6ta pl\u00f6tuna \u2026. fyrr en n\u00fa, a\u00f0 \u00feeir n\u00e1 a\u00f0 gefa hana \u00fat \u2026 og kannski fyrir tilviljun!<\/p>\n\n\n\n<p>Og \u00fea\u00f0 er ekki vegna \u00feess a\u00f0 \u00feeir syngja \u00e1 \u00edslensku, m\u00e9r hefur oftast \u00fe\u00f3tt \u00fea\u00f0 frekar truflandi, \u00fea\u00f0 er a\u00f0 segja til samanbur\u00f0ar vi\u00f0 enskum\u00e6landi m\u00fas\u00edkina, sem er m\u00edn m\u00fas\u00edk!<\/p>\n\n\n\n<p>\u00deetta er vel upptekin plata, en Magn\u00fas og J\u00f3hann s\u00e1u um uppt\u00f6kuna \u00e1samt J\u00f3ni G\u00f3\u00f0a \u00d3lafssyni sem spilar l\u00edka hlj\u00f3mbor\u00f0. Spilamennskan er v\u00f6ndu\u00f0 og markviss, \u00fearna er Ei\u00f0ur Arnarsson \u00e1 bassa, Stef\u00e1n M\u00e1r Magn\u00fasson \u00e1 g\u00edtar og Kristinn Sn\u00e6r \u00e1 trommum.<\/p>\n\n\n\n<p>Magn\u00fas og J\u00f3hann hafa poppi\u00f0 \u00ed s\u00e9r og fraseringin er alheims og popp\u00edsk, ekki \u00feessa t\u00fdp\u00edska \u00edslenska s\u00f6nglaga- og rev\u00edufrasering.<\/p>\n\n\n\n<p>\u00derj\u00fa l\u00f6g af pl\u00f6tunni hafa n\u00fa \u00feegar \u00f3ma\u00f0 \u00e1 \u00fatvarpsst\u00f6\u00f0vum landsins en \u00fear er um a\u00f0 r\u00e6\u00f0a l\u00f6gin Sumir dagar, \u00dear sem \u00e1stin b\u00fdr og Ekki er allt sem s\u00fdnist.<\/p>\n\n\n\n<p>Magn\u00fas \u00e1 7 laganna. R\u00f6dd Magn\u00fasar hefur breyst meira, en \u00fea\u00f0 er bara vi\u00f0kunnanlegt \u00fev\u00ed hann kann a\u00f0 n\u00fdta s\u00e9r \u00fea\u00f0. Sumir dagar, er eitt af \u00feessum l\u00f6gum og textum sem er svo vel gert a\u00f0 ma\u00f0ur bara segir takk. Einl\u00e6gur, hreinskilinn, alveg sama hvort hans tilfinningar s\u00e9u bara hans e\u00f0a eigi samhygg\u00f0.<\/p>\n\n\n\n<p>Ekki er allt sem s\u00fdnist, er svipu\u00f0um st\u00edl, en \u00fe\u00f3 ekki, \u00fev\u00ed \u00e1stin er \u00ed st\u00e6rra hlutverki, \u201cs\u00e1ttur sit \u00e9g h\u00e9r me\u00f0 \u00fe\u00e9r\u2026.\u201d falleg or\u00f0 sem skipta m\u00e1li. Hrafnam\u00e1l er d\u00fdrt kve\u00f0i\u00f0, \u00e9g er ekki viss hva\u00f0 Maggi er a\u00f0 fara fyrir v\u00edst, en lagi\u00f0 er gott og nokku\u00f0 \u00feungt. Nor\u00f0an\u00e1tt, aftur dj\u00fapt sami\u00f0, \u2026 \u00fear sem andartaki\u00f0 b\u00ed\u00f0ur m\u00edn vi\u00f0 t\u00edmans l\u00e6sta hli\u00f0\u2026 \u00feetta er eflaust byggt \u00e1 einhverri \u00e6\u00f0ri speki \u2026. \u00e9g \u00e1 eftir a\u00f0 heims\u00e6kja \u00feetta aftur. Og flott, svona d\u00e1l\u00edti\u00f0 \u00edrskt s\u00e1nd.<\/p>\n\n\n\n<p>Upphafslagi\u00f0 Afturg\u00f6ngur hefur upp r\u00e9tta stemmningu, \u00feungur taktur, dj\u00fapur texti, alv\u00f6ru m\u00fas\u00edk. \u2026 h\u00e9r er reimt \u00fear til vi\u00f0 g\u00f6ngum aftur h\u00e9r saman\u2026 eins og Leonard Cohen og Bob Dylan fyrr \u00e1 \u00e1rinu, er yfirvofandi dau\u00f0i fullor\u00f0innar kynsl\u00f3\u00f0ar a\u00f0 a\u00f0 herja hugann.<\/p>\n\n\n\n<p>Og keltneski takturinn sem Magn\u00fas upphaf\u00f0i \u00e1 \u00c1lfum \u00ed denn og s\u00ed\u00f0an \u00e1 \u00cdslandsklukkum er \u00e1berandi \u00ed laginu Sei\u00f0ur. \u2026 svo lengi \u00e9g leita\u00f0i \u00fe\u00edn, loksins fann \u00feig \u00ed t\u00edma\u2026<\/p>\n\n\n\n<p>J\u00f3hann er mun l\u00e9ttari \u00ed t\u00f3ni, svona eins og Paul \u00e1 m\u00f3ti John. \u00de\u00f3 a\u00f0 Vor hinsti dagur fjalli um dau\u00f0ann og skilna\u00f0, er r\u00f6ddinn og l\u00e9ttleikinn meiri og bandi\u00f0 fylgir \u00fev\u00ed eftir. Lj\u00f3\u00f0i\u00f0 er eftir Halld\u00f3r Kiljan Laxness og er au\u00f0vita\u00f0 snilld sem J\u00f3hann undirstrikar vel.<\/p>\n\n\n\n<p>Lokalagi\u00f0 er l\u00edka lag sem J\u00f3hann semur vi\u00f0 fr\u00e1b\u00e6rt lj\u00f3\u00f0 J\u00f3nasar Hallgr\u00edmssonar, Kossav\u00edsur. Og ekki k\u00e6mi m\u00e9r \u00e1 \u00f3vart a\u00f0 \u00feetta lag yr\u00f0i upp\u00e1haldslag einhverra \u00ed t\u00edmans t\u00f6nn.<\/p>\n\n\n\n<p>Og J\u00f3hann kann a\u00f0 semja poppl\u00f6g, \u00dear sem \u00e1stin b\u00fdr og N\u00f3g, sem hef\u00f0i veri\u00f0 flott me\u00f0 \u00de\u00fa og \u00e9g, fullt af \u00e1st eins b\u00faast m\u00e6tti vi\u00f0 af unglingskrakka!<\/p>\n\n\n\n<p>\u2026 ef l\u00edfi\u00f0 mynda lofa a\u00f0 vera vinur \u00feinn \u2026 eru upphafsl\u00ednur lagsins Getur t\u00edminn l\u00e6kna\u00f0 s\u00e1r. G\u00f3\u00f0ur texti gott lag og svo er \u00fea\u00f0 Seg\u00f0u m\u00e9r satt \u2026 tr\u00fai \u00e1 \u00e1st sem aldrei deyr \u2026\u00e9g elska \u00feig \u00fear til \u00e9g dey. Ja h\u00e9rna, \u00fea\u00f0 hl\u00fdtur a\u00f0 vera einstakt a\u00f0 hafa fengi\u00f0 a\u00f0 upplifa \u00feetta.<\/p>\n\n\n\n<p>\u00deessir str\u00e1kar sem \u00e9g hef horft ganga \u00ed gengum eitt og anna\u00f0 \u00far fjarska vir\u00f0ast hafa n\u00e1\u00f0 jafnv\u00e6gi og gert fr\u00e1b\u00e6ra pl\u00f6tu. Takk.&nbsp; 10 af 10 stj\u00f6rnum. <\/p>\n\n\n\n<p class=\"has-text-align-right\"><strong>Halld\u00f3r Ingi Andr\u00e9sson 2012<\/strong><\/p>\n","protected":false},"excerpt":{"rendered":"<p>Fjalla-Eyvindur og Halla &#8211; Rokk\u00f3pera Lengi var von \u00e1 einum. J\u00f3hann Helgason, einn af okkar elsku\u00f0ustu t\u00f3nsmi\u00f0um, byrja\u00f0i a\u00f0 bauka vi\u00f0 samningu \u00e1 verki \u00feessu snemma \u00e1 \u00e1ttunda \u00e1ratugnum er rokk\u00f3perur eins og Jesus Christ Superstar og Hair voru a\u00f0 gera \u00fea\u00f0 gott. T\u00edmi til a\u00f0 kl\u00e1ra var \u00fe\u00f3 enginn n\u00e6stu \u00e1ratugi og \u00f3peran l\u00e1 &#8230; <\/p>\n<p class=\"read-more-container\"><a title=\"Pl\u00f6tuumsagnir\" class=\"read-more button\" href=\"https:\/\/johannh.com\/is\/plotuumsagnir\/#more-5542\" aria-label=\"Read more about Pl\u00f6tuumsagnir\">Read more<\/a><\/p>\n","protected":false},"author":4,"featured_media":0,"parent":0,"menu_order":0,"comment_status":"closed","ping_status":"closed","template":"","meta":{"_acf_changed":false,"footnotes":""},"class_list":{"0":"post-5542","1":"page","2":"type-page","3":"status-publish","5":"no-featured-image-padding"},"acf":[],"yoast_head":"<!-- This site is optimized with the Yoast SEO Premium plugin v27.3 (Yoast SEO v27.3) - https:\/\/yoast.com\/product\/yoast-seo-premium-wordpress\/ -->\n<title>Pl\u00f6tuumsagnir - J\u00f3hann Helgason<\/title>\n<meta name=\"robots\" content=\"index, follow, max-snippet:-1, max-image-preview:large, max-video-preview:-1\" \/>\n<link rel=\"canonical\" href=\"https:\/\/johannh.com\/johann\/\" \/>\n<meta property=\"og:locale\" content=\"is_IS\" \/>\n<meta property=\"og:type\" content=\"article\" \/>\n<meta property=\"og:title\" content=\"Pl\u00f6tuumsagnir\" \/>\n<meta property=\"og:description\" content=\"Fjalla-Eyvindur og Halla &#8211; Rokk\u00f3pera Lengi var von \u00e1 einum. J\u00f3hann Helgason, einn af okkar elsku\u00f0ustu t\u00f3nsmi\u00f0um, byrja\u00f0i a\u00f0 bauka vi\u00f0 samningu \u00e1 verki \u00feessu snemma \u00e1 \u00e1ttunda \u00e1ratugnum er rokk\u00f3perur eins og Jesus Christ Superstar og Hair voru a\u00f0 gera \u00fea\u00f0 gott. T\u00edmi til a\u00f0 kl\u00e1ra var \u00fe\u00f3 enginn n\u00e6stu \u00e1ratugi og \u00f3peran l\u00e1 ... Read more\" \/>\n<meta property=\"og:url\" content=\"https:\/\/johannh.com\/johann\/\" \/>\n<meta property=\"og:site_name\" content=\"J\u00f3hann Helgason\" \/>\n<meta property=\"article:modified_time\" content=\"2025-04-01T23:34:46+00:00\" \/>\n<meta name=\"twitter:card\" content=\"summary_large_image\" \/>\n<meta name=\"twitter:label1\" content=\"Est. reading time\" \/>\n\t<meta name=\"twitter:data1\" content=\"7 minutes\" \/>\n<script type=\"application\/ld+json\" class=\"yoast-schema-graph\">{\"@context\":\"https:\\\/\\\/schema.org\",\"@graph\":[{\"@type\":\"WebPage\",\"@id\":\"https:\\\/\\\/johannh.com\\\/johann\\\/\",\"url\":\"https:\\\/\\\/johannh.com\\\/johann\\\/\",\"name\":\"Pl\u00f6tuumsagnir - J\u00f3hann Helgason\",\"isPartOf\":{\"@id\":\"https:\\\/\\\/johannh.com.local\\\/#website\"},\"datePublished\":\"2022-08-19T22:02:41+00:00\",\"dateModified\":\"2025-04-01T23:34:46+00:00\",\"breadcrumb\":{\"@id\":\"https:\\\/\\\/johannh.com\\\/johann\\\/#breadcrumb\"},\"inLanguage\":\"is\",\"potentialAction\":[{\"@type\":\"ReadAction\",\"target\":[\"https:\\\/\\\/johannh.com\\\/johann\\\/\"]}]},{\"@type\":\"BreadcrumbList\",\"@id\":\"https:\\\/\\\/johannh.com\\\/johann\\\/#breadcrumb\",\"itemListElement\":[{\"@type\":\"ListItem\",\"position\":1,\"name\":\"Home\",\"item\":\"https:\\\/\\\/johannh.com\\\/is\\\/\"},{\"@type\":\"ListItem\",\"position\":2,\"name\":\"Pl\u00f6tuumsagnir\"}]},{\"@type\":\"WebSite\",\"@id\":\"https:\\\/\\\/johannh.com.local\\\/#website\",\"url\":\"https:\\\/\\\/johannh.com.local\\\/\",\"name\":\"J\u00f3hann Helgason\",\"description\":\"lagah\u00f6fundur og s\u00f6ngvari\",\"publisher\":{\"@id\":\"https:\\\/\\\/johannh.com.local\\\/#\\\/schema\\\/person\\\/926156ac228e2306632971a8e9e9d0c4\"},\"potentialAction\":[{\"@type\":\"SearchAction\",\"target\":{\"@type\":\"EntryPoint\",\"urlTemplate\":\"https:\\\/\\\/johannh.com.local\\\/?s={search_term_string}\"},\"query-input\":{\"@type\":\"PropertyValueSpecification\",\"valueRequired\":true,\"valueName\":\"search_term_string\"}}],\"inLanguage\":\"is\"},{\"@type\":[\"Person\",\"Organization\"],\"@id\":\"https:\\\/\\\/johannh.com.local\\\/#\\\/schema\\\/person\\\/926156ac228e2306632971a8e9e9d0c4\",\"name\":\"J\u00f3hann Helgason\",\"image\":{\"@type\":\"ImageObject\",\"inLanguage\":\"is\",\"@id\":\"https:\\\/\\\/johannh.com\\\/wp-content\\\/uploads\\\/2022\\\/10\\\/johann.webp\",\"url\":\"https:\\\/\\\/johannh.com\\\/wp-content\\\/uploads\\\/2022\\\/10\\\/johann.webp\",\"contentUrl\":\"https:\\\/\\\/johannh.com\\\/wp-content\\\/uploads\\\/2022\\\/10\\\/johann.webp\",\"width\":2000,\"height\":2000,\"caption\":\"J\u00f3hann Helgason\"},\"logo\":{\"@id\":\"https:\\\/\\\/johannh.com\\\/wp-content\\\/uploads\\\/2022\\\/10\\\/johann.webp\"},\"sameAs\":[\"https:\\\/\\\/is.linkedin.com\\\/in\\\/johann-helgason-51aa5a23\",\"https:\\\/\\\/www.youtube.com\\\/user\\\/johannhcom\"],\"birthDate\":\"1949-08-06\",\"jobTitle\":\"Singer-songwriter\"}]}<\/script>\n<!-- \/ Yoast SEO Premium plugin. -->","yoast_head_json":{"title":"Pl\u00f6tuumsagnir - J\u00f3hann Helgason","robots":{"index":"index","follow":"follow","max-snippet":"max-snippet:-1","max-image-preview":"max-image-preview:large","max-video-preview":"max-video-preview:-1"},"canonical":"https:\/\/johannh.com\/johann\/","og_locale":"is_IS","og_type":"article","og_title":"Pl\u00f6tuumsagnir","og_description":"Fjalla-Eyvindur og Halla &#8211; Rokk\u00f3pera Lengi var von \u00e1 einum. J\u00f3hann Helgason, einn af okkar elsku\u00f0ustu t\u00f3nsmi\u00f0um, byrja\u00f0i a\u00f0 bauka vi\u00f0 samningu \u00e1 verki \u00feessu snemma \u00e1 \u00e1ttunda \u00e1ratugnum er rokk\u00f3perur eins og Jesus Christ Superstar og Hair voru a\u00f0 gera \u00fea\u00f0 gott. T\u00edmi til a\u00f0 kl\u00e1ra var \u00fe\u00f3 enginn n\u00e6stu \u00e1ratugi og \u00f3peran l\u00e1 ... Read more","og_url":"https:\/\/johannh.com\/johann\/","og_site_name":"J\u00f3hann Helgason","article_modified_time":"2025-04-01T23:34:46+00:00","twitter_card":"summary_large_image","twitter_misc":{"Est. reading time":"7 minutes"},"schema":{"@context":"https:\/\/schema.org","@graph":[{"@type":"WebPage","@id":"https:\/\/johannh.com\/johann\/","url":"https:\/\/johannh.com\/johann\/","name":"Pl\u00f6tuumsagnir - J\u00f3hann Helgason","isPartOf":{"@id":"https:\/\/johannh.com.local\/#website"},"datePublished":"2022-08-19T22:02:41+00:00","dateModified":"2025-04-01T23:34:46+00:00","breadcrumb":{"@id":"https:\/\/johannh.com\/johann\/#breadcrumb"},"inLanguage":"is","potentialAction":[{"@type":"ReadAction","target":["https:\/\/johannh.com\/johann\/"]}]},{"@type":"BreadcrumbList","@id":"https:\/\/johannh.com\/johann\/#breadcrumb","itemListElement":[{"@type":"ListItem","position":1,"name":"Home","item":"https:\/\/johannh.com\/is\/"},{"@type":"ListItem","position":2,"name":"Pl\u00f6tuumsagnir"}]},{"@type":"WebSite","@id":"https:\/\/johannh.com.local\/#website","url":"https:\/\/johannh.com.local\/","name":"J\u00f3hann Helgason","description":"lagah\u00f6fundur og s\u00f6ngvari","publisher":{"@id":"https:\/\/johannh.com.local\/#\/schema\/person\/926156ac228e2306632971a8e9e9d0c4"},"potentialAction":[{"@type":"SearchAction","target":{"@type":"EntryPoint","urlTemplate":"https:\/\/johannh.com.local\/?s={search_term_string}"},"query-input":{"@type":"PropertyValueSpecification","valueRequired":true,"valueName":"search_term_string"}}],"inLanguage":"is"},{"@type":["Person","Organization"],"@id":"https:\/\/johannh.com.local\/#\/schema\/person\/926156ac228e2306632971a8e9e9d0c4","name":"J\u00f3hann Helgason","image":{"@type":"ImageObject","inLanguage":"is","@id":"https:\/\/johannh.com\/wp-content\/uploads\/2022\/10\/johann.webp","url":"https:\/\/johannh.com\/wp-content\/uploads\/2022\/10\/johann.webp","contentUrl":"https:\/\/johannh.com\/wp-content\/uploads\/2022\/10\/johann.webp","width":2000,"height":2000,"caption":"J\u00f3hann Helgason"},"logo":{"@id":"https:\/\/johannh.com\/wp-content\/uploads\/2022\/10\/johann.webp"},"sameAs":["https:\/\/is.linkedin.com\/in\/johann-helgason-51aa5a23","https:\/\/www.youtube.com\/user\/johannhcom"],"birthDate":"1949-08-06","jobTitle":"Singer-songwriter"}]}},"_links":{"self":[{"href":"https:\/\/johannh.com\/is\/wp-json\/wp\/v2\/pages\/5542","targetHints":{"allow":["GET"]}}],"collection":[{"href":"https:\/\/johannh.com\/is\/wp-json\/wp\/v2\/pages"}],"about":[{"href":"https:\/\/johannh.com\/is\/wp-json\/wp\/v2\/types\/page"}],"author":[{"embeddable":true,"href":"https:\/\/johannh.com\/is\/wp-json\/wp\/v2\/users\/4"}],"replies":[{"embeddable":true,"href":"https:\/\/johannh.com\/is\/wp-json\/wp\/v2\/comments?post=5542"}],"version-history":[{"count":1,"href":"https:\/\/johannh.com\/is\/wp-json\/wp\/v2\/pages\/5542\/revisions"}],"predecessor-version":[{"id":5543,"href":"https:\/\/johannh.com\/is\/wp-json\/wp\/v2\/pages\/5542\/revisions\/5543"}],"wp:attachment":[{"href":"https:\/\/johannh.com\/is\/wp-json\/wp\/v2\/media?parent=5542"}],"curies":[{"name":"wp","href":"https:\/\/api.w.org\/{rel}","templated":true}]}}