{"id":2036,"date":"2022-08-19T22:02:41","date_gmt":"2022-08-19T22:02:41","guid":{"rendered":"http:\/\/johannh.local\/?page_id=2036"},"modified":"2026-02-02T17:03:34","modified_gmt":"2026-02-02T17:03:34","slug":"ymsar-hljomsveitir","status":"publish","type":"page","link":"https:\/\/johannh.com\/is\/ymsar-hljomsveitir\/","title":{"rendered":"\u00ddmsar hlj\u00f3msveitir"},"content":{"rendered":"\n<pre class=\"wp-block-preformatted\"><strong>St\u00f3nett 1964-1965<\/strong> J\u00f3hann Helgason, trommur, s\u00f6ngur\/Fri\u00f0rik G\u00edslason, bassi\/Stig &amp; Jan, g\u00edtar. <br><strong>Vettvangur<\/strong>: Sk\u00farinn hj\u00e1 S\u00e6vari, sk\u00far Vesturbraut, \u00c6skul\u00fd\u00f0sheimili\u00f0, Keflav\u00edk.\u00a0 <br><strong>L\u00f6g<\/strong>: \u201cAnd I Love Her\u201c, \u201cDon\u00b4t You Fret\u201c o.fl.<br><br><strong>ROFAR 1965-1966\u00a0 <\/strong><br><strong>Rofar 1.<\/strong> Einar Bj\u00f6rnsson, trommur\/J\u00f3n Kjartansson, s\u00f3l\u00f3g\u00edtar, s\u00f6ngur\/Fri\u00f0rik G\u00edslason, bassi\/\u00d3mar Emilsson, g\u00edtar, s\u00f6ngur\/J\u00f3hann Helgason, g\u00edtar, s\u00f6ngur.\u00a0 \u00a0  <br><strong>Vettvangur<\/strong>: \u00c6skul\u00fd\u00f0sheimili\u00f0, Krossinn, Ung\u00f3, Hella o.fl.\u00a0 \u00a0 \u00a0 \u00a0 \u00a0 \u00a0 \u00a0 \u00a0 \u00a0 \u00a0 \u00a0 <br><strong>L\u00f6g<\/strong>: \u201cTrue Love Ways\u201c, \u201cAround And Around\u201c, \u201cTake it To The Captain\u201c, \u201cSatisfaction\u201c o.fl.\u00a0 \u00a0 \u00a0 \u00a0 \u00a0 \u00a0 \u00a0 \u00a0 \u00a0 \u00a0 \u00a0 \u00a0 \u00a0 \u00a0 \u00a0 \u00a0 \u00a0 \u00a0 \u00a0 \u00a0 \u00a0 \u00a0 \u00a0 \u00a0 \u00a0 \u00a0 \u00a0 <br><strong>Rofar 2.<\/strong> \u00d3mar Emilsson, rythmag\u00edtar, s\u00f6ngur\/J\u00f3hann Helgason, s\u00f3l\u00f3g\u00edtar, s\u00f6ngur\/ Fri\u00f0rik G\u00edslason, bassi, r\u00f6ddun\/Ingvar Ingvarsson, trommur, s\u00f6ngur.\u00a0    <br><strong>Vettvangur<\/strong>: Ung\u00f3, Stapi, Tjarnarlundur, A\u00f0alver, Sandger\u00f0i, Polar Club o.fl. <br><strong>L\u00f6g<\/strong>: \u201cLegal Matter\u201c, \u201cWith A Girl Like You\u201c, \u201cI\u00b4m On An Island\u201c o.fl.<strong>\u00a0\u00a0\u00a0\u00a0\u00a0\u00a0 \u00a0 \u00a0 \u00a0 \u00a0 \u00a0 \u00a0 \u00a0 \u00a0 \u00a0 \u00a0 \u00a0 \u00a0 \u00a0 \u00a0 \u00a0 \u00a0 \u00a0 \u00a0 \u00a0 \u00a0 \u00a0 \u00a0 \u00a0 \u00a0 \u00a0 \u00a0 \u00a0 \u00a0 \u00a0 \u00a0 \u00a0 \u00a0\u00a0<\/strong><br><br><strong>NESMENN 1966-1969<\/strong><br><strong>Nesmenn 1.<\/strong> \u00d3mar Emilsson, rythmag\u00edtar, s\u00f6ngur\/Ingvar Ingvarsson, trommur, s\u00f6ngur \/Sveinbj\u00f6rn D\u00fdrmundsson, bassi\/J\u00f3hann Helgason, s\u00f3l\u00f3g\u00edtar, s\u00f6ngur.<br><strong>Nesmenn 2. <\/strong>\u00d3mar\/Ingvar\/J\u00f3hann, bassi\/Magn\u00fas \u00de\u00f3r Sigmundsson, s\u00f3l\u00f3g\u00edtar, s\u00f6ngur.<br><strong>Nesmenn 3.<\/strong> Magn\u00fas\/J\u00f3hann\/Ingvar\/\u00deorsteinn \u00d3lafsson, Hammond\/Gestame\u00f0limir, Rockville, hermenn af Keflav\u00edkurflugvelli: Andy, s\u00f6ngur\/Sam, sax\u00f3f\u00f3nleikur.<br><strong>Vettvangur<\/strong>: Rockville, Stapi, Glaumb\u00e6r o.fl.<br><strong>L\u00f6g<\/strong>: \u201cNever My Love\u201c, \u201cGood Vibratios\u201c, \u201cA Whiter Shade Of Pale\u201c, \u201cTired Of Waiting For You\u201c o.fl.<br><br><strong>Hugsj\u00f3n 1970<\/strong><br>Ingiber Kristinsson, trommur, s\u00f6ngur\/J\u00f3hann Helgason, g\u00edtar, s\u00f6ngur\/Jakob Magn\u00fasson, hlj\u00f3mbor\u00f0\/Kristj\u00e1n \u201cKitti\u201c H\u00e1lfd\u00e1nsson, bassi.<br><strong>Vettvangur<\/strong>: F\u00e9lagsheimili\u00f0, Bolungarv\u00edk.<br><strong>L\u00f6g<\/strong>: \u201cLet It Be\u201c, \u201cCome And Get It\u201c o.fl.<strong>\u00a0<\/strong><br><br><strong>M.J.\u00c1. 1971 - 1972<\/strong><br>Magn\u00fas \u00de\u00f3r Sigmundsson, kassag\u00edtar, s\u00f6ngur\/J\u00f3hann Helgason, kassag\u00edtar, s\u00f6ngur\/ \u00c1skell M\u00e1sson, slagverk.<br><strong>Vettvangur<\/strong>: Keflav\u00edkurflugv\u00f6llur.<br><strong>L\u00f6g<\/strong>: Frumsamin.<br><br><strong>Stj\u00f6rnuli\u00f0i\u00f0 1988<\/strong><br>Edda Borg, hlj\u00f3mbor\u00f0, s\u00f6ngur\/Bjarni Sveinbj\u00f6rnsson, bassi\/J\u00f3hann Helgason, s\u00f6ngur Stef\u00e1n S.Stef\u00e1nsson, sax\u00f3f\u00f3nn\/Bj\u00f6rn Thoroddsen, g\u00edtar\/P\u00e9tur Gr\u00e9tarsson, trommur.<br><strong>Vettvangur<\/strong>: H\u00f3tel Saga.<br><strong>L\u00f6g<\/strong>: \u201cRock Around The Clock\u201c, \u201cBlue Suede Shoes\u201c, \u201cSee You Later Alligator\u201c o.fl.<br><br><strong>J\u00f3hann Helgason\/Bjarni Sveinbj\u00f6rnsson 1989<\/strong><br>J\u00f3hann Helgason, g\u00edtar, s\u00f6ngur\/Bjarni Sveinbj\u00f6rnsson, bassi.<br><strong>Vettvangur<\/strong>: H\u00f3tel Borg.<br><strong>L\u00f6g<\/strong>: \u201cAs Time Goes By\u201c, \u201cNeed Your Love So Bad\u201c, \u201cStormy Weather\u201c o.fl.<br><br><strong>Bomsurnar 1989 - 1990\u00a0<\/strong><br>P\u00e9tur Kristj\u00e1nsson, hlj\u00f3mbor\u00f0, s\u00f6ngur\/J\u00f3hann Helgason, g\u00edtar, s\u00f6ngur.<br>Gestas\u00f6ngvarar: Addi Rokk, Helga M\u00f6ller, Egill \u00d3lafsson.<br><strong>Vettvangur<\/strong>: Tveir vinir og annar \u00ed fr\u00edi, Nillabar, Uppinn o.fl.<br><strong>L\u00f6g<\/strong>: \u201cThe Letter\u201c, \u201cThese Boots Are Made For Walking\u201c, \u201cDock Of The Bay\u201c o. fl.<br><br><strong>Lj\u00faflingarnir 1990 - 1991<\/strong><br>Me\u00f0limir \u00e1 t\u00edmabilinu: Bjarni Sveinbj\u00f6rnsson, bassi\/Edda Borg, hlj\u00f3mbor\u00f0, s\u00f6ngur\/Bj\u00f6rn Thorarensen, hlj\u00f3mbor\u00f0\/Bj\u00f6rn Thoroddsen, Fri\u00f0rik Karlsson, g\u00edtar\/Birgir Baldursson, \u00d3lafur H\u00f3lm, Sigur\u00f0ur Reynisson, trommur\/J\u00f3hann Helgason, s\u00f6ngur.<br><strong>Vettvangur<\/strong>: Vetrarbrautin, H\u00f3tel Keflav\u00edk, H\u00f3tel \u00d6rk, H\u00f3tel \u00cdsland o.fl.<br><strong>L\u00f6g<\/strong>: \u201cTwilight Time\u201c, \u201cWhere The Streets Have No Name\u201c, \u201cFire\u201c\u201c o.fl<br><br><strong>JET 1992 - 1993<\/strong><br>Torfi \u00d3lafsson, bassi, s\u00f6ngur\/Einar J\u00f3nsson, g\u00edtar, s\u00f6ngur\/J\u00f3hann Helgason, kassag\u00edtar, s\u00f6ngur\u00a0\/Gunnar J\u00f3nsson, trommur\/Gestas\u00f6ngvari, Bjarni Arason.<br><strong>Vettvangur<\/strong>: Dansbarinn, landsbygg\u00f0in, Seattle, San Francisco, Los Angeles.<br><strong>L\u00f6g<\/strong>: \u201cTwisting The Night Away\u201c, \u201cAnother Brick In The Wall\u201c, \u201cKing Of The Road\u201c o.fl.<br><br><strong>Hlj\u00f3msveitin Keflav\u00edk 1996<\/strong><br>R\u00fanar J\u00fal\u00edusson, bassi, s\u00f6ngur\/P\u00e9tur Hjaltested, hlj\u00f3mbor\u00f0, r\u00f6ddun\/Tryggvi Hubner, g\u00edtar\/Birgir Baldursson, trommur\/Magn\u00fas og J\u00f3hann, kassag\u00edtar, s\u00f6ngur.<br><strong>Vettvangur<\/strong>: Striki\u00f0, Stapinn, Sjallinn o.fl.<br><strong>L\u00f6g<\/strong>: \u201c Hit The Road Jack\u201c, \u201cYummy, Yummy, Yummy\u201c, \u201cLouie Louie\u201c o.fl.<br><br><strong>\u00a0<\/strong><\/pre>\n","protected":false},"excerpt":{"rendered":"<p>St\u00f3nett 1964-1965 J\u00f3hann Helgason, trommur, s\u00f6ngur\/Fri\u00f0rik G\u00edslason, bassi\/Stig &amp; Jan, g\u00edtar. Vettvangur: Sk\u00farinn hj\u00e1 S\u00e6vari, sk\u00far Vesturbraut, \u00c6skul\u00fd\u00f0sheimili\u00f0, Keflav\u00edk.\u00a0 L\u00f6g: \u201cAnd I Love Her\u201c, \u201cDon\u00b4t You Fret\u201c o.fl.ROFAR 1965-1966\u00a0 Rofar 1. Einar Bj\u00f6rnsson, trommur\/J\u00f3n Kjartansson, s\u00f3l\u00f3g\u00edtar, s\u00f6ngur\/Fri\u00f0rik G\u00edslason, bassi\/\u00d3mar Emilsson, g\u00edtar, s\u00f6ngur\/J\u00f3hann Helgason, g\u00edtar, s\u00f6ngur.\u00a0 \u00a0 Vettvangur: \u00c6skul\u00fd\u00f0sheimili\u00f0, Krossinn, Ung\u00f3, Hella o.fl.\u00a0 \u00a0 \u00a0 \u00a0 &#8230; <\/p>\n<p class=\"read-more-container\"><a title=\"\u00ddmsar hlj\u00f3msveitir\" class=\"read-more button\" href=\"https:\/\/johannh.com\/is\/ymsar-hljomsveitir\/#more-2036\" aria-label=\"Read more about \u00ddmsar hlj\u00f3msveitir\">Read more<\/a><\/p>\n","protected":false},"author":2,"featured_media":2068,"parent":0,"menu_order":0,"comment_status":"closed","ping_status":"closed","template":"","meta":{"_acf_changed":false,"footnotes":""},"class_list":{"0":"post-2036","1":"page","2":"type-page","3":"status-publish","4":"has-post-thumbnail","6":"no-featured-image-padding"},"acf":[],"yoast_head":"<!-- This site is optimized with the Yoast SEO Premium plugin v27.4 (Yoast SEO v27.4) - https:\/\/yoast.com\/product\/yoast-seo-premium-wordpress\/ -->\n<title>\u00ddmsar hlj\u00f3msveitir - J\u00f3hann Helgason<\/title>\n<meta name=\"robots\" content=\"index, follow, max-snippet:-1, max-image-preview:large, max-video-preview:-1\" \/>\n<link rel=\"canonical\" href=\"https:\/\/johannh.com\/is\/ymsar-hljomsveitir\/\" \/>\n<meta property=\"og:locale\" content=\"is_IS\" \/>\n<meta property=\"og:type\" content=\"article\" \/>\n<meta property=\"og:title\" content=\"\u00ddmsar hlj\u00f3msveitir\" \/>\n<meta property=\"og:description\" content=\"St\u00f3nett 1964-1965 J\u00f3hann Helgason, trommur, s\u00f6ngur\/Fri\u00f0rik G\u00edslason, bassi\/Stig &amp; Jan, g\u00edtar. Vettvangur: Sk\u00farinn hj\u00e1 S\u00e6vari, sk\u00far Vesturbraut, \u00c6skul\u00fd\u00f0sheimili\u00f0, Keflav\u00edk.\u00a0 L\u00f6g: \u201cAnd I Love Her\u201c, \u201cDon\u00b4t You Fret\u201c o.fl.ROFAR 1965-1966\u00a0 Rofar 1. Einar Bj\u00f6rnsson, trommur\/J\u00f3n Kjartansson, s\u00f3l\u00f3g\u00edtar, s\u00f6ngur\/Fri\u00f0rik G\u00edslason, bassi\/\u00d3mar Emilsson, g\u00edtar, s\u00f6ngur\/J\u00f3hann Helgason, g\u00edtar, s\u00f6ngur.\u00a0 \u00a0 Vettvangur: \u00c6skul\u00fd\u00f0sheimili\u00f0, Krossinn, Ung\u00f3, Hella o.fl.\u00a0 \u00a0 \u00a0 \u00a0 ... Read more\" \/>\n<meta property=\"og:url\" content=\"https:\/\/johannh.com\/is\/ymsar-hljomsveitir\/\" \/>\n<meta property=\"og:site_name\" content=\"J\u00f3hann Helgason\" \/>\n<meta property=\"article:modified_time\" content=\"2026-02-02T17:03:34+00:00\" \/>\n<meta property=\"og:image\" content=\"https:\/\/johannh.com\/wp-content\/uploads\/2017\/10\/407079_3127865164990_1515519276_2930019_994160710_n.jpg\" \/>\n\t<meta property=\"og:image:width\" content=\"241\" \/>\n\t<meta property=\"og:image:height\" content=\"258\" \/>\n\t<meta property=\"og:image:type\" content=\"image\/jpeg\" \/>\n<meta name=\"twitter:card\" content=\"summary_large_image\" \/>\n<meta name=\"twitter:label1\" content=\"Est. reading time\" \/>\n\t<meta name=\"twitter:data1\" content=\"1 minute\" \/>\n<script type=\"application\/ld+json\" class=\"yoast-schema-graph\">{\"@context\":\"https:\\\/\\\/schema.org\",\"@graph\":[{\"@type\":\"WebPage\",\"@id\":\"https:\\\/\\\/johannh.com\\\/is\\\/ymsar-hljomsveitir\\\/\",\"url\":\"https:\\\/\\\/johannh.com\\\/is\\\/ymsar-hljomsveitir\\\/\",\"name\":\"\u00ddmsar hlj\u00f3msveitir - J\u00f3hann Helgason\",\"isPartOf\":{\"@id\":\"https:\\\/\\\/johannh.com.local\\\/#website\"},\"primaryImageOfPage\":{\"@id\":\"https:\\\/\\\/johannh.com\\\/is\\\/ymsar-hljomsveitir\\\/#primaryimage\"},\"image\":{\"@id\":\"https:\\\/\\\/johannh.com\\\/is\\\/ymsar-hljomsveitir\\\/#primaryimage\"},\"thumbnailUrl\":\"https:\\\/\\\/johannh.com\\\/wp-content\\\/uploads\\\/2017\\\/10\\\/407079_3127865164990_1515519276_2930019_994160710_n.jpg\",\"datePublished\":\"2022-08-19T22:02:41+00:00\",\"dateModified\":\"2026-02-02T17:03:34+00:00\",\"breadcrumb\":{\"@id\":\"https:\\\/\\\/johannh.com\\\/is\\\/ymsar-hljomsveitir\\\/#breadcrumb\"},\"inLanguage\":\"is\",\"potentialAction\":[{\"@type\":\"ReadAction\",\"target\":[\"https:\\\/\\\/johannh.com\\\/is\\\/ymsar-hljomsveitir\\\/\"]}]},{\"@type\":\"ImageObject\",\"inLanguage\":\"is\",\"@id\":\"https:\\\/\\\/johannh.com\\\/is\\\/ymsar-hljomsveitir\\\/#primaryimage\",\"url\":\"https:\\\/\\\/johannh.com\\\/wp-content\\\/uploads\\\/2017\\\/10\\\/407079_3127865164990_1515519276_2930019_994160710_n.jpg\",\"contentUrl\":\"https:\\\/\\\/johannh.com\\\/wp-content\\\/uploads\\\/2017\\\/10\\\/407079_3127865164990_1515519276_2930019_994160710_n.jpg\",\"width\":241,\"height\":258},{\"@type\":\"BreadcrumbList\",\"@id\":\"https:\\\/\\\/johannh.com\\\/is\\\/ymsar-hljomsveitir\\\/#breadcrumb\",\"itemListElement\":[{\"@type\":\"ListItem\",\"position\":1,\"name\":\"Home\",\"item\":\"https:\\\/\\\/johannh.com\\\/is\\\/\"},{\"@type\":\"ListItem\",\"position\":2,\"name\":\"\u00ddmsar hlj\u00f3msveitir\"}]},{\"@type\":\"WebSite\",\"@id\":\"https:\\\/\\\/johannh.com.local\\\/#website\",\"url\":\"https:\\\/\\\/johannh.com.local\\\/\",\"name\":\"J\u00f3hann Helgason\",\"description\":\"lagah\u00f6fundur og s\u00f6ngvari\",\"publisher\":{\"@id\":\"https:\\\/\\\/johannh.com.local\\\/#\\\/schema\\\/person\\\/926156ac228e2306632971a8e9e9d0c4\"},\"potentialAction\":[{\"@type\":\"SearchAction\",\"target\":{\"@type\":\"EntryPoint\",\"urlTemplate\":\"https:\\\/\\\/johannh.com.local\\\/?s={search_term_string}\"},\"query-input\":{\"@type\":\"PropertyValueSpecification\",\"valueRequired\":true,\"valueName\":\"search_term_string\"}}],\"inLanguage\":\"is\"},{\"@type\":[\"Person\",\"Organization\"],\"@id\":\"https:\\\/\\\/johannh.com.local\\\/#\\\/schema\\\/person\\\/926156ac228e2306632971a8e9e9d0c4\",\"name\":\"J\u00f3hann Helgason\",\"image\":{\"@type\":\"ImageObject\",\"inLanguage\":\"is\",\"@id\":\"https:\\\/\\\/johannh.com\\\/wp-content\\\/uploads\\\/2022\\\/10\\\/johann.webp\",\"url\":\"https:\\\/\\\/johannh.com\\\/wp-content\\\/uploads\\\/2022\\\/10\\\/johann.webp\",\"contentUrl\":\"https:\\\/\\\/johannh.com\\\/wp-content\\\/uploads\\\/2022\\\/10\\\/johann.webp\",\"width\":2000,\"height\":2000,\"caption\":\"J\u00f3hann Helgason\"},\"logo\":{\"@id\":\"https:\\\/\\\/johannh.com\\\/wp-content\\\/uploads\\\/2022\\\/10\\\/johann.webp\"},\"sameAs\":[\"https:\\\/\\\/is.linkedin.com\\\/in\\\/johann-helgason-51aa5a23\",\"https:\\\/\\\/www.youtube.com\\\/user\\\/johannhcom\"],\"birthDate\":\"1949-08-06\",\"jobTitle\":\"Singer-songwriter\"}]}<\/script>\n<!-- \/ Yoast SEO Premium plugin. -->","yoast_head_json":{"title":"\u00ddmsar hlj\u00f3msveitir - J\u00f3hann Helgason","robots":{"index":"index","follow":"follow","max-snippet":"max-snippet:-1","max-image-preview":"max-image-preview:large","max-video-preview":"max-video-preview:-1"},"canonical":"https:\/\/johannh.com\/is\/ymsar-hljomsveitir\/","og_locale":"is_IS","og_type":"article","og_title":"\u00ddmsar hlj\u00f3msveitir","og_description":"St\u00f3nett 1964-1965 J\u00f3hann Helgason, trommur, s\u00f6ngur\/Fri\u00f0rik G\u00edslason, bassi\/Stig &amp; Jan, g\u00edtar. Vettvangur: Sk\u00farinn hj\u00e1 S\u00e6vari, sk\u00far Vesturbraut, \u00c6skul\u00fd\u00f0sheimili\u00f0, Keflav\u00edk.\u00a0 L\u00f6g: \u201cAnd I Love Her\u201c, \u201cDon\u00b4t You Fret\u201c o.fl.ROFAR 1965-1966\u00a0 Rofar 1. Einar Bj\u00f6rnsson, trommur\/J\u00f3n Kjartansson, s\u00f3l\u00f3g\u00edtar, s\u00f6ngur\/Fri\u00f0rik G\u00edslason, bassi\/\u00d3mar Emilsson, g\u00edtar, s\u00f6ngur\/J\u00f3hann Helgason, g\u00edtar, s\u00f6ngur.\u00a0 \u00a0 Vettvangur: \u00c6skul\u00fd\u00f0sheimili\u00f0, Krossinn, Ung\u00f3, Hella o.fl.\u00a0 \u00a0 \u00a0 \u00a0 ... Read more","og_url":"https:\/\/johannh.com\/is\/ymsar-hljomsveitir\/","og_site_name":"J\u00f3hann Helgason","article_modified_time":"2026-02-02T17:03:34+00:00","og_image":[{"width":241,"height":258,"url":"https:\/\/johannh.com\/wp-content\/uploads\/2017\/10\/407079_3127865164990_1515519276_2930019_994160710_n.jpg","type":"image\/jpeg"}],"twitter_card":"summary_large_image","twitter_misc":{"Est. reading time":"1 minute"},"schema":{"@context":"https:\/\/schema.org","@graph":[{"@type":"WebPage","@id":"https:\/\/johannh.com\/is\/ymsar-hljomsveitir\/","url":"https:\/\/johannh.com\/is\/ymsar-hljomsveitir\/","name":"\u00ddmsar hlj\u00f3msveitir - J\u00f3hann Helgason","isPartOf":{"@id":"https:\/\/johannh.com.local\/#website"},"primaryImageOfPage":{"@id":"https:\/\/johannh.com\/is\/ymsar-hljomsveitir\/#primaryimage"},"image":{"@id":"https:\/\/johannh.com\/is\/ymsar-hljomsveitir\/#primaryimage"},"thumbnailUrl":"https:\/\/johannh.com\/wp-content\/uploads\/2017\/10\/407079_3127865164990_1515519276_2930019_994160710_n.jpg","datePublished":"2022-08-19T22:02:41+00:00","dateModified":"2026-02-02T17:03:34+00:00","breadcrumb":{"@id":"https:\/\/johannh.com\/is\/ymsar-hljomsveitir\/#breadcrumb"},"inLanguage":"is","potentialAction":[{"@type":"ReadAction","target":["https:\/\/johannh.com\/is\/ymsar-hljomsveitir\/"]}]},{"@type":"ImageObject","inLanguage":"is","@id":"https:\/\/johannh.com\/is\/ymsar-hljomsveitir\/#primaryimage","url":"https:\/\/johannh.com\/wp-content\/uploads\/2017\/10\/407079_3127865164990_1515519276_2930019_994160710_n.jpg","contentUrl":"https:\/\/johannh.com\/wp-content\/uploads\/2017\/10\/407079_3127865164990_1515519276_2930019_994160710_n.jpg","width":241,"height":258},{"@type":"BreadcrumbList","@id":"https:\/\/johannh.com\/is\/ymsar-hljomsveitir\/#breadcrumb","itemListElement":[{"@type":"ListItem","position":1,"name":"Home","item":"https:\/\/johannh.com\/is\/"},{"@type":"ListItem","position":2,"name":"\u00ddmsar hlj\u00f3msveitir"}]},{"@type":"WebSite","@id":"https:\/\/johannh.com.local\/#website","url":"https:\/\/johannh.com.local\/","name":"J\u00f3hann Helgason","description":"lagah\u00f6fundur og s\u00f6ngvari","publisher":{"@id":"https:\/\/johannh.com.local\/#\/schema\/person\/926156ac228e2306632971a8e9e9d0c4"},"potentialAction":[{"@type":"SearchAction","target":{"@type":"EntryPoint","urlTemplate":"https:\/\/johannh.com.local\/?s={search_term_string}"},"query-input":{"@type":"PropertyValueSpecification","valueRequired":true,"valueName":"search_term_string"}}],"inLanguage":"is"},{"@type":["Person","Organization"],"@id":"https:\/\/johannh.com.local\/#\/schema\/person\/926156ac228e2306632971a8e9e9d0c4","name":"J\u00f3hann Helgason","image":{"@type":"ImageObject","inLanguage":"is","@id":"https:\/\/johannh.com\/wp-content\/uploads\/2022\/10\/johann.webp","url":"https:\/\/johannh.com\/wp-content\/uploads\/2022\/10\/johann.webp","contentUrl":"https:\/\/johannh.com\/wp-content\/uploads\/2022\/10\/johann.webp","width":2000,"height":2000,"caption":"J\u00f3hann Helgason"},"logo":{"@id":"https:\/\/johannh.com\/wp-content\/uploads\/2022\/10\/johann.webp"},"sameAs":["https:\/\/is.linkedin.com\/in\/johann-helgason-51aa5a23","https:\/\/www.youtube.com\/user\/johannhcom"],"birthDate":"1949-08-06","jobTitle":"Singer-songwriter"}]}},"_links":{"self":[{"href":"https:\/\/johannh.com\/is\/wp-json\/wp\/v2\/pages\/2036","targetHints":{"allow":["GET"]}}],"collection":[{"href":"https:\/\/johannh.com\/is\/wp-json\/wp\/v2\/pages"}],"about":[{"href":"https:\/\/johannh.com\/is\/wp-json\/wp\/v2\/types\/page"}],"author":[{"embeddable":true,"href":"https:\/\/johannh.com\/is\/wp-json\/wp\/v2\/users\/2"}],"replies":[{"embeddable":true,"href":"https:\/\/johannh.com\/is\/wp-json\/wp\/v2\/comments?post=2036"}],"version-history":[{"count":3,"href":"https:\/\/johannh.com\/is\/wp-json\/wp\/v2\/pages\/2036\/revisions"}],"predecessor-version":[{"id":5681,"href":"https:\/\/johannh.com\/is\/wp-json\/wp\/v2\/pages\/2036\/revisions\/5681"}],"wp:featuredmedia":[{"embeddable":true,"href":"https:\/\/johannh.com\/is\/wp-json\/wp\/v2\/media\/2068"}],"wp:attachment":[{"href":"https:\/\/johannh.com\/is\/wp-json\/wp\/v2\/media?parent=2036"}],"curies":[{"name":"wp","href":"https:\/\/api.w.org\/{rel}","templated":true}]}}