{"id":2035,"date":"2022-08-19T22:02:41","date_gmt":"2022-08-19T22:02:41","guid":{"rendered":"http:\/\/johannh.local\/?page_id=2035"},"modified":"2022-10-09T22:23:01","modified_gmt":"2022-10-09T22:23:01","slug":"thu-eg","status":"publish","type":"page","link":"https:\/\/johannh.com\/is\/thu-eg\/","title":{"rendered":"\u00de\u00fa &amp; \u00c9g"},"content":{"rendered":"\n<p><strong>\u00de\u00da &amp; \u00c9G \/ YOU &amp; I\u00a0\u00a0\u00a0\u00a0\u00a0\u00a0\u00a0\u00a0\u00a0\u00a0\u00a0\u00a0\u00a0\u00a0\u00a0\u00a0\u00a0\u00a0\u00a0\u00a0\u00a0\u00a0\u00a0\u00a0\u00a0\u00a0\u00a0\u00a0\u00a0\u00a0\u00a0\u00a0\u00a0\u00a0\u00a0\u00a0\u00a0\u00a0\u00a0\u00a0\u00a0\u00a0\u00a0\u00a0\u00a0\u00a0\u00a0\u00a0\u00a0\u00a0\u00a0\u00a0\u00a0\u00a0\u00a0\u00a0\u00a0\u00a0\u00a0\u00a0\u00a0\u00a0\u00a0\u00a0\u00a0\u00a0\u00a0\u00a0\u00a0\u00a0\u00a0\u00a0\u00a0\u00a0\u00a0\u00a0\u00a0\u00a0\u00a0\u00a0\u00a0 \u00a0\u00a0\u00a0\u00a0\u00a0\u00a0\u00a0\u00a0\u00a0\u00a0\u00a0 <\/strong>                                                                      Steinar Berg \u00cdsleifsson: Hugmynd.                                                                                                                                          Gunnar \u00de\u00f3r\u00f0arson: Uppt\u00f6kustj\u00f3rn, \u00fatsetningar, t\u00f3nlist.\u00a0 \u00a0 \u00a0 \u00a0 \u00a0 \u00a0 \u00a0 \u00a0                                                                                      Helga M\u00f6ller, s\u00f6ngur &#8211; J\u00f3hann Helgason s\u00f6ngur, t\u00f3nlist, textar.\u00a0 \u00a0 \u00a0 \u00a0 \u00a0 \u00a0 \u00a0                                                                       <strong>Vettvangur<\/strong>: Hollywood \u00c1rm\u00fala, Los Angeles, San Francisco, Sopot P\u00f3lland o.fl.                                                      <strong>\u00datgefendur<\/strong>: Steinar hf. GTH Epic\/Sony Inc. CBS AB o.fl.<\/p>\n\n\n\n<p>brot \u00far \u00edslenzkri popps\u00f6gu<em> \u00a9 B\u00e1r\u00f0ur \u00d6rn B\u00e1r\u00f0arson \/ JH<\/em><\/p>\n\n\n\n<p>D\u00faettinn \u00de\u00fa &amp; \u00c9g er \u00e1n nokkurs vafa holdgervingur disk\u00f3t\u00edmabilsins \u00ed \u00edslenskri d\u00e6gurlagas\u00f6gu og stendur \u00fear talsvert h\u00e1tt upp \u00far. D\u00faettinn var skipa\u00f0ur \u00feeim J\u00f3hanni Helgasyni og Helgu M\u00f6ller sem b\u00e6\u00f0i \u00e1ttu langa t\u00f3nlistars\u00f6gu a\u00f0 baki, en J\u00f3hann og Helga h\u00f6f\u00f0u \u00e1\u00f0ur starfa\u00f0 saman \u00ed hlj\u00f3msveitinn Celsius 1976 &#8211; 1977.<\/p>\n\n\n\n<p>Fyrsta plata d\u00faettsins, <em>Lj\u00fafa l\u00edf<\/em>, var unnin \u00ed Marquee Studios \u00ed London \u00ed ma\u00ed og j\u00fal\u00ed 1979 og Hlj\u00f3\u00f0rita \u00ed j\u00fan\u00ed sama \u00e1r og kom \u00e1 marka\u00f0 um hausti\u00f0 \u00e1 merki Steinars h\/f. Platan \u00feykir enn ein s\u00fa besta sinnar tegundar sem gefin hefur veri\u00f0 \u00fat h\u00e9r \u00e1 landi og voru l\u00f6g hennar leikin \u00e1 disk\u00f3tekum um allt land og er svo enn \u00ed dag. L\u00f6g eins og \u201eVegir liggja til allra \u00e1tta\u201c, \u201eDans, dans, dans\u201c, \u201e\u00cd Reykjav\u00edkurborg\u201c og \u201eVilli og L\u00falla\u201c ur\u00f0u disk\u00f3smellir \u00e1rsins 1979. \u00c1ri\u00f0 eftir kom \u00fat \u00f6nnur platan <em>\u00c1 Sprengisandi<\/em> sem Gunnar \u00de\u00f3r\u00f0arson gaf \u00fat \u00e1 merki s\u00ednu GTH. S\u00fa plata n\u00e1\u00f0i ekki s\u00f6mu h\u00e6\u00f0um hva\u00f0 vins\u00e6ldir var\u00f0a\u00f0i og fyrsta plata d\u00faettsins, \u00fe\u00f3 n\u00e1\u00f0i lag Gunnars \u201e\u00cd \u00fatilegu\u201c g\u00f3\u00f0u flugi. \u00deri\u00f0ja og s\u00ed\u00f0asta brei\u00f0sk\u00edfan <em>A\u00f0eins eitt l\u00edf <\/em>var hlj\u00f3\u00f0ritu\u00f0 \u00ed London og kom \u00fat \u00e1 merki Steina hf. 1982.<\/p>\n\n\n\n<p>\u00cd \u00e1rsbyrjun 1980 f\u00f3r Steinar Berg me\u00f0 enska \u00fatg\u00e1fu af <em>Lj\u00fafa l\u00edf<\/em> \u00e1 t\u00f3nlistarr\u00e1\u00f0stefnu CBS \u00ed Stokkh\u00f3lmi og n\u00e1\u00f0i \u00fear samningi vi\u00f0 t\u00f3nlistarrisann Epic\/Sony Inc. \u00ed Japan. \u00cd framhaldinu kom japanskur erindreki \u00fatg\u00e1funnar til \u00cdslands til skrafs og r\u00e1\u00f0ager\u00f0a. Nafni d\u00faettsins var sn\u00fai\u00f0 upp \u00e1 enska v\u00edsu, You &amp; I, og tv\u00e6r sm\u00e1sk\u00edfur og ein LP plata komu \u00fat \u00e1 Japansmarka\u00f0i \u00e1 vegum Epic\/Sony og seldust samanlagt \u00ed um \u00ferj\u00fa hundru\u00f0 \u00fe\u00fasund eint\u00f6kum. Jafnframt kom sm\u00e1sk\u00edfan \u201cMy Hometown\u201c\/\u201c\u00cd Reykjav\u00edkurborg\u201c \u00fat \u00ed Skandinav\u00edu \u00e1 vegum CBS AB. \u00de\u00e1 var lagi\u00f0 \u201ek\u00f3vera\u00f0\u201c m.a. \u00ed \u00de\u00fdskalandi og Finnlandi.<\/p>\n\n\n\n<p>Sumari\u00f0 2003 var fyrsta plata \u00de\u00fa &amp; \u00c9g endur\u00fatgefin \u00e1 CD og \u00ed kj\u00f6lfari\u00f0 var\u00f0 einskonar come back d\u00faettsins sem f\u00f3r af sta\u00f0 \u00e1 n\u00fdjan leik me\u00f0 gamla efni\u00f0 sitt og mikla gle\u00f0i handa g\u00f6mlum disk\u00f3boltum sem og ungum dansf\u00edklum.<\/p>\n\n\n\n<p>\u00cd tilefni \u00ferj\u00e1t\u00edu \u00e1ra starfsafm\u00e6lis 2009 hlj\u00f3\u00f0ritu\u00f0u \u00de\u00fa &amp; \u00c9g n\u00fdtt lag, \u201eHeima er best\u201c, eftir Gunnar \u00de\u00f3r\u00f0arson vi\u00f0 texta \u00deorsteins Eggertssonar. \u00cd tilefni t\u00edmam\u00f3tanna tr\u00f3\u00f0 d\u00faettinn upp \u00e1 v\u00f6ldum st\u00f6\u00f0um.<\/p>\n","protected":false},"excerpt":{"rendered":"<p>\u00de\u00da &amp; \u00c9G \/ YOU &amp; I\u00a0\u00a0\u00a0\u00a0\u00a0\u00a0\u00a0\u00a0\u00a0\u00a0\u00a0\u00a0\u00a0\u00a0\u00a0\u00a0\u00a0\u00a0\u00a0\u00a0\u00a0\u00a0\u00a0\u00a0\u00a0\u00a0\u00a0\u00a0\u00a0\u00a0\u00a0\u00a0\u00a0\u00a0\u00a0\u00a0\u00a0\u00a0\u00a0\u00a0\u00a0\u00a0\u00a0\u00a0\u00a0\u00a0\u00a0\u00a0\u00a0\u00a0\u00a0\u00a0\u00a0\u00a0\u00a0\u00a0\u00a0\u00a0\u00a0\u00a0\u00a0\u00a0\u00a0\u00a0\u00a0\u00a0\u00a0\u00a0\u00a0\u00a0\u00a0\u00a0\u00a0\u00a0\u00a0\u00a0\u00a0\u00a0\u00a0\u00a0\u00a0 \u00a0\u00a0\u00a0\u00a0\u00a0\u00a0\u00a0\u00a0\u00a0\u00a0\u00a0 Steinar Berg \u00cdsleifsson: Hugmynd. Gunnar \u00de\u00f3r\u00f0arson: Uppt\u00f6kustj\u00f3rn, \u00fatsetningar, t\u00f3nlist.\u00a0 \u00a0 \u00a0 \u00a0 \u00a0 \u00a0 \u00a0 \u00a0 Helga M\u00f6ller, s\u00f6ngur &#8211; J\u00f3hann Helgason s\u00f6ngur, t\u00f3nlist, textar.\u00a0 \u00a0 \u00a0 \u00a0 \u00a0 \u00a0 \u00a0 Vettvangur: Hollywood \u00c1rm\u00fala, Los Angeles, San Francisco, Sopot P\u00f3lland o.fl. \u00datgefendur: Steinar hf. GTH Epic\/Sony Inc. &#8230; <\/p>\n<p class=\"read-more-container\"><a title=\"\u00de\u00fa &amp; \u00c9g\" class=\"read-more button\" href=\"https:\/\/johannh.com\/is\/thu-eg\/#more-2035\" aria-label=\"Read more about \u00de\u00fa &amp; \u00c9g\">Read more<\/a><\/p>\n","protected":false},"author":2,"featured_media":2067,"parent":0,"menu_order":0,"comment_status":"closed","ping_status":"closed","template":"","meta":{"_acf_changed":false,"footnotes":""},"class_list":{"0":"post-2035","1":"page","2":"type-page","3":"status-publish","4":"has-post-thumbnail","6":"no-featured-image-padding"},"acf":[],"yoast_head":"<!-- This site is optimized with the Yoast SEO Premium plugin v27.4 (Yoast SEO v27.4) - https:\/\/yoast.com\/product\/yoast-seo-premium-wordpress\/ -->\n<title>\u00de\u00fa &amp; \u00c9g - J\u00f3hann Helgason<\/title>\n<meta name=\"robots\" content=\"index, follow, max-snippet:-1, max-image-preview:large, max-video-preview:-1\" \/>\n<link rel=\"canonical\" href=\"https:\/\/johannh.com.local\/is\/thu-eg\/\" \/>\n<meta property=\"og:locale\" content=\"is_IS\" \/>\n<meta property=\"og:type\" content=\"article\" \/>\n<meta property=\"og:title\" content=\"\u00de\u00fa &amp; \u00c9g\" \/>\n<meta property=\"og:description\" content=\"\u00de\u00da &amp; \u00c9G \/ YOU &amp; I\u00a0\u00a0\u00a0\u00a0\u00a0\u00a0\u00a0\u00a0\u00a0\u00a0\u00a0\u00a0\u00a0\u00a0\u00a0\u00a0\u00a0\u00a0\u00a0\u00a0\u00a0\u00a0\u00a0\u00a0\u00a0\u00a0\u00a0\u00a0\u00a0\u00a0\u00a0\u00a0\u00a0\u00a0\u00a0\u00a0\u00a0\u00a0\u00a0\u00a0\u00a0\u00a0\u00a0\u00a0\u00a0\u00a0\u00a0\u00a0\u00a0\u00a0\u00a0\u00a0\u00a0\u00a0\u00a0\u00a0\u00a0\u00a0\u00a0\u00a0\u00a0\u00a0\u00a0\u00a0\u00a0\u00a0\u00a0\u00a0\u00a0\u00a0\u00a0\u00a0\u00a0\u00a0\u00a0\u00a0\u00a0\u00a0\u00a0\u00a0\u00a0 \u00a0\u00a0\u00a0\u00a0\u00a0\u00a0\u00a0\u00a0\u00a0\u00a0\u00a0 Steinar Berg \u00cdsleifsson: Hugmynd. Gunnar \u00de\u00f3r\u00f0arson: Uppt\u00f6kustj\u00f3rn, \u00fatsetningar, t\u00f3nlist.\u00a0 \u00a0 \u00a0 \u00a0 \u00a0 \u00a0 \u00a0 \u00a0 Helga M\u00f6ller, s\u00f6ngur &#8211; J\u00f3hann Helgason s\u00f6ngur, t\u00f3nlist, textar.\u00a0 \u00a0 \u00a0 \u00a0 \u00a0 \u00a0 \u00a0 Vettvangur: Hollywood \u00c1rm\u00fala, Los Angeles, San Francisco, Sopot P\u00f3lland o.fl. \u00datgefendur: Steinar hf. GTH Epic\/Sony Inc. ... Read more\" \/>\n<meta property=\"og:url\" content=\"https:\/\/johannh.com.local\/is\/thu-eg\/\" \/>\n<meta property=\"og:site_name\" content=\"J\u00f3hann Helgason\" \/>\n<meta property=\"article:modified_time\" content=\"2022-10-09T22:23:01+00:00\" \/>\n<meta property=\"og:image\" content=\"https:\/\/johannh.com.local\/wp-content\/uploads\/2017\/10\/Sprengisandur.jpg\" \/>\n\t<meta property=\"og:image:width\" content=\"1685\" \/>\n\t<meta property=\"og:image:height\" content=\"1597\" \/>\n\t<meta property=\"og:image:type\" content=\"image\/jpeg\" \/>\n<meta name=\"twitter:card\" content=\"summary_large_image\" \/>\n<meta name=\"twitter:label1\" content=\"Est. reading time\" \/>\n\t<meta name=\"twitter:data1\" content=\"2 minutes\" \/>\n<script type=\"application\/ld+json\" class=\"yoast-schema-graph\">{\"@context\":\"https:\\\/\\\/schema.org\",\"@graph\":[{\"@type\":\"WebPage\",\"@id\":\"https:\\\/\\\/johannh.com.local\\\/is\\\/thu-eg\\\/\",\"url\":\"https:\\\/\\\/johannh.com.local\\\/is\\\/thu-eg\\\/\",\"name\":\"\u00de\u00fa &amp; \u00c9g - J\u00f3hann Helgason\",\"isPartOf\":{\"@id\":\"https:\\\/\\\/johannh.com.local\\\/#website\"},\"primaryImageOfPage\":{\"@id\":\"https:\\\/\\\/johannh.com.local\\\/is\\\/thu-eg\\\/#primaryimage\"},\"image\":{\"@id\":\"https:\\\/\\\/johannh.com.local\\\/is\\\/thu-eg\\\/#primaryimage\"},\"thumbnailUrl\":\"https:\\\/\\\/johannh.com\\\/wp-content\\\/uploads\\\/2017\\\/10\\\/Sprengisandur.jpg\",\"datePublished\":\"2022-08-19T22:02:41+00:00\",\"dateModified\":\"2022-10-09T22:23:01+00:00\",\"breadcrumb\":{\"@id\":\"https:\\\/\\\/johannh.com.local\\\/is\\\/thu-eg\\\/#breadcrumb\"},\"inLanguage\":\"is\",\"potentialAction\":[{\"@type\":\"ReadAction\",\"target\":[\"https:\\\/\\\/johannh.com.local\\\/is\\\/thu-eg\\\/\"]}]},{\"@type\":\"ImageObject\",\"inLanguage\":\"is\",\"@id\":\"https:\\\/\\\/johannh.com.local\\\/is\\\/thu-eg\\\/#primaryimage\",\"url\":\"https:\\\/\\\/johannh.com\\\/wp-content\\\/uploads\\\/2017\\\/10\\\/Sprengisandur.jpg\",\"contentUrl\":\"https:\\\/\\\/johannh.com\\\/wp-content\\\/uploads\\\/2017\\\/10\\\/Sprengisandur.jpg\",\"width\":1685,\"height\":1597},{\"@type\":\"BreadcrumbList\",\"@id\":\"https:\\\/\\\/johannh.com.local\\\/is\\\/thu-eg\\\/#breadcrumb\",\"itemListElement\":[{\"@type\":\"ListItem\",\"position\":1,\"name\":\"Home\",\"item\":\"https:\\\/\\\/johannh.com\\\/is\\\/\"},{\"@type\":\"ListItem\",\"position\":2,\"name\":\"\u00de\u00fa &amp; \u00c9g\"}]},{\"@type\":\"WebSite\",\"@id\":\"https:\\\/\\\/johannh.com.local\\\/#website\",\"url\":\"https:\\\/\\\/johannh.com.local\\\/\",\"name\":\"J\u00f3hann Helgason\",\"description\":\"lagah\u00f6fundur og s\u00f6ngvari\",\"publisher\":{\"@id\":\"https:\\\/\\\/johannh.com.local\\\/#\\\/schema\\\/person\\\/926156ac228e2306632971a8e9e9d0c4\"},\"potentialAction\":[{\"@type\":\"SearchAction\",\"target\":{\"@type\":\"EntryPoint\",\"urlTemplate\":\"https:\\\/\\\/johannh.com.local\\\/?s={search_term_string}\"},\"query-input\":{\"@type\":\"PropertyValueSpecification\",\"valueRequired\":true,\"valueName\":\"search_term_string\"}}],\"inLanguage\":\"is\"},{\"@type\":[\"Person\",\"Organization\"],\"@id\":\"https:\\\/\\\/johannh.com.local\\\/#\\\/schema\\\/person\\\/926156ac228e2306632971a8e9e9d0c4\",\"name\":\"J\u00f3hann Helgason\",\"image\":{\"@type\":\"ImageObject\",\"inLanguage\":\"is\",\"@id\":\"https:\\\/\\\/johannh.com\\\/wp-content\\\/uploads\\\/2022\\\/10\\\/johann.webp\",\"url\":\"https:\\\/\\\/johannh.com\\\/wp-content\\\/uploads\\\/2022\\\/10\\\/johann.webp\",\"contentUrl\":\"https:\\\/\\\/johannh.com\\\/wp-content\\\/uploads\\\/2022\\\/10\\\/johann.webp\",\"width\":2000,\"height\":2000,\"caption\":\"J\u00f3hann Helgason\"},\"logo\":{\"@id\":\"https:\\\/\\\/johannh.com\\\/wp-content\\\/uploads\\\/2022\\\/10\\\/johann.webp\"},\"sameAs\":[\"https:\\\/\\\/is.linkedin.com\\\/in\\\/johann-helgason-51aa5a23\",\"https:\\\/\\\/www.youtube.com\\\/user\\\/johannhcom\"],\"birthDate\":\"1949-08-06\",\"jobTitle\":\"Singer-songwriter\"}]}<\/script>\n<!-- \/ Yoast SEO Premium plugin. -->","yoast_head_json":{"title":"\u00de\u00fa &amp; \u00c9g - J\u00f3hann Helgason","robots":{"index":"index","follow":"follow","max-snippet":"max-snippet:-1","max-image-preview":"max-image-preview:large","max-video-preview":"max-video-preview:-1"},"canonical":"https:\/\/johannh.com.local\/is\/thu-eg\/","og_locale":"is_IS","og_type":"article","og_title":"\u00de\u00fa &amp; \u00c9g","og_description":"\u00de\u00da &amp; \u00c9G \/ YOU &amp; I\u00a0\u00a0\u00a0\u00a0\u00a0\u00a0\u00a0\u00a0\u00a0\u00a0\u00a0\u00a0\u00a0\u00a0\u00a0\u00a0\u00a0\u00a0\u00a0\u00a0\u00a0\u00a0\u00a0\u00a0\u00a0\u00a0\u00a0\u00a0\u00a0\u00a0\u00a0\u00a0\u00a0\u00a0\u00a0\u00a0\u00a0\u00a0\u00a0\u00a0\u00a0\u00a0\u00a0\u00a0\u00a0\u00a0\u00a0\u00a0\u00a0\u00a0\u00a0\u00a0\u00a0\u00a0\u00a0\u00a0\u00a0\u00a0\u00a0\u00a0\u00a0\u00a0\u00a0\u00a0\u00a0\u00a0\u00a0\u00a0\u00a0\u00a0\u00a0\u00a0\u00a0\u00a0\u00a0\u00a0\u00a0\u00a0\u00a0\u00a0\u00a0 \u00a0\u00a0\u00a0\u00a0\u00a0\u00a0\u00a0\u00a0\u00a0\u00a0\u00a0 Steinar Berg \u00cdsleifsson: Hugmynd. Gunnar \u00de\u00f3r\u00f0arson: Uppt\u00f6kustj\u00f3rn, \u00fatsetningar, t\u00f3nlist.\u00a0 \u00a0 \u00a0 \u00a0 \u00a0 \u00a0 \u00a0 \u00a0 Helga M\u00f6ller, s\u00f6ngur &#8211; J\u00f3hann Helgason s\u00f6ngur, t\u00f3nlist, textar.\u00a0 \u00a0 \u00a0 \u00a0 \u00a0 \u00a0 \u00a0 Vettvangur: Hollywood \u00c1rm\u00fala, Los Angeles, San Francisco, Sopot P\u00f3lland o.fl. \u00datgefendur: Steinar hf. GTH Epic\/Sony Inc. ... Read more","og_url":"https:\/\/johannh.com.local\/is\/thu-eg\/","og_site_name":"J\u00f3hann Helgason","article_modified_time":"2022-10-09T22:23:01+00:00","og_image":[{"width":1685,"height":1597,"url":"https:\/\/johannh.com.local\/wp-content\/uploads\/2017\/10\/Sprengisandur.jpg","type":"image\/jpeg"}],"twitter_card":"summary_large_image","twitter_misc":{"Est. reading time":"2 minutes"},"schema":{"@context":"https:\/\/schema.org","@graph":[{"@type":"WebPage","@id":"https:\/\/johannh.com.local\/is\/thu-eg\/","url":"https:\/\/johannh.com.local\/is\/thu-eg\/","name":"\u00de\u00fa &amp; \u00c9g - J\u00f3hann Helgason","isPartOf":{"@id":"https:\/\/johannh.com.local\/#website"},"primaryImageOfPage":{"@id":"https:\/\/johannh.com.local\/is\/thu-eg\/#primaryimage"},"image":{"@id":"https:\/\/johannh.com.local\/is\/thu-eg\/#primaryimage"},"thumbnailUrl":"https:\/\/johannh.com\/wp-content\/uploads\/2017\/10\/Sprengisandur.jpg","datePublished":"2022-08-19T22:02:41+00:00","dateModified":"2022-10-09T22:23:01+00:00","breadcrumb":{"@id":"https:\/\/johannh.com.local\/is\/thu-eg\/#breadcrumb"},"inLanguage":"is","potentialAction":[{"@type":"ReadAction","target":["https:\/\/johannh.com.local\/is\/thu-eg\/"]}]},{"@type":"ImageObject","inLanguage":"is","@id":"https:\/\/johannh.com.local\/is\/thu-eg\/#primaryimage","url":"https:\/\/johannh.com\/wp-content\/uploads\/2017\/10\/Sprengisandur.jpg","contentUrl":"https:\/\/johannh.com\/wp-content\/uploads\/2017\/10\/Sprengisandur.jpg","width":1685,"height":1597},{"@type":"BreadcrumbList","@id":"https:\/\/johannh.com.local\/is\/thu-eg\/#breadcrumb","itemListElement":[{"@type":"ListItem","position":1,"name":"Home","item":"https:\/\/johannh.com\/is\/"},{"@type":"ListItem","position":2,"name":"\u00de\u00fa &amp; \u00c9g"}]},{"@type":"WebSite","@id":"https:\/\/johannh.com.local\/#website","url":"https:\/\/johannh.com.local\/","name":"J\u00f3hann Helgason","description":"lagah\u00f6fundur og s\u00f6ngvari","publisher":{"@id":"https:\/\/johannh.com.local\/#\/schema\/person\/926156ac228e2306632971a8e9e9d0c4"},"potentialAction":[{"@type":"SearchAction","target":{"@type":"EntryPoint","urlTemplate":"https:\/\/johannh.com.local\/?s={search_term_string}"},"query-input":{"@type":"PropertyValueSpecification","valueRequired":true,"valueName":"search_term_string"}}],"inLanguage":"is"},{"@type":["Person","Organization"],"@id":"https:\/\/johannh.com.local\/#\/schema\/person\/926156ac228e2306632971a8e9e9d0c4","name":"J\u00f3hann Helgason","image":{"@type":"ImageObject","inLanguage":"is","@id":"https:\/\/johannh.com\/wp-content\/uploads\/2022\/10\/johann.webp","url":"https:\/\/johannh.com\/wp-content\/uploads\/2022\/10\/johann.webp","contentUrl":"https:\/\/johannh.com\/wp-content\/uploads\/2022\/10\/johann.webp","width":2000,"height":2000,"caption":"J\u00f3hann Helgason"},"logo":{"@id":"https:\/\/johannh.com\/wp-content\/uploads\/2022\/10\/johann.webp"},"sameAs":["https:\/\/is.linkedin.com\/in\/johann-helgason-51aa5a23","https:\/\/www.youtube.com\/user\/johannhcom"],"birthDate":"1949-08-06","jobTitle":"Singer-songwriter"}]}},"_links":{"self":[{"href":"https:\/\/johannh.com\/is\/wp-json\/wp\/v2\/pages\/2035","targetHints":{"allow":["GET"]}}],"collection":[{"href":"https:\/\/johannh.com\/is\/wp-json\/wp\/v2\/pages"}],"about":[{"href":"https:\/\/johannh.com\/is\/wp-json\/wp\/v2\/types\/page"}],"author":[{"embeddable":true,"href":"https:\/\/johannh.com\/is\/wp-json\/wp\/v2\/users\/2"}],"replies":[{"embeddable":true,"href":"https:\/\/johannh.com\/is\/wp-json\/wp\/v2\/comments?post=2035"}],"version-history":[{"count":0,"href":"https:\/\/johannh.com\/is\/wp-json\/wp\/v2\/pages\/2035\/revisions"}],"wp:featuredmedia":[{"embeddable":true,"href":"https:\/\/johannh.com\/is\/wp-json\/wp\/v2\/media\/2067"}],"wp:attachment":[{"href":"https:\/\/johannh.com\/is\/wp-json\/wp\/v2\/media?parent=2035"}],"curies":[{"name":"wp","href":"https:\/\/api.w.org\/{rel}","templated":true}]}}