{"id":2034,"date":"2022-08-19T22:02:41","date_gmt":"2022-08-19T22:02:41","guid":{"rendered":"http:\/\/johannh.local\/?page_id=2034"},"modified":"2026-02-02T17:38:50","modified_gmt":"2026-02-02T17:38:50","slug":"poker","status":"publish","type":"page","link":"https:\/\/johannh.com\/is\/poker\/","title":{"rendered":"Poker"},"content":{"rendered":"\n<p><strong>POKER 1977-1978<\/strong><\/p>\n\n\n\n<pre class=\"wp-block-preformatted\"><strong>1977<\/strong>: P\u00e9tur W. Kristj\u00e1nsson, s\u00f6ngur, kazoo, k\u00faari \/ Bj\u00f6rgvin G\u00edslason, g\u00edtar, hlj\u00f3mbor\u00f0 \/ P\u00e1lmi Gunnarsson, bassi, s\u00f6ngur \/ Kristj\u00e1n Gu\u00f0mundsson, hlj\u00f3mbor\u00f0 \/ Sigur\u00f0ur Karlsson, trommur \/ J\u00f3hann Helgason, g\u00edtar, s\u00f6ngur \/ Gestas\u00f6ngvari, Shady Owens.&nbsp; \n<strong>1978<\/strong>: P\u00e9tur, Bj\u00f6rgvin, Kristj\u00e1n, J\u00f3hann \/ \u00c1sgeir \u00d3skarsson, trommur \/ P\u00e9tur Hjaltested, hlj\u00f3mbor\u00f0 \/ J\u00f3hann G. J\u00f3hannsson, bassi.                            \n<strong>Lj\u00f3sama\u00f0ur\/pl\u00f6tusn\u00fa\u00f0ur<\/strong>, G\u00edsli Sveinn Loftsson\/\u00c1sl\u00e1kur.                    \n<strong>R\u00f3tarar<\/strong>: Bjarni og \u00c1g\u00fast Har\u00f0arsynir, Hjalti Hafsteinsson, Doddi o.fl.&nbsp; &nbsp;     \n<strong>Vettvangur<\/strong>: Keflavikurflugv\u00f6llur, sveitab\u00f6ll, Laugardalsh\u00f6ll, upphitun fyrir The Stranglers, F\u00e6reyjar, Kl\u00fabburinn o.fl.&nbsp; &nbsp; &nbsp; <strong>\u00datgefendur<\/strong>: T\u00f3nafl\u00f3\u00f0, Sk\u00edfan, Sena.<\/pre>\n\n\n\n<p>brot \u00far \u00edslenzkri popps\u00f6gu<em> \u00a9 J\u00f3hann Helgason<\/em><\/p>\n\n\n\n<p>L\u00edft\u00edmi \u00edslenskra hlj\u00f3msveita var stuttur \u00e1 \u00e1ttunda \u00e1ratugnum. \u00cd kj\u00f6lfar upplausnar hlj\u00f3msveitanna Parad\u00eds og Celsius \u00ed \u00e1rsbyrjun 1977, l\u00f6g\u00f0u P\u00e9tur og Bj\u00f6rgvin \u00e1samt P\u00e1lma og Sigga \u00e1 r\u00e1\u00f0in um stofnun n\u00fdrrar sveitar og bu\u00f0u okkur Kidda Gu\u00f0munds til samstarfs. \u00deetta var spennandi h\u00f3pur a\u00f0 vinna me\u00f0, samsafn fr\u00e1b\u00e6rra hlj\u00f3\u00f0f\u00e6raleikara og s\u00f6ngvara.<\/p>\n\n\n\n<p>P\u00e9tur kom flj\u00f3tlega me\u00f0 hugmynd a\u00f0 nafni sem a\u00f0 sj\u00e1lfs\u00f6g\u00f0u bar upphafsstafinn P, eftir samnefndu lagi m\u00ednu Poker, sem jafnframt var\u00f0 a\u00f0 einkennislagi hlj\u00f3msveitarinnar. \u00c6fingab\u00fa\u00f0ir voru \u00ed \u00deingholtunum og \u00e6f\u00f0um vi\u00f0 alla virka morgna fram eftir degi. P\u00e9tur var \u00f3kr\u00fdndur hlj\u00f3msveitarstj\u00f3ri og anna\u00f0ist allt er laut a\u00f0 rekstri og kynningu sveitarinnar, s.s. r\u00e1\u00f0ningar, uppgj\u00f6r, tengsl vi\u00f0 fj\u00f6lmi\u00f0la, jafnt sem kaup \u00e1 \u00fev\u00ed n\u00fdjasta \u00ed lj\u00f3sa- og svi\u00f0sb\u00fana\u00f0i erlendis fr\u00e1.<\/p>\n\n\n\n<p>Fyrsta \u00fatg\u00e1fa hlj\u00f3msveitarinnar \u00fereytti frumraun s\u00edna \u00e1 Keflav\u00edkurflugvelli \u00ed kl\u00fabbnum Top of the Rock \u00feann 1. apr\u00edl 1977 og var uppt\u00f6kumeistarinn Geoff Calver (eiginma\u00f0ur Shady Owens) me\u00f0 \u00ed f\u00f6r. Geoff leist vel \u00e1 \u00fea\u00f0 sem hann heyr\u00f0i og bau\u00f0st til a\u00f0 hlj\u00f3\u00f0rita me\u00f0 okkur nokkur l\u00f6g \u00feegar hann k\u00e6mi aftur til landsins \u00fe\u00e1 um hausti\u00f0. Vi\u00f0 b\u00f3ku\u00f0um t\u00edma \u00ed Hlj\u00f3\u00f0rita \u00ed n\u00f3vember og Geoff t\u00f3k upp l\u00f6gin \u201cDriving In The City\u201c, \u201cGet On To A Sure Thing\u201c og \u201cTake Me To The Sun\u201c. A\u00f0 uppt\u00f6kum loknum t\u00f3k Geoff sp\u00f3lurnar me\u00f0 s\u00e9r til Englands \u00fear sem hann b\u00e6tti vi\u00f0 strengjaleik og bl\u00e1sturshlj\u00f3\u00f0f\u00e6rum.<\/p>\n\n\n\n<p>Um l\u00edkt leyti og vi\u00f0 fengum fullb\u00fanar uppt\u00f6kur \u00ed hendur vori\u00f0 1978, h\u00f6f\u00f0u P\u00e1lmi og Siggi sagt skili\u00f0 vi\u00f0 sveitina og \u00ed \u00feeirra sta\u00f0 voru komnir \u00c1sgeir \u00d3skarsson og J\u00f3hann G. J\u00f3hannsson. Samhli\u00f0a \u00feessum hr\u00e6ringum var P\u00e9tri Hjaltested (\u00e1\u00f0ur Parad\u00eds) bo\u00f0in sta\u00f0a Hammond- og hlj\u00f3mbor\u00f0sleikara, en Kiddi s\u00e1 eftir sem \u00e1\u00f0ur um p\u00edan\u00f3leik.<\/p>\n\n\n\n<p>Bandar\u00edskur kunningi Bj\u00f6rgvins, Jay Egloff a\u00f0 nafni, haf\u00f0i fengi\u00f0 uppt\u00f6kurnar \u00ed hendur og vaki\u00f0 athygli l\u00f6gmannanna Dennis John Hauge og Jarrell E. Godfrey Jr. \u00e1 Poker, en \u00feeir starfr\u00e6ktu umbo\u00f0sskrifstofu \u00ed Lousiana. \u00dea\u00f0 haf\u00f0i \u00ed stuttu m\u00e1li \u00fe\u00e6r aflei\u00f0ingar a\u00f0 bandar\u00edsku l\u00f6gmennirnir bu\u00f0u Poker einka-umbo\u00f0ssamning, sem t\u00f3k til allra anga t\u00f3nlistargeirans \u00ed Nor\u00f0ur- og Su\u00f0ur-Amer\u00edku. Samningurinn f\u00f3l m.a. \u00ed s\u00e9r a\u00f0 hlj\u00f3msveitin flytti vestur um haf og h\u00e9ldi t\u00f3nleika v\u00ed\u00f0svegar um Bandar\u00edkin \u00ed l\u00e1gmark eitt \u00e1r me\u00f0 m\u00f6guleika \u00e1 framlengingu samningsins.<\/p>\n\n\n\n<p>\u00cd fj\u00f6lmi\u00f0lum haf\u00f0i veri\u00f0 gefi\u00f0 \u00ed skyn a\u00f0 megintilgangurinn me\u00f0 stofnun Poker hafi veri\u00f0 a\u00f0 komast \u00e1 samning erlendis. Ekki minnist \u00e9g \u00feess a\u00f0 vi\u00f0 hef\u00f0um r\u00e6tt \u00fea\u00f0 s\u00e9rstaklega, hvorki innbyr\u00f0ist n\u00e9 opinberlega. Vi\u00f0 h\u00f6f\u00f0um a\u00f0 sj\u00e1lfs\u00f6g\u00f0u j\u00e1kv\u00e6\u00f0an metna\u00f0 fyrir h\u00f6nd bandsins og h\u00e9ldum \u00f6llum m\u00f6guleikum opnum. En meginstefnan \u00ed framkv\u00e6md var a\u00f0 \u00e6fa vins\u00e6lustu l\u00f6gin hverju sinni og hafa lifibrau\u00f0 af spilamennskunni h\u00e9r heima. \u00c9g einn hlj\u00f3msveitarme\u00f0lima, haf\u00f0i b\u00fai\u00f0 og starfa\u00f0 me\u00f0 hlj\u00f3msveit \u00e1 erlendri grundu og af \u00feeirri reynslu svo til n\u00fdfenginni freista\u00f0i n\u00fdtt \u00e6vint\u00fdri \u00ed \u00fatl\u00f6ndum, me\u00f0 tilheyrandi r\u00f6skun \u00e1 fj\u00f6lskyldu- og heimilish\u00f6gum m\u00edn ekki. Ekki var\u00f0 af \u00feessu Amer\u00edku\u00e6vint\u00fdri Poker \u00fear e\u00f0 samningstilbo\u00f0 bandar\u00edsku l\u00f6gmannanna \u00e1tti vi\u00f0 um sveitina \u00ed \u00f3breyttri mynd.<\/p>\n","protected":false},"excerpt":{"rendered":"<p>POKER 1977-1978 1977: P\u00e9tur W. Kristj\u00e1nsson, s\u00f6ngur, kazoo, k\u00faari \/ Bj\u00f6rgvin G\u00edslason, g\u00edtar, hlj\u00f3mbor\u00f0 \/ P\u00e1lmi Gunnarsson, bassi, s\u00f6ngur \/ Kristj\u00e1n Gu\u00f0mundsson, hlj\u00f3mbor\u00f0 \/ Sigur\u00f0ur Karlsson, trommur \/ J\u00f3hann Helgason, g\u00edtar, s\u00f6ngur \/ Gestas\u00f6ngvari, Shady Owens.&nbsp; 1978: P\u00e9tur, Bj\u00f6rgvin, Kristj\u00e1n, J\u00f3hann \/ \u00c1sgeir \u00d3skarsson, trommur \/ P\u00e9tur Hjaltested, hlj\u00f3mbor\u00f0 \/ J\u00f3hann G. J\u00f3hannsson, bassi. Lj\u00f3sama\u00f0ur\/pl\u00f6tusn\u00fa\u00f0ur, &#8230; <\/p>\n<p class=\"read-more-container\"><a title=\"Poker\" class=\"read-more button\" href=\"https:\/\/johannh.com\/is\/poker\/#more-2034\" aria-label=\"Read more about Poker\">Read more<\/a><\/p>\n","protected":false},"author":2,"featured_media":2066,"parent":0,"menu_order":0,"comment_status":"closed","ping_status":"closed","template":"","meta":{"_acf_changed":false,"footnotes":""},"class_list":{"0":"post-2034","1":"page","2":"type-page","3":"status-publish","4":"has-post-thumbnail","6":"no-featured-image-padding"},"acf":[],"yoast_head":"<!-- This site is optimized with the Yoast SEO Premium plugin v27.3 (Yoast SEO v27.3) - https:\/\/yoast.com\/product\/yoast-seo-premium-wordpress\/ -->\n<title>Poker - J\u00f3hann Helgason<\/title>\n<meta name=\"robots\" content=\"index, follow, max-snippet:-1, max-image-preview:large, max-video-preview:-1\" \/>\n<link rel=\"canonical\" href=\"https:\/\/johannh.com\/is\/poker\/\" \/>\n<meta property=\"og:locale\" content=\"is_IS\" \/>\n<meta property=\"og:type\" content=\"article\" \/>\n<meta property=\"og:title\" content=\"Poker\" \/>\n<meta property=\"og:description\" content=\"POKER 1977-1978 1977: P\u00e9tur W. Kristj\u00e1nsson, s\u00f6ngur, kazoo, k\u00faari \/ Bj\u00f6rgvin G\u00edslason, g\u00edtar, hlj\u00f3mbor\u00f0 \/ P\u00e1lmi Gunnarsson, bassi, s\u00f6ngur \/ Kristj\u00e1n Gu\u00f0mundsson, hlj\u00f3mbor\u00f0 \/ Sigur\u00f0ur Karlsson, trommur \/ J\u00f3hann Helgason, g\u00edtar, s\u00f6ngur \/ Gestas\u00f6ngvari, Shady Owens.&nbsp; 1978: P\u00e9tur, Bj\u00f6rgvin, Kristj\u00e1n, J\u00f3hann \/ \u00c1sgeir \u00d3skarsson, trommur \/ P\u00e9tur Hjaltested, hlj\u00f3mbor\u00f0 \/ J\u00f3hann G. J\u00f3hannsson, bassi. Lj\u00f3sama\u00f0ur\/pl\u00f6tusn\u00fa\u00f0ur, ... Read more\" \/>\n<meta property=\"og:url\" content=\"https:\/\/johannh.com\/is\/poker\/\" \/>\n<meta property=\"og:site_name\" content=\"J\u00f3hann Helgason\" \/>\n<meta property=\"article:modified_time\" content=\"2026-02-02T17:38:50+00:00\" \/>\n<meta property=\"og:image\" content=\"https:\/\/johannh.com\/wp-content\/uploads\/2017\/10\/04.jpg\" \/>\n\t<meta property=\"og:image:width\" content=\"1833\" \/>\n\t<meta property=\"og:image:height\" content=\"1052\" \/>\n\t<meta property=\"og:image:type\" content=\"image\/jpeg\" \/>\n<meta name=\"twitter:card\" content=\"summary_large_image\" \/>\n<meta name=\"twitter:label1\" content=\"Est. reading time\" \/>\n\t<meta name=\"twitter:data1\" content=\"3 minutes\" \/>\n<script type=\"application\/ld+json\" class=\"yoast-schema-graph\">{\"@context\":\"https:\\\/\\\/schema.org\",\"@graph\":[{\"@type\":\"WebPage\",\"@id\":\"https:\\\/\\\/johannh.com\\\/is\\\/poker\\\/\",\"url\":\"https:\\\/\\\/johannh.com\\\/is\\\/poker\\\/\",\"name\":\"Poker - J\u00f3hann Helgason\",\"isPartOf\":{\"@id\":\"https:\\\/\\\/johannh.com.local\\\/#website\"},\"primaryImageOfPage\":{\"@id\":\"https:\\\/\\\/johannh.com\\\/is\\\/poker\\\/#primaryimage\"},\"image\":{\"@id\":\"https:\\\/\\\/johannh.com\\\/is\\\/poker\\\/#primaryimage\"},\"thumbnailUrl\":\"https:\\\/\\\/johannh.com\\\/wp-content\\\/uploads\\\/2017\\\/10\\\/04.jpg\",\"datePublished\":\"2022-08-19T22:02:41+00:00\",\"dateModified\":\"2026-02-02T17:38:50+00:00\",\"breadcrumb\":{\"@id\":\"https:\\\/\\\/johannh.com\\\/is\\\/poker\\\/#breadcrumb\"},\"inLanguage\":\"is\",\"potentialAction\":[{\"@type\":\"ReadAction\",\"target\":[\"https:\\\/\\\/johannh.com\\\/is\\\/poker\\\/\"]}]},{\"@type\":\"ImageObject\",\"inLanguage\":\"is\",\"@id\":\"https:\\\/\\\/johannh.com\\\/is\\\/poker\\\/#primaryimage\",\"url\":\"https:\\\/\\\/johannh.com\\\/wp-content\\\/uploads\\\/2017\\\/10\\\/04.jpg\",\"contentUrl\":\"https:\\\/\\\/johannh.com\\\/wp-content\\\/uploads\\\/2017\\\/10\\\/04.jpg\",\"width\":1833,\"height\":1052},{\"@type\":\"BreadcrumbList\",\"@id\":\"https:\\\/\\\/johannh.com\\\/is\\\/poker\\\/#breadcrumb\",\"itemListElement\":[{\"@type\":\"ListItem\",\"position\":1,\"name\":\"Home\",\"item\":\"https:\\\/\\\/johannh.com\\\/is\\\/\"},{\"@type\":\"ListItem\",\"position\":2,\"name\":\"Poker\"}]},{\"@type\":\"WebSite\",\"@id\":\"https:\\\/\\\/johannh.com.local\\\/#website\",\"url\":\"https:\\\/\\\/johannh.com.local\\\/\",\"name\":\"J\u00f3hann Helgason\",\"description\":\"lagah\u00f6fundur og s\u00f6ngvari\",\"publisher\":{\"@id\":\"https:\\\/\\\/johannh.com.local\\\/#\\\/schema\\\/person\\\/926156ac228e2306632971a8e9e9d0c4\"},\"potentialAction\":[{\"@type\":\"SearchAction\",\"target\":{\"@type\":\"EntryPoint\",\"urlTemplate\":\"https:\\\/\\\/johannh.com.local\\\/?s={search_term_string}\"},\"query-input\":{\"@type\":\"PropertyValueSpecification\",\"valueRequired\":true,\"valueName\":\"search_term_string\"}}],\"inLanguage\":\"is\"},{\"@type\":[\"Person\",\"Organization\"],\"@id\":\"https:\\\/\\\/johannh.com.local\\\/#\\\/schema\\\/person\\\/926156ac228e2306632971a8e9e9d0c4\",\"name\":\"J\u00f3hann Helgason\",\"image\":{\"@type\":\"ImageObject\",\"inLanguage\":\"is\",\"@id\":\"https:\\\/\\\/johannh.com\\\/wp-content\\\/uploads\\\/2022\\\/10\\\/johann.webp\",\"url\":\"https:\\\/\\\/johannh.com\\\/wp-content\\\/uploads\\\/2022\\\/10\\\/johann.webp\",\"contentUrl\":\"https:\\\/\\\/johannh.com\\\/wp-content\\\/uploads\\\/2022\\\/10\\\/johann.webp\",\"width\":2000,\"height\":2000,\"caption\":\"J\u00f3hann Helgason\"},\"logo\":{\"@id\":\"https:\\\/\\\/johannh.com\\\/wp-content\\\/uploads\\\/2022\\\/10\\\/johann.webp\"},\"sameAs\":[\"https:\\\/\\\/is.linkedin.com\\\/in\\\/johann-helgason-51aa5a23\",\"https:\\\/\\\/www.youtube.com\\\/user\\\/johannhcom\"],\"birthDate\":\"1949-08-06\",\"jobTitle\":\"Singer-songwriter\"}]}<\/script>\n<!-- \/ Yoast SEO Premium plugin. -->","yoast_head_json":{"title":"Poker - J\u00f3hann Helgason","robots":{"index":"index","follow":"follow","max-snippet":"max-snippet:-1","max-image-preview":"max-image-preview:large","max-video-preview":"max-video-preview:-1"},"canonical":"https:\/\/johannh.com\/is\/poker\/","og_locale":"is_IS","og_type":"article","og_title":"Poker","og_description":"POKER 1977-1978 1977: P\u00e9tur W. Kristj\u00e1nsson, s\u00f6ngur, kazoo, k\u00faari \/ Bj\u00f6rgvin G\u00edslason, g\u00edtar, hlj\u00f3mbor\u00f0 \/ P\u00e1lmi Gunnarsson, bassi, s\u00f6ngur \/ Kristj\u00e1n Gu\u00f0mundsson, hlj\u00f3mbor\u00f0 \/ Sigur\u00f0ur Karlsson, trommur \/ J\u00f3hann Helgason, g\u00edtar, s\u00f6ngur \/ Gestas\u00f6ngvari, Shady Owens.&nbsp; 1978: P\u00e9tur, Bj\u00f6rgvin, Kristj\u00e1n, J\u00f3hann \/ \u00c1sgeir \u00d3skarsson, trommur \/ P\u00e9tur Hjaltested, hlj\u00f3mbor\u00f0 \/ J\u00f3hann G. J\u00f3hannsson, bassi. Lj\u00f3sama\u00f0ur\/pl\u00f6tusn\u00fa\u00f0ur, ... Read more","og_url":"https:\/\/johannh.com\/is\/poker\/","og_site_name":"J\u00f3hann Helgason","article_modified_time":"2026-02-02T17:38:50+00:00","og_image":[{"width":1833,"height":1052,"url":"https:\/\/johannh.com\/wp-content\/uploads\/2017\/10\/04.jpg","type":"image\/jpeg"}],"twitter_card":"summary_large_image","twitter_misc":{"Est. reading time":"3 minutes"},"schema":{"@context":"https:\/\/schema.org","@graph":[{"@type":"WebPage","@id":"https:\/\/johannh.com\/is\/poker\/","url":"https:\/\/johannh.com\/is\/poker\/","name":"Poker - J\u00f3hann Helgason","isPartOf":{"@id":"https:\/\/johannh.com.local\/#website"},"primaryImageOfPage":{"@id":"https:\/\/johannh.com\/is\/poker\/#primaryimage"},"image":{"@id":"https:\/\/johannh.com\/is\/poker\/#primaryimage"},"thumbnailUrl":"https:\/\/johannh.com\/wp-content\/uploads\/2017\/10\/04.jpg","datePublished":"2022-08-19T22:02:41+00:00","dateModified":"2026-02-02T17:38:50+00:00","breadcrumb":{"@id":"https:\/\/johannh.com\/is\/poker\/#breadcrumb"},"inLanguage":"is","potentialAction":[{"@type":"ReadAction","target":["https:\/\/johannh.com\/is\/poker\/"]}]},{"@type":"ImageObject","inLanguage":"is","@id":"https:\/\/johannh.com\/is\/poker\/#primaryimage","url":"https:\/\/johannh.com\/wp-content\/uploads\/2017\/10\/04.jpg","contentUrl":"https:\/\/johannh.com\/wp-content\/uploads\/2017\/10\/04.jpg","width":1833,"height":1052},{"@type":"BreadcrumbList","@id":"https:\/\/johannh.com\/is\/poker\/#breadcrumb","itemListElement":[{"@type":"ListItem","position":1,"name":"Home","item":"https:\/\/johannh.com\/is\/"},{"@type":"ListItem","position":2,"name":"Poker"}]},{"@type":"WebSite","@id":"https:\/\/johannh.com.local\/#website","url":"https:\/\/johannh.com.local\/","name":"J\u00f3hann Helgason","description":"lagah\u00f6fundur og s\u00f6ngvari","publisher":{"@id":"https:\/\/johannh.com.local\/#\/schema\/person\/926156ac228e2306632971a8e9e9d0c4"},"potentialAction":[{"@type":"SearchAction","target":{"@type":"EntryPoint","urlTemplate":"https:\/\/johannh.com.local\/?s={search_term_string}"},"query-input":{"@type":"PropertyValueSpecification","valueRequired":true,"valueName":"search_term_string"}}],"inLanguage":"is"},{"@type":["Person","Organization"],"@id":"https:\/\/johannh.com.local\/#\/schema\/person\/926156ac228e2306632971a8e9e9d0c4","name":"J\u00f3hann Helgason","image":{"@type":"ImageObject","inLanguage":"is","@id":"https:\/\/johannh.com\/wp-content\/uploads\/2022\/10\/johann.webp","url":"https:\/\/johannh.com\/wp-content\/uploads\/2022\/10\/johann.webp","contentUrl":"https:\/\/johannh.com\/wp-content\/uploads\/2022\/10\/johann.webp","width":2000,"height":2000,"caption":"J\u00f3hann Helgason"},"logo":{"@id":"https:\/\/johannh.com\/wp-content\/uploads\/2022\/10\/johann.webp"},"sameAs":["https:\/\/is.linkedin.com\/in\/johann-helgason-51aa5a23","https:\/\/www.youtube.com\/user\/johannhcom"],"birthDate":"1949-08-06","jobTitle":"Singer-songwriter"}]}},"_links":{"self":[{"href":"https:\/\/johannh.com\/is\/wp-json\/wp\/v2\/pages\/2034","targetHints":{"allow":["GET"]}}],"collection":[{"href":"https:\/\/johannh.com\/is\/wp-json\/wp\/v2\/pages"}],"about":[{"href":"https:\/\/johannh.com\/is\/wp-json\/wp\/v2\/types\/page"}],"author":[{"embeddable":true,"href":"https:\/\/johannh.com\/is\/wp-json\/wp\/v2\/users\/2"}],"replies":[{"embeddable":true,"href":"https:\/\/johannh.com\/is\/wp-json\/wp\/v2\/comments?post=2034"}],"version-history":[{"count":1,"href":"https:\/\/johannh.com\/is\/wp-json\/wp\/v2\/pages\/2034\/revisions"}],"predecessor-version":[{"id":5687,"href":"https:\/\/johannh.com\/is\/wp-json\/wp\/v2\/pages\/2034\/revisions\/5687"}],"wp:featuredmedia":[{"embeddable":true,"href":"https:\/\/johannh.com\/is\/wp-json\/wp\/v2\/media\/2066"}],"wp:attachment":[{"href":"https:\/\/johannh.com\/is\/wp-json\/wp\/v2\/media?parent=2034"}],"curies":[{"name":"wp","href":"https:\/\/api.w.org\/{rel}","templated":true}]}}