{"id":2028,"date":"2022-08-19T22:02:41","date_gmt":"2022-08-19T22:02:41","guid":{"rendered":"http:\/\/johannh.local\/?page_id=2028"},"modified":"2026-02-02T17:47:25","modified_gmt":"2026-02-02T17:47:25","slug":"lummurnar","status":"publish","type":"page","link":"https:\/\/johannh.com\/is\/lummurnar\/","title":{"rendered":"Lummurnar"},"content":{"rendered":"\n<p><strong>LUMMURNAR 1977-1978<\/strong><\/p>\n\n\n\n<pre class=\"wp-block-preformatted\"><strong>Gunnar \u00de\u00f3r\u00f0arson<\/strong>: Hugmynd, \u00fatsetningar, uppt\u00f6kustj\u00f3rn, hlj\u00f3\u00f0f\u00e6raleikur.&nbsp; &nbsp; &nbsp; &nbsp;                                                             <strong>S\u00f6ngvarar<\/strong>: Linda G\u00edslad\u00f3ttir, Ragnhildur G\u00edslad\u00f3ttir, \u00d3lafur \u00de\u00f3r\u00f0arson, Valur Emilsson, J\u00f3hann Helgason.&nbsp; &nbsp; &nbsp; &nbsp; &nbsp; &nbsp; &nbsp; &nbsp; &nbsp; &nbsp; &nbsp; &nbsp; &nbsp; <strong>\u00datgefandi<\/strong>: \u00ddmir hf.<\/pre>\n\n\n\n<p>brot \u00far \u00edslenzkri popps\u00f6gu<em> \u00a9 J\u00f3hann Helgason <\/em><\/p>\n\n\n\n<p>Lummurnar voru hugarf\u00f3stur Gunnars \u00de\u00f3r\u00f0arsonar og t\u00f3k \u00e9g vel \u00ed a\u00f0 vera me\u00f0 \u00ed a\u00f0 endurvekja d\u00e6gurflugur \u00e6sku\u00e1ranna. Auk m\u00edn f\u00e9kk Gunnar til li\u00f0s vi\u00f0 sig tv\u00e6r ungar og upprennandi s\u00f6ngkonur, Lindu og Ragnhildi G\u00edslad\u00e6tur. Til a\u00f0 fullmanna s\u00f6ngflokkinn r\u00e9\u00f0 hann auk \u00feess \u00d3laf \u00de\u00f3r\u00f0arson \u00far R\u00ed\u00f3 tr\u00ed\u00f3i og Keflv\u00edkinginn og fyrrverandi \u00d3\u00f0manninn Val Emilsson fr\u00e6nda minn (br\u00f3\u00f0ur \u00d3mars \u00far Rofum).<\/p>\n\n\n\n<p>S\u00f6ngkvintettinn small vel saman \u00e1 \u00e6fingum heima hj\u00e1 Gunna \u00fear sem l\u00f6gin voru valin og \u00e6f\u00f0 \u00ed margradda b\u00faningi. Uppt\u00f6kur gengu vel fyrir sig \u00ed Hlj\u00f3\u00f0rita, enda vi\u00f0fangsefni\u00f0 skemmtilegt, \u00fatsetningar fj\u00f6lbreyttar og valikunnir menn \u00ed hverju r\u00fami.<\/p>\n\n\n\n<p><em>Gamlar g\u00f3\u00f0ar lummur &nbsp;<\/em>sl\u00f3 r\u00e6kilega \u00ed gegn hj\u00e1 \u00fej\u00f3\u00f0inni, seldist sem heitar lummur (plat\u00ednusala) og ellismellirnir t\u00f3ku a\u00f0 hlj\u00f3ma \u00e1 n\u00fd \u00e1 g\u00f6mlu gufunni.<\/p>\n\n\n\n<p>S\u00e9rstakur sj\u00f3nvarps\u00fe\u00e1ttur var framleiddur og flokkurinn tr\u00f3\u00f0 upp \u00e1 Arnarh\u00f3li \u00e1 17 j\u00fan\u00ed. Lummurnar \u00e1ttu s\u00f6luh\u00e6stu pl\u00f6tu \u00e1rsins og veittu ver\u00f0launum \u00fear a\u00f0 l\u00fatandi vi\u00f0t\u00f6ku \u00e1 Stj\u00f6rnumessu \u00e1 H\u00f3tel S\u00f6gu.<\/p>\n\n\n\n<p><\/p>\n\n\n\n<p><\/p>\n","protected":false},"excerpt":{"rendered":"<p>LUMMURNAR 1977-1978 Gunnar \u00de\u00f3r\u00f0arson: Hugmynd, \u00fatsetningar, uppt\u00f6kustj\u00f3rn, hlj\u00f3\u00f0f\u00e6raleikur.&nbsp; &nbsp; &nbsp; &nbsp; S\u00f6ngvarar: Linda G\u00edslad\u00f3ttir, Ragnhildur G\u00edslad\u00f3ttir, \u00d3lafur \u00de\u00f3r\u00f0arson, Valur Emilsson, J\u00f3hann Helgason.&nbsp; &nbsp; &nbsp; &nbsp; &nbsp; &nbsp; &nbsp; &nbsp; &nbsp; &nbsp; &nbsp; &nbsp; &nbsp; \u00datgefandi: \u00ddmir hf. brot \u00far \u00edslenzkri popps\u00f6gu \u00a9 J\u00f3hann Helgason Lummurnar voru hugarf\u00f3stur Gunnars \u00de\u00f3r\u00f0arsonar og t\u00f3k \u00e9g vel \u00ed a\u00f0 &#8230; <\/p>\n<p class=\"read-more-container\"><a title=\"Lummurnar\" class=\"read-more button\" href=\"https:\/\/johannh.com\/is\/lummurnar\/#more-2028\" aria-label=\"Read more about Lummurnar\">Read more<\/a><\/p>\n","protected":false},"author":2,"featured_media":2065,"parent":0,"menu_order":0,"comment_status":"closed","ping_status":"closed","template":"","meta":{"_acf_changed":false,"footnotes":""},"class_list":{"0":"post-2028","1":"page","2":"type-page","3":"status-publish","4":"has-post-thumbnail","6":"no-featured-image-padding"},"acf":[],"yoast_head":"<!-- This site is optimized with the Yoast SEO Premium plugin v27.4 (Yoast SEO v27.4) - https:\/\/yoast.com\/product\/yoast-seo-premium-wordpress\/ -->\n<title>Lummurnar - J\u00f3hann Helgason<\/title>\n<meta name=\"robots\" content=\"index, follow, max-snippet:-1, max-image-preview:large, max-video-preview:-1\" \/>\n<link rel=\"canonical\" href=\"https:\/\/johannh.com\/is\/lummurnar\/\" \/>\n<meta property=\"og:locale\" content=\"is_IS\" \/>\n<meta property=\"og:type\" content=\"article\" \/>\n<meta property=\"og:title\" content=\"Lummurnar\" \/>\n<meta property=\"og:description\" content=\"LUMMURNAR 1977-1978 Gunnar \u00de\u00f3r\u00f0arson: Hugmynd, \u00fatsetningar, uppt\u00f6kustj\u00f3rn, hlj\u00f3\u00f0f\u00e6raleikur.&nbsp; &nbsp; &nbsp; &nbsp; S\u00f6ngvarar: Linda G\u00edslad\u00f3ttir, Ragnhildur G\u00edslad\u00f3ttir, \u00d3lafur \u00de\u00f3r\u00f0arson, Valur Emilsson, J\u00f3hann Helgason.&nbsp; &nbsp; &nbsp; &nbsp; &nbsp; &nbsp; &nbsp; &nbsp; &nbsp; &nbsp; &nbsp; &nbsp; &nbsp; \u00datgefandi: \u00ddmir hf. brot \u00far \u00edslenzkri popps\u00f6gu \u00a9 J\u00f3hann Helgason Lummurnar voru hugarf\u00f3stur Gunnars \u00de\u00f3r\u00f0arsonar og t\u00f3k \u00e9g vel \u00ed a\u00f0 ... Read more\" \/>\n<meta property=\"og:url\" content=\"https:\/\/johannh.com\/is\/lummurnar\/\" \/>\n<meta property=\"og:site_name\" content=\"J\u00f3hann Helgason\" \/>\n<meta property=\"article:modified_time\" content=\"2026-02-02T17:47:25+00:00\" \/>\n<meta property=\"og:image\" content=\"https:\/\/johannh.com\/wp-content\/uploads\/2017\/10\/01-scaled.jpg\" \/>\n\t<meta property=\"og:image:width\" content=\"2557\" \/>\n\t<meta property=\"og:image:height\" content=\"2560\" \/>\n\t<meta property=\"og:image:type\" content=\"image\/jpeg\" \/>\n<meta name=\"twitter:card\" content=\"summary_large_image\" \/>\n<meta name=\"twitter:label1\" content=\"Est. reading time\" \/>\n\t<meta name=\"twitter:data1\" content=\"1 minute\" \/>\n<script type=\"application\/ld+json\" class=\"yoast-schema-graph\">{\"@context\":\"https:\\\/\\\/schema.org\",\"@graph\":[{\"@type\":\"WebPage\",\"@id\":\"https:\\\/\\\/johannh.com\\\/is\\\/lummurnar\\\/\",\"url\":\"https:\\\/\\\/johannh.com\\\/is\\\/lummurnar\\\/\",\"name\":\"Lummurnar - J\u00f3hann Helgason\",\"isPartOf\":{\"@id\":\"https:\\\/\\\/johannh.com.local\\\/#website\"},\"primaryImageOfPage\":{\"@id\":\"https:\\\/\\\/johannh.com\\\/is\\\/lummurnar\\\/#primaryimage\"},\"image\":{\"@id\":\"https:\\\/\\\/johannh.com\\\/is\\\/lummurnar\\\/#primaryimage\"},\"thumbnailUrl\":\"https:\\\/\\\/johannh.com\\\/wp-content\\\/uploads\\\/2017\\\/10\\\/01-scaled.jpg\",\"datePublished\":\"2022-08-19T22:02:41+00:00\",\"dateModified\":\"2026-02-02T17:47:25+00:00\",\"breadcrumb\":{\"@id\":\"https:\\\/\\\/johannh.com\\\/is\\\/lummurnar\\\/#breadcrumb\"},\"inLanguage\":\"is\",\"potentialAction\":[{\"@type\":\"ReadAction\",\"target\":[\"https:\\\/\\\/johannh.com\\\/is\\\/lummurnar\\\/\"]}]},{\"@type\":\"ImageObject\",\"inLanguage\":\"is\",\"@id\":\"https:\\\/\\\/johannh.com\\\/is\\\/lummurnar\\\/#primaryimage\",\"url\":\"https:\\\/\\\/johannh.com\\\/wp-content\\\/uploads\\\/2017\\\/10\\\/01-scaled.jpg\",\"contentUrl\":\"https:\\\/\\\/johannh.com\\\/wp-content\\\/uploads\\\/2017\\\/10\\\/01-scaled.jpg\",\"width\":2557,\"height\":2560},{\"@type\":\"BreadcrumbList\",\"@id\":\"https:\\\/\\\/johannh.com\\\/is\\\/lummurnar\\\/#breadcrumb\",\"itemListElement\":[{\"@type\":\"ListItem\",\"position\":1,\"name\":\"Home\",\"item\":\"https:\\\/\\\/johannh.com\\\/is\\\/\"},{\"@type\":\"ListItem\",\"position\":2,\"name\":\"Lummurnar\"}]},{\"@type\":\"WebSite\",\"@id\":\"https:\\\/\\\/johannh.com.local\\\/#website\",\"url\":\"https:\\\/\\\/johannh.com.local\\\/\",\"name\":\"J\u00f3hann Helgason\",\"description\":\"lagah\u00f6fundur og s\u00f6ngvari\",\"publisher\":{\"@id\":\"https:\\\/\\\/johannh.com.local\\\/#\\\/schema\\\/person\\\/926156ac228e2306632971a8e9e9d0c4\"},\"potentialAction\":[{\"@type\":\"SearchAction\",\"target\":{\"@type\":\"EntryPoint\",\"urlTemplate\":\"https:\\\/\\\/johannh.com.local\\\/?s={search_term_string}\"},\"query-input\":{\"@type\":\"PropertyValueSpecification\",\"valueRequired\":true,\"valueName\":\"search_term_string\"}}],\"inLanguage\":\"is\"},{\"@type\":[\"Person\",\"Organization\"],\"@id\":\"https:\\\/\\\/johannh.com.local\\\/#\\\/schema\\\/person\\\/926156ac228e2306632971a8e9e9d0c4\",\"name\":\"J\u00f3hann Helgason\",\"image\":{\"@type\":\"ImageObject\",\"inLanguage\":\"is\",\"@id\":\"https:\\\/\\\/johannh.com\\\/wp-content\\\/uploads\\\/2022\\\/10\\\/johann.webp\",\"url\":\"https:\\\/\\\/johannh.com\\\/wp-content\\\/uploads\\\/2022\\\/10\\\/johann.webp\",\"contentUrl\":\"https:\\\/\\\/johannh.com\\\/wp-content\\\/uploads\\\/2022\\\/10\\\/johann.webp\",\"width\":2000,\"height\":2000,\"caption\":\"J\u00f3hann Helgason\"},\"logo\":{\"@id\":\"https:\\\/\\\/johannh.com\\\/wp-content\\\/uploads\\\/2022\\\/10\\\/johann.webp\"},\"sameAs\":[\"https:\\\/\\\/is.linkedin.com\\\/in\\\/johann-helgason-51aa5a23\",\"https:\\\/\\\/www.youtube.com\\\/user\\\/johannhcom\"],\"birthDate\":\"1949-08-06\",\"jobTitle\":\"Singer-songwriter\"}]}<\/script>\n<!-- \/ Yoast SEO Premium plugin. -->","yoast_head_json":{"title":"Lummurnar - J\u00f3hann Helgason","robots":{"index":"index","follow":"follow","max-snippet":"max-snippet:-1","max-image-preview":"max-image-preview:large","max-video-preview":"max-video-preview:-1"},"canonical":"https:\/\/johannh.com\/is\/lummurnar\/","og_locale":"is_IS","og_type":"article","og_title":"Lummurnar","og_description":"LUMMURNAR 1977-1978 Gunnar \u00de\u00f3r\u00f0arson: Hugmynd, \u00fatsetningar, uppt\u00f6kustj\u00f3rn, hlj\u00f3\u00f0f\u00e6raleikur.&nbsp; &nbsp; &nbsp; &nbsp; S\u00f6ngvarar: Linda G\u00edslad\u00f3ttir, Ragnhildur G\u00edslad\u00f3ttir, \u00d3lafur \u00de\u00f3r\u00f0arson, Valur Emilsson, J\u00f3hann Helgason.&nbsp; &nbsp; &nbsp; &nbsp; &nbsp; &nbsp; &nbsp; &nbsp; &nbsp; &nbsp; &nbsp; &nbsp; &nbsp; \u00datgefandi: \u00ddmir hf. brot \u00far \u00edslenzkri popps\u00f6gu \u00a9 J\u00f3hann Helgason Lummurnar voru hugarf\u00f3stur Gunnars \u00de\u00f3r\u00f0arsonar og t\u00f3k \u00e9g vel \u00ed a\u00f0 ... Read more","og_url":"https:\/\/johannh.com\/is\/lummurnar\/","og_site_name":"J\u00f3hann Helgason","article_modified_time":"2026-02-02T17:47:25+00:00","og_image":[{"width":2557,"height":2560,"url":"https:\/\/johannh.com\/wp-content\/uploads\/2017\/10\/01-scaled.jpg","type":"image\/jpeg"}],"twitter_card":"summary_large_image","twitter_misc":{"Est. reading time":"1 minute"},"schema":{"@context":"https:\/\/schema.org","@graph":[{"@type":"WebPage","@id":"https:\/\/johannh.com\/is\/lummurnar\/","url":"https:\/\/johannh.com\/is\/lummurnar\/","name":"Lummurnar - J\u00f3hann Helgason","isPartOf":{"@id":"https:\/\/johannh.com.local\/#website"},"primaryImageOfPage":{"@id":"https:\/\/johannh.com\/is\/lummurnar\/#primaryimage"},"image":{"@id":"https:\/\/johannh.com\/is\/lummurnar\/#primaryimage"},"thumbnailUrl":"https:\/\/johannh.com\/wp-content\/uploads\/2017\/10\/01-scaled.jpg","datePublished":"2022-08-19T22:02:41+00:00","dateModified":"2026-02-02T17:47:25+00:00","breadcrumb":{"@id":"https:\/\/johannh.com\/is\/lummurnar\/#breadcrumb"},"inLanguage":"is","potentialAction":[{"@type":"ReadAction","target":["https:\/\/johannh.com\/is\/lummurnar\/"]}]},{"@type":"ImageObject","inLanguage":"is","@id":"https:\/\/johannh.com\/is\/lummurnar\/#primaryimage","url":"https:\/\/johannh.com\/wp-content\/uploads\/2017\/10\/01-scaled.jpg","contentUrl":"https:\/\/johannh.com\/wp-content\/uploads\/2017\/10\/01-scaled.jpg","width":2557,"height":2560},{"@type":"BreadcrumbList","@id":"https:\/\/johannh.com\/is\/lummurnar\/#breadcrumb","itemListElement":[{"@type":"ListItem","position":1,"name":"Home","item":"https:\/\/johannh.com\/is\/"},{"@type":"ListItem","position":2,"name":"Lummurnar"}]},{"@type":"WebSite","@id":"https:\/\/johannh.com.local\/#website","url":"https:\/\/johannh.com.local\/","name":"J\u00f3hann Helgason","description":"lagah\u00f6fundur og s\u00f6ngvari","publisher":{"@id":"https:\/\/johannh.com.local\/#\/schema\/person\/926156ac228e2306632971a8e9e9d0c4"},"potentialAction":[{"@type":"SearchAction","target":{"@type":"EntryPoint","urlTemplate":"https:\/\/johannh.com.local\/?s={search_term_string}"},"query-input":{"@type":"PropertyValueSpecification","valueRequired":true,"valueName":"search_term_string"}}],"inLanguage":"is"},{"@type":["Person","Organization"],"@id":"https:\/\/johannh.com.local\/#\/schema\/person\/926156ac228e2306632971a8e9e9d0c4","name":"J\u00f3hann Helgason","image":{"@type":"ImageObject","inLanguage":"is","@id":"https:\/\/johannh.com\/wp-content\/uploads\/2022\/10\/johann.webp","url":"https:\/\/johannh.com\/wp-content\/uploads\/2022\/10\/johann.webp","contentUrl":"https:\/\/johannh.com\/wp-content\/uploads\/2022\/10\/johann.webp","width":2000,"height":2000,"caption":"J\u00f3hann Helgason"},"logo":{"@id":"https:\/\/johannh.com\/wp-content\/uploads\/2022\/10\/johann.webp"},"sameAs":["https:\/\/is.linkedin.com\/in\/johann-helgason-51aa5a23","https:\/\/www.youtube.com\/user\/johannhcom"],"birthDate":"1949-08-06","jobTitle":"Singer-songwriter"}]}},"_links":{"self":[{"href":"https:\/\/johannh.com\/is\/wp-json\/wp\/v2\/pages\/2028","targetHints":{"allow":["GET"]}}],"collection":[{"href":"https:\/\/johannh.com\/is\/wp-json\/wp\/v2\/pages"}],"about":[{"href":"https:\/\/johannh.com\/is\/wp-json\/wp\/v2\/types\/page"}],"author":[{"embeddable":true,"href":"https:\/\/johannh.com\/is\/wp-json\/wp\/v2\/users\/2"}],"replies":[{"embeddable":true,"href":"https:\/\/johannh.com\/is\/wp-json\/wp\/v2\/comments?post=2028"}],"version-history":[{"count":5,"href":"https:\/\/johannh.com\/is\/wp-json\/wp\/v2\/pages\/2028\/revisions"}],"predecessor-version":[{"id":5692,"href":"https:\/\/johannh.com\/is\/wp-json\/wp\/v2\/pages\/2028\/revisions\/5692"}],"wp:featuredmedia":[{"embeddable":true,"href":"https:\/\/johannh.com\/is\/wp-json\/wp\/v2\/media\/2065"}],"wp:attachment":[{"href":"https:\/\/johannh.com\/is\/wp-json\/wp\/v2\/media?parent=2028"}],"curies":[{"name":"wp","href":"https:\/\/api.w.org\/{rel}","templated":true}]}}