{"id":2027,"date":"2022-08-19T22:02:41","date_gmt":"2022-08-19T22:02:41","guid":{"rendered":"http:\/\/johannh.local\/?page_id=2027"},"modified":"2022-08-29T09:35:29","modified_gmt":"2022-08-29T09:35:29","slug":"celsius","status":"publish","type":"page","link":"https:\/\/johannh.com\/is\/celsius\/","title":{"rendered":"Celsius"},"content":{"rendered":"\n<p><strong>CELSIUS 1976\u20131977<\/strong><\/p>\n\n\n\n<pre class=\"wp-block-preformatted\"><strong>Me\u00f0limir<\/strong>: Birgir Hrafnsson g\u00edtar, s\u00f6ngur \/ Birgir Gu\u00f0mundsson g\u00edtar \/ P\u00e1lmi Gunnarsson bassi, s\u00f6ngur \/ Sigur\u00f0ur Karlsson trommur \/ Kristj\u00e1n Gu\u00f0mundsson hlj\u00f3mbor\u00f0 \/ Helga M\u00f6ller J\u00f3hann Helgason s\u00f6ngur, slagverk.\n<strong>Vettvangur<\/strong>: Sigt\u00fan Su\u00f0urlandsbraut, sk\u00f3lab\u00f6ll o.fl.&nbsp; &nbsp; &nbsp; &nbsp; &nbsp; &nbsp; &nbsp; &nbsp; &nbsp; &nbsp;&nbsp;\n<strong>\u00datgefendur<\/strong>: Steinar hf. T\u00f3nafl\u00f3\u00f0 Celsius.<\/pre>\n\n\n\n<p>brot \u00far \u00edslenzkri popps\u00f6gu<em> \u00a9 J\u00f3hann Helgason<\/em><\/p>\n\n\n\n<p>Eftir a\u00f0 hlj\u00f3msveitin Change h\u00e6tti st\u00f6rfum upp \u00far \u00e1ram\u00f3tum 1975-76 h\u00f6f\u00f0u fyrrum Change-me\u00f0limirnir Biggi og Siggi stofna\u00f0 hlj\u00f3msveitina Celsius \u00e1samt P\u00e1lma Gunnarssyni, Kristj\u00e1ni Gu\u00f0mundssyni og Birgi Gu\u00f0mundssyni. S\u00ed\u00f0la \u00e1rs 1976 bu\u00f0u \u00feeir m\u00e9r \u00e1samt ungri upprennandi s\u00f6ngkonu, Helgu M\u00f6ller st\u00f6\u00f0u s\u00f6ngvara \u00ed bandinu. Celsius l\u00e9k funk- og soulkennda t\u00f3nlist, jafnt frumsamda sem erlenda, og h\u00f6f\u00f0u \u00feeir m.a. \u00fatsett og gert \u00e1\u00f0ur \u00f3\u00fatgefnu lagi m\u00ednu, \u201cPoker\u201c, vi\u00f0 texta Valt\u00fds \u00de\u00f3r\u00f0arsonar fr\u00e1b\u00e6r skil.<\/p>\n\n\n\n<p>Vi\u00f0 Helga sungum og r\u00f6ddu\u00f0um til m\u00f3tv\u00e6gis vi\u00f0 P\u00e1lma og Bigga og l\u00e9kum auk \u00feess \u00e1 \u00fdmis \u00e1sl\u00e1ttarhlj\u00f3\u00f0f\u00e6ri. \u00de\u00f3 a\u00f0 um sj\u00f6 manna sveit v\u00e6ri a\u00f0 r\u00e6\u00f0a gekk samstarfi\u00f0 me\u00f0 \u00e1g\u00e6tum og bandi\u00f0 tr\u00f3\u00f0 reglulega upp, m.a. \u00ed Sigt\u00fani og Tjarnarb\u00fa\u00f0, sem og \u00ed framhaldssk\u00f3lum.<\/p>\n\n\n\n<p>A\u00f0 frumkv\u00e6\u00f0i Bigga Hrafns lauk Celsius vi\u00f0 14 laga hlj\u00f3mpl\u00f6tu \u00ed Hlj\u00f3\u00f0rita 1977, sem kom \u00fe\u00f3 ekki \u00fat \u00fear sem hlj\u00f3msveitin h\u00e6tti st\u00f6rfum. Vi\u00f0 uppt\u00f6kurnar nutum vi\u00f0 a\u00f0sto\u00f0ar Karls heitins Sighvatssonar \u00e1 Hammond orgel og Halld\u00f3rs P\u00e1lssonar \u00e1 sax\u00f3f\u00f3n.<\/p>\n\n\n\n<p>Um tveim \u00e1ratugum s\u00ed\u00f0ar, e\u00f0a 1996, voru l\u00f6gin \u201cDays Pass Me By\u201c eftir Birgi Hrafnsson og \u201cPoker\u201c gefin \u00fat \u00e1 safndisknum <em>\u00cdslensk poppsaga<\/em>, en (fyrrum Change-lagi\u00f0) \u201cLove Your Mother\u201c haf\u00f0i \u00e1\u00f0ur rata\u00f0 \u00e1 safnpl\u00f6tuna <em>Flugur<\/em>, 1981. Celsius var \u00fatnefnd bjartasta vonin af Dagbla\u00f0inu 1976.<\/p>\n\n\n\n<p>\u00c1ri\u00f0 2013 fundust sp\u00f3lurnar af Celsius pl\u00f6tunni fr\u00e1 1977, en \u00fe\u00e6r h\u00f6f\u00f0u veri\u00f0 glata\u00f0ar um \u00e1rabil. Fyrrverandi me\u00f0limir \u00e1kv\u00e1\u00f0u a\u00f0 gefa gripinn \u00fat og fengu Didda fi\u00f0lu til a\u00f0 \u201ebaka\u201c g\u00f6mlu sp\u00f3lurnar eftir k\u00fanstarinnar reglum fyrir \u00fatg\u00e1fu \u00e1 CD.<\/p>\n","protected":false},"excerpt":{"rendered":"<p>CELSIUS 1976\u20131977 Me\u00f0limir: Birgir Hrafnsson g\u00edtar, s\u00f6ngur \/ Birgir Gu\u00f0mundsson g\u00edtar \/ P\u00e1lmi Gunnarsson bassi, s\u00f6ngur \/ Sigur\u00f0ur Karlsson trommur \/ Kristj\u00e1n Gu\u00f0mundsson hlj\u00f3mbor\u00f0 \/ Helga M\u00f6ller J\u00f3hann Helgason s\u00f6ngur, slagverk. Vettvangur: Sigt\u00fan Su\u00f0urlandsbraut, sk\u00f3lab\u00f6ll o.fl.&nbsp; &nbsp; &nbsp; &nbsp; &nbsp; &nbsp; &nbsp; &nbsp; &nbsp; &nbsp;&nbsp; \u00datgefendur: Steinar hf. T\u00f3nafl\u00f3\u00f0 Celsius. brot \u00far \u00edslenzkri popps\u00f6gu \u00a9 &#8230; <\/p>\n<p class=\"read-more-container\"><a title=\"Celsius\" class=\"read-more button\" href=\"https:\/\/johannh.com\/is\/celsius\/#more-2027\" aria-label=\"Read more about Celsius\">Read more<\/a><\/p>\n","protected":false},"author":2,"featured_media":2064,"parent":0,"menu_order":0,"comment_status":"closed","ping_status":"closed","template":"","meta":{"_acf_changed":false,"footnotes":""},"class_list":{"0":"post-2027","1":"page","2":"type-page","3":"status-publish","4":"has-post-thumbnail","6":"no-featured-image-padding"},"acf":[],"yoast_head":"<!-- This site is optimized with the Yoast SEO Premium plugin v27.4 (Yoast SEO v27.4) - https:\/\/yoast.com\/product\/yoast-seo-premium-wordpress\/ -->\n<title>Celsius - J\u00f3hann Helgason<\/title>\n<meta name=\"robots\" content=\"index, follow, max-snippet:-1, max-image-preview:large, max-video-preview:-1\" \/>\n<link rel=\"canonical\" href=\"https:\/\/johannh.com.local\/is\/celsius\/\" \/>\n<meta property=\"og:locale\" content=\"is_IS\" \/>\n<meta property=\"og:type\" content=\"article\" \/>\n<meta property=\"og:title\" content=\"Celsius\" \/>\n<meta property=\"og:description\" content=\"CELSIUS 1976\u20131977 Me\u00f0limir: Birgir Hrafnsson g\u00edtar, s\u00f6ngur \/ Birgir Gu\u00f0mundsson g\u00edtar \/ P\u00e1lmi Gunnarsson bassi, s\u00f6ngur \/ Sigur\u00f0ur Karlsson trommur \/ Kristj\u00e1n Gu\u00f0mundsson hlj\u00f3mbor\u00f0 \/ Helga M\u00f6ller J\u00f3hann Helgason s\u00f6ngur, slagverk. Vettvangur: Sigt\u00fan Su\u00f0urlandsbraut, sk\u00f3lab\u00f6ll o.fl.&nbsp; &nbsp; &nbsp; &nbsp; &nbsp; &nbsp; &nbsp; &nbsp; &nbsp; &nbsp;&nbsp; \u00datgefendur: Steinar hf. T\u00f3nafl\u00f3\u00f0 Celsius. brot \u00far \u00edslenzkri popps\u00f6gu \u00a9 ... Read more\" \/>\n<meta property=\"og:url\" content=\"https:\/\/johannh.com.local\/is\/celsius\/\" \/>\n<meta property=\"og:site_name\" content=\"J\u00f3hann Helgason\" \/>\n<meta property=\"article:modified_time\" content=\"2022-08-29T09:35:29+00:00\" \/>\n<meta property=\"og:image\" content=\"https:\/\/johannh.com.local\/wp-content\/uploads\/2017\/10\/celsius-t\u00fangata.jpg\" \/>\n\t<meta property=\"og:image:width\" content=\"1445\" \/>\n\t<meta property=\"og:image:height\" content=\"994\" \/>\n\t<meta property=\"og:image:type\" content=\"image\/jpeg\" \/>\n<meta name=\"twitter:card\" content=\"summary_large_image\" \/>\n<meta name=\"twitter:label1\" content=\"Est. reading time\" \/>\n\t<meta name=\"twitter:data1\" content=\"2 minutes\" \/>\n<script type=\"application\/ld+json\" class=\"yoast-schema-graph\">{\"@context\":\"https:\\\/\\\/schema.org\",\"@graph\":[{\"@type\":\"WebPage\",\"@id\":\"https:\\\/\\\/johannh.com.local\\\/is\\\/celsius\\\/\",\"url\":\"https:\\\/\\\/johannh.com.local\\\/is\\\/celsius\\\/\",\"name\":\"Celsius - J\u00f3hann Helgason\",\"isPartOf\":{\"@id\":\"https:\\\/\\\/johannh.com.local\\\/#website\"},\"primaryImageOfPage\":{\"@id\":\"https:\\\/\\\/johannh.com.local\\\/is\\\/celsius\\\/#primaryimage\"},\"image\":{\"@id\":\"https:\\\/\\\/johannh.com.local\\\/is\\\/celsius\\\/#primaryimage\"},\"thumbnailUrl\":\"https:\\\/\\\/johannh.com\\\/wp-content\\\/uploads\\\/2017\\\/10\\\/celsius-t\u00fangata.jpg\",\"datePublished\":\"2022-08-19T22:02:41+00:00\",\"dateModified\":\"2022-08-29T09:35:29+00:00\",\"breadcrumb\":{\"@id\":\"https:\\\/\\\/johannh.com.local\\\/is\\\/celsius\\\/#breadcrumb\"},\"inLanguage\":\"is\",\"potentialAction\":[{\"@type\":\"ReadAction\",\"target\":[\"https:\\\/\\\/johannh.com.local\\\/is\\\/celsius\\\/\"]}]},{\"@type\":\"ImageObject\",\"inLanguage\":\"is\",\"@id\":\"https:\\\/\\\/johannh.com.local\\\/is\\\/celsius\\\/#primaryimage\",\"url\":\"https:\\\/\\\/johannh.com\\\/wp-content\\\/uploads\\\/2017\\\/10\\\/celsius-t\u00fangata.jpg\",\"contentUrl\":\"https:\\\/\\\/johannh.com\\\/wp-content\\\/uploads\\\/2017\\\/10\\\/celsius-t\u00fangata.jpg\",\"width\":1445,\"height\":994},{\"@type\":\"BreadcrumbList\",\"@id\":\"https:\\\/\\\/johannh.com.local\\\/is\\\/celsius\\\/#breadcrumb\",\"itemListElement\":[{\"@type\":\"ListItem\",\"position\":1,\"name\":\"Home\",\"item\":\"https:\\\/\\\/johannh.com\\\/is\\\/\"},{\"@type\":\"ListItem\",\"position\":2,\"name\":\"Celsius\"}]},{\"@type\":\"WebSite\",\"@id\":\"https:\\\/\\\/johannh.com.local\\\/#website\",\"url\":\"https:\\\/\\\/johannh.com.local\\\/\",\"name\":\"J\u00f3hann Helgason\",\"description\":\"lagah\u00f6fundur og s\u00f6ngvari\",\"publisher\":{\"@id\":\"https:\\\/\\\/johannh.com.local\\\/#\\\/schema\\\/person\\\/926156ac228e2306632971a8e9e9d0c4\"},\"potentialAction\":[{\"@type\":\"SearchAction\",\"target\":{\"@type\":\"EntryPoint\",\"urlTemplate\":\"https:\\\/\\\/johannh.com.local\\\/?s={search_term_string}\"},\"query-input\":{\"@type\":\"PropertyValueSpecification\",\"valueRequired\":true,\"valueName\":\"search_term_string\"}}],\"inLanguage\":\"is\"},{\"@type\":[\"Person\",\"Organization\"],\"@id\":\"https:\\\/\\\/johannh.com.local\\\/#\\\/schema\\\/person\\\/926156ac228e2306632971a8e9e9d0c4\",\"name\":\"J\u00f3hann Helgason\",\"image\":{\"@type\":\"ImageObject\",\"inLanguage\":\"is\",\"@id\":\"https:\\\/\\\/johannh.com\\\/wp-content\\\/uploads\\\/2022\\\/10\\\/johann.webp\",\"url\":\"https:\\\/\\\/johannh.com\\\/wp-content\\\/uploads\\\/2022\\\/10\\\/johann.webp\",\"contentUrl\":\"https:\\\/\\\/johannh.com\\\/wp-content\\\/uploads\\\/2022\\\/10\\\/johann.webp\",\"width\":2000,\"height\":2000,\"caption\":\"J\u00f3hann Helgason\"},\"logo\":{\"@id\":\"https:\\\/\\\/johannh.com\\\/wp-content\\\/uploads\\\/2022\\\/10\\\/johann.webp\"},\"sameAs\":[\"https:\\\/\\\/is.linkedin.com\\\/in\\\/johann-helgason-51aa5a23\",\"https:\\\/\\\/www.youtube.com\\\/user\\\/johannhcom\"],\"birthDate\":\"1949-08-06\",\"jobTitle\":\"Singer-songwriter\"}]}<\/script>\n<!-- \/ Yoast SEO Premium plugin. -->","yoast_head_json":{"title":"Celsius - J\u00f3hann Helgason","robots":{"index":"index","follow":"follow","max-snippet":"max-snippet:-1","max-image-preview":"max-image-preview:large","max-video-preview":"max-video-preview:-1"},"canonical":"https:\/\/johannh.com.local\/is\/celsius\/","og_locale":"is_IS","og_type":"article","og_title":"Celsius","og_description":"CELSIUS 1976\u20131977 Me\u00f0limir: Birgir Hrafnsson g\u00edtar, s\u00f6ngur \/ Birgir Gu\u00f0mundsson g\u00edtar \/ P\u00e1lmi Gunnarsson bassi, s\u00f6ngur \/ Sigur\u00f0ur Karlsson trommur \/ Kristj\u00e1n Gu\u00f0mundsson hlj\u00f3mbor\u00f0 \/ Helga M\u00f6ller J\u00f3hann Helgason s\u00f6ngur, slagverk. Vettvangur: Sigt\u00fan Su\u00f0urlandsbraut, sk\u00f3lab\u00f6ll o.fl.&nbsp; &nbsp; &nbsp; &nbsp; &nbsp; &nbsp; &nbsp; &nbsp; &nbsp; &nbsp;&nbsp; \u00datgefendur: Steinar hf. T\u00f3nafl\u00f3\u00f0 Celsius. brot \u00far \u00edslenzkri popps\u00f6gu \u00a9 ... Read more","og_url":"https:\/\/johannh.com.local\/is\/celsius\/","og_site_name":"J\u00f3hann Helgason","article_modified_time":"2022-08-29T09:35:29+00:00","og_image":[{"width":1445,"height":994,"url":"https:\/\/johannh.com.local\/wp-content\/uploads\/2017\/10\/celsius-t\u00fangata.jpg","type":"image\/jpeg"}],"twitter_card":"summary_large_image","twitter_misc":{"Est. reading time":"2 minutes"},"schema":{"@context":"https:\/\/schema.org","@graph":[{"@type":"WebPage","@id":"https:\/\/johannh.com.local\/is\/celsius\/","url":"https:\/\/johannh.com.local\/is\/celsius\/","name":"Celsius - J\u00f3hann Helgason","isPartOf":{"@id":"https:\/\/johannh.com.local\/#website"},"primaryImageOfPage":{"@id":"https:\/\/johannh.com.local\/is\/celsius\/#primaryimage"},"image":{"@id":"https:\/\/johannh.com.local\/is\/celsius\/#primaryimage"},"thumbnailUrl":"https:\/\/johannh.com\/wp-content\/uploads\/2017\/10\/celsius-t\u00fangata.jpg","datePublished":"2022-08-19T22:02:41+00:00","dateModified":"2022-08-29T09:35:29+00:00","breadcrumb":{"@id":"https:\/\/johannh.com.local\/is\/celsius\/#breadcrumb"},"inLanguage":"is","potentialAction":[{"@type":"ReadAction","target":["https:\/\/johannh.com.local\/is\/celsius\/"]}]},{"@type":"ImageObject","inLanguage":"is","@id":"https:\/\/johannh.com.local\/is\/celsius\/#primaryimage","url":"https:\/\/johannh.com\/wp-content\/uploads\/2017\/10\/celsius-t\u00fangata.jpg","contentUrl":"https:\/\/johannh.com\/wp-content\/uploads\/2017\/10\/celsius-t\u00fangata.jpg","width":1445,"height":994},{"@type":"BreadcrumbList","@id":"https:\/\/johannh.com.local\/is\/celsius\/#breadcrumb","itemListElement":[{"@type":"ListItem","position":1,"name":"Home","item":"https:\/\/johannh.com\/is\/"},{"@type":"ListItem","position":2,"name":"Celsius"}]},{"@type":"WebSite","@id":"https:\/\/johannh.com.local\/#website","url":"https:\/\/johannh.com.local\/","name":"J\u00f3hann Helgason","description":"lagah\u00f6fundur og s\u00f6ngvari","publisher":{"@id":"https:\/\/johannh.com.local\/#\/schema\/person\/926156ac228e2306632971a8e9e9d0c4"},"potentialAction":[{"@type":"SearchAction","target":{"@type":"EntryPoint","urlTemplate":"https:\/\/johannh.com.local\/?s={search_term_string}"},"query-input":{"@type":"PropertyValueSpecification","valueRequired":true,"valueName":"search_term_string"}}],"inLanguage":"is"},{"@type":["Person","Organization"],"@id":"https:\/\/johannh.com.local\/#\/schema\/person\/926156ac228e2306632971a8e9e9d0c4","name":"J\u00f3hann Helgason","image":{"@type":"ImageObject","inLanguage":"is","@id":"https:\/\/johannh.com\/wp-content\/uploads\/2022\/10\/johann.webp","url":"https:\/\/johannh.com\/wp-content\/uploads\/2022\/10\/johann.webp","contentUrl":"https:\/\/johannh.com\/wp-content\/uploads\/2022\/10\/johann.webp","width":2000,"height":2000,"caption":"J\u00f3hann Helgason"},"logo":{"@id":"https:\/\/johannh.com\/wp-content\/uploads\/2022\/10\/johann.webp"},"sameAs":["https:\/\/is.linkedin.com\/in\/johann-helgason-51aa5a23","https:\/\/www.youtube.com\/user\/johannhcom"],"birthDate":"1949-08-06","jobTitle":"Singer-songwriter"}]}},"_links":{"self":[{"href":"https:\/\/johannh.com\/is\/wp-json\/wp\/v2\/pages\/2027","targetHints":{"allow":["GET"]}}],"collection":[{"href":"https:\/\/johannh.com\/is\/wp-json\/wp\/v2\/pages"}],"about":[{"href":"https:\/\/johannh.com\/is\/wp-json\/wp\/v2\/types\/page"}],"author":[{"embeddable":true,"href":"https:\/\/johannh.com\/is\/wp-json\/wp\/v2\/users\/2"}],"replies":[{"embeddable":true,"href":"https:\/\/johannh.com\/is\/wp-json\/wp\/v2\/comments?post=2027"}],"version-history":[{"count":0,"href":"https:\/\/johannh.com\/is\/wp-json\/wp\/v2\/pages\/2027\/revisions"}],"wp:featuredmedia":[{"embeddable":true,"href":"https:\/\/johannh.com\/is\/wp-json\/wp\/v2\/media\/2064"}],"wp:attachment":[{"href":"https:\/\/johannh.com\/is\/wp-json\/wp\/v2\/media?parent=2027"}],"curies":[{"name":"wp","href":"https:\/\/api.w.org\/{rel}","templated":true}]}}