{"id":2016,"date":"2022-08-19T22:02:41","date_gmt":"2022-08-19T22:02:41","guid":{"rendered":"http:\/\/johannh.local\/?page_id=2016"},"modified":"2022-10-12T13:09:19","modified_gmt":"2022-10-12T13:09:19","slug":"magnus-johann","status":"publish","type":"page","link":"https:\/\/johannh.com\/is\/magnus-johann\/","title":{"rendered":"MAGN\u00daS &#038; J\u00d3HANN"},"content":{"rendered":"\n<p><strong>MAGN\u00daS &amp; J\u00d3HANN<\/strong>                                                                                                                                                                   <strong>Vettvangur<\/strong>: T\u00f3nab\u00e6r, framhaldsssk\u00f3lar, \u00fatih\u00e1t\u00ed\u00f0ir o.fl.&nbsp; &nbsp; &nbsp; &nbsp; &nbsp; &nbsp; &nbsp; &nbsp; &nbsp; &nbsp; &nbsp; &nbsp;                                                                         <strong>\u00datgefendur<\/strong>: Scorpion, MJ-Uppt\u00f6kur, \u00datg\u00e1fan-Sk\u00e1lholt, Parad\u00eds.<\/p>\n\n\n\n<p><strong><em>brot \u00far \u00edslenzkri popps\u00f6gu<\/em><\/strong><em> \u00a9<\/em> <em>B\u00e1r\u00f0ur \u00d6rn B\u00e1r\u00f0arson<\/em><\/p>\n\n\n\n<p><strong>&nbsp;<\/strong>Lei\u00f0ir Magn\u00fasar \u00de\u00f3rs Sigmundssonar og J\u00f3hanns Helgasonar l\u00e1gu fyrst saman \u00ed hlj\u00f3msveitinni Nesmenn, en J\u00f3hann haf\u00f0i \u00e1\u00f0ur veri\u00f0 me\u00f0 Rofum. \u00deegar Nesmenn h\u00e6ttu upp \u00far 1969 h\u00e9ldu \u00feeir f\u00e9lagar samstarfinu \u00e1fram, fyrst me\u00f0 rafmagnsg\u00edtarana s\u00edna en skiptu \u00feeim flj\u00f3tlega \u00fat fyrir kassag\u00edtara. \u00c1ri\u00f0 1970 var\u00f0 \u00fe\u00f3 hl\u00e9 \u00e1 samstarfinu \u00feegar J\u00f3hann f\u00f3r til Bolungarv\u00edkur og l\u00e9k \u00fear me\u00f0 hlj\u00f3msveitinni Hugsj\u00f3n og Magn\u00fas f\u00f3r \u00e1 sj\u00f3inn. Um hausti\u00f0 sneru \u00feeir aftur og m\u00e1 segja a\u00f0 \u00fe\u00e1 hafi samstarf \u00feeirra hafist fyrir alv\u00f6ru. \u00deeir kynntust bandar\u00edskum skiptinema, Barry Nettles, og s\u00f6mdu nokkur l\u00f6g vi\u00f0 texta hans. \u00deessi landsfr\u00e6gi d\u00faett kom fyrst fram opinberlega \u00ed Reykjav\u00edk um p\u00e1skana 1971.<\/p>\n\n\n\n<p>\u00cd f\u00e9lagi vi\u00f0 \u00fe\u00e1 Ingva Stein Sigtryggsson og Finnboga Kjartansson stofnu\u00f0u \u00feeir sveitina \u00c1b\u00f3t sem vakti ver\u00f0skulda\u00f0a athygli \u00e1 t\u00f3nleikum \u00ed T\u00f3nab\u00e6. \u00deeir f\u00e9lagar vildu \u00fe\u00f3 r\u00e1\u00f0a fer\u00f0inni og stuttu s\u00ed\u00f0ar t\u00f3ku \u00feeir upp nokkur l\u00f6g \u00e1samt a\u00f0sto\u00f0arm\u00f6nnum \u00ed Stapanum. \u00deeir Magn\u00fas og J\u00f3hann n\u00e1\u00f0u samningi vi\u00f0 Scorpion hlj\u00f3mpl\u00f6tur, n\u00fdstofna\u00f0a \u00fatg\u00e1fu J\u00f3ns \u00c1rmannssonar, h\u00e9ldu \u00ed hlj\u00f3\u00f0ver og t\u00f3ku upp eigin lagasm\u00ed\u00f0ar og texta sem allir voru \u00e1 enskri tungu. Fyrsta plata \u00feeirra f\u00e9laga kom \u00fat um vori\u00f0 1972 \u00e1 merki Scorpion. Lagi\u00f0 \u201cMary Jane\u201c n\u00e1\u00f0i vins\u00e6ldum og hefur haldi\u00f0 uppi merki pl\u00f6tunnar s\u00ed\u00f0an. \u00deeir f\u00e9lagar t\u00f6ldu efni\u00f0 vel bo\u00f0legt utan landsteinanna og f\u00f3r Magn\u00fas \u00fev\u00ed til New York og var pl\u00f6tunni s\u00fdndur nokkur \u00e1hugi af Mercury \u00fatg\u00e1funni, en ekkert var\u00f0 \u00fe\u00f3 \u00far samvinnu \u00feeirrar \u00fatg\u00e1fu vi\u00f0 \u00fe\u00e1 f\u00e9laga. \u00deeir g\u00e1fust hins vegar ekki upp og n\u00e6st var haldi\u00f0 til Lund\u00fana, \u00fear sem \u00feeim var bo\u00f0inn samningur hj\u00e1 Orange og s\u00ed\u00f0ar hj\u00e1 Chappell. Eftir samninginn vi\u00f0 Orange, 1973 stofnu\u00f0u \u00feeir hlj\u00f3msveitina Change og undir \u00feeim f\u00e1na st\u00f6rfu\u00f0u \u00feeir \u00ed Bretlandi til loka \u00e1rsins 1975.<\/p>\n\n\n\n<p>\u00dea\u00f0 li\u00f0u heil fimm \u00e1r \u00fear til \u00feeir f\u00e9lagar Magn\u00fas og J\u00f3hann sendu fr\u00e1 s\u00e9r efni \u00ed sameiningu, en \u00fea\u00f0 var 1980 sem plata \u00e1n titils, sem einfaldlega, l\u00edkt og fyrsta platan, h\u00e9t <em>Magn\u00fas og J\u00f3hann, <\/em>kom \u00fat. \u00d3l\u00edkt fyrri pl\u00f6tunni var helmingur pl\u00f6tunnar n\u00fa me\u00f0 \u00edslenskum texta, og l\u00f6g eins og \u201eHvar er \u00e1stin\u201c?, \u201e\u00c9g ann \u00fe\u00e9r\u201c og \u201eL\u00edf mitt liggur\u201c vi\u00f0 n\u00e1\u00f0u eyrum almennings. Fj\u00f3rum \u00e1rum s\u00ed\u00f0ar kom fr\u00e1 \u00feeim f\u00e9l\u00f6gum platan <em>Lj\u00f3saskipti<\/em>.<\/p>\n\n\n\n<p>\u00c1ri\u00f0 1992 h\u00e9ldu \u00feeir upp \u00e1 a\u00f0 20 \u00e1r voru li\u00f0in fr\u00e1 \u00fev\u00ed \u00feeir h\u00f6f\u00f0u sent fr\u00e1 s\u00e9r fyrstu pl\u00f6tuna og efndu til afm\u00e6list\u00f3nleika sem voru hlj\u00f3\u00f0rita\u00f0ir og komu \u00fat \u00e1 pl\u00f6tunni <em>Afm\u00e6lisuppt\u00f6kur<\/em>. Pl\u00f6tunni og endurkomu \u00feeirra f\u00e9laga var vel fagna\u00f0 sem gaf \u00fatg\u00e1funni Parad\u00eds, sem rokkgo\u00f0i\u00f0 P\u00e9tur Kristj\u00e1nsson rak, hugmyndina a\u00f0 ger\u00f0 eins konar hei\u00f0urspl\u00f6tu, <em>L\u00edfsmyndir Magn\u00fasar &amp; J\u00f3hanns<\/em>, \u00fear sem \u00feekktir s\u00f6ngvarar komu saman og fluttu l\u00f6g \u00feeirra f\u00e9laga.<\/p>\n\n\n\n<p>H\u00e9r hefur a\u00f0eins veri\u00f0 stikla\u00f0 \u00e1 st\u00f3ru og m\u00f6rgu sleppt, enda of l\u00f6ng saga a\u00f0 segja fr\u00e1 hverju \u00fev\u00ed skipti sem \u00feeir hafa komi\u00f0 saman. \u00deeir hafa \u00e1vallt n\u00e1\u00f0 a\u00f0 vekja athygli enda tveir fr\u00e1b\u00e6rir laga- og textah\u00f6fundar \u00e1 fer\u00f0, auk \u00feess sem \u00feessi tv\u00eds\u00f6ngur \u00feeirra gengur fyllilega upp.<\/p>\n\n\n\n<p>\u00de\u00f3 h\u00e9r s\u00e9 fari\u00f0 hratt yfir s\u00f6gu af samstarfi \u00feeirra f\u00e9laga er \u00fe\u00e1 a\u00f0 finna v\u00ed\u00f0ar \u00ed t\u00f3nlistars\u00f6gunni. Hvort heldur er saman e\u00f0a hvorn \u00ed s\u00ednu lagi. \u00deeir hafa og \u00e1tt \u00fea\u00f0 til a\u00f0 a\u00f0sto\u00f0a s\u00e9r l\u00edtt \u00feekktari t\u00f3nlistarmenn, b\u00e6\u00f0i me\u00f0 laga- og textasm\u00ed\u00f0um. \u00de\u00e1 m\u00e1 finna n\u00f6fn \u00feeirra sem bakraddas\u00f6ngvara, t.d. \u00ed laginu \u201eUm hverja helgi\u201c, \u00e1 fyrstu safnpl\u00f6tunni <em>Lagasafni\u00f0, <\/em>sem Albert \u00c1smundsson s\u00f6ng. Magn\u00fas og J\u00f3hann eru \u00f3neitanlega st\u00f3r n\u00f6fn \u00ed s\u00f6gunni og saman eru \u00feessi n\u00f6fn n\u00e1tt\u00farlega st\u00f3rveldi.<\/p>\n","protected":false},"excerpt":{"rendered":"<p>MAGN\u00daS &amp; J\u00d3HANN Vettvangur: T\u00f3nab\u00e6r, framhaldsssk\u00f3lar, \u00fatih\u00e1t\u00ed\u00f0ir o.fl.&nbsp; &nbsp; &nbsp; &nbsp; &nbsp; &nbsp; &nbsp; &nbsp; &nbsp; &nbsp; &nbsp; &nbsp; \u00datgefendur: Scorpion, MJ-Uppt\u00f6kur, \u00datg\u00e1fan-Sk\u00e1lholt, Parad\u00eds. brot \u00far \u00edslenzkri popps\u00f6gu \u00a9 B\u00e1r\u00f0ur \u00d6rn B\u00e1r\u00f0arson &nbsp;Lei\u00f0ir Magn\u00fasar \u00de\u00f3rs Sigmundssonar og J\u00f3hanns Helgasonar l\u00e1gu fyrst saman \u00ed hlj\u00f3msveitinni Nesmenn, en J\u00f3hann haf\u00f0i \u00e1\u00f0ur veri\u00f0 me\u00f0 Rofum. \u00deegar Nesmenn h\u00e6ttu &#8230; <\/p>\n<p class=\"read-more-container\"><a title=\"MAGN\u00daS &#038; J\u00d3HANN\" class=\"read-more button\" href=\"https:\/\/johannh.com\/is\/magnus-johann\/#more-2016\" aria-label=\"Read more about MAGN\u00daS &#038; J\u00d3HANN\">Read more<\/a><\/p>\n","protected":false},"author":2,"featured_media":1136,"parent":0,"menu_order":0,"comment_status":"closed","ping_status":"closed","template":"","meta":{"_acf_changed":false,"footnotes":""},"class_list":{"0":"post-2016","1":"page","2":"type-page","3":"status-publish","4":"has-post-thumbnail","6":"no-featured-image-padding"},"acf":[],"yoast_head":"<!-- This site is optimized with the Yoast SEO Premium plugin v27.4 (Yoast SEO v27.4) - https:\/\/yoast.com\/product\/yoast-seo-premium-wordpress\/ -->\n<title>MAGN\u00daS &amp; J\u00d3HANN - J\u00f3hann Helgason<\/title>\n<meta name=\"robots\" content=\"index, follow, max-snippet:-1, max-image-preview:large, max-video-preview:-1\" \/>\n<link rel=\"canonical\" href=\"https:\/\/johannh.com.local\/is\/magnus-johann\/\" \/>\n<meta property=\"og:locale\" content=\"is_IS\" \/>\n<meta property=\"og:type\" content=\"article\" \/>\n<meta property=\"og:title\" content=\"MAGN\u00daS &amp; J\u00d3HANN\" \/>\n<meta property=\"og:description\" content=\"MAGN\u00daS &amp; J\u00d3HANN Vettvangur: T\u00f3nab\u00e6r, framhaldsssk\u00f3lar, \u00fatih\u00e1t\u00ed\u00f0ir o.fl.&nbsp; &nbsp; &nbsp; &nbsp; &nbsp; &nbsp; &nbsp; &nbsp; &nbsp; &nbsp; &nbsp; &nbsp; \u00datgefendur: Scorpion, MJ-Uppt\u00f6kur, \u00datg\u00e1fan-Sk\u00e1lholt, Parad\u00eds. brot \u00far \u00edslenzkri popps\u00f6gu \u00a9 B\u00e1r\u00f0ur \u00d6rn B\u00e1r\u00f0arson &nbsp;Lei\u00f0ir Magn\u00fasar \u00de\u00f3rs Sigmundssonar og J\u00f3hanns Helgasonar l\u00e1gu fyrst saman \u00ed hlj\u00f3msveitinni Nesmenn, en J\u00f3hann haf\u00f0i \u00e1\u00f0ur veri\u00f0 me\u00f0 Rofum. \u00deegar Nesmenn h\u00e6ttu ... Read more\" \/>\n<meta property=\"og:url\" content=\"https:\/\/johannh.com.local\/is\/magnus-johann\/\" \/>\n<meta property=\"og:site_name\" content=\"J\u00f3hann Helgason\" \/>\n<meta property=\"article:modified_time\" content=\"2022-10-12T13:09:19+00:00\" \/>\n<meta property=\"og:image\" content=\"https:\/\/johannh.com.local\/wp-content\/uploads\/2017\/04\/14-1.jpg\" \/>\n\t<meta property=\"og:image:width\" content=\"1288\" \/>\n\t<meta property=\"og:image:height\" content=\"1302\" \/>\n\t<meta property=\"og:image:type\" content=\"image\/jpeg\" \/>\n<meta name=\"twitter:card\" content=\"summary_large_image\" \/>\n<meta name=\"twitter:label1\" content=\"Est. reading time\" \/>\n\t<meta name=\"twitter:data1\" content=\"3 minutes\" \/>\n<script type=\"application\/ld+json\" class=\"yoast-schema-graph\">{\"@context\":\"https:\\\/\\\/schema.org\",\"@graph\":[{\"@type\":\"WebPage\",\"@id\":\"https:\\\/\\\/johannh.com.local\\\/is\\\/magnus-johann\\\/\",\"url\":\"https:\\\/\\\/johannh.com.local\\\/is\\\/magnus-johann\\\/\",\"name\":\"MAGN\u00daS & J\u00d3HANN - J\u00f3hann Helgason\",\"isPartOf\":{\"@id\":\"https:\\\/\\\/johannh.com.local\\\/#website\"},\"primaryImageOfPage\":{\"@id\":\"https:\\\/\\\/johannh.com.local\\\/is\\\/magnus-johann\\\/#primaryimage\"},\"image\":{\"@id\":\"https:\\\/\\\/johannh.com.local\\\/is\\\/magnus-johann\\\/#primaryimage\"},\"thumbnailUrl\":\"https:\\\/\\\/johannh.com\\\/wp-content\\\/uploads\\\/2017\\\/04\\\/14-1.jpg\",\"datePublished\":\"2022-08-19T22:02:41+00:00\",\"dateModified\":\"2022-10-12T13:09:19+00:00\",\"breadcrumb\":{\"@id\":\"https:\\\/\\\/johannh.com.local\\\/is\\\/magnus-johann\\\/#breadcrumb\"},\"inLanguage\":\"is\",\"potentialAction\":[{\"@type\":\"ReadAction\",\"target\":[\"https:\\\/\\\/johannh.com.local\\\/is\\\/magnus-johann\\\/\"]}]},{\"@type\":\"ImageObject\",\"inLanguage\":\"is\",\"@id\":\"https:\\\/\\\/johannh.com.local\\\/is\\\/magnus-johann\\\/#primaryimage\",\"url\":\"https:\\\/\\\/johannh.com\\\/wp-content\\\/uploads\\\/2017\\\/04\\\/14-1.jpg\",\"contentUrl\":\"https:\\\/\\\/johannh.com\\\/wp-content\\\/uploads\\\/2017\\\/04\\\/14-1.jpg\",\"width\":1288,\"height\":1302},{\"@type\":\"BreadcrumbList\",\"@id\":\"https:\\\/\\\/johannh.com.local\\\/is\\\/magnus-johann\\\/#breadcrumb\",\"itemListElement\":[{\"@type\":\"ListItem\",\"position\":1,\"name\":\"Home\",\"item\":\"https:\\\/\\\/johannh.com\\\/is\\\/\"},{\"@type\":\"ListItem\",\"position\":2,\"name\":\"MAGN\u00daS &#038; J\u00d3HANN\"}]},{\"@type\":\"WebSite\",\"@id\":\"https:\\\/\\\/johannh.com.local\\\/#website\",\"url\":\"https:\\\/\\\/johannh.com.local\\\/\",\"name\":\"J\u00f3hann Helgason\",\"description\":\"lagah\u00f6fundur og s\u00f6ngvari\",\"publisher\":{\"@id\":\"https:\\\/\\\/johannh.com.local\\\/#\\\/schema\\\/person\\\/926156ac228e2306632971a8e9e9d0c4\"},\"potentialAction\":[{\"@type\":\"SearchAction\",\"target\":{\"@type\":\"EntryPoint\",\"urlTemplate\":\"https:\\\/\\\/johannh.com.local\\\/?s={search_term_string}\"},\"query-input\":{\"@type\":\"PropertyValueSpecification\",\"valueRequired\":true,\"valueName\":\"search_term_string\"}}],\"inLanguage\":\"is\"},{\"@type\":[\"Person\",\"Organization\"],\"@id\":\"https:\\\/\\\/johannh.com.local\\\/#\\\/schema\\\/person\\\/926156ac228e2306632971a8e9e9d0c4\",\"name\":\"J\u00f3hann Helgason\",\"image\":{\"@type\":\"ImageObject\",\"inLanguage\":\"is\",\"@id\":\"https:\\\/\\\/johannh.com\\\/wp-content\\\/uploads\\\/2022\\\/10\\\/johann.webp\",\"url\":\"https:\\\/\\\/johannh.com\\\/wp-content\\\/uploads\\\/2022\\\/10\\\/johann.webp\",\"contentUrl\":\"https:\\\/\\\/johannh.com\\\/wp-content\\\/uploads\\\/2022\\\/10\\\/johann.webp\",\"width\":2000,\"height\":2000,\"caption\":\"J\u00f3hann Helgason\"},\"logo\":{\"@id\":\"https:\\\/\\\/johannh.com\\\/wp-content\\\/uploads\\\/2022\\\/10\\\/johann.webp\"},\"sameAs\":[\"https:\\\/\\\/is.linkedin.com\\\/in\\\/johann-helgason-51aa5a23\",\"https:\\\/\\\/www.youtube.com\\\/user\\\/johannhcom\"],\"birthDate\":\"1949-08-06\",\"jobTitle\":\"Singer-songwriter\"}]}<\/script>\n<!-- \/ Yoast SEO Premium plugin. -->","yoast_head_json":{"title":"MAGN\u00daS & J\u00d3HANN - J\u00f3hann Helgason","robots":{"index":"index","follow":"follow","max-snippet":"max-snippet:-1","max-image-preview":"max-image-preview:large","max-video-preview":"max-video-preview:-1"},"canonical":"https:\/\/johannh.com.local\/is\/magnus-johann\/","og_locale":"is_IS","og_type":"article","og_title":"MAGN\u00daS & J\u00d3HANN","og_description":"MAGN\u00daS &amp; J\u00d3HANN Vettvangur: T\u00f3nab\u00e6r, framhaldsssk\u00f3lar, \u00fatih\u00e1t\u00ed\u00f0ir o.fl.&nbsp; &nbsp; &nbsp; &nbsp; &nbsp; &nbsp; &nbsp; &nbsp; &nbsp; &nbsp; &nbsp; &nbsp; \u00datgefendur: Scorpion, MJ-Uppt\u00f6kur, \u00datg\u00e1fan-Sk\u00e1lholt, Parad\u00eds. brot \u00far \u00edslenzkri popps\u00f6gu \u00a9 B\u00e1r\u00f0ur \u00d6rn B\u00e1r\u00f0arson &nbsp;Lei\u00f0ir Magn\u00fasar \u00de\u00f3rs Sigmundssonar og J\u00f3hanns Helgasonar l\u00e1gu fyrst saman \u00ed hlj\u00f3msveitinni Nesmenn, en J\u00f3hann haf\u00f0i \u00e1\u00f0ur veri\u00f0 me\u00f0 Rofum. \u00deegar Nesmenn h\u00e6ttu ... Read more","og_url":"https:\/\/johannh.com.local\/is\/magnus-johann\/","og_site_name":"J\u00f3hann Helgason","article_modified_time":"2022-10-12T13:09:19+00:00","og_image":[{"width":1288,"height":1302,"url":"https:\/\/johannh.com.local\/wp-content\/uploads\/2017\/04\/14-1.jpg","type":"image\/jpeg"}],"twitter_card":"summary_large_image","twitter_misc":{"Est. reading time":"3 minutes"},"schema":{"@context":"https:\/\/schema.org","@graph":[{"@type":"WebPage","@id":"https:\/\/johannh.com.local\/is\/magnus-johann\/","url":"https:\/\/johannh.com.local\/is\/magnus-johann\/","name":"MAGN\u00daS & J\u00d3HANN - J\u00f3hann Helgason","isPartOf":{"@id":"https:\/\/johannh.com.local\/#website"},"primaryImageOfPage":{"@id":"https:\/\/johannh.com.local\/is\/magnus-johann\/#primaryimage"},"image":{"@id":"https:\/\/johannh.com.local\/is\/magnus-johann\/#primaryimage"},"thumbnailUrl":"https:\/\/johannh.com\/wp-content\/uploads\/2017\/04\/14-1.jpg","datePublished":"2022-08-19T22:02:41+00:00","dateModified":"2022-10-12T13:09:19+00:00","breadcrumb":{"@id":"https:\/\/johannh.com.local\/is\/magnus-johann\/#breadcrumb"},"inLanguage":"is","potentialAction":[{"@type":"ReadAction","target":["https:\/\/johannh.com.local\/is\/magnus-johann\/"]}]},{"@type":"ImageObject","inLanguage":"is","@id":"https:\/\/johannh.com.local\/is\/magnus-johann\/#primaryimage","url":"https:\/\/johannh.com\/wp-content\/uploads\/2017\/04\/14-1.jpg","contentUrl":"https:\/\/johannh.com\/wp-content\/uploads\/2017\/04\/14-1.jpg","width":1288,"height":1302},{"@type":"BreadcrumbList","@id":"https:\/\/johannh.com.local\/is\/magnus-johann\/#breadcrumb","itemListElement":[{"@type":"ListItem","position":1,"name":"Home","item":"https:\/\/johannh.com\/is\/"},{"@type":"ListItem","position":2,"name":"MAGN\u00daS &#038; J\u00d3HANN"}]},{"@type":"WebSite","@id":"https:\/\/johannh.com.local\/#website","url":"https:\/\/johannh.com.local\/","name":"J\u00f3hann Helgason","description":"lagah\u00f6fundur og s\u00f6ngvari","publisher":{"@id":"https:\/\/johannh.com.local\/#\/schema\/person\/926156ac228e2306632971a8e9e9d0c4"},"potentialAction":[{"@type":"SearchAction","target":{"@type":"EntryPoint","urlTemplate":"https:\/\/johannh.com.local\/?s={search_term_string}"},"query-input":{"@type":"PropertyValueSpecification","valueRequired":true,"valueName":"search_term_string"}}],"inLanguage":"is"},{"@type":["Person","Organization"],"@id":"https:\/\/johannh.com.local\/#\/schema\/person\/926156ac228e2306632971a8e9e9d0c4","name":"J\u00f3hann Helgason","image":{"@type":"ImageObject","inLanguage":"is","@id":"https:\/\/johannh.com\/wp-content\/uploads\/2022\/10\/johann.webp","url":"https:\/\/johannh.com\/wp-content\/uploads\/2022\/10\/johann.webp","contentUrl":"https:\/\/johannh.com\/wp-content\/uploads\/2022\/10\/johann.webp","width":2000,"height":2000,"caption":"J\u00f3hann Helgason"},"logo":{"@id":"https:\/\/johannh.com\/wp-content\/uploads\/2022\/10\/johann.webp"},"sameAs":["https:\/\/is.linkedin.com\/in\/johann-helgason-51aa5a23","https:\/\/www.youtube.com\/user\/johannhcom"],"birthDate":"1949-08-06","jobTitle":"Singer-songwriter"}]}},"_links":{"self":[{"href":"https:\/\/johannh.com\/is\/wp-json\/wp\/v2\/pages\/2016","targetHints":{"allow":["GET"]}}],"collection":[{"href":"https:\/\/johannh.com\/is\/wp-json\/wp\/v2\/pages"}],"about":[{"href":"https:\/\/johannh.com\/is\/wp-json\/wp\/v2\/types\/page"}],"author":[{"embeddable":true,"href":"https:\/\/johannh.com\/is\/wp-json\/wp\/v2\/users\/2"}],"replies":[{"embeddable":true,"href":"https:\/\/johannh.com\/is\/wp-json\/wp\/v2\/comments?post=2016"}],"version-history":[{"count":0,"href":"https:\/\/johannh.com\/is\/wp-json\/wp\/v2\/pages\/2016\/revisions"}],"wp:featuredmedia":[{"embeddable":true,"href":"https:\/\/johannh.com\/is\/wp-json\/wp\/v2\/media\/1136"}],"wp:attachment":[{"href":"https:\/\/johannh.com\/is\/wp-json\/wp\/v2\/media?parent=2016"}],"curies":[{"name":"wp","href":"https:\/\/api.w.org\/{rel}","templated":true}]}}